{"id":11,"date":"2022-08-23T10:16:43","date_gmt":"2022-08-23T10:16:43","guid":{"rendered":"https:\/\/fvmachinery.com\/?page_id=11"},"modified":"2022-08-25T10:38:46","modified_gmt":"2022-08-25T10:38:46","slug":"about-us","status":"publish","type":"page","link":"https:\/\/fvmachinery.com\/es\/about-us\/","title":{"rendered":"Sobre nosotros"},"content":{"rendered":"<h2 class=\"wp-block-heading\" id=\"h-who-are-we\">Quienes somos<\/h2>    <p>Zhengzhou Taizy Machinery Co., Ltd. es un fabricante de maquinaria alimentaria, establecido en 2011. Nuestra empresa est\u00e1 ubicada en la ciudad de Zhengzhou, provincia de Henan, China. Taizy Machinery es una empresa que integra el desarrollo y la fabricaci\u00f3n de equipos de procesamiento de alimentos de alta calidad y el comercio exterior, con un equipo de ingenier\u00eda profesional y un equipo de ventas que siempre brinda productos de la mejor calidad y servicios integrales a nuestros clientes.<\/p>    <p>Desde el establecimiento de nuestra empresa, las m\u00e1quinas para alimentos Taizy se han vendido a m\u00e1s de 50 pa\u00edses y regiones, como EE. UU., Singapur, Australia, Jap\u00f3n, Nigeria, Kenia, Congo, Etiop\u00eda, Namibia, Marruecos, Botswana, Uganda, Argelia, Camer\u00fan, Indonesia, Bangladesh, etc. Clientes de todo el mundo han obtenido beneficios considerables en la industria de procesamiento de alimentos con la ayuda de las m\u00e1quinas Taizy.<\/p>    <figure class=\"wp-block-image size-full\"><img loading=\"lazy\" decoding=\"async\" width=\"750\" height=\"608\" src=\"https:\/\/fvmachinery.com\/wp-content\/uploads\/2022\/08\/zhengshu.webp\" alt=\"\" class=\"wp-image-94\" title=\"\" srcset=\"https:\/\/fvmachinery.com\/wp-content\/uploads\/2022\/08\/zhengshu.webp 750w, https:\/\/fvmachinery.com\/wp-content\/uploads\/2022\/08\/zhengshu-300x243.webp 300w\" sizes=\"auto, (max-width: 750px) 100vw, 750px\" \/><\/figure>    <h2 class=\"wp-block-heading\" id=\"h-our-product\">Nuestro producto<\/h2>    <p>Zhengzhou Taizi Machinery Co., Ltd. se especializa en brindar servicios de procesamiento de frutas y verduras, incluida la limpieza, clasificaci\u00f3n, secado, envasado y otros procesos para aumentar el valor agregado de las frutas y verduras y generar ganancias para los inversores. Por ejemplo, las verduras limpiadas con el tendedero se pueden enviar directamente a restaurantes y supermercados para su venta.<\/p>    <h2 class=\"wp-block-heading\" id=\"h-why-choose-us\">Por qu\u00e9 elegirnos<\/h2>    <h3 class=\"wp-block-heading\" id=\"h-professional-technical-team\">equipo t\u00e9cnico profesional<\/h3>    <p>Taizy Machinery ha estado en la posici\u00f3n de liderazgo en tecnolog\u00eda, dise\u00f1o y fabricaci\u00f3n en la industria de equipos alimentarios durante m\u00e1s de 10 a\u00f1os, empleando excelentes dise\u00f1adores e ingenieros para fabricar m\u00e1quinas de procesamiento de alimentos de alta calidad.<\/p>    <h3 class=\"wp-block-heading\" id=\"h-rich-export-experience\">Rica experiencia en exportaci\u00f3n<\/h3>    <p>Taizy Machinery ha exportado maquinaria de procesamiento de alimentos a m\u00e1s de 50 pa\u00edses alrededor del mundo y ha acumulado una rica experiencia en exportaci\u00f3n para brindar a los clientes un servicio integral perfecto para garantizar que sus m\u00e1quinas lleguen a su pa\u00eds sin problemas.<\/p>    <h3 class=\"wp-block-heading\" id=\"h-insisting-on-being-customer-oriented\">Insistir en estar orientado al cliente.<\/h3>    <p>Brindamos servicios integrales y completos a nuestros clientes. Durante todo el proceso de ventas, siempre escuchamos las necesidades de los clientes y respondemos sus preguntas a tiempo para asegurarnos de brindar servicios satisfactorios a nuestros clientes.<\/p>","protected":false},"excerpt":{"rendered":"<p>Who are we Zhengzhou Taizy Machinery Co., Ltd. is a food machinery manufacturer, established in 2011. Our company is located in Zhengzhou City, Henan Province, China. Taizy Machinery is an enterprise integrating the development and manufacture of high-quality food processing equipment and overseas trade, with a professional engineering team and sales team always providing the [&hellip;]<\/p>\n","protected":false},"author":1,"featured_media":0,"parent":0,"menu_order":0,"comment_status":"closed","ping_status":"closed","template":"","meta":{"footnotes":""},"class_list":["post-11","page","type-page","status-publish","hentry"],"_links":{"self":[{"href":"https:\/\/fvmachinery.com\/es\/wp-json\/wp\/v2\/pages\/11","targetHints":{"allow":["GET"]}}],"collection":[{"href":"https:\/\/fvmachinery.com\/es\/wp-json\/wp\/v2\/pages"}],"about":[{"href":"https:\/\/fvmachinery.com\/es\/wp-json\/wp\/v2\/types\/page"}],"author":[{"embeddable":true,"href":"https:\/\/fvmachinery.com\/es\/wp-json\/wp\/v2\/users\/1"}],"replies":[{"embeddable":true,"href":"https:\/\/fvmachinery.com\/es\/wp-json\/wp\/v2\/comments?post=11"}],"version-history":[{"count":0,"href":"https:\/\/fvmachinery.com\/es\/wp-json\/wp\/v2\/pages\/11\/revisions"}],"wp:attachment":[{"href":"https:\/\/fvmachinery.com\/es\/wp-json\/wp\/v2\/media?parent=11"}],"curies":[{"name":"wp","href":"https:\/\/api.w.org\/{rel}","templated":true}]}}