{"id":303,"date":"2022-11-25T18:15:02","date_gmt":"2022-11-25T10:15:02","guid":{"rendered":"https:\/\/fvmachinery.com\/?post_type=product&#038;p=303"},"modified":"2022-12-30T11:50:21","modified_gmt":"2022-12-30T03:50:21","slug":"carrot-peeling-machine","status":"publish","type":"product","link":"https:\/\/fvmachinery.com\/es\/product\/carrot-peeling-machine\/","title":{"rendered":"Peladora de zanahorias | M\u00e1quina peladora de zanahorias comercial"},"content":{"rendered":"<p>La m\u00e1quina peladora de zanahorias es una m\u00e1quina procesadora de frutas y verduras muy com\u00fan, la m\u00e1quina es adecuada para una variedad de verduras. En comparaci\u00f3n con el pelado manual, el uso de una m\u00e1quina altamente automatizada mejorar\u00e1 enormemente la eficiencia y reducir\u00e1 los costos de mano de obra.<\/p>    <h2 class=\"wp-block-heading\">Introducci\u00f3n de la m\u00e1quina peladora de zanahorias.<\/h2>    <p class=\"translation-block\">La peladora autom\u00e1tica de zanahorias se utiliza para pelar zanahorias. Cuando la m\u00e1quina est\u00e1 funcionando, usted necesita introducir el material manualmente y la m\u00e1quina descargar\u00e1 el material autom\u00e1ticamente. La velocidad de pelado es r\u00e1pida y el efecto de pelado es bueno. Shuliy Group le da la bienvenida a visitar nuestra f\u00e1brica en cualquier momento para probar la m\u00e1quina. En general, la mayor\u00eda de la gente lavar\u00e1 las zanahorias con una <a href=\"https:\/\/fvmachinery.com\/es\/product\/maquina-limpiadora-de-frutas-y-verduras\/\">m\u00e1quina lavadora de verduras<\/a> de alta eficiencia antes de pelarlas. Despu\u00e9s de pelar, las zanahorias se pueden cortar o trocear directamente sin lavar.<\/p>    <figure class=\"wp-block-gallery has-nested-images columns-default is-cropped wp-block-gallery-2 is-layout-flex wp-block-gallery-is-layout-flex\"> <figure class=\"wp-block-image size-large\"><img loading=\"lazy\" decoding=\"async\" width=\"720\" height=\"540\" data-id=\"310\" src=\"https:\/\/fvmachinery.com\/wp-content\/uploads\/2022\/11\/carrot-peeling-machine-2.webp\" alt=\"peladora de zanahorias\" class=\"wp-image-310\" title=\"\" srcset=\"https:\/\/fvmachinery.com\/wp-content\/uploads\/2022\/11\/carrot-peeling-machine-2.webp 720w, https:\/\/fvmachinery.com\/wp-content\/uploads\/2022\/11\/carrot-peeling-machine-2-300x225.webp 300w\" sizes=\"auto, (max-width: 720px) 100vw, 720px\" \/><figcaption class=\"wp-element-caption\">Peladora de zanahorias <\/figcaption><\/figure>    <figure class=\"wp-block-image size-large\"><img loading=\"lazy\" decoding=\"async\" width=\"720\" height=\"540\" data-id=\"307\" src=\"https:\/\/fvmachinery.com\/wp-content\/uploads\/2022\/11\/a-worker-is-testing-the-carrot-peeler-machine.webp\" alt=\"un trabajador est\u00e1 probando la m\u00e1quina peladora de zanahorias\" class=\"wp-image-307\" title=\"\" srcset=\"https:\/\/fvmachinery.com\/wp-content\/uploads\/2022\/11\/a-worker-is-testing-the-carrot-peeler-machine.webp 720w, https:\/\/fvmachinery.com\/wp-content\/uploads\/2022\/11\/a-worker-is-testing-the-carrot-peeler-machine-300x225.webp 300w\" sizes=\"auto, (max-width: 720px) 100vw, 720px\" \/><figcaption class=\"wp-element-caption\">Un trabajador est\u00e1 probando la m\u00e1quina peladora de zanahorias.<\/figcaption><\/figure> <\/figure>    <figure class=\"wp-block-gallery has-nested-images columns-default is-cropped wp-block-gallery-3 is-layout-flex wp-block-gallery-is-layout-flex\"> <figure class=\"wp-block-image size-large\"><img loading=\"lazy\" decoding=\"async\" width=\"720\" height=\"540\" data-id=\"313\" src=\"https:\/\/fvmachinery.com\/wp-content\/uploads\/2022\/11\/commercial-carrot-peeler-machines.webp\" alt=\"maquinas peladoras de zanahorias comerciales\" class=\"wp-image-313\" title=\"\" srcset=\"https:\/\/fvmachinery.com\/wp-content\/uploads\/2022\/11\/commercial-carrot-peeler-machines.webp 720w, https:\/\/fvmachinery.com\/wp-content\/uploads\/2022\/11\/commercial-carrot-peeler-machines-300x225.webp 300w\" sizes=\"auto, (max-width: 720px) 100vw, 720px\" \/><figcaption class=\"wp-element-caption\">M\u00e1quinas peladoras de zanahorias comerciales<\/figcaption><\/figure>    <figure class=\"wp-block-image size-large\"><img loading=\"lazy\" decoding=\"async\" width=\"720\" height=\"540\" data-id=\"311\" src=\"https:\/\/fvmachinery.com\/wp-content\/uploads\/2022\/11\/carrot-peeling-machine.webp\" alt=\"\" class=\"wp-image-311\" title=\"\" srcset=\"https:\/\/fvmachinery.com\/wp-content\/uploads\/2022\/11\/carrot-peeling-machine.webp 720w, https:\/\/fvmachinery.com\/wp-content\/uploads\/2022\/11\/carrot-peeling-machine-300x225.webp 300w\" sizes=\"auto, (max-width: 720px) 100vw, 720px\" \/><figcaption class=\"wp-element-caption\">Pelador de zanahorias<\/figcaption><\/figure> <\/figure>    <h2 class=\"wp-block-heading\">Video de trabajo de la peladora de zanahorias.<\/h2>    <figure class=\"wp-block-embed is-type-video is-provider-youtube wp-block-embed-youtube wp-embed-aspect-16-9 wp-has-aspect-ratio\"><div class=\"wp-block-embed__wrapper\"> <iframe loading=\"lazy\" title=\"V\u00eddeo de funcionamiento de la peladora autom\u00e1tica de zanahorias | \u00bfC\u00f3mo pelar zanahorias de forma eficaz?\" width=\"500\" height=\"281\" src=\"https:\/\/www.youtube.com\/embed\/5YIfX4AUexw?feature=oembed\" frameborder=\"0\" allow=\"accelerometer; autoplay; clipboard-write; encrypted-media; gyroscope; picture-in-picture; web-share\" referrerpolicy=\"strict-origin-when-cross-origin\" allowfullscreen><\/iframe> <\/div><\/figure>    <h2 class=\"wp-block-heading\">Materias primas aplicables y productos finales. <\/h2>    <p class=\"translation-block\">La m\u00e1quina peladora comercial de zanahorias puede procesar muchos tipos de verduras, como zanahorias, pepinos, \u00f1ames, lechugas, estropajos, etc. La forma de las verduras es preferiblemente alargada para que el efecto del pelado sea el mejor. Los productos finales obtenidos est\u00e1n completamente pelados y se pueden cortar directamente.<\/p>   <div class=\"wp-block-image\"> <figure class=\"aligncenter size-full\"><img loading=\"lazy\" decoding=\"async\" width=\"720\" height=\"540\" src=\"https:\/\/fvmachinery.com\/wp-content\/uploads\/2022\/11\/raw-materials-of-peeling-machine_1.webp\" alt=\"Materias primas de la m\u00e1quina peladora.\" class=\"wp-image-323\" title=\"\" srcset=\"https:\/\/fvmachinery.com\/wp-content\/uploads\/2022\/11\/raw-materials-of-peeling-machine_1.webp 720w, https:\/\/fvmachinery.com\/wp-content\/uploads\/2022\/11\/raw-materials-of-peeling-machine_1-300x225.webp 300w\" sizes=\"auto, (max-width: 720px) 100vw, 720px\" \/><figcaption class=\"wp-element-caption\">Materias primas de la m\u00e1quina peladora (verduras y frutas de forma delgada)<\/figcaption><\/figure> <\/div>   <h2 class=\"wp-block-heading\">Estructuras de la m\u00e1quina peladora de zanahorias.<\/h2>    <div class=\"wp-block-media-text alignwide is-stacked-on-mobile\"><figure class=\"wp-block-media-text__media\"><img loading=\"lazy\" decoding=\"async\" width=\"720\" height=\"540\" src=\"https:\/\/fvmachinery.com\/wp-content\/uploads\/2022\/11\/304-stainless-steel.webp\" alt=\"\" class=\"wp-image-306 size-full\" title=\"\" srcset=\"https:\/\/fvmachinery.com\/wp-content\/uploads\/2022\/11\/304-stainless-steel.webp 720w, https:\/\/fvmachinery.com\/wp-content\/uploads\/2022\/11\/304-stainless-steel-300x225.webp 300w\" sizes=\"auto, (max-width: 720px) 100vw, 720px\" \/><\/figure><div class=\"wp-block-media-text__content\"> <p>Entrada de la peladora de zanahorias.<\/p>    <p>La entrada de la m\u00e1quina est\u00e1 hecha de acero inoxidable, lo que no contamina las verduras. Cuando el material ingresa a la boca del puerto de alimentaci\u00f3n, el dispositivo sujetar\u00e1 el material y luego lo transportar\u00e1 al \u00e1rea de pelado.<\/p> <\/div><\/div>    <div class=\"wp-block-media-text alignwide has-media-on-the-right is-stacked-on-mobile\"><div class=\"wp-block-media-text__content\"> <p>Cuchillas peladoras interiores <\/p>    <p>Esta es el \u00e1rea de pelado de frutas y verduras, m\u00faltiples cuchillos peladores pelan con precisi\u00f3n y fluidez la piel exterior de los materiales, la piel pelada es muy fina y el proceso de trabajo no cortar\u00e1 el exceso de pulpa.<\/p> <\/div><figure class=\"wp-block-media-text__media\"><img loading=\"lazy\" decoding=\"async\" width=\"720\" height=\"540\" src=\"https:\/\/fvmachinery.com\/wp-content\/uploads\/2022\/11\/peeling-blades-of-carrot-peeler.webp\" alt=\"\" class=\"wp-image-316 size-full\" title=\"\" srcset=\"https:\/\/fvmachinery.com\/wp-content\/uploads\/2022\/11\/peeling-blades-of-carrot-peeler.webp 720w, https:\/\/fvmachinery.com\/wp-content\/uploads\/2022\/11\/peeling-blades-of-carrot-peeler-300x225.webp 300w\" sizes=\"auto, (max-width: 720px) 100vw, 720px\" \/><\/figure><\/div>    <div class=\"wp-block-media-text alignwide is-stacked-on-mobile\"><figure class=\"wp-block-media-text__media\"><img loading=\"lazy\" decoding=\"async\" width=\"720\" height=\"540\" src=\"https:\/\/fvmachinery.com\/wp-content\/uploads\/2022\/11\/wheels.webp\" alt=\"\" class=\"wp-image-317 size-full\" title=\"\" srcset=\"https:\/\/fvmachinery.com\/wp-content\/uploads\/2022\/11\/wheels.webp 720w, https:\/\/fvmachinery.com\/wp-content\/uploads\/2022\/11\/wheels-300x225.webp 300w\" sizes=\"auto, (max-width: 720px) 100vw, 720px\" \/><\/figure><div class=\"wp-block-media-text__content\"> <p>Ruedas m\u00f3viles universales de 360\u00b0.<\/p>    <p>Para mover la m\u00e1quina, dise\u00f1amos ruedas en la peladora de zanahorias. Las ruedas son fuertes y duraderas y la direcci\u00f3n es flexible.<\/p> <\/div><\/div>    <div class=\"wp-block-media-text alignwide has-media-on-the-right is-stacked-on-mobile\"><div class=\"wp-block-media-text__content\"> <p>Panel de control de la peladora de zanahorias.<\/p> <\/div><figure class=\"wp-block-media-text__media\"><img loading=\"lazy\" decoding=\"async\" width=\"720\" height=\"540\" src=\"https:\/\/fvmachinery.com\/wp-content\/uploads\/2022\/11\/details.webp\" alt=\"\" class=\"wp-image-315 size-full\" title=\"\" srcset=\"https:\/\/fvmachinery.com\/wp-content\/uploads\/2022\/11\/details.webp 720w, https:\/\/fvmachinery.com\/wp-content\/uploads\/2022\/11\/details-300x225.webp 300w\" sizes=\"auto, (max-width: 720px) 100vw, 720px\" \/><\/figure><\/div>    <h2 class=\"wp-block-heading\">Ventajas de la m\u00e1quina peladora de zanahorias comercial.<\/h2>    <ul class=\"wp-block-list\"> <li>La peladora de zanahorias imita el pelado manual, la superficie del material pelado es plana y lisa, y la piel pelada es muy fina, por lo que no desperdicia comida.<\/li>    <li>La velocidad de pelado de la m\u00e1quina peladora de zanahorias comercial puede alcanzar aproximadamente 98%, con una alta eficiencia de producci\u00f3n.<\/li>    <li>La m\u00e1quina peladora de zanahorias est\u00e1 instalada con ruedas m\u00f3viles universales de 360\u00b0, lo cual es conveniente para mover el equipo.<\/li>    <li>El pelador autom\u00e1tico de zanahorias est\u00e1 hecho de acero inoxidable 304, que es robusto y resistente a la corrosi\u00f3n. Las verduras tratadas a m\u00e1quina son limpias e higi\u00e9nicas y pueden garantizar la seguridad alimentaria.<\/li> <\/ul>    <h2 class=\"wp-block-heading\">Par\u00e1metros del pelador autom\u00e1tico de zanahorias. <\/h2>    <p>El modelo m\u00e1s vendido de pelador de zanahorias es el siguiente. Podemos proporcionar otros modelos si tiene m\u00e1s demandas. Si est\u00e1s interesado en la m\u00e1quina peladora, cons\u00faltanos y rellena el formulario de nuestra web.<\/p>    <figure class=\"wp-block-table\"><table><tbody><tr><td>Elementos<\/td><td>Par\u00e1metros<\/td><\/tr><tr><td>Capacidad<\/td><td>1500 piezas\/h<\/td><\/tr><tr><td>Fuerza<\/td><td>500W<\/td><\/tr><tr><td>Voltaje<\/td><td>220V<\/td><\/tr><tr><td>Peso<\/td><td>120 kilos<\/td><\/tr><\/tbody><\/table><figcaption class=\"wp-element-caption\">Detalles del pelador autom\u00e1tico de zanahorias. <\/figcaption><\/figure>","protected":false},"excerpt":{"rendered":"<p>The carrot peeling machine is a very common fruit and vegetable processing machine, the machine is suitable for a variety of vegetables. Compared with manual peeling, using a highly automated machine will greatly improve efficiency and reduce labor costs. Introduction of carrot peeling machine The automatic carrot peeler is used for peeling carrots, when the [&hellip;]<\/p>\n","protected":false},"author":1,"featured_media":304,"parent":0,"template":"","tags":[29],"product-type":[13],"class_list":["post-303","product","type-product","status-publish","has-post-thumbnail","hentry","tag-carrot-peeling-machine","product-type-peeling-machine"],"_links":{"self":[{"href":"https:\/\/fvmachinery.com\/es\/wp-json\/wp\/v2\/product\/303","targetHints":{"allow":["GET"]}}],"collection":[{"href":"https:\/\/fvmachinery.com\/es\/wp-json\/wp\/v2\/product"}],"about":[{"href":"https:\/\/fvmachinery.com\/es\/wp-json\/wp\/v2\/types\/product"}],"author":[{"embeddable":true,"href":"https:\/\/fvmachinery.com\/es\/wp-json\/wp\/v2\/users\/1"}],"wp:featuredmedia":[{"embeddable":true,"href":"https:\/\/fvmachinery.com\/es\/wp-json\/wp\/v2\/media\/304"}],"wp:attachment":[{"href":"https:\/\/fvmachinery.com\/es\/wp-json\/wp\/v2\/media?parent=303"}],"wp:term":[{"taxonomy":"post_tag","embeddable":true,"href":"https:\/\/fvmachinery.com\/es\/wp-json\/wp\/v2\/tags?post=303"},{"taxonomy":"product-type","embeddable":true,"href":"https:\/\/fvmachinery.com\/es\/wp-json\/wp\/v2\/product-type?post=303"}],"curies":[{"name":"wp","href":"https:\/\/api.w.org\/{rel}","templated":true}]}}