{"id":325,"date":"2022-12-05T18:22:08","date_gmt":"2022-12-05T10:22:08","guid":{"rendered":"https:\/\/fvmachinery.com\/?post_type=product&#038;p=325"},"modified":"2022-12-07T14:39:11","modified_gmt":"2022-12-07T06:39:11","slug":"crinkle-cut-fries-cutter-machine","status":"publish","type":"product","link":"https:\/\/fvmachinery.com\/es\/product\/crinkle-cut-fries-cutter-machine\/","title":{"rendered":"M\u00e1quina cortadora de papas fritas con corte arrugado | M\u00e1quina cortadora industrial de papas fritas"},"content":{"rendered":"<p>Las patatas fritas arrugadas y las patatas fritas onduladas son muy populares en el mercado. La m\u00e1quina cortadora de papas fritas arrugadas satisface las necesidades del negocio de elaboraci\u00f3n de papas fritas arrugadas. El cortador de papas arrugadas comercial no solo puede cortar en forma ondulada sino tambi\u00e9n en papas fritas de forma regular, lo que puede ayudar a la cafeter\u00eda a obtener m\u00e1s ingresos.<\/p>    <h2 class=\"wp-block-heading\">Introducci\u00f3n de la m\u00e1quina cortadora de papas fritas arrugadas.<\/h2>    <p>La m\u00e1quina cortadora de papas fritas se utilizar\u00e1 principalmente para manipular patatas, zanahorias, taro, batatas y otras verduras. El cortador de patatas arrugado puede cortar patatas en formas onduladas. La m\u00e1quina cortadora de papas fritas con corte arrugado tiene varias funciones, como bajo nivel de ruido, f\u00e1cil mantenimiento y otras caracter\u00edsticas. <\/p>    <p>Los clientes pueden ajustar el grosor de las patatas fritas y el grosor de las tiras de patatas seg\u00fan las diferentes necesidades. Las verduras procesadas quedan limpias y de espesor uniforme. La m\u00e1quina cortadora de patatas fritas arrugadas es adecuada para comedores, tiendas de snacks, l\u00edneas de producci\u00f3n de patatas fritas, etc. <\/p>    <figure class=\"wp-block-gallery has-nested-images columns-default is-cropped wp-block-gallery-2 is-layout-flex wp-block-gallery-is-layout-flex\"> <figure class=\"wp-block-image size-full\"><img loading=\"lazy\" decoding=\"async\" width=\"720\" height=\"540\" data-id=\"329\" src=\"https:\/\/fvmachinery.com\/wp-content\/uploads\/2022\/12\/crinkle-fries-cutting-machine1.webp\" alt=\"\" class=\"wp-image-329\" title=\"\" srcset=\"https:\/\/fvmachinery.com\/wp-content\/uploads\/2022\/12\/crinkle-fries-cutting-machine1.webp 720w, https:\/\/fvmachinery.com\/wp-content\/uploads\/2022\/12\/crinkle-fries-cutting-machine1-300x225.webp 300w\" sizes=\"auto, (max-width: 720px) 100vw, 720px\" \/><figcaption class=\"wp-element-caption\">Cortador de patatas fritas<\/figcaption><\/figure>    <figure class=\"wp-block-image size-large\"><img decoding=\"async\" data-id=\"326\" src=\"https:\/\/fvmachinery.com\/wp-content\/uploads\/2022\/12\/commercial-french-fry-cutter1.webp\" alt=\"cortador de patatas fritas comercial\" class=\"wp-image-326\" title=\"\"><figcaption class=\"wp-element-caption\">Cortador comercial de patatas fritas<\/figcaption><\/figure> <\/figure>    <figure class=\"wp-block-gallery has-nested-images columns-default is-cropped wp-block-gallery-3 is-layout-flex wp-block-gallery-is-layout-flex\"> <figure class=\"wp-block-image size-large\"><img decoding=\"async\" data-id=\"331\" src=\"https:\/\/fvmachinery.com\/wp-content\/uploads\/2022\/12\/crinkle-potato-cutter1.webp\" alt=\"cortador de patatas arrugadas\" class=\"wp-image-331\" title=\"\"><figcaption class=\"wp-element-caption\">Cortador de patatas arrugadas<\/figcaption><\/figure>    <figure class=\"wp-block-image size-large\"><img loading=\"lazy\" decoding=\"async\" width=\"720\" height=\"540\" data-id=\"330\" src=\"https:\/\/fvmachinery.com\/wp-content\/uploads\/2022\/12\/crinkle-potato-cutter-machine-in-stock1.webp\" alt=\"M\u00e1quina cortadora de patatas arrugadas en stock\" class=\"wp-image-330\" title=\"\" srcset=\"https:\/\/fvmachinery.com\/wp-content\/uploads\/2022\/12\/crinkle-potato-cutter-machine-in-stock1.webp 720w, https:\/\/fvmachinery.com\/wp-content\/uploads\/2022\/12\/crinkle-potato-cutter-machine-in-stock1-300x225.webp 300w\" sizes=\"auto, (max-width: 720px) 100vw, 720px\" \/><figcaption class=\"wp-element-caption\">M\u00e1quina cortadora de patatas arrugadas en stock<\/figcaption><\/figure> <\/figure>    <h2 class=\"wp-block-heading\">Principio de funcionamiento del cortador de patatas arrugadas<\/h2>    <p>La m\u00e1quina cortadora industrial de patatas fritas arrugadas funciona seg\u00fan un principio inteligente. Hay un dispositivo de corte centr\u00edfugo en la parte posterior de la m\u00e1quina cortadora de papas fritas, que se usa principalmente para cortar. La hoja puede ser una hoja normal o una hoja corrugada. Las patatas limpias se colocan en el tambor centr\u00edfugo de la m\u00e1quina y la m\u00e1quina las corta directamente. Luego, las rodajas de patata caen sobre una cinta transportadora y pasan a otro juego de cuchillas, que cortan las rodajas en tiras. Las patatas cortadas en rodajas est\u00e1n listas para guardarlas y prepararlas para patatas fritas.<\/p>    <h2 class=\"wp-block-heading\">Estructura de la m\u00e1quina cortadora comercial de patatas fritas.<\/h2>    <p>La m\u00e1quina cortadora de papas fritas contiene principalmente un puerto de alimentaci\u00f3n, una cuchilla de corte, una placa de cuchilla, una carcasa protectora, un puerto de descarga, un panel de operaci\u00f3n, una red protectora, una cinta transportadora, etc.<\/p>    <figure class=\"wp-block-gallery has-nested-images columns-default is-cropped wp-block-gallery-4 is-layout-flex wp-block-gallery-is-layout-flex\"> <figure class=\"wp-block-image size-full\"><img loading=\"lazy\" decoding=\"async\" width=\"720\" height=\"540\" data-id=\"333\" src=\"https:\/\/fvmachinery.com\/wp-content\/uploads\/2022\/12\/details-of-crinkle-cut-fries-cutter-machine1.webp\" alt=\"\" class=\"wp-image-333\" title=\"\" srcset=\"https:\/\/fvmachinery.com\/wp-content\/uploads\/2022\/12\/details-of-crinkle-cut-fries-cutter-machine1.webp 720w, https:\/\/fvmachinery.com\/wp-content\/uploads\/2022\/12\/details-of-crinkle-cut-fries-cutter-machine1-300x225.webp 300w\" sizes=\"auto, (max-width: 720px) 100vw, 720px\" \/><figcaption class=\"wp-element-caption\">Salida de m\u00e1quina cortadora de patatas<\/figcaption><\/figure>    <figure class=\"wp-block-image size-large\"><img decoding=\"async\" data-id=\"327\" src=\"https:\/\/fvmachinery.com\/wp-content\/uploads\/2022\/12\/crinkle-cut-fries-cutter-machine-21.webp\" alt=\"Entrada de la m\u00e1quina cortadora de patatas fritas arrugadas\" class=\"wp-image-327\" title=\"\"><figcaption class=\"wp-element-caption\">Entrada de la m\u00e1quina cortadora de papas fritas con corte arrugado<\/figcaption><\/figure> <\/figure>    <h2 class=\"wp-block-heading\">Par\u00e1metros de la m\u00e1quina cortadora industrial de patatas fritas arrugadas<\/h2>    <figure class=\"wp-block-table\"><table><tbody><tr><td>Modelo<\/td><td>Voltaje<\/td><td>Fuerza<\/td><td>Dimensi\u00f3n<\/td><td>Peso<\/td><td>Capacidad<\/td><\/tr><tr><td>TZ-600<\/td><td>220V\/50HZ<\/td><td>0,75 kw<\/td><td>900x460x740mm<\/td><td>140 kilos<\/td><td>100-600kg\/hora<\/td><\/tr><tr><td>TZ-1000<\/td><td>220V\/50HZ<\/td><td>1,1 kw<\/td><td>1300x510x1050mm<\/td><td>380 kilos<\/td><td>200-1000kg\/h<\/td><\/tr><\/tbody><\/table><\/figure>    <h2 class=\"wp-block-heading\">\u00bfPor qu\u00e9 elegir una m\u00e1quina cortadora de patatas fritas arrugadas?<\/h2>    <p class=\"translation-block\">Por lo general,<a href=\"https:\/\/en.wikipedia.org\/wiki\/French_fries\" target=\"_blank\" rel=\"noopener\"> las papas fritas<\/a> son largas y de forma normal, imagina si tus papas son diferentes a las dem\u00e1s, atraer\u00e1 a m\u00e1s clientes a probar y comprar. Las papas fritas rizadas tienen menos competidores debido a su forma especial, se pueden sumergir en m\u00e1s condimentos y las papas tendr\u00e1n mejor sabor. <\/p>   <div class=\"wp-block-image\"> <figure class=\"aligncenter size-full\"><img loading=\"lazy\" decoding=\"async\" width=\"720\" height=\"540\" src=\"https:\/\/fvmachinery.com\/wp-content\/uploads\/2022\/12\/crinkle-potato-snacks1.webp\" alt=\"bocadillos de papa arrugada\" class=\"wp-image-332\" title=\"\" srcset=\"https:\/\/fvmachinery.com\/wp-content\/uploads\/2022\/12\/crinkle-potato-snacks1.webp 720w, https:\/\/fvmachinery.com\/wp-content\/uploads\/2022\/12\/crinkle-potato-snacks1-300x225.webp 300w\" sizes=\"auto, (max-width: 720px) 100vw, 720px\" \/><figcaption class=\"wp-element-caption\">bocadillos de papa arrugada<\/figcaption><\/figure> <\/div>   <p>El cortador de patatas arrugado comercial puede ayudar a las cafeter\u00edas a conseguir m\u00e1s clientes y beneficios para sus negocios. La m\u00e1quina cortadora de patatas puede cortar patatas y obtener una buena forma de patatas fritas onduladas. El cortador de patatas fritas hace patatas fritas arrugadas, que son diferentes de las patatas fritas habituales. <\/p>    <h2 class=\"wp-block-heading\">Ventajas de la m\u00e1quina cortadora de patatas fritas con corte arrugado<\/h2>    <ul class=\"wp-block-list\"> <li>La m\u00e1quina cortadora comercial de patatas fritas est\u00e1 hecha de material de acero inoxidable de alta calidad y tiene una larga vida \u00fatil. Y el acero inoxidable garantizar\u00e1 la seguridad alimentaria al procesar verduras. <\/li>    <li>El cortador de patatas arrugado tiene una apariencia hermosa y ocupa una habitaci\u00f3n peque\u00f1a, adecuada para plantas procesadoras de alimentos de todos los tama\u00f1os.<\/li>    <li>La m\u00e1quina cortadora de papas fritas arrugadas es f\u00e1cil de operar y el personal puede usarla de forma independiente despu\u00e9s de un simple aprendizaje.<\/li>    <li>La m\u00e1quina cortadora de papas fritas es altamente eficiente en la producci\u00f3n de papas fritas y la producci\u00f3n de los dos modelos com\u00fanmente utilizados es de 600 kg\/h y 1000 kg\/h respectivamente.<\/li>    <li>El producto final de la m\u00e1quina cortadora de patatas tiene un tama\u00f1o y grosor uniformes, lo que produce patatas fritas y otros productos con buen sabor. El tama\u00f1o de corte del cortador de patatas es ajustable. En general, el tama\u00f1o de las patatas fritas comunes es de 7 a 12 mm.<\/li> <\/ul>    <h2 class=\"wp-block-heading\">\u00bfPor qu\u00e9 elegir la m\u00e1quina cortadora de papas fritas Taizy?<\/h2>    <p>Con el continuo desarrollo de la industria, cada vez m\u00e1s plantas procesadoras de frutas y verduras abandonaron el trabajo manual y adoptaron m\u00e1quinas procesadoras de verduras altamente automatizadas. Taizy Group se especializa en la fabricaci\u00f3n de diversos equipos de procesamiento de frutas y verduras desde hace m\u00e1s de diez a\u00f1os, y hemos suministrado m\u00e1quinas a plantas procesadoras de alimentos en todo el mundo. Las m\u00e1quinas que exportamos han sido bien recibidas por los clientes.<\/p>    <figure class=\"wp-block-gallery has-nested-images columns-default is-cropped wp-block-gallery-5 is-layout-flex wp-block-gallery-is-layout-flex\"> <figure class=\"wp-block-image size-large\"><img loading=\"lazy\" decoding=\"async\" width=\"540\" height=\"720\" data-id=\"346\" src=\"https:\/\/fvmachinery.com\/wp-content\/uploads\/2022\/12\/crinkle-cut-french-fry-cutter-machine1.webp\" alt=\"M\u00e1quina cortadora de patatas fritas con corte arrugado\" class=\"wp-image-346\" title=\"\" srcset=\"https:\/\/fvmachinery.com\/wp-content\/uploads\/2022\/12\/crinkle-cut-french-fry-cutter-machine1.webp 540w, https:\/\/fvmachinery.com\/wp-content\/uploads\/2022\/12\/crinkle-cut-french-fry-cutter-machine1-225x300.webp 225w\" sizes=\"auto, (max-width: 540px) 100vw, 540px\" \/><figcaption class=\"wp-element-caption\">M\u00e1quina cortadora de patatas fritas con corte arrugado<\/figcaption><\/figure>    <figure class=\"wp-block-image size-large\"><img decoding=\"async\" data-id=\"345\" src=\"https:\/\/fvmachinery.com\/wp-content\/uploads\/2022\/12\/commercial-crinkle-cut-french-fry-cutter1.webp\" alt=\"Cortador comercial de patatas fritas con corte arrugado\" class=\"wp-image-345\" title=\"\"><figcaption class=\"wp-element-caption\">Cortador comercial de patatas fritas con corte arrugado<\/figcaption><\/figure> <figcaption class=\"blocks-gallery-caption wp-element-caption\">Cortador comercial de patatas fritas con corte arrugado enviado a Irlanda en 2022<\/figcaption><\/figure>    <p class=\"translation-block\">Por ejemplo, si necesitas procesar papas, proporcionamos <strong><a href=\"https:\/\/fvmachinery.com\/es\/product\/fruit-sorting-and-grading-machine\/\">m\u00e1quinas de clasificaci\u00f3n de verduras<\/a><\/strong> para seleccionar las papas en diferentes tama\u00f1os, luego utilizamos <strong><a href=\"https:\/\/fvmachinery.com\/es\/product\/maquina-limpiadora-de-frutas-y-verduras\/\">m\u00e1quinas de lavado<\/a><\/strong> para limpiar las papas, <strong><a href=\"https:\/\/fvmachinery.com\/es\/product\/potato-washing-and-peeling-machine\/\">m\u00e1quinas de pelado<\/a><\/strong> para pelar las papas, y finalmente, podemos usar m\u00e1quinas cortadoras de verduras para cortarlas en varias formas. Una l\u00ednea de ensamblaje automatizada aumentar\u00e1 enormemente la producci\u00f3n de la planta. Las frutas y verduras procesadas por la m\u00e1quina son uniformes en tama\u00f1o, limpias e higi\u00e9nicas, y pueden satisfacer las necesidades de la mayor\u00eda de los consumidores.<\/p>    <p>Si est\u00e1 interesado en maquinaria para procesamiento de vegetales, bienvenido a completar la tabla en nuestro sitio web, nuestro equipo se comunicar\u00e1 con usted y le enviar\u00e1 m\u00e1s detalles de la m\u00e1quina lo antes posible.<\/p>","protected":false},"excerpt":{"rendered":"<p>The crinkle fries and wave chips are very popular in the market. The crinkle cut fries cutter machine meets the needs of the business of making crinkle fries. Commercial crinkle potato cutter can not only cut into ripple shape but also cut into regular shape fries, which can help the snack bar to get more [&hellip;]<\/p>\n","protected":false},"author":1,"featured_media":328,"parent":0,"template":"","tags":[17],"product-type":[12],"class_list":["post-325","product","type-product","status-publish","has-post-thumbnail","hentry","tag-vegetable-cutting-machine","product-type-cutting-machine"],"_links":{"self":[{"href":"https:\/\/fvmachinery.com\/es\/wp-json\/wp\/v2\/product\/325","targetHints":{"allow":["GET"]}}],"collection":[{"href":"https:\/\/fvmachinery.com\/es\/wp-json\/wp\/v2\/product"}],"about":[{"href":"https:\/\/fvmachinery.com\/es\/wp-json\/wp\/v2\/types\/product"}],"author":[{"embeddable":true,"href":"https:\/\/fvmachinery.com\/es\/wp-json\/wp\/v2\/users\/1"}],"wp:featuredmedia":[{"embeddable":true,"href":"https:\/\/fvmachinery.com\/es\/wp-json\/wp\/v2\/media\/328"}],"wp:attachment":[{"href":"https:\/\/fvmachinery.com\/es\/wp-json\/wp\/v2\/media?parent=325"}],"wp:term":[{"taxonomy":"post_tag","embeddable":true,"href":"https:\/\/fvmachinery.com\/es\/wp-json\/wp\/v2\/tags?post=325"},{"taxonomy":"product-type","embeddable":true,"href":"https:\/\/fvmachinery.com\/es\/wp-json\/wp\/v2\/product-type?post=325"}],"curies":[{"name":"wp","href":"https:\/\/api.w.org\/{rel}","templated":true}]}}