{"id":40,"date":"2022-08-24T07:15:34","date_gmt":"2022-08-23T23:15:34","guid":{"rendered":"https:\/\/fvmachinery.com\/?post_type=product&#038;p=40"},"modified":"2025-10-28T14:24:51","modified_gmt":"2025-10-28T06:24:51","slug":"garlic-processing-plant","status":"publish","type":"product","link":"https:\/\/fvmachinery.com\/es\/product\/planta-procesadora-de-ajo\/","title":{"rendered":"Planta procesadora de ajo | M\u00e1quina para partir y pelar ajos"},"content":{"rendered":"<p>Esta planta comercial de procesamiento de ajo se utiliza principalmente para procesar ajo crudo. La m\u00e1quina procesadora de ajo de esta l\u00ednea puede partir, pelar, limpiar, secar al aire y envasar ajo r\u00e1pidamente. El equipo de procesamiento de ajo puede mejorar el valor econ\u00f3mico agregado del ajo y el producto final se usa ampliamente en plantas de procesamiento de alimentos, restaurantes, comedores y supermercados. Por lo tanto, vale la pena invertir en esta l\u00ednea para partir y pelar ajos.<\/p>    <h2 class=\"wp-block-heading\" id=\"h-introduction-of-taizy-garlic-processing-line\">Introducci\u00f3n de la planta procesadora de ajo Taizy<\/h2>    <p>La l\u00ednea de procesamiento de ajo es el proceso de convertir el ajo entero en dientes limpios, lo que incluye partir, pelar, recoger, lavar, secar y envasar el ajo. Esta l\u00ednea de producci\u00f3n es perfecta para que inviertan las plantas procesadoras de ajo, las plantas de producci\u00f3n de condimentos y los minoristas de ajo. Actualmente, nuestros equipos de procesamiento de ajo se han exportado a EE. UU., Camboya, Indonesia, Tailandia, Colombia, Australia, Hungr\u00eda, M\u00e9xico y otros pa\u00edses.<\/p>   <div class=\"wp-block-image\"> <figure class=\"aligncenter size-full\"><img loading=\"lazy\" decoding=\"async\" width=\"720\" height=\"540\" src=\"https:\/\/fvmachinery.com\/wp-content\/uploads\/2022\/08\/continuous-garlic-splitting-peeling-plant.jpg\" alt=\"planta-para-pelar-el-ajo\" class=\"wp-image-211\" title=\"\" srcset=\"https:\/\/fvmachinery.com\/wp-content\/uploads\/2022\/08\/continuous-garlic-splitting-peeling-plant.jpg 720w, https:\/\/fvmachinery.com\/wp-content\/uploads\/2022\/08\/continuous-garlic-splitting-peeling-plant-300x225.jpg 300w\" sizes=\"auto, (max-width: 720px) 100vw, 720px\" \/><figcaption class=\"wp-element-caption\">planta-para-pelar-el-ajo<\/figcaption><\/figure> <\/div>  <div class=\"wp-block-image\"> <figure class=\"aligncenter size-full\"><img loading=\"lazy\" decoding=\"async\" width=\"720\" height=\"540\" src=\"https:\/\/fvmachinery.com\/wp-content\/uploads\/2022\/08\/garlic-processing-equipment-in-Taizy-factory.jpg\" alt=\"Equipos-de-procesamiento-de-ajo-en-la-f\u00e1brica-de-Taizy\" class=\"wp-image-210\" title=\"\" srcset=\"https:\/\/fvmachinery.com\/wp-content\/uploads\/2022\/08\/garlic-processing-equipment-in-Taizy-factory.jpg 720w, https:\/\/fvmachinery.com\/wp-content\/uploads\/2022\/08\/garlic-processing-equipment-in-Taizy-factory-300x225.jpg 300w\" sizes=\"auto, (max-width: 720px) 100vw, 720px\" \/><figcaption class=\"wp-element-caption\">Equipos-de-procesamiento-de-ajo-en-la-f\u00e1brica-de-Taizy<\/figcaption><\/figure> <\/div>   <h2 class=\"wp-block-heading\">Productos finales de la planta procesadora de ajo.<\/h2>   <div class=\"wp-block-image\"> <figure class=\"aligncenter size-full\"><img loading=\"lazy\" decoding=\"async\" width=\"720\" height=\"540\" src=\"https:\/\/fvmachinery.com\/wp-content\/uploads\/2022\/08\/garlic-machine1.webp\" alt=\"\" class=\"wp-image-262\" title=\"\" srcset=\"https:\/\/fvmachinery.com\/wp-content\/uploads\/2022\/08\/garlic-machine1.webp 720w, https:\/\/fvmachinery.com\/wp-content\/uploads\/2022\/08\/garlic-machine1-300x225.webp 300w\" sizes=\"auto, (max-width: 720px) 100vw, 720px\" \/><figcaption class=\"wp-element-caption\"> producto final de la planta procesadora de ajo<\/figcaption><\/figure> <\/div>   <p>Los dientes de ajo limpios son el producto final de esta l\u00ednea de corte y pelado de ajos y podemos proporcionar m\u00e1quinas envasadoras para envasar los dientes de ajo. Adem\u00e1s, los dientes de ajo limpios se pueden reprocesar para obtener productos de alto valor a\u00f1adido, como hojuelas de ajo, ajo en polvo y aceite de ajo.<\/p>    <h2 class=\"wp-block-heading\" id=\"h-main-equipment-of-the-garlic-splitting-and-peeling-line\">Equipo principal de la l\u00ednea de partido y pelado de ajos.<\/h2>   <div class=\"wp-block-image\"> <figure class=\"aligncenter size-full\"><img loading=\"lazy\" decoding=\"async\" width=\"720\" height=\"540\" src=\"https:\/\/fvmachinery.com\/wp-content\/uploads\/2022\/08\/garlic-processing-machine1.webp\" alt=\"\" class=\"wp-image-261\" title=\"\" srcset=\"https:\/\/fvmachinery.com\/wp-content\/uploads\/2022\/08\/garlic-processing-machine1.webp 720w, https:\/\/fvmachinery.com\/wp-content\/uploads\/2022\/08\/garlic-processing-machine1-300x225.webp 300w\" sizes=\"auto, (max-width: 720px) 100vw, 720px\" \/><figcaption class=\"wp-element-caption\">Visualizaci\u00f3n 3D de la planta procesadora de ajo.<\/figcaption><\/figure> <\/div>   <p>El equipo principal de esta planta procesadora de ajo incluye un transportador autom\u00e1tico, una m\u00e1quina para partir ajo, una m\u00e1quina peladora de ajo, un clasificador autom\u00e1tico de color, una lavadora de burbujas, un secador de aire, una m\u00e1quina empacadora de dientes de ajo, etc. La maquinaria Taizy puede combinar diferentes modelos para los clientes seg\u00fan sus producci\u00f3n y demandas. Cada equipo de esta l\u00ednea de procesamiento de ajo tambi\u00e9n se puede comprar y utilizar por separado.<\/p>    <h3 class=\"wp-block-heading\" id=\"h-garlic-splitting-machine\">M\u00e1quina para partir ajos<\/h3>    <div class=\"wp-block-media-text alignwide is-stacked-on-mobile\"><figure class=\"wp-block-media-text__media\"><img loading=\"lazy\" decoding=\"async\" width=\"720\" height=\"540\" src=\"https:\/\/fvmachinery.com\/wp-content\/uploads\/2022\/08\/1-garlic-separator1.jpg\" alt=\" separador de ajo\" class=\"wp-image-43 size-full\" title=\"\" srcset=\"https:\/\/fvmachinery.com\/wp-content\/uploads\/2022\/08\/1-garlic-separator1.jpg 720w, https:\/\/fvmachinery.com\/wp-content\/uploads\/2022\/08\/1-garlic-separator1-300x225.jpg 300w\" sizes=\"auto, (max-width: 720px) 100vw, 720px\" \/><\/figure><div class=\"wp-block-media-text__content\"> <p class=\"translation-block\">La <a href=\"https:\/\/fvmachinery.com\/es\/product\/garlic-splitting-machine\/\">m\u00e1quina para partir ajo<\/a> separa r\u00e1pidamente el ajo en dientes individuales. La m\u00e1quina exprime y separa el ajo entero en muchos dientes peque\u00f1os mediante cuatro ruedas internas para el siguiente paso de pelado. La m\u00e1quina no da\u00f1a los dientes de ajo durante el proceso de trabajo.<\/p> <\/div><\/div>    <h3 class=\"wp-block-heading\" id=\"h-garlic-peeling-machine\">peladora de ajos<\/h3>    <div class=\"wp-block-media-text alignwide is-stacked-on-mobile\"><figure class=\"wp-block-media-text__media\"><img loading=\"lazy\" decoding=\"async\" width=\"720\" height=\"540\" src=\"https:\/\/fvmachinery.com\/wp-content\/uploads\/2022\/08\/2-garlic-peeler-1.jpg\" alt=\"maquina peladora de ajos\" class=\"wp-image-44 size-full\" title=\"\" srcset=\"https:\/\/fvmachinery.com\/wp-content\/uploads\/2022\/08\/2-garlic-peeler-1.jpg 720w, https:\/\/fvmachinery.com\/wp-content\/uploads\/2022\/08\/2-garlic-peeler-1-300x225.jpg 300w\" sizes=\"auto, (max-width: 720px) 100vw, 720px\" \/><\/figure><div class=\"wp-block-media-text__content\"> <p class=\"translation-block\">Esta <a href=\"https:\/\/fvmachinery.com\/es\/product\/vendo-peladora-de-ajos\/\">m\u00e1quina para pelar ajo<\/a> es principalmente aplicable al pelado r\u00e1pido de ajo seco. La m\u00e1quina para pelar ajo funciona con aire comprimido y adopta una estructura de pelado tipo bin. La tasa de pelado de ajo puede alcanzar el 95%. Y la m\u00e1quina recoger\u00e1 autom\u00e1ticamente la c\u00e1scara de ajo durante el proceso de pelado mediante flujo de aire.<\/p> <\/div><\/div>    <h3 class=\"wp-block-heading\" id=\"h-garlic-sorting-machine\">M\u00e1quina clasificadora de ajos<\/h3>    <div class=\"wp-block-media-text alignwide is-stacked-on-mobile\"><figure class=\"wp-block-media-text__media\"><img loading=\"lazy\" decoding=\"async\" width=\"720\" height=\"540\" src=\"https:\/\/fvmachinery.com\/wp-content\/uploads\/2022\/08\/4-color-sorting-machine1.jpg\" alt=\"m\u00e1quina clasificadora de colores\" class=\"wp-image-45 size-full\" title=\"\" srcset=\"https:\/\/fvmachinery.com\/wp-content\/uploads\/2022\/08\/4-color-sorting-machine1.jpg 720w, https:\/\/fvmachinery.com\/wp-content\/uploads\/2022\/08\/4-color-sorting-machine1-300x225.jpg 300w\" sizes=\"auto, (max-width: 720px) 100vw, 720px\" \/><\/figure><div class=\"wp-block-media-text__content\"> <p>El proceso de clasificaci\u00f3n del color del ajo utiliza un clasificador de color autom\u00e1tico para seleccionar los dientes de ajo. La c\u00e1mara identifica los dientes de ajo con un color anormal, como estropeados o podridos y negros, y luego los expulsa mediante aire comprimido al tanque de recolecci\u00f3n, mientras que los dientes calificados caen al tanque de producto terminado.<\/p> <\/div><\/div>    <h3 class=\"wp-block-heading\" id=\"h-garlic-washing-machine\">lavadora de ajo<\/h3>    <div class=\"wp-block-media-text alignwide is-stacked-on-mobile\"><figure class=\"wp-block-media-text__media\"><img loading=\"lazy\" decoding=\"async\" width=\"750\" height=\"750\" src=\"https:\/\/fvmachinery.com\/wp-content\/uploads\/2022\/08\/vegetable-washing-machine-1.webp\" alt=\"lavadora de verduras\" class=\"wp-image-39 size-full\" title=\"\" srcset=\"https:\/\/fvmachinery.com\/wp-content\/uploads\/2022\/08\/vegetable-washing-machine-1.webp 750w, https:\/\/fvmachinery.com\/wp-content\/uploads\/2022\/08\/vegetable-washing-machine-1-300x300.webp 300w, https:\/\/fvmachinery.com\/wp-content\/uploads\/2022\/08\/vegetable-washing-machine-1-150x150.webp 150w\" sizes=\"auto, (max-width: 750px) 100vw, 750px\" \/><\/figure><div class=\"wp-block-media-text__content\"> <p class=\"translation-block\">Los dientes de ajo se limpian utilizando una <strong><a href=\"https:\/\/fvmachinery.com\/es\/product\/maquina-limpiadora-de-frutas-y-verduras\/\">m\u00e1quina lavadora de frutas y verduras con burbujas <\/a><\/strong> para eliminar el polvo de la superficie de los dientes. Usar la m\u00e1quina para limpiar los dientes de ajo ahorra tiempo y esfuerzo y mejora enormemente la eficiencia del trabajo.<\/p> <\/div><\/div>    <h3 class=\"wp-block-heading\" id=\"h-garlic-drying-machine\">secadora de ajo<\/h3>    <div class=\"wp-block-media-text alignwide is-stacked-on-mobile\"><figure class=\"wp-block-media-text__media\"><img loading=\"lazy\" decoding=\"async\" width=\"720\" height=\"540\" src=\"https:\/\/fvmachinery.com\/wp-content\/uploads\/2022\/08\/vegetable-drying-machine.webp\" alt=\"secadora de vegetales\" class=\"wp-image-38 size-full\" title=\"\" srcset=\"https:\/\/fvmachinery.com\/wp-content\/uploads\/2022\/08\/vegetable-drying-machine.webp 720w, https:\/\/fvmachinery.com\/wp-content\/uploads\/2022\/08\/vegetable-drying-machine-300x225.webp 300w\" sizes=\"auto, (max-width: 720px) 100vw, 720px\" \/><\/figure><div class=\"wp-block-media-text__content\"> <p>Utilizamos secadores de aire continuos para secar al aire los dientes de ajo limpios a tiempo. Los dientes de ajo limpios deben secarse a tiempo; de lo contrario, los dientes h\u00famedos se deteriorar\u00e1n f\u00e1cilmente.<\/p> <\/div><\/div>    <h3 class=\"wp-block-heading\" id=\"h-garlic-packing-machine\">maquina empacadora de ajo<\/h3>    <p>Taizy Machinery ofrece una amplia gama de m\u00e1quinas envasadoras para envasar dientes de ajo. Los patrones de las bolsas se pueden personalizar y el producto final se puede vender directamente.<\/p>    <h2 class=\"wp-block-heading\" id=\"h-benefit-of-garlic-processing-plant\">Beneficios de la planta procesadora de ajo<\/h2>    <p>Todos los equipos de esta l\u00ednea industrial de procesamiento de ajo est\u00e1n fabricados de acero inoxidable 304 de grado alimenticio de alta calidad, que es muy resistente a la corrosi\u00f3n y la abrasi\u00f3n.<br>Esta planta procesadora de ajo utiliza m\u00e1quinas automatizadas en lugar del tradicional pelado y limpieza manual, lo que mejora enormemente la eficiencia y puede procesar de 500 kg a 3000 kg de ajo por hora.<br>Esta l\u00ednea es una l\u00ednea de procesamiento de ajo de tama\u00f1o peque\u00f1o y mediano con un proceso de producci\u00f3n \u00e1gil, muy f\u00e1cil de instalar y de operar. La producci\u00f3n se lleva a cabo en estricta conformidad con el proceso de fabricaci\u00f3n est\u00e1ndar nacional y el producto final cumple con los requisitos de las condiciones sanitarias GMP alimentarias.<\/p>","protected":false},"excerpt":{"rendered":"<p>This commercial garlic processing plant is mainly used for processing raw garlic. The garlic processing machine of this line can quickly split, peel, clean, air dry, and pack garlic. The garlic processing equipment can enhance the economic added value for garlic, and the final product is widely used in food processing plants, restaurants, canteens and [&hellip;]<\/p>\n","protected":false},"author":1,"featured_media":42,"parent":0,"template":"","tags":[23],"product-type":[5],"class_list":["post-40","product","type-product","status-publish","has-post-thumbnail","hentry","tag-garlic-processing-machine","product-type-production-line"],"_links":{"self":[{"href":"https:\/\/fvmachinery.com\/es\/wp-json\/wp\/v2\/product\/40","targetHints":{"allow":["GET"]}}],"collection":[{"href":"https:\/\/fvmachinery.com\/es\/wp-json\/wp\/v2\/product"}],"about":[{"href":"https:\/\/fvmachinery.com\/es\/wp-json\/wp\/v2\/types\/product"}],"author":[{"embeddable":true,"href":"https:\/\/fvmachinery.com\/es\/wp-json\/wp\/v2\/users\/1"}],"wp:featuredmedia":[{"embeddable":true,"href":"https:\/\/fvmachinery.com\/es\/wp-json\/wp\/v2\/media\/42"}],"wp:attachment":[{"href":"https:\/\/fvmachinery.com\/es\/wp-json\/wp\/v2\/media?parent=40"}],"wp:term":[{"taxonomy":"post_tag","embeddable":true,"href":"https:\/\/fvmachinery.com\/es\/wp-json\/wp\/v2\/tags?post=40"},{"taxonomy":"product-type","embeddable":true,"href":"https:\/\/fvmachinery.com\/es\/wp-json\/wp\/v2\/product-type?post=40"}],"curies":[{"name":"wp","href":"https:\/\/api.w.org\/{rel}","templated":true}]}}