{"id":400,"date":"2023-08-21T10:41:33","date_gmt":"2023-08-21T02:41:33","guid":{"rendered":"https:\/\/fvmachinery.com\/?post_type=product&#038;p=400"},"modified":"2023-08-24T15:03:47","modified_gmt":"2023-08-24T07:03:47","slug":"potato-slicer-machine","status":"publish","type":"product","link":"https:\/\/fvmachinery.com\/es\/product\/potato-slicer-machine\/","title":{"rendered":"\u00a0M\u00e1quina cortadora de patatas para empresas"},"content":{"rendered":"<p class=\"translation-block\">La cortadora de patatas Taizy ofrece material de corte duradero, alta eficiencia de m\u00e1quina y bajo consumo de energ\u00eda para una amplia gama de industrias de procesamiento de alimentos. Y respaldado por un servicio confiable. Esta cortadora de patatas se utiliza para cortar patatas en tiras, y tambi\u00e9n se puede utilizar para cortar batatas, zanahorias y otras frutas o verduras de ra\u00edz en tiras. La m\u00e1quina est\u00e1 hecha de acero inoxidable 304, es f\u00e1cil de operar y puede ser alimentada por electricidad. Se puede utilizar en la industria de la restauraci\u00f3n y la industria del procesamiento de alimentos. Si tiene otras necesidades de procesamiento de alimentos, nuestra empresa ofrece <a href=\"https:\/\/fvmachinery.com\/es\/product\/crinkle-cut-fries-cutter-machine\/\" data-type=\"link\" data-id=\"https:\/\/fvmachinery.com\/product\/crinkle-cut-fries-cutter-machine\/\">M\u00e1quina cortadora de patatas fritas rizadas<\/a>, <a href=\"https:\/\/fvmachinery.com\/es\/product\/commercial-vegetable-cutting-machine\/\" data-type=\"link\" data-id=\"https:\/\/fvmachinery.com\/product\/commercial-vegetable-cutting-machine\/\">M\u00e1quina cortadora de verduras comercial<\/a>, <a href=\"https:\/\/fvmachinery.com\/es\/product\/vegetable-slicer-machine\/\" data-type=\"link\" data-id=\"https:\/\/fvmachinery.com\/product\/vegetable-slicer-machine\/\">M\u00e1quina rebanadora de verduras<\/a> y <a href=\"https:\/\/fvmachinery.com\/es\/product\/commercial-vegetable-dicing-machine\/\" data-type=\"link\" data-id=\"https:\/\/fvmachinery.com\/product\/commercial-vegetable-dicing-machine\/\">M\u00e1quina cortadora de verduras comercial<\/a>, puede elegir seg\u00fan sus necesidades.<\/p>    <h2 class=\"wp-block-heading\">V\u00eddeo de trabajo de la cortadora de patatas.<\/h2>    <figure class=\"wp-block-embed is-type-video is-provider-youtube wp-block-embed-youtube wp-embed-aspect-16-9 wp-has-aspect-ratio\"><div class=\"wp-block-embed__wrapper\"> <iframe loading=\"lazy\" title=\"M\u00e1quina cortadora de patatas el\u00e9ctrica de 600 kg\/h: \u00a1una forma f\u00e1cil y r\u00e1pida de cortar verduras! #potato #slicer\" width=\"500\" height=\"281\" src=\"https:\/\/www.youtube.com\/embed\/s6jUCCs8B8E?feature=oembed\" frameborder=\"0\" allow=\"accelerometer; autoplay; clipboard-write; encrypted-media; gyroscope; picture-in-picture; web-share\" referrerpolicy=\"strict-origin-when-cross-origin\" allowfullscreen><\/iframe> <\/div><\/figure>    <h2 class=\"wp-block-heading\">Ventajas comerciales de la cortadora de patatas.<\/h2>    <p>Los productos de comida instant\u00e1nea que utilizan patatas como materia prima son uno de los productos m\u00e1s populares en el mercado alimentario. El corte manual es ineficiente, pero para el corte de papas, es muy sencillo hacer tiras de papa del mismo grosor y tama\u00f1o: las tiras de papa cortadas tienen una alta tasa de aprobaci\u00f3n y satisfacen la demanda de procesamiento de los productos de exportaci\u00f3n. Taizy proporciona maquinaria de corte comercial, de precisi\u00f3n y de alta calidad para satisfacer las necesidades de su l\u00ednea de producci\u00f3n.<\/p>    <div class=\"wp-block-media-text is-stacked-on-mobile\" style=\"grid-template-columns:45% auto\"><figure class=\"wp-block-media-text__media\"><img loading=\"lazy\" decoding=\"async\" width=\"488\" height=\"311\" src=\"https:\/\/fvmachinery.com\/wp-content\/uploads\/2023\/08\/Potato-chips-made-by-Potato-Slicer-Machine-1.webp\" alt=\"\" class=\"wp-image-410 size-full\" title=\"\" srcset=\"https:\/\/fvmachinery.com\/wp-content\/uploads\/2023\/08\/Potato-chips-made-by-Potato-Slicer-Machine-1.webp 488w, https:\/\/fvmachinery.com\/wp-content\/uploads\/2023\/08\/Potato-chips-made-by-Potato-Slicer-Machine-1-300x191.webp 300w\" sizes=\"auto, (max-width: 488px) 100vw, 488px\" \/><\/figure><div class=\"wp-block-media-text__content\"> <p>1. Las tiras de papa cortadas tienen un grosor uniforme y se puede seleccionar una variedad de est\u00e1ndares de grosor. Es un equipo esencial para empresas procesadoras de alimentos y empresas de catering.<\/p>    <p>2. Bajo consumo de energ\u00eda, alta eficiencia de corte, se pueden seleccionar diferentes modelos seg\u00fan las diferentes necesidades, lo que realmente ahorra tiempo y esfuerzo.<\/p> <\/div><\/div>    <div class=\"wp-block-media-text has-media-on-the-right is-stacked-on-mobile\" style=\"grid-template-columns:auto 45%\"><div class=\"wp-block-media-text__content\"> <p>3. Amplia aplicaci\u00f3n, se puede utilizar para patatas, batatas, pepinos, zanahorias y otras ra\u00edces o verduras.<\/p>    <p>4. Seg\u00fan los diferentes requisitos de producci\u00f3n, se pueden seleccionar diferentes modelos para reducir el presupuesto de costos.<\/p>    <p>5. Se utiliza acero inoxidable 304 de calidad alimentaria, que est\u00e1 en consonancia con la seguridad de la producci\u00f3n de alimentos.<\/p> <\/div><figure class=\"wp-block-media-text__media\"><img loading=\"lazy\" decoding=\"async\" width=\"500\" height=\"479\" src=\"https:\/\/fvmachinery.com\/wp-content\/uploads\/2023\/08\/French-fries-made-by-Potato-Slicer-Machine.webp\" alt=\"Papas fritas hechas con m\u00e1quina cortadora de papas\" class=\"wp-image-406 size-full\" title=\"\" srcset=\"https:\/\/fvmachinery.com\/wp-content\/uploads\/2023\/08\/French-fries-made-by-Potato-Slicer-Machine.webp 500w, https:\/\/fvmachinery.com\/wp-content\/uploads\/2023\/08\/French-fries-made-by-Potato-Slicer-Machine-300x287.webp 300w\" sizes=\"auto, (max-width: 500px) 100vw, 500px\" \/><\/figure><\/div>    <h2 class=\"wp-block-heading\"><strong>Pasos de trabajo de la m\u00e1quina cortadora de patatas<\/strong><\/h2>   <div id=\"rank-math-howto\" class=\"rank-math-block\" > <div class=\"rank-math-howto-description\">  <\/div>  <div class=\"rank-math-steps\"> <div id=\"howto-step-1692584070732\" class=\"rank-math-step\"> <h3 class=\"rank-math-step-title\">Paso 1 Verificar<\/h3> <div class=\"rank-math-step-content\"><p>Antes de encender la m\u00e1quina, verifique si cada componente tiene alguna anomal\u00eda y confirme la conexi\u00f3n del cable de alimentaci\u00f3n. Verifique si el voltaje cumple con los requisitos de funcionamiento de la m\u00e1quina.<\/p> <\/div> <\/div> <div id=\"howto-step-1692584155864\" class=\"rank-math-step\"> <h3 class=\"rank-math-step-title\">Paso 2 Pelar<\/h3> <div class=\"rank-math-step-content\"><p>Pelar las patatas, encender la m\u00e1quina y meter las patatas.<\/p> <\/div> <\/div> <div id=\"howto-step-1692584178128\" class=\"rank-math-step\"> <h3 class=\"rank-math-step-title\">Paso 3 Operaci\u00f3n<\/h3> <div class=\"rank-math-step-content\"><p>Pon el recipiente debajo de la salida y se caer\u00e1n las patatas cortadas.<\/p> <\/div> <\/div> <\/div> <\/div>","protected":false},"excerpt":{"rendered":"<p>Taizy potato slicer machine offers durable cutting material, high machine efficiency, and low energy consumption for a wide range of food processing industries. And backed by reliable service. This potato slicer is used to cut potatoes into strips, and can also be used to cut sweet potatoes, carrots, and other root fruits or vegetables into [&hellip;]<\/p>\n","protected":false},"author":1,"featured_media":501,"parent":0,"template":"","tags":[],"product-type":[12],"class_list":["post-400","product","type-product","status-publish","has-post-thumbnail","hentry","product-type-cutting-machine"],"_links":{"self":[{"href":"https:\/\/fvmachinery.com\/es\/wp-json\/wp\/v2\/product\/400","targetHints":{"allow":["GET"]}}],"collection":[{"href":"https:\/\/fvmachinery.com\/es\/wp-json\/wp\/v2\/product"}],"about":[{"href":"https:\/\/fvmachinery.com\/es\/wp-json\/wp\/v2\/types\/product"}],"author":[{"embeddable":true,"href":"https:\/\/fvmachinery.com\/es\/wp-json\/wp\/v2\/users\/1"}],"wp:featuredmedia":[{"embeddable":true,"href":"https:\/\/fvmachinery.com\/es\/wp-json\/wp\/v2\/media\/501"}],"wp:attachment":[{"href":"https:\/\/fvmachinery.com\/es\/wp-json\/wp\/v2\/media?parent=400"}],"wp:term":[{"taxonomy":"post_tag","embeddable":true,"href":"https:\/\/fvmachinery.com\/es\/wp-json\/wp\/v2\/tags?post=400"},{"taxonomy":"product-type","embeddable":true,"href":"https:\/\/fvmachinery.com\/es\/wp-json\/wp\/v2\/product-type?post=400"}],"curies":[{"name":"wp","href":"https:\/\/api.w.org\/{rel}","templated":true}]}}