{"id":447,"date":"2023-08-22T14:12:31","date_gmt":"2023-08-22T06:12:31","guid":{"rendered":"https:\/\/fvmachinery.com\/?post_type=product&#038;p=447"},"modified":"2023-08-24T15:06:27","modified_gmt":"2023-08-24T07:06:27","slug":"automatic-onion-peeler","status":"publish","type":"product","link":"https:\/\/fvmachinery.com\/es\/product\/automatic-onion-peeler\/","title":{"rendered":"Pelador autom\u00e1tico de cebollas"},"content":{"rendered":"<p>Taizy ofrece equipos peladores de cebollas autom\u00e1ticos que se pueden personalizar y fabricar de acuerdo con los requisitos reales. El pelado de cebollas es totalmente automatizado e inteligente, lo que ahorra costes de mano de obra y produce de 200 a 1.000 kg de cebollas peladas por hora con una alta productividad. <\/p>    <p>La m\u00e1quina peladora de cebollas tiene bajo consumo de energ\u00eda, f\u00e1cil limpieza, baja tasa de fallas, higiene y ausencia de contaminaci\u00f3n, entre otras ventajas. La m\u00e1quina est\u00e1 hecha de acero inoxidable 304, que cumple con los est\u00e1ndares de higiene de la maquinaria de procesamiento de alimentos. <\/p>    <p>Puede ser ampliamente utilizado en la industria de catering, f\u00e1bricas de snacks, f\u00e1bricas de procesamiento de vegetales, etc. <\/p>   <div class=\"wp-block-image\"> <figure class=\"aligncenter size-full is-resized\"><img loading=\"lazy\" decoding=\"async\" src=\"https:\/\/fvmachinery.com\/wp-content\/uploads\/2023\/08\/63b247a603e27b102fed6926f850dc9.webp\" alt=\"peladora de cebollas\" class=\"wp-image-453\" style=\"width:562px;height:383px\" width=\"562\" height=\"383\" title=\"\"><figcaption class=\"wp-element-caption\">peladora de cebollas<\/figcaption><\/figure> <\/div>   <h2 class=\"wp-block-heading\">Video de trabajo de la m\u00e1quina peladora de cebollas.<\/h2>    <figure class=\"wp-block-embed is-type-video is-provider-youtube wp-block-embed-youtube wp-embed-aspect-16-9 wp-has-aspect-ratio\"><div class=\"wp-block-embed__wrapper\"> <iframe loading=\"lazy\" title=\"Video de m\u00e1quina peladora autom\u00e1tica de cebollas para empresas | \u00a1La clave para aumentar las ganancias!\" width=\"500\" height=\"281\" src=\"https:\/\/www.youtube.com\/embed\/6N5aWesyW7k?feature=oembed\" frameborder=\"0\" allow=\"accelerometer; autoplay; clipboard-write; encrypted-media; gyroscope; picture-in-picture; web-share\" referrerpolicy=\"strict-origin-when-cross-origin\" allowfullscreen><\/iframe> <\/div><\/figure>    <p>La forma tradicional de pelar cebollas es el pelado manual, y los defectos del pelado manual son baja eficiencia de trabajo, alto brillo y alto costo. El punto m\u00e1s cr\u00edtico es que las cebollas son picantes e irritantes, los trabajadores generalmente trabajan de manera ineficiente y toda el \u00e1rea de procesamiento est\u00e1 llena de un sabor picante a cebolla. El pelado manual tambi\u00e9n puede resultar antihigi\u00e9nico. La funci\u00f3n de la m\u00e1quina peladora de cebollas es utilizar el principio neum\u00e1tico avanzado para pelar la piel de la cebolla seca, para lograr el efecto de pelar la superficie de la cebolla suavemente, sin da\u00f1os, sin roturas y en buena forma. Por lo tanto, la m\u00e1quina peladora de cebollas puede sustituir completamente el trabajo manual.<\/p>    <div class=\"wp-block-columns is-layout-flex wp-container-core-columns-is-layout-9d6595d7 wp-block-columns-is-layout-flex\"> <div class=\"wp-block-column is-layout-flow wp-block-column-is-layout-flow\"> <figure class=\"wp-block-image size-full\"><img loading=\"lazy\" decoding=\"async\" width=\"616\" height=\"420\" src=\"https:\/\/fvmachinery.com\/wp-content\/uploads\/2023\/08\/QQ\u56fe\u724720230822110849.png\" alt=\"cebollas peladas\" class=\"wp-image-460\" title=\"\" srcset=\"https:\/\/fvmachinery.com\/wp-content\/uploads\/2023\/08\/QQ\u56fe\u724720230822110849.png 616w, https:\/\/fvmachinery.com\/wp-content\/uploads\/2023\/08\/QQ\u56fe\u724720230822110849-300x205.png 300w\" sizes=\"auto, (max-width: 616px) 100vw, 616px\" \/><figcaption class=\"wp-element-caption\">Cebollas Peladas<\/figcaption><\/figure> <\/div>    <div class=\"wp-block-column is-layout-flow wp-block-column-is-layout-flow\"> <figure class=\"wp-block-image size-full is-resized\"><img loading=\"lazy\" decoding=\"async\" src=\"https:\/\/fvmachinery.com\/wp-content\/uploads\/2023\/08\/63b247a603e27b102fed6926f850dc9.webp\" alt=\"peladora de cebollas\" class=\"wp-image-453\" style=\"width:373px;height:280px\" width=\"373\" height=\"280\" title=\"\" srcset=\"https:\/\/fvmachinery.com\/wp-content\/uploads\/2023\/08\/63b247a603e27b102fed6926f850dc9.webp 720w, https:\/\/fvmachinery.com\/wp-content\/uploads\/2023\/08\/63b247a603e27b102fed6926f850dc9-300x225.webp 300w\" sizes=\"auto, (max-width: 373px) 100vw, 373px\" \/><figcaption class=\"wp-element-caption\">Peladora de cebollas<\/figcaption><\/figure> <\/div> <\/div>    <h2 class=\"wp-block-heading\">\u00bfCu\u00e1les son las razones para elegir la m\u00e1quina Taizy?<\/h2>    <div class=\"wp-block-media-text is-stacked-on-mobile\" style=\"grid-template-columns:38% auto\"><figure class=\"wp-block-media-text__media\"><img loading=\"lazy\" decoding=\"async\" width=\"720\" height=\"540\" src=\"https:\/\/fvmachinery.com\/wp-content\/uploads\/2023\/08\/1bf777bf90598739827302a06cde7df.webp\" alt=\"bot\u00f3n de parada de emergencia\" class=\"wp-image-452 size-full\" title=\"\" srcset=\"https:\/\/fvmachinery.com\/wp-content\/uploads\/2023\/08\/1bf777bf90598739827302a06cde7df.webp 720w, https:\/\/fvmachinery.com\/wp-content\/uploads\/2023\/08\/1bf777bf90598739827302a06cde7df-300x225.webp 300w\" sizes=\"auto, (max-width: 720px) 100vw, 720px\" \/><\/figure><div class=\"wp-block-media-text__content\"> <ul class=\"wp-block-list\"> <li>Sin el efecto de fricci\u00f3n de la cuchilla durante el proceso de pelado, la superficie de la cebolla pelada queda lisa y sin ning\u00fan da\u00f1o. Puede utilizarse directamente para la exportaci\u00f3n o el procesamiento de alimentos.<\/li>    <li>La m\u00e1quina peladora de cebollas est\u00e1 equipada con un bot\u00f3n de parada de emergencia para mayor seguridad.<\/li>    <li>Hecho de acero inoxidable 304 apto para uso alimentario, de acuerdo con la seguridad de la producci\u00f3n de procesamiento de alimentos, resistente, duradero y f\u00e1cil de limpiar.<\/li> <\/ul> <\/div><\/div>    <div class=\"wp-block-media-text has-media-on-the-right is-stacked-on-mobile\" style=\"grid-template-columns:auto 40%\"><div class=\"wp-block-media-text__content\"> <ul class=\"wp-block-list\"> <li>Amplia aplicaci\u00f3n, adecuada para restaurantes, plantas procesadoras, comedores, etc., para aumentar la eficiencia del trabajo, ahorrar mano de obra, ahorrar tiempo y esfuerzo.<\/li>    <li>A continuaci\u00f3n se puede colocar para descargar bolsas de reciclaje de residuos, se pueden reciclar y son f\u00e1ciles de limpiar.<\/li> <\/ul> <\/div><figure class=\"wp-block-media-text__media\"><img loading=\"lazy\" decoding=\"async\" width=\"720\" height=\"540\" src=\"https:\/\/fvmachinery.com\/wp-content\/uploads\/2023\/08\/0f50d136cde7539b07847115d463678.webp\" alt=\"cinta de basura\" class=\"wp-image-451 size-full\" title=\"\" srcset=\"https:\/\/fvmachinery.com\/wp-content\/uploads\/2023\/08\/0f50d136cde7539b07847115d463678.webp 720w, https:\/\/fvmachinery.com\/wp-content\/uploads\/2023\/08\/0f50d136cde7539b07847115d463678-300x225.webp 300w\" sizes=\"auto, (max-width: 720px) 100vw, 720px\" \/><\/figure><\/div>    <div class=\"wp-block-media-text is-stacked-on-mobile\" style=\"grid-template-columns:39% auto\"><figure class=\"wp-block-media-text__media\"><img loading=\"lazy\" decoding=\"async\" width=\"720\" height=\"540\" src=\"https:\/\/fvmachinery.com\/wp-content\/uploads\/2023\/08\/\u88c5\u7bb1\u8fd0\u8f93.webp\" alt=\"Embalaje para transporte\" class=\"wp-image-459 size-full\" title=\"\" srcset=\"https:\/\/fvmachinery.com\/wp-content\/uploads\/2023\/08\/\u88c5\u7bb1\u8fd0\u8f93.webp 720w, https:\/\/fvmachinery.com\/wp-content\/uploads\/2023\/08\/\u88c5\u7bb1\u8fd0\u8f93-300x225.webp 300w\" sizes=\"auto, (max-width: 720px) 100vw, 720px\" \/><\/figure><div class=\"wp-block-media-text__content\"> <ul class=\"wp-block-list\"> <li>Instalaremos cajas de madera durante el transporte, que pueden proteger la m\u00e1quina, evitar el desgaste y facilitar diversos m\u00e9todos de transporte.<\/li> <\/ul> <\/div><\/div>    <p class=\"translation-block\">Si usted est\u00e1 involucrado en la industria de procesamiento de alimentos o en la industria de la restauraci\u00f3n, puede necesitar otros tipos de m\u00e1quinas de procesamiento de alimentos. El equipo relacionado de nuestra empresa incluye actualmente<strong> <a href=\"https:\/\/fvmachinery.com\/es\/product\/carrot-peeling-machine\/\" data-type=\"link\" data-id=\"https:\/\/fvmachinery.com\/product\/carrot-peeling-machine\/\">M\u00e1quina peladora de zanahorias<\/a><\/strong> y<strong> <a href=\"https:\/\/fvmachinery.com\/es\/product\/vendo-peladora-de-ajos\/\" data-type=\"link\" data-id=\"https:\/\/fvmachinery.com\/product\/garlic-peeling-machine-for-sale\/\">M\u00e1quina peladora de ajos en venta<\/a>,<\/strong><a href=\"https:\/\/fvmachinery.com\/es\/product\/maquina-limpiadora-de-frutas-y-verduras\/\" data-type=\"link\" data-id=\"https:\/\/fvmachinery.com\/product\/fruit-and-vegetable-cleaning-machine\/\"><strong> M\u00e1quina limpiadora de frutas y verduras<\/strong><\/a><strong>,<a href=\"https:\/\/fvmachinery.com\/es\/product\/commercial-vegetable-cutting-machine\/\" data-type=\"link\" data-id=\"https:\/\/fvmachinery.com\/product\/commercial-vegetable-cutting-machine\/\"> M\u00e1quina cortadora de verduras comercial<\/a>, <\/strong>y otros equipos. Puede realizar una consulta seg\u00fan sus necesidades.<\/p>    <figure class=\"wp-block-gallery has-nested-images columns-default is-cropped wp-block-gallery-2 is-layout-flex wp-block-gallery-is-layout-flex\"> <figure class=\"wp-block-image size-large\"><img loading=\"lazy\" decoding=\"async\" width=\"720\" height=\"540\" data-id=\"455\" src=\"https:\/\/fvmachinery.com\/wp-content\/uploads\/2023\/08\/\u673a\u5668\u80cc\u9762.webp\" alt=\"Parte posterior del pelador de cebolla\" class=\"wp-image-455\" title=\"\" srcset=\"https:\/\/fvmachinery.com\/wp-content\/uploads\/2023\/08\/\u673a\u5668\u80cc\u9762.webp 720w, https:\/\/fvmachinery.com\/wp-content\/uploads\/2023\/08\/\u673a\u5668\u80cc\u9762-300x225.webp 300w\" sizes=\"auto, (max-width: 720px) 100vw, 720px\" \/><figcaption class=\"wp-element-caption\">Parte posterior del pelador de cebolla<\/figcaption><\/figure>    <figure class=\"wp-block-image size-large\"><img loading=\"lazy\" decoding=\"async\" width=\"720\" height=\"540\" data-id=\"454\" src=\"https:\/\/fvmachinery.com\/wp-content\/uploads\/2023\/08\/879b773ffc1ff15b1baf9c076141cb9-1.webp\" alt=\" Pelador de cebolla\" class=\"wp-image-454\" title=\"\" srcset=\"https:\/\/fvmachinery.com\/wp-content\/uploads\/2023\/08\/879b773ffc1ff15b1baf9c076141cb9-1.webp 720w, https:\/\/fvmachinery.com\/wp-content\/uploads\/2023\/08\/879b773ffc1ff15b1baf9c076141cb9-1-300x225.webp 300w\" sizes=\"auto, (max-width: 720px) 100vw, 720px\" \/><figcaption class=\"wp-element-caption\"> Pelador de cebolla<\/figcaption><\/figure>    <figure class=\"wp-block-image size-full\"><img loading=\"lazy\" decoding=\"async\" width=\"720\" height=\"540\" data-id=\"453\" src=\"https:\/\/fvmachinery.com\/wp-content\/uploads\/2023\/08\/63b247a603e27b102fed6926f850dc9.webp\" alt=\"peladora de cebollas\" class=\"wp-image-453\" title=\"\" srcset=\"https:\/\/fvmachinery.com\/wp-content\/uploads\/2023\/08\/63b247a603e27b102fed6926f850dc9.webp 720w, https:\/\/fvmachinery.com\/wp-content\/uploads\/2023\/08\/63b247a603e27b102fed6926f850dc9-300x225.webp 300w\" sizes=\"auto, (max-width: 720px) 100vw, 720px\" \/><figcaption class=\"wp-element-caption\">Peladora de cebollas<\/figcaption><\/figure> <\/figure>    <h2 class=\"wp-block-heading\">\u00bfC\u00f3mo utilizar la m\u00e1quina peladora de cebollas?<\/h2>    <ol class=\"wp-block-list\"> <li>Antes de encender la m\u00e1quina, compruebe cuidadosamente si hay residuos en la m\u00e1quina y si el voltaje es el adecuado.<\/li>    <li>Encienda la alimentaci\u00f3n y encienda el interruptor, despu\u00e9s de encender la m\u00e1quina, coloque la cebolla por el puerto de alimentaci\u00f3n, la cebolla se pelar\u00e1 a trav\u00e9s de la cinta transportadora de cadena.<\/li>    <li> Despu\u00e9s del trabajo de la m\u00e1quina para pelar la cebolla, la cebolla cae por s\u00ed sola en la caja receptora a trav\u00e9s del transportador de cadena.<\/li>    <li>Durante el proceso de uso, si hay una situaci\u00f3n anormal, debe apagar r\u00e1pidamente el interruptor de encendido, esperar a que se solucione el problema y reiniciar para que funcione normalmente.<\/li> <\/ol>    <h2 class=\"wp-block-heading\">Par\u00e1metros de la m\u00e1quina<\/h2>    <figure class=\"wp-block-table\"><table><tbody><tr><td>Modelo<\/td><td>TZ-OP-1<\/td><td>TZ-OP-2<\/td><td>TZ-OP-3<\/td><td>TZ-OP-4<\/td><\/tr><tr><td>Voltaje<\/td><td>110v\/220v\/380V<\/td><td>110v\/220v\/380V<\/td><td>110v\/220v\/380V<\/td><td>110v\/220v\/380V<\/td><\/tr><tr><td>Fuerza<\/td><td>1100W<\/td><td>1200W<\/td><td>1500W<\/td><td>3000W<\/td><\/tr><tr><td>Tama\u00f1o<\/td><td>130*<em>55*<\/em>140CM<\/td><td>162*<em>55<\/em>*140CM<\/td><td>182*<em>60<\/em>*140CM<\/td><td>280*<em>98*<\/em>170CM<\/td><\/tr><tr><td>Peso<\/td><td>150 kg<\/td><td>250 kg<\/td><td>350 kg<\/td><td>500 kg<\/td><\/tr><tr><td>Capacidad<\/td><td>200kg\/h<\/td><td>400kg\/h<\/td><td>600kg\/hora<\/td><td>1000kg\/hora<\/td><\/tr><\/tbody><\/table><\/figure>    <h2 class=\"wp-block-heading\">Clientes que utilizan el estuche de la m\u00e1quina peladora de cebollas.<\/h2>    <p>Egipto es rico en cebollas y, al ser el cultivo m\u00e1s popular del mundo, existe una gran demanda de exportaciones, y Egipto exporta grandes cantidades de cebollas cada a\u00f1o. Un cliente en Marruecos quer\u00eda un pelado eficiente de d\u00e1tiles. Debido a la dificultad de pelar a mano, el coste es elevado. Quiere obtener m\u00e1s ganancias a trav\u00e9s de menores costos. Ahora vende principalmente cebollas para procesar alimentos y obtiene m\u00e1s beneficios que antes.<\/p>","protected":false},"excerpt":{"rendered":"<p>Taizy offers automatic onion peeler machine equipment that can be customized and manufactured according to actual requirements. The onion peeling is fully automated and intelligent, saving labor costs and producing 200 to 1,000 kg of peeled onions per hour with high productivity. Onion skinning machine has low energy consumption, easy cleaning, low failure rate, hygiene, [&hellip;]<\/p>\n","protected":false},"author":1,"featured_media":503,"parent":0,"template":"","tags":[],"product-type":[13],"class_list":["post-447","product","type-product","status-publish","has-post-thumbnail","hentry","product-type-peeling-machine"],"_links":{"self":[{"href":"https:\/\/fvmachinery.com\/es\/wp-json\/wp\/v2\/product\/447","targetHints":{"allow":["GET"]}}],"collection":[{"href":"https:\/\/fvmachinery.com\/es\/wp-json\/wp\/v2\/product"}],"about":[{"href":"https:\/\/fvmachinery.com\/es\/wp-json\/wp\/v2\/types\/product"}],"author":[{"embeddable":true,"href":"https:\/\/fvmachinery.com\/es\/wp-json\/wp\/v2\/users\/1"}],"wp:featuredmedia":[{"embeddable":true,"href":"https:\/\/fvmachinery.com\/es\/wp-json\/wp\/v2\/media\/503"}],"wp:attachment":[{"href":"https:\/\/fvmachinery.com\/es\/wp-json\/wp\/v2\/media?parent=447"}],"wp:term":[{"taxonomy":"post_tag","embeddable":true,"href":"https:\/\/fvmachinery.com\/es\/wp-json\/wp\/v2\/tags?post=447"},{"taxonomy":"product-type","embeddable":true,"href":"https:\/\/fvmachinery.com\/es\/wp-json\/wp\/v2\/product-type?post=447"}],"curies":[{"name":"wp","href":"https:\/\/api.w.org\/{rel}","templated":true}]}}