{"id":464,"date":"2023-08-22T17:46:47","date_gmt":"2023-08-22T09:46:47","guid":{"rendered":"https:\/\/fvmachinery.com\/?post_type=product&#038;p=464"},"modified":"2023-08-24T15:07:34","modified_gmt":"2023-08-24T07:07:34","slug":"jujube-grader-machine","status":"publish","type":"product","link":"https:\/\/fvmachinery.com\/es\/product\/jujube-grader-machine\/","title":{"rendered":"M\u00e1quina clasificadora de azufaifa"},"content":{"rendered":"<p>La m\u00e1quina clasificadora Jujube puede ayudarlo a resolver el problema de la dificultad de seleccionar frutas manualmente y el alto costo de producci\u00f3n del producto. Puede minimizar los costos laborales y de gesti\u00f3n y generar grandes beneficios. La m\u00e1quina clasificadora de azufaifa, adem\u00e1s de d\u00e1tiles frescos, tambi\u00e9n se puede utilizar para otras frutas similares, como aceitunas, tomates peque\u00f1os, fresas, nueces, lichis y otras frutas, para cribar y clasificar. Podemos personalizar el tipo correcto de m\u00e1quina seg\u00fan sus necesidades.<\/p>    <figure class=\"wp-block-gallery has-nested-images columns-default is-cropped wp-block-gallery-2 is-layout-flex wp-block-gallery-is-layout-flex\"> <figure class=\"wp-block-image size-large\"><img loading=\"lazy\" decoding=\"async\" width=\"720\" height=\"540\" data-id=\"472\" src=\"https:\/\/fvmachinery.com\/wp-content\/uploads\/2023\/08\/\u751f\u6d3b\u7528\u56fe.webp\" alt=\"M\u00e1quina clasificadora de azufaifa\" class=\"wp-image-472\" title=\"\" srcset=\"https:\/\/fvmachinery.com\/wp-content\/uploads\/2023\/08\/\u751f\u6d3b\u7528\u56fe.webp 720w, https:\/\/fvmachinery.com\/wp-content\/uploads\/2023\/08\/\u751f\u6d3b\u7528\u56fe-300x225.webp 300w\" sizes=\"auto, (max-width: 720px) 100vw, 720px\" \/><figcaption class=\"wp-element-caption\">M\u00e1quina clasificadora de azufaifa<\/figcaption><\/figure>    <figure class=\"wp-block-image size-large\"><img loading=\"lazy\" decoding=\"async\" width=\"720\" height=\"540\" data-id=\"473\" src=\"https:\/\/fvmachinery.com\/wp-content\/uploads\/2023\/08\/\u67a3.webp\" alt=\"Azufaifa por m\u00e1quina clasificadora\" class=\"wp-image-473\" title=\"\" srcset=\"https:\/\/fvmachinery.com\/wp-content\/uploads\/2023\/08\/\u67a3.webp 720w, https:\/\/fvmachinery.com\/wp-content\/uploads\/2023\/08\/\u67a3-300x225.webp 300w\" sizes=\"auto, (max-width: 720px) 100vw, 720px\" \/><figcaption class=\"wp-element-caption\">Azufaifa por m\u00e1quina niveladora<\/figcaption><\/figure> <\/figure>    <h2 class=\"wp-block-heading\">Caracter\u00edsticas y ventajas de la m\u00e1quina clasificadora de azufaifa.<\/h2>    <p>La m\u00e1quina clasificadora Jujube tiene un bajo consumo de energ\u00eda y un alto rendimiento de producci\u00f3n. La cinta transportadora est\u00e1 hecha de material de caucho de silicona importado, que es resistente y resistente al desgaste; el espaciado de la cinta transportadora se puede ajustar f\u00e1cilmente para lograr el efecto de usos m\u00faltiples (se pueden seleccionar diferentes frutas y verduras peque\u00f1as).<\/p>    <p>Y la longitud del cuerpo de la m\u00e1quina aumenta a tres metros, se puede dividir en 4-7 grados de frutas y verduras seg\u00fan el tama\u00f1o del di\u00e1metro de las frutas y verduras, lo que tiene una amplia gama de aplicaciones. <\/p>    <p>No es f\u00e1cil que la m\u00e1quina da\u00f1e la piel de la fruta durante el funcionamiento. El efecto de detecci\u00f3n es una tasa uniforme y altamente calificada de productos terminados. La m\u00e1quina se puede personalizar seg\u00fan la situaci\u00f3n espec\u00edfica del cliente.<\/p>   <div class=\"wp-block-image\"> <figure class=\"aligncenter size-large\"><img loading=\"lazy\" decoding=\"async\" width=\"720\" height=\"540\" src=\"https:\/\/fvmachinery.com\/wp-content\/uploads\/2023\/08\/\u5de5\u5382\u56fe.webp\" alt=\"f\u00e1brica de procesamiento de azufaifo\" class=\"wp-image-471\" title=\"\" srcset=\"https:\/\/fvmachinery.com\/wp-content\/uploads\/2023\/08\/\u5de5\u5382\u56fe.webp 720w, https:\/\/fvmachinery.com\/wp-content\/uploads\/2023\/08\/\u5de5\u5382\u56fe-300x225.webp 300w\" sizes=\"auto, (max-width: 720px) 100vw, 720px\" \/><figcaption class=\"wp-element-caption\">f\u00e1brica de procesamiento de azufaifo<\/figcaption><\/figure> <\/div>   <ul class=\"wp-block-list\"> <li>El tama\u00f1o de selecci\u00f3n de fruta de la clasificadora de azufaifa se puede ajustar seg\u00fan sus propios requisitos; hay siete niveles de tama\u00f1o. Seg\u00fan los requisitos de la fruta, se puede ajustar a voluntad para seleccionar el nivel de la fruta. Clasificaci\u00f3n precisa, sin da\u00f1os al material.<\/li>    <li>El panel de control es simple y f\u00e1cil de operar.<\/li>    <li>Hecho de acero inoxidable, el cuerpo de alta dureza no cambia de forma, el equipo es resistente y duradero, seguro e higi\u00e9nico, de acuerdo con los est\u00e1ndares de seguridad del procesamiento de alimentos.<\/li>    <li>La operaci\u00f3n, alimentaci\u00f3n, clasificaci\u00f3n y descarga simples son controles completamente autom\u00e1ticos, sin necesidad de mano de obra, solo para garantizar que la tolva de alimentaci\u00f3n tenga suficientes frutas y verduras.<\/li>    <li>El n\u00famero de calificaciones se puede ajustar arbitrariamente y el tama\u00f1o de las calificaciones se puede ajustar arbitrariamente. Hay siete grados, que se pueden ajustar seg\u00fan la demanda.<\/li> <\/ul>    <h2 class=\"wp-block-heading\">Video de prueba de la m\u00e1quina clasificadora Jujube<\/h2>    <figure class=\"wp-block-embed is-type-video is-provider-youtube wp-block-embed-youtube wp-embed-aspect-16-9 wp-has-aspect-ratio\"><div class=\"wp-block-embed__wrapper\"> <iframe loading=\"lazy\" title=\"M\u00e1quina clasificadora de azufaifa el\u00e9ctrica personalizada para clasificar frutas peque\u00f1as | \u00bfC\u00f3mo calificar las azufaifas como un profesional?\" width=\"500\" height=\"281\" src=\"https:\/\/www.youtube.com\/embed\/5sPUghuEG4U?feature=oembed\" frameborder=\"0\" allow=\"accelerometer; autoplay; clipboard-write; encrypted-media; gyroscope; picture-in-picture; web-share\" referrerpolicy=\"strict-origin-when-cross-origin\" allowfullscreen><\/iframe> <\/div><\/figure>    <h2 class=\"wp-block-heading\">\u00bfCu\u00e1l es el principio de la m\u00e1quina clasificadora Jujube?<\/h2>    <p><br>La m\u00e1quina de jardiner\u00eda Jujube adopta una m\u00e1quina de tubos con rodillos para transportar la fruta. Clasificamos frutas y verduras seg\u00fan su di\u00e1metro. La selecci\u00f3n del fruto se realiza controlando la diferencia entre di\u00e1metro y calibre. Por lo tanto, las frutas y verduras se descargan autom\u00e1ticamente con un di\u00e1metro similar.<\/p>    <figure class=\"wp-block-gallery has-nested-images columns-default is-cropped wp-block-gallery-3 is-layout-flex wp-block-gallery-is-layout-flex\"> <figure class=\"wp-block-image size-large\"><img loading=\"lazy\" decoding=\"async\" width=\"720\" height=\"540\" data-id=\"472\" src=\"https:\/\/fvmachinery.com\/wp-content\/uploads\/2023\/08\/\u751f\u6d3b\u7528\u56fe.webp\" alt=\"M\u00e1quina clasificadora de azufaifa\" class=\"wp-image-472\" title=\"\" srcset=\"https:\/\/fvmachinery.com\/wp-content\/uploads\/2023\/08\/\u751f\u6d3b\u7528\u56fe.webp 720w, https:\/\/fvmachinery.com\/wp-content\/uploads\/2023\/08\/\u751f\u6d3b\u7528\u56fe-300x225.webp 300w\" sizes=\"auto, (max-width: 720px) 100vw, 720px\" \/><figcaption class=\"wp-element-caption\">M\u00e1quina clasificadora de azufaifa<\/figcaption><\/figure>    <figure class=\"wp-block-image size-full\"><img loading=\"lazy\" decoding=\"async\" width=\"720\" height=\"540\" data-id=\"466\" src=\"https:\/\/fvmachinery.com\/wp-content\/uploads\/2023\/08\/Diagrama de instalaci\u00f3n.webp\" alt=\"Instalaci\u00f3n de la m\u00e1quina niveladora\" class=\"wp-image-466\" title=\"\" srcset=\"\" sizes=\"auto, (max-width: 720px) 100vw, 720px\" data-srcset=\"\" \/><figcaption class=\"wp-element-caption\">Instalaci\u00f3n de la m\u00e1quina niveladora<\/figcaption><\/figure>    <figure class=\"wp-block-image size-large\"><img loading=\"lazy\" decoding=\"async\" width=\"720\" height=\"540\" data-id=\"474\" src=\"https:\/\/fvmachinery.com\/wp-content\/uploads\/2023\/08\/\u67a3\u56fe\u7247-1.webp\" alt=\"puerto de alimentaci\u00f3n\" class=\"wp-image-474\" title=\"\" srcset=\"https:\/\/fvmachinery.com\/wp-content\/uploads\/2023\/08\/\u67a3\u56fe\u7247-1.webp 720w, https:\/\/fvmachinery.com\/wp-content\/uploads\/2023\/08\/\u67a3\u56fe\u7247-1-300x225.webp 300w\" sizes=\"auto, (max-width: 720px) 100vw, 720px\" \/><figcaption class=\"wp-element-caption\">Puerto de alimentaci\u00f3n<\/figcaption><\/figure> <\/figure>    <h2 class=\"wp-block-heading\">Equipos relacionados de la m\u00e1quina clasificadora de azufaifo <\/h2>    <h3 class=\"wp-block-heading\"><strong>Transportador<\/strong><\/h3>    <figure class=\"wp-block-table\"><table><tbody><tr><td><strong>Ancho<\/strong><\/td><td><strong>600 mm<\/strong><\/td><\/tr><tr><td><strong>Peso<\/strong><\/td><td><strong>160kg<\/strong><\/td><\/tr><tr><td><strong>Fuerza<\/strong><\/td><td><strong>0,75 kw<\/strong><\/td><\/tr><tr><td><strong>Material<\/strong><\/td><td><strong>acero inoxidable 304<\/strong><\/td><\/tr><\/tbody><\/table><figcaption class=\"wp-element-caption\"><strong>Transportador<\/strong> informaci\u00f3n<\/figcaption><\/figure>    <h3 class=\"wp-block-heading\"><strong>m\u00e1quina clasificadora<\/strong><\/h3>    <figure class=\"wp-block-table\"><table><tbody><tr><td><strong>Tama\u00f1o<\/strong><\/td><td><strong>3000*600*900mm<\/strong><\/td><\/tr><tr><td><strong>Peso<\/strong><\/td><td><strong>300 kilos<\/strong><\/td><\/tr><tr><td><strong>Capacidad<\/strong><\/td><td><strong>5000kg\/hora<\/strong><\/td><\/tr><tr><td><strong>Fuerza<\/strong><\/td><td><strong>1,3 kw<\/strong><\/td><\/tr><tr><td><strong>Material<\/strong><\/td><td><strong>acero inoxidable 304<\/strong><\/td><\/tr><tr><td><strong>Nivel de calificaciones<\/strong><\/td><td><strong>7 niveles<\/strong><\/td><\/tr><\/tbody><\/table><figcaption class=\"wp-element-caption\"><strong>m\u00e1quina clasificadora<\/strong><\/figcaption><\/figure>    <h3 class=\"wp-block-heading\"><strong>Cinta transportadora <\/strong><\/h3>    <figure class=\"wp-block-table\"><table><tbody><tr><td><strong>Tama\u00f1o<\/strong><\/td><td><strong>2000*400*1000mm<\/strong><\/td><\/tr><tr><td><strong>Fuerza<\/strong><\/td><td><strong>0,75 kw<\/strong><\/td><\/tr><tr><td><strong>Material<\/strong><\/td><td><strong>acero inoxidable 304<\/strong><\/td><\/tr><\/tbody><\/table><figcaption class=\"wp-element-caption\"><strong>Cinta transportadora <\/strong><\/figcaption><\/figure>    <p class=\"translation-block\">Si est\u00e1 involucrado en la industria de procesamiento de alimentos o en la industria de catering, es posible que necesite otros tipos de m\u00e1quinas de procesamiento de alimentos. El equipo relacionado con el procesamiento de alimentos de nuestra empresa actualmente incluye <a href=\"https:\/\/fvmachinery.com\/es\/product\/fruit-sorting-and-grading-machine\/\" data-type=\"link\" data-id=\"https:\/\/fvmachinery.com\/product\/fruit-sorting-and-grading-machine\/\">M\u00e1quina autom\u00e1tica de clasificaci\u00f3n y grading de frutas<\/a>, <a href=\"https:\/\/fvmachinery.com\/es\/product\/maquina-limpiadora-de-frutas-y-verduras\/\" data-type=\"link\" data-id=\"https:\/\/fvmachinery.com\/product\/fruit-and-vegetable-cleaning-machine\/\">M\u00e1quina de limpieza de frutas y verduras<\/a> y as\u00ed sucesivamente. Taizy proporciona una l\u00ednea completa de procesamiento de alimentos, si est\u00e1 interesado, no dude en consultarnos.<\/p>","protected":false},"excerpt":{"rendered":"<p>Jujube grader machine can help you solve the problem of the difficulty of manually selecting fruits and the high production cost of the product. It can minimize labor costs, and management costs and create high profits. Jujube grading machine in addition to fresh dates, can also be used for other similar fruits such as olives, [&hellip;]<\/p>\n","protected":false},"author":1,"featured_media":504,"parent":0,"template":"","tags":[],"product-type":[14],"class_list":["post-464","product","type-product","status-publish","has-post-thumbnail","hentry","product-type-grading-machine"],"_links":{"self":[{"href":"https:\/\/fvmachinery.com\/es\/wp-json\/wp\/v2\/product\/464","targetHints":{"allow":["GET"]}}],"collection":[{"href":"https:\/\/fvmachinery.com\/es\/wp-json\/wp\/v2\/product"}],"about":[{"href":"https:\/\/fvmachinery.com\/es\/wp-json\/wp\/v2\/types\/product"}],"author":[{"embeddable":true,"href":"https:\/\/fvmachinery.com\/es\/wp-json\/wp\/v2\/users\/1"}],"wp:featuredmedia":[{"embeddable":true,"href":"https:\/\/fvmachinery.com\/es\/wp-json\/wp\/v2\/media\/504"}],"wp:attachment":[{"href":"https:\/\/fvmachinery.com\/es\/wp-json\/wp\/v2\/media?parent=464"}],"wp:term":[{"taxonomy":"post_tag","embeddable":true,"href":"https:\/\/fvmachinery.com\/es\/wp-json\/wp\/v2\/tags?post=464"},{"taxonomy":"product-type","embeddable":true,"href":"https:\/\/fvmachinery.com\/es\/wp-json\/wp\/v2\/product-type?post=464"}],"curies":[{"name":"wp","href":"https:\/\/api.w.org\/{rel}","templated":true}]}}