{"id":48,"date":"2022-08-24T07:59:59","date_gmt":"2022-08-23T23:59:59","guid":{"rendered":"https:\/\/fvmachinery.com\/?post_type=product&#038;p=48"},"modified":"2025-10-28T15:21:25","modified_gmt":"2025-10-28T07:21:25","slug":"ginger-powder-processing-plant","status":"publish","type":"product","link":"https:\/\/fvmachinery.com\/es\/product\/ginger-powder-processing-plant\/","title":{"rendered":"Planta de procesamiento de jengibre en polvo | M\u00e1quina para fabricar jengibre en polvo"},"content":{"rendered":"<p>La planta de procesamiento de jengibre en polvo utiliza jengibre como materia prima y, mediante t\u00e9cnicas de procesamiento como limpieza, pelado, rebanado y molienda, el producto final de la l\u00ednea de producci\u00f3n de jengibre es jengibre en polvo sazonado que se puede vender directamente en el mercado. Taizy Machinery proporciona un juego completo de m\u00e1quina procesadora de jengibre en polvo. Esta l\u00ednea de producci\u00f3n no solo puede producir jengibre en polvo, sino tambi\u00e9n ajo en polvo, c\u00farcuma en polvo, cebolla en polvo y otros condimentos, que pueden satisfacer las necesidades culinarias de diferentes familias, restaurantes y plantas de procesamiento de alimentos. Cons\u00faltanos y cu\u00e9ntanos qu\u00e9 necesitas.<\/p>      <h2 class=\"wp-block-heading\" id=\"h-raw-material-and-final-product-of-ginger-processing-plant\">Materia prima y producto final de la planta procesadora de jengibre en polvo. <\/h2>   <div class=\"wp-block-image\"> <figure class=\"aligncenter size-full\"><img loading=\"lazy\" decoding=\"async\" width=\"720\" height=\"540\" src=\"https:\/\/fvmachinery.com\/wp-content\/uploads\/2022\/08\/raw-materials-1.webp\" alt=\"materias primas \" class=\"wp-image-126\" title=\"\" srcset=\"https:\/\/fvmachinery.com\/wp-content\/uploads\/2022\/08\/raw-materials-1.webp 720w, https:\/\/fvmachinery.com\/wp-content\/uploads\/2022\/08\/raw-materials-1-300x225.webp 300w\" sizes=\"auto, (max-width: 720px) 100vw, 720px\" \/><figcaption>Productos finales de la planta procesadora de jengibre en polvo. <\/figcaption><\/figure> <\/div>   <p>La m\u00e1quina para fabricar jengibre y ajo en polvo es una m\u00e1quina importante para las f\u00e1bricas de condimentos y de procesamiento de alimentos; la planta procesadora de jengibre en polvo puede procesar muchas materias primas, como jengibre, ajo, c\u00farcuma y cebolla. La l\u00ednea de jengibre en polvo Taizy es popular en los mercados internacionales y ha trabajado con pa\u00edses como Estados Unidos, Tailandia, Jamaica, Camboya, Bangladesh, Nigeria e Indonesia.<\/p>    <h2 class=\"wp-block-heading\" id=\"h-how-to-make-ginger-powder-with-ginger-powder-machine\">\u00bfC\u00f3mo hacer jengibre en polvo con m\u00e1quina de jengibre en polvo?<\/h2>    <p>El proceso de la planta procesadora de jengibre en polvo es relativamente sencillo. Primero, es necesario lavar y pelar el jengibre, luego el jengibre limpio se cortar\u00e1 en rodajas. Las rodajas de jengibre se secan y se muelen hasta convertirlas en polvo. El polvo debe tamizarse seg\u00fan la demanda de los clientes. El \u00faltimo paso es envasar jengibre en polvo en bolsas. Cada paso corresponde a una m\u00e1quina altamente automatizada, si lo necesita no dude en contactarnos.<\/p>   <div class=\"wp-block-image\"> <figure class=\"aligncenter size-full\"><img loading=\"lazy\" decoding=\"async\" width=\"720\" height=\"540\" src=\"https:\/\/fvmachinery.com\/wp-content\/uploads\/2022\/08\/ginger-powder-processing-plant1.webp\" alt=\"\" class=\"wp-image-134\" title=\"\" srcset=\"https:\/\/fvmachinery.com\/wp-content\/uploads\/2022\/08\/ginger-powder-processing-plant1.webp 720w, https:\/\/fvmachinery.com\/wp-content\/uploads\/2022\/08\/ginger-powder-processing-plant1-300x225.webp 300w\" sizes=\"auto, (max-width: 720px) 100vw, 720px\" \/><figcaption>planta procesadora de jengibre en polvo <\/figcaption><\/figure> <\/div>   <h2 class=\"wp-block-heading\">V\u00eddeo en 3D de la m\u00e1quina para fabricar jengibre en polvo<\/h2>    <figure class=\"wp-block-embed is-type-video is-provider-youtube wp-block-embed-youtube wp-embed-aspect-16-9 wp-has-aspect-ratio\"><div class=\"wp-block-embed__wrapper\"> <iframe loading=\"lazy\" title=\"M\u00e1quina para hacer jengibre en polvo | V\u00eddeo 3D de la planta procesadora de jengibre en polvo\" width=\"500\" height=\"281\" src=\"https:\/\/www.youtube.com\/embed\/qiwlvQpzPV0?start=13&#038;feature=oembed\" frameborder=\"0\" allow=\"accelerometer; autoplay; clipboard-write; encrypted-media; gyroscope; picture-in-picture; web-share\" referrerpolicy=\"strict-origin-when-cross-origin\" allowfullscreen><\/iframe> <\/div><\/figure>    <h2 class=\"wp-block-heading\" id=\"h-ginger-powder-processing-machine-introduction\">Introducci\u00f3n a la planta de procesamiento de jengibre en polvo<\/h2>    <h3 class=\"wp-block-heading\" id=\"h-ginger-washing-and-peeling-machine\">Lavadora y peladora de jengibre<\/h3>   <div class=\"wp-block-image\"> <figure class=\"aligncenter size-full\"><img loading=\"lazy\" decoding=\"async\" width=\"720\" height=\"540\" src=\"https:\/\/fvmachinery.com\/wp-content\/uploads\/2022\/08\/washing-and-peeling-machine1.webp\" alt=\"planta procesadora de jengibre en polvo\" class=\"wp-image-127\" title=\"\" srcset=\"https:\/\/fvmachinery.com\/wp-content\/uploads\/2022\/08\/washing-and-peeling-machine1.webp 720w, https:\/\/fvmachinery.com\/wp-content\/uploads\/2022\/08\/washing-and-peeling-machine1-300x225.webp 300w\" sizes=\"auto, (max-width: 720px) 100vw, 720px\" \/><figcaption>lavadora y peladora<\/figcaption><\/figure> <\/div>   <p class=\"translation-block\">La <a href=\"https:\/\/fvmachinery.com\/es\/product\/potato-washing-and-peeling-machine\/\">m\u00e1quina comercial de limpieza y pelado de jengibre <\/a>puede realizar la limpieza del jengibre mientras lo pela. La m\u00e1quina logra la funci\u00f3n de pelado principalmente a trav\u00e9s de la fricci\u00f3n entre los cepillos duros y el jengibre. Al mismo tiempo, la m\u00e1quina establece una boquilla de alta presi\u00f3n para rociar agua sobre el jengibre para lavar los sedimentos y la piel del jengibre. La m\u00e1quina comercial de limpieza y pelado de jengibre est\u00e1 hecha completamente de acero inoxidable de grado alimenticio para garantizar que no haya contaminaci\u00f3n de las materias primas durante la planta de procesamiento de polvo de jengibre.<\/p>    <h3 class=\"wp-block-heading\" id=\"h-ginger-cutting-machine\">M\u00e1quina cortadora de jengibre<\/h3>   <div class=\"wp-block-image\"> <figure class=\"aligncenter size-full\"><img loading=\"lazy\" decoding=\"async\" width=\"720\" height=\"540\" src=\"https:\/\/fvmachinery.com\/wp-content\/uploads\/2022\/08\/ginger-cutting-machine1.webp\" alt=\"maquina cortadora de jengibre\" class=\"wp-image-128\" title=\"\" srcset=\"https:\/\/fvmachinery.com\/wp-content\/uploads\/2022\/08\/ginger-cutting-machine1.webp 720w, https:\/\/fvmachinery.com\/wp-content\/uploads\/2022\/08\/ginger-cutting-machine1-300x225.webp 300w\" sizes=\"auto, (max-width: 720px) 100vw, 720px\" \/><figcaption>M\u00e1quina cortadora de jengibre de la planta procesadora de jengibre en polvo. <\/figcaption><\/figure> <\/div>   <p>El cortador de jengibre puede cortar el jengibre en rodajas del mismo tama\u00f1o. Cambiando el cabezal del cuchillo, podr\u00e1s cortar el jengibre en diferentes tama\u00f1os y tambi\u00e9n triturarlo y cortarlo en dados. Nuestro cortador de jengibre profesional est\u00e1 equipado con cuchillas afiladas para una velocidad de corte r\u00e1pida.<\/p>    <h3 class=\"wp-block-heading\" id=\"h-ginger-slice-drying-machine\">Secadora de rodajas de jengibre<\/h3>   <div class=\"wp-block-image\"> <figure class=\"aligncenter size-full\"><img loading=\"lazy\" decoding=\"async\" width=\"720\" height=\"540\" src=\"https:\/\/fvmachinery.com\/wp-content\/uploads\/2022\/08\/dryer-machine1.webp\" alt=\"secadora\" class=\"wp-image-131\" title=\"\" srcset=\"https:\/\/fvmachinery.com\/wp-content\/uploads\/2022\/08\/dryer-machine1.webp 720w, https:\/\/fvmachinery.com\/wp-content\/uploads\/2022\/08\/dryer-machine1-300x225.webp 300w\" sizes=\"auto, (max-width: 720px) 100vw, 720px\" \/><figcaption>M\u00e1quina secadora de planta de procesamiento de polvo de jengibre.<\/figcaption><\/figure> <\/div>   <p>La secadora de jengibre se utiliza para deshidratar las rodajas de jengibre. El secador de jengibre no solo es adecuado para la l\u00ednea de producci\u00f3n de jengibre en polvo, sino que tambi\u00e9n puede secar medicina tradicional china, frutas, verduras, productos acu\u00e1ticos, etc. Utiliza un panel de control inteligente para controlar todo el proceso de secado y ajustar la temperatura de forma inteligente. El m\u00e9todo de calentamiento de la secadora se puede utilizar de varias formas, como electricidad y vapor.<\/p>    <h3 class=\"wp-block-heading\" id=\"h-ginger-powder-grinding-machine\">M\u00e1quina trituradora de jengibre en polvo<\/h3>   <div class=\"wp-block-image\"> <figure class=\"aligncenter size-full\"><img loading=\"lazy\" decoding=\"async\" width=\"720\" height=\"540\" src=\"https:\/\/fvmachinery.com\/wp-content\/uploads\/2022\/08\/ginger-grinding-machine1.webp\" alt=\"maquina para moler jengibre\" class=\"wp-image-132\" title=\"\" srcset=\"https:\/\/fvmachinery.com\/wp-content\/uploads\/2022\/08\/ginger-grinding-machine1.webp 720w, https:\/\/fvmachinery.com\/wp-content\/uploads\/2022\/08\/ginger-grinding-machine1-300x225.webp 300w\" sizes=\"auto, (max-width: 720px) 100vw, 720px\" \/><figcaption>trituradora de jengibre de la planta procesadora de jengibre en polvo <\/figcaption><\/figure> <\/div>   <p>Esta m\u00e1quina para fabricar polvo de ajo y jengibre triturar\u00e1 las rodajas de jengibre seco hasta obtener un polvo de malla 20~120 y la finura se puede seleccionar seg\u00fan los requisitos del cliente. El molinillo de jengibre se usa ampliamente para triturar diversas verduras, cereales y hierbas. Con alto rendimiento y bajo nivel de ruido, el molinillo es un equipo necesario para la planta de procesamiento de jengibre en polvo.<\/p>    <h3 class=\"wp-block-heading\" id=\"h-ginger-powder-screening-machine\">M\u00e1quina de cribado de jengibre en polvo<\/h3>    <p>La m\u00e1quina cribadora de jengibre se utiliza para tamizar jengibre en polvo durante la planta de procesamiento de jengibre en polvo. Se pueden personalizar diferentes finuras y grados de cribado seg\u00fan los requisitos de cribado. Despu\u00e9s del tamizado, el jengibre en polvo tiene un tama\u00f1o m\u00e1s uniforme y el producto final es de mayor calidad. La m\u00e1quina est\u00e1 equipada con una tira de sellado interna, que tiene un buen rendimiento de sellado y evita que el polvo se escape.<\/p>    <h3 class=\"wp-block-heading\" id=\"h-ginger-powder-packaging-machine\">M\u00e1quina envasadora de jengibre en polvo<\/h3>   <div class=\"wp-block-image\"> <figure class=\"aligncenter size-full\"><img loading=\"lazy\" decoding=\"async\" width=\"720\" height=\"540\" src=\"https:\/\/fvmachinery.com\/wp-content\/uploads\/2022\/08\/packing-machine1.webp\" alt=\"m\u00e1quina de embalaje\" class=\"wp-image-133\" title=\"\" srcset=\"https:\/\/fvmachinery.com\/wp-content\/uploads\/2022\/08\/packing-machine1.webp 720w, https:\/\/fvmachinery.com\/wp-content\/uploads\/2022\/08\/packing-machine1-300x225.webp 300w\" sizes=\"auto, (max-width: 720px) 100vw, 720px\" \/><figcaption>m\u00e1quina de embalaje<\/figcaption><\/figure> <\/div>   <p>La m\u00e1quina empacadora de jengibre en polvo puede envasar todo tipo de polvos como jengibre en polvo, ajo en polvo, almid\u00f3n, az\u00facar, sal, etc. Esta m\u00e1quina empacadora de jengibre en polvo autom\u00e1tica puede realizar mediciones, llenados, sellados, cortes, etc. autom\u00e1ticos. La m\u00e1quina est\u00e1 controlada por un panel de control inteligente y tiene una alta eficiencia de producci\u00f3n, lo que la convierte en una importante m\u00e1quina de envasado de alimentos en la planta de procesamiento de jengibre en polvo.<\/p>    <h2 class=\"wp-block-heading\" id=\"h-why-is-it-worth-of-investing-taizy-ginger-powder-making-machine\">\u00bfPor qu\u00e9 vale la pena invertir en la m\u00e1quina para fabricar polvo de jengibre Taizy?<\/h2>    <ol class=\"wp-block-list\"><li>M\u00e1s de 10 a\u00f1os de experiencia en producci\u00f3n. Taizy Machinery se especializa en la producci\u00f3n de maquinaria para procesamiento de alimentos durante m\u00e1s de diez a\u00f1os, la maquinaria alimentaria se ha exportado a m\u00e1s de 30 pa\u00edses y regiones, fabricaci\u00f3n de m\u00e1quinas y experiencia en comercio exterior, alto grado de especializaci\u00f3n.<\/li><li>Soporte de servicio personalizado. La capacidad de producci\u00f3n de la planta procesadora de jengibre en polvo convencional es de 500 kg a 1000 kg. Tambi\u00e9n podemos proporcionar m\u00e1quinas de 2000 kg y 3000 kg.<\/li><\/ol>","protected":false},"excerpt":{"rendered":"<p>The ginger\u00a0powder processing plant uses ginger as the raw material, and through processing techniques such as cleaning, peeling, slicing and grinding, the final product of the ginger production line is seasoned ginger powder that can be directly sold in the market. Taizy Machinery provides a complete set of a ginger powder processing machine. This production [&hellip;]<\/p>\n","protected":false},"author":1,"featured_media":50,"parent":0,"template":"","tags":[43,24],"product-type":[5],"class_list":["post-48","product","type-product","status-publish","has-post-thumbnail","hentry","tag-ginger","tag-ginger-powder-making-machine","product-type-production-line"],"_links":{"self":[{"href":"https:\/\/fvmachinery.com\/es\/wp-json\/wp\/v2\/product\/48","targetHints":{"allow":["GET"]}}],"collection":[{"href":"https:\/\/fvmachinery.com\/es\/wp-json\/wp\/v2\/product"}],"about":[{"href":"https:\/\/fvmachinery.com\/es\/wp-json\/wp\/v2\/types\/product"}],"author":[{"embeddable":true,"href":"https:\/\/fvmachinery.com\/es\/wp-json\/wp\/v2\/users\/1"}],"wp:featuredmedia":[{"embeddable":true,"href":"https:\/\/fvmachinery.com\/es\/wp-json\/wp\/v2\/media\/50"}],"wp:attachment":[{"href":"https:\/\/fvmachinery.com\/es\/wp-json\/wp\/v2\/media?parent=48"}],"wp:term":[{"taxonomy":"post_tag","embeddable":true,"href":"https:\/\/fvmachinery.com\/es\/wp-json\/wp\/v2\/tags?post=48"},{"taxonomy":"product-type","embeddable":true,"href":"https:\/\/fvmachinery.com\/es\/wp-json\/wp\/v2\/product-type?post=48"}],"curies":[{"name":"wp","href":"https:\/\/api.w.org\/{rel}","templated":true}]}}