{"id":55,"date":"2022-08-24T08:57:39","date_gmt":"2022-08-24T00:57:39","guid":{"rendered":"https:\/\/fvmachinery.com\/?post_type=product&#038;p=55"},"modified":"2022-10-21T11:06:01","modified_gmt":"2022-10-21T03:06:01","slug":"fruit-and-vegetable-grading-line","status":"publish","type":"product","link":"https:\/\/fvmachinery.com\/es\/product\/linea-de-clasificacion-de-frutas-y-verduras\/","title":{"rendered":"L\u00ednea de clasificaci\u00f3n de frutas y verduras | Planta de lavado, secado y clasificaci\u00f3n"},"content":{"rendered":"<p>La l\u00ednea de clasificaci\u00f3n de frutas y verduras consiste en lavar las verduras y frutas recolectadas, secarlas y luego clasificarlas y empaquetarlas seg\u00fan tama\u00f1o o peso. Este m\u00e9todo de procesamiento de alimentos aumenta enormemente el valor agregado de los productos hortofrut\u00edcolas y es m\u00e1s popular en el mercado. Ahora nuestra planta de lavado y clasificaci\u00f3n de vegetales ha enviado productos a Turqu\u00eda, Australia, Canad\u00e1 y muchos otros pa\u00edses.<\/p>   <div class=\"wp-block-image\"> <figure class=\"aligncenter size-full\"><img loading=\"lazy\" decoding=\"async\" width=\"720\" height=\"540\" src=\"https:\/\/fvmachinery.com\/wp-content\/uploads\/2022\/08\/complete-vegetable-washing-drying-grading-line-supplier-1.webp\" alt=\"l\u00ednea-completa-de-clasificaci\u00f3n-lavado-secado-de-vegetales\" class=\"wp-image-222\" title=\"\" srcset=\"https:\/\/fvmachinery.com\/wp-content\/uploads\/2022\/08\/complete-vegetable-washing-drying-grading-line-supplier-1.webp 720w, https:\/\/fvmachinery.com\/wp-content\/uploads\/2022\/08\/complete-vegetable-washing-drying-grading-line-supplier-1-300x225.webp 300w\" sizes=\"auto, (max-width: 720px) 100vw, 720px\" \/><figcaption>L\u00ednea completa de clasificaci\u00f3n de frutas y verduras.<\/figcaption><\/figure> <\/div>   <h2 class=\"wp-block-heading\" id=\"h-what-is-the-processing-of-vegetable-and-fruit-processing-plant\">\u00bfQu\u00e9 es el procesamiento de la l\u00ednea de clasificaci\u00f3n de frutas y verduras?<\/h2>   <div class=\"wp-block-image\"> <figure class=\"aligncenter size-full\"><img loading=\"lazy\" decoding=\"async\" width=\"720\" height=\"540\" src=\"https:\/\/fvmachinery.com\/wp-content\/uploads\/2022\/08\/Structure-diagram-of-vegetable-washing-drying-grading-line.webp\" alt=\"Diagrama-de-estructura-de-la-linea-de-clasificacion-lavado-secado-de-verduras\" class=\"wp-image-223\" title=\"\" srcset=\"https:\/\/fvmachinery.com\/wp-content\/uploads\/2022\/08\/Structure-diagram-of-vegetable-washing-drying-grading-line.webp 720w, https:\/\/fvmachinery.com\/wp-content\/uploads\/2022\/08\/Structure-diagram-of-vegetable-washing-drying-grading-line-300x225.webp 300w\" sizes=\"auto, (max-width: 720px) 100vw, 720px\" \/><figcaption>Visualizaci\u00f3n 3D de la l\u00ednea de clasificaci\u00f3n, secado y lavado de verduras.<\/figcaption><\/figure> <\/div>   <h3 class=\"wp-block-heading\">Transportar las materias primas.<\/h3>    <p>Primero, necesitamos agregar verduras o frutas al elevador autom\u00e1tico. El uso del dispositivo transportador puede ahorrar enormemente en costos de mano de obra y aumentar la eficiencia. La velocidad de funcionamiento del elevador se puede ajustar seg\u00fan la velocidad de carga.<\/p>    <h3 class=\"wp-block-heading\">Lavar frutas y verduras<\/h3>    <p class=\"translation-block\">Una <a href=\"https:\/\/fvmachinery.com\/es\/product\/maquina-limpiadora-de-frutas-y-verduras\/\">m\u00e1quina de lavado de verduras<\/a> es importante en la l\u00ednea de clasificaci\u00f3n de frutas y verduras, limpiar\u00e1 las materias primas con muchas burbujas. Tambi\u00e9n hay un dispositivo de surf al final del equipo de lavado, que voltea continuamente las verduras hacia adelante. Todo el proceso de lavado no causar\u00e1 ning\u00fan da\u00f1o a la materia prima.<\/p>   <div class=\"wp-block-image\"> <figure class=\"aligncenter size-full\"><img loading=\"lazy\" decoding=\"async\" width=\"750\" height=\"750\" src=\"https:\/\/fvmachinery.com\/wp-content\/uploads\/2022\/08\/2-bubble-washing-1.webp\" alt=\"\" class=\"wp-image-29\" title=\"\" srcset=\"https:\/\/fvmachinery.com\/wp-content\/uploads\/2022\/08\/2-bubble-washing-1.webp 750w, https:\/\/fvmachinery.com\/wp-content\/uploads\/2022\/08\/2-bubble-washing-1-300x300.webp 300w, https:\/\/fvmachinery.com\/wp-content\/uploads\/2022\/08\/2-bubble-washing-1-150x150.webp 150w\" sizes=\"auto, (max-width: 750px) 100vw, 750px\" \/><figcaption>lavadora de burbujas<\/figcaption><\/figure> <\/div>   <h3 class=\"wp-block-heading\">Quitar la suciedad<\/h3>    <p>Despu\u00e9s de la primera limpieza, quedar\u00e1n algunas manchas dif\u00edciles de quitar adheridas a las materias primas, por lo que, para limpiar a fondo los materiales, es necesario un segundo cepillado de fricci\u00f3n con una lavadora con rulos.<\/p>    <figure class=\"wp-block-image size-full\"><img loading=\"lazy\" decoding=\"async\" width=\"720\" height=\"540\" src=\"https:\/\/fvmachinery.com\/wp-content\/uploads\/2022\/08\/removing-impurities.webp\" alt=\"eliminando impurezas\" class=\"wp-image-36\" title=\"\" srcset=\"https:\/\/fvmachinery.com\/wp-content\/uploads\/2022\/08\/removing-impurities.webp 720w, https:\/\/fvmachinery.com\/wp-content\/uploads\/2022\/08\/removing-impurities-300x225.webp 300w\" sizes=\"auto, (max-width: 720px) 100vw, 720px\" \/><figcaption>M\u00e1quina para eliminar impurezas<\/figcaption><\/figure>    <h3 class=\"wp-block-heading\">Materiales de secado<\/h3>    <p>Para evitar el deterioro o la descomposici\u00f3n del material, es necesario un paso de secado. El secador de frutas y verduras tiene m\u00faltiples grupos de potentes ventiladores para eliminar la humedad de los materiales mediante una r\u00e1pida circulaci\u00f3n del aire, y el proceso de secado al aire no da\u00f1ar\u00e1 los materiales. Las frutas y verduras secas se pueden envasar o clasificar en la l\u00ednea de clasificaci\u00f3n de frutas y verduras.<\/p>   <div class=\"wp-block-image\"> <figure class=\"aligncenter size-full\"><img loading=\"lazy\" decoding=\"async\" width=\"720\" height=\"540\" src=\"https:\/\/fvmachinery.com\/wp-content\/uploads\/2022\/08\/vegetable-drying-machine.webp\" alt=\"secadora de vegetales\" class=\"wp-image-38\" title=\"\" srcset=\"https:\/\/fvmachinery.com\/wp-content\/uploads\/2022\/08\/vegetable-drying-machine.webp 720w, https:\/\/fvmachinery.com\/wp-content\/uploads\/2022\/08\/vegetable-drying-machine-300x225.webp 300w\" sizes=\"auto, (max-width: 720px) 100vw, 720px\" \/><figcaption>secadora de vegetales<\/figcaption><\/figure> <\/div>   <h3 class=\"wp-block-heading\">Materiales de calificaci\u00f3n<\/h3>    <p>La clasificadora de frutas y verduras puede clasificar frutas y verduras limpias seg\u00fan diferentes tama\u00f1os de clasificaci\u00f3n, como el peso y el tama\u00f1o de diferentes materiales. Despu\u00e9s de clasificar, los clientes pueden clasificar y marcar diferentes tama\u00f1os de frutas y verduras para la venta. El nivel de clasificaci\u00f3n de la m\u00e1quina clasificadora se puede personalizar seg\u00fan las necesidades del cliente.<\/p>    <h3 class=\"wp-block-heading\">Materiales de embalaje<\/h3>    <p>Ofrecemos m\u00e1quinas empacadoras de frutas y verduras donde los clientes pueden envasar frutas y verduras clasificadas en la l\u00ednea de clasificaci\u00f3n de frutas y verduras. Las frutas y verduras se pueden envasar de varias formas, como en bolsas, en cajas y al vac\u00edo. Las frutas y verduras envasadas se pueden enviar directamente a los supermercados para su venta.<\/p>    <h2 class=\"wp-block-heading\" id=\"h-videos-of-vegetable-and-fruit-grading-line\">V\u00eddeos de l\u00ednea de clasificaci\u00f3n de frutas y verduras.<\/h2>    <figure class=\"wp-block-embed is-type-video is-provider-youtube wp-block-embed-youtube wp-embed-aspect-16-9 wp-has-aspect-ratio\"><div class=\"wp-block-embed__wrapper\"> <iframe loading=\"lazy\" title=\"M\u00e1quina clasificadora autom\u00e1tica de frutas y verduras | Planta de clasificaci\u00f3n de 500 kg\/h para patatas, pimientos y cebollas\" width=\"500\" height=\"281\" src=\"https:\/\/www.youtube.com\/embed\/qhlEgmVG5Cg?start=2&#038;feature=oembed\" frameborder=\"0\" allow=\"accelerometer; autoplay; clipboard-write; encrypted-media; gyroscope; picture-in-picture; web-share\" referrerpolicy=\"strict-origin-when-cross-origin\" allowfullscreen><\/iframe> <\/div><\/figure>    <h2 class=\"wp-block-heading\" id=\"h-advantages-of-fruit-processing-plant\">Ventajas de la planta procesadora de frutas.<\/h2>    <ol class=\"wp-block-list\"><li>Popular en el mercado<br>Hoy en d\u00eda, las verduras limpias son cada vez m\u00e1s populares. Como resultado, muchas granjas ya no venden sus frutas y verduras cosechadas directamente al mercado, sino que optan por utilizar l\u00edneas de clasificaci\u00f3n de frutas y verduras para procesarlas y convertirlas en verduras limpias y envasadas, que est\u00e1n m\u00e1s en l\u00ednea con los requisitos de los j\u00f3venes modernos. por comodidad y rapidez, y tienen una gran demanda en el mercado.<\/li><li>Altamente autom\u00e1tico. Toda la l\u00ednea de clasificaci\u00f3n de frutas y verduras est\u00e1 altamente automatizada, con m\u00e1quinas que reemplazan la limpieza, clasificaci\u00f3n y envasado manuales, y la eficiencia del trabajo es decenas de veces mayor que la manual, lo que ahorra tiempo y costos laborales a los inversores.<\/li><li>Capacidad flexible. La l\u00ednea de procesamiento de frutas tiene una amplia gama de producci\u00f3n, que puede procesar de 500 a 5000 kg por hora, lo que la hace adecuada para plantas procesadoras de alimentos de todos los tama\u00f1os, supermercados, mayoristas de frutas y verduras, etc.<\/li><\/ol>    <h2 class=\"wp-block-heading\" id=\"h-choose-one-grading-machine-you-like\">Elige una m\u00e1quina clasificadora que te guste<\/h2>    <h3 class=\"wp-block-heading\" id=\"h-grade-by-size\">Calificar por tama\u00f1o<\/h3>    <p>La clasificadora de frutas y verduras tipo barra rodante se usa com\u00fanmente para clasificar varios bulbos, como papas, limones, taro, batatas, manzanas, cebollas, granadas, etc. El n\u00famero de clasificaci\u00f3n de la m\u00e1quina clasificadora suele ser de 4 a 7 grados, que pueden Ser personalizado seg\u00fan los requisitos del cliente. Al clasificar, las frutas y verduras de diferentes tama\u00f1os llegan al espacio de la barra giratoria y caen autom\u00e1ticamente en el recipiente de descarga del grado de di\u00e1metro correspondiente. <\/p>    <figure class=\"wp-block-gallery has-nested-images columns-default is-cropped wp-block-gallery-2 is-layout-flex wp-block-gallery-is-layout-flex\"> <figure class=\"wp-block-image size-large\"><img loading=\"lazy\" decoding=\"async\" width=\"720\" height=\"540\" data-id=\"114\" src=\"https:\/\/fvmachinery.com\/wp-content\/uploads\/2022\/08\/potato-grader-machine1.webp\" alt=\"m\u00e1quina clasificadora de patatas\" class=\"wp-image-114\" title=\"\" srcset=\"https:\/\/fvmachinery.com\/wp-content\/uploads\/2022\/08\/potato-grader-machine1.webp 720w, https:\/\/fvmachinery.com\/wp-content\/uploads\/2022\/08\/potato-grader-machine1-300x225.webp 300w\" sizes=\"auto, (max-width: 720px) 100vw, 720px\" \/><\/figure>    <figure class=\"wp-block-image size-large\"><img loading=\"lazy\" decoding=\"async\" width=\"720\" height=\"540\" data-id=\"102\" src=\"https:\/\/fvmachinery.com\/wp-content\/uploads\/2022\/08\/automatic-fruit-sorting-and-grading-machine-21.webp\" alt=\"m\u00e1quina autom\u00e1tica de clasificaci\u00f3n y clasificaci\u00f3n de frutas\" class=\"wp-image-102\" title=\"\" srcset=\"https:\/\/fvmachinery.com\/wp-content\/uploads\/2022\/08\/automatic-fruit-sorting-and-grading-machine-21.webp 720w, https:\/\/fvmachinery.com\/wp-content\/uploads\/2022\/08\/automatic-fruit-sorting-and-grading-machine-21-300x225.webp 300w\" sizes=\"auto, (max-width: 720px) 100vw, 720px\" \/><figcaption> <\/figcaption><\/figure>    <figure class=\"wp-block-image size-large\"><img loading=\"lazy\" decoding=\"async\" width=\"720\" height=\"540\" data-id=\"110\" src=\"https:\/\/fvmachinery.com\/wp-content\/uploads\/2022\/08\/fruit-grading-machine1.webp\" alt=\"\" class=\"wp-image-110\" title=\"\" srcset=\"https:\/\/fvmachinery.com\/wp-content\/uploads\/2022\/08\/fruit-grading-machine1.webp 720w, https:\/\/fvmachinery.com\/wp-content\/uploads\/2022\/08\/fruit-grading-machine1-300x225.webp 300w\" sizes=\"auto, (max-width: 720px) 100vw, 720px\" \/><\/figure> <figcaption class=\"blocks-gallery-caption\">Diferentes tipos de m\u00e1quinas clasificadoras<\/figcaption><\/figure>    <p>Esta clasificadora de frutas y verduras utiliza un cilindro graduador para clasificar el material. Se utiliza m\u00e1s com\u00fanmente para clasificar diversas frutas, como naranjas, limones, ciruelas pasas, ar\u00e1ndanos, fresas, ciruelas, albaricoques, kiwis, espino, etc. El cilindro graduador de la m\u00e1quina clasificadora est\u00e1 hecho de pl\u00e1stico PE y el tama\u00f1o del La apertura se puede personalizar. Los materiales de diferentes tama\u00f1os ser\u00e1n separados por el cilindro graduador de tama\u00f1os correspondientes.<\/p>    <h3 class=\"wp-block-heading\" id=\"h-grade-by-weight\">Grado por peso<\/h3>    <p>Esta clasificadora continua de frutas y verduras se clasifica seg\u00fan el peso del material. Esta clasificadora se puede utilizar para clasificar una variedad de frutas y verduras con alta eficiencia de clasificaci\u00f3n. El clasificador de frutas tiene una funci\u00f3n de pesaje autom\u00e1tico, que permite clasificar frutas y verduras con precisi\u00f3n por peso.<\/p>    <h2 class=\"wp-block-heading\">La l\u00ednea de clasificaci\u00f3n de frutas y hortalizas aumenta el valor de la fruta<\/h2>    <p class=\"translation-block\">Los supermercados y los mercados de frutas y verduras a menudo venden la misma verdura o fruta en dos partes, una parte parece m\u00e1s grande y m\u00e1s cara, la otra parte parece m\u00e1s peque\u00f1a y m\u00e1s barata. Los comerciantes seleccionan la fruta m\u00e1s grande para venderla a un precio m\u00e1s alto, lo que ayuda a <a href=\"https:\/\/fvmachinery.com\/es\/Info\/graded-fruit-sales-make-stores-highly-profitable\/\">aumentar el valor de los productos<\/a>.<\/p>    <h2 class=\"wp-block-heading\" id=\"h-globel-cases-of-fruit-washing-drying-grading-line\">Cajas Globel de l\u00ednea de clasificaci\u00f3n, lavado, secado y lavado de frutas.<\/h2>    <p>Taizy Plant export\u00f3 recientemente una l\u00ednea clasificadora de frutas y verduras de 3 a 5 toneladas por hora a Turqu\u00eda. El cliente tiene una gran plantaci\u00f3n de frutas y hortalizas en Turqu\u00eda que produce tomates, patatas, cebollas, berenjenas, calabacines, pepinos y pimientos verdes. La l\u00ednea incluye lavadora, secadora, clasificadora y envasadora. El cliente turco envasa las frutas y verduras y las vende a los supermercados y mercados locales.<\/p>","protected":false},"excerpt":{"rendered":"<p>The fruit and vegetable grading line is to wash the picked vegetables and fruits, dry them and then grade and package them according to size or weight. This food processing method greatly increases the added value of fruit and vegetable products and is more popular in the market. Now our vegetable washing and grading plant [&hellip;]<\/p>\n","protected":false},"author":1,"featured_media":57,"parent":0,"template":"","tags":[20],"product-type":[5],"class_list":["post-55","product","type-product","status-publish","has-post-thumbnail","hentry","tag-fruit-vegetable-grading-machine","product-type-production-line"],"_links":{"self":[{"href":"https:\/\/fvmachinery.com\/es\/wp-json\/wp\/v2\/product\/55","targetHints":{"allow":["GET"]}}],"collection":[{"href":"https:\/\/fvmachinery.com\/es\/wp-json\/wp\/v2\/product"}],"about":[{"href":"https:\/\/fvmachinery.com\/es\/wp-json\/wp\/v2\/types\/product"}],"author":[{"embeddable":true,"href":"https:\/\/fvmachinery.com\/es\/wp-json\/wp\/v2\/users\/1"}],"wp:featuredmedia":[{"embeddable":true,"href":"https:\/\/fvmachinery.com\/es\/wp-json\/wp\/v2\/media\/57"}],"wp:attachment":[{"href":"https:\/\/fvmachinery.com\/es\/wp-json\/wp\/v2\/media?parent=55"}],"wp:term":[{"taxonomy":"post_tag","embeddable":true,"href":"https:\/\/fvmachinery.com\/es\/wp-json\/wp\/v2\/tags?post=55"},{"taxonomy":"product-type","embeddable":true,"href":"https:\/\/fvmachinery.com\/es\/wp-json\/wp\/v2\/product-type?post=55"}],"curies":[{"name":"wp","href":"https:\/\/api.w.org\/{rel}","templated":true}]}}