{"id":570,"date":"2023-10-10T16:02:41","date_gmt":"2023-10-10T08:02:41","guid":{"rendered":"https:\/\/fvmachinery.com\/?post_type=product&#038;p=570"},"modified":"2025-10-28T15:21:53","modified_gmt":"2025-10-28T07:21:53","slug":"ginger-slicing-machine-3","status":"publish","type":"product","link":"https:\/\/fvmachinery.com\/es\/product\/ginger-slicing-machine-3\/","title":{"rendered":"M\u00e1quina cortadora de jengibre"},"content":{"rendered":"<p>La m\u00e1quina cortadora Ginger simula el principio de cortar vegetales a mano, adoptando una velocidad variable de tres niveles para adaptarse a las necesidades de triturado y rebanado de 1,5 a 4 mm. Mecanismo de corte centr\u00edfugo para completar una variedad de verduras duras cortadas en rodajas, transportadas autom\u00e1ticamente al cuchillo vertical debajo de la trituraci\u00f3n o el corte. Es el equipo ideal para la deshidrataci\u00f3n de vegetales, congelaci\u00f3n r\u00e1pida, conservaci\u00f3n, encurtido y otras industrias y f\u00e1bricas de alimentos, minas, empresas, organizaciones, escuelas y otras unidades de comedores, hoteles, restaurantes y procesamiento de vegetales. <\/p>    <p>Taizy Company produce esta cortadora con cuchillos y encimeras de acero inoxidable, tiene una apariencia hermosa, es f\u00e1cil de operar, es f\u00e1cil de ajustar, es f\u00e1cil de mantener, tiene poco ruido, tiene un alto rendimiento, etc. Puede cortar el producto de forma limpia, con un grosor uniforme, una textura suave y una calidad mucho mayor que con un manual. <\/p>    <p>Las m\u00e1quinas cortadoras de jengibre pueden cortar jengibre, brotes de bamb\u00fa, manzanas, ra\u00edz de loto, patatas, r\u00e1banos y otros melones y frutas en rodajas o tiras en grandes cantidades, y los productos cortados son en general uniformes, hermosos y suaves, lo que es conveniente para el procesamiento posterior. y cocinar.<\/p>    <figure class=\"wp-block-image size-full\"><img loading=\"lazy\" decoding=\"async\" width=\"720\" height=\"540\" src=\"https:\/\/fvmachinery.com\/wp-content\/uploads\/2023\/10\/ginger-slicing-machine.webp\" alt=\"m\u00e1quina-cortadora-de-jengibre\" class=\"wp-image-593\" title=\"\" srcset=\"https:\/\/fvmachinery.com\/wp-content\/uploads\/2023\/10\/ginger-slicing-machine.webp 720w, https:\/\/fvmachinery.com\/wp-content\/uploads\/2023\/10\/ginger-slicing-machine-300x225.webp 300w\" sizes=\"auto, (max-width: 720px) 100vw, 720px\" \/><figcaption class=\"wp-element-caption\">M\u00e1quina cortadora de jengibre<\/figcaption><\/figure>    <h2 class=\"wp-block-heading\">Ventajas de la m\u00e1quina cortadora de jengibre <\/h2>    <p>El cortador de jengibre est\u00e1 hecho de acero inoxidable, el corte es seguro, higi\u00e9nico, f\u00e1cil de limpiar y no se oxida. La superficie de corte es lisa y hermosa. El esqueleto de la m\u00e1quina est\u00e1 fabricado en acero inoxidable SUS304, resistente a la corrosi\u00f3n. Todo el material de la carcasa de la m\u00e1quina 304 es f\u00e1cil de operar y limpiar, y las especificaciones se pueden personalizar seg\u00fan la demanda. Hay una operaci\u00f3n de microinterruptor en el puerto de alimentaci\u00f3n. La velocidad de corte r\u00e1pida puede equivaler a la carga de trabajo de 20 personas. Nuestra m\u00e1quina cortadora de jengibre se ha exportado a India, Rusia, Medio Oriente y otras regiones, y clientes nacionales y extranjeros conf\u00edan y elogian.<\/p>    <figure class=\"wp-block-image size-full\"><img loading=\"lazy\" decoding=\"async\" width=\"720\" height=\"540\" src=\"https:\/\/fvmachinery.com\/wp-content\/uploads\/2023\/10\/ginger-slicing-machine-working-2.webp\" alt=\"m\u00e1quina-cortadora-de-jengibre-en funcionamiento\" class=\"wp-image-596\" title=\"\" srcset=\"https:\/\/fvmachinery.com\/wp-content\/uploads\/2023\/10\/ginger-slicing-machine-working-2.webp 720w, https:\/\/fvmachinery.com\/wp-content\/uploads\/2023\/10\/ginger-slicing-machine-working-2-300x225.webp 300w\" sizes=\"auto, (max-width: 720px) 100vw, 720px\" \/><figcaption class=\"wp-element-caption\">La m\u00e1quina cortadora de jengibre est\u00e1 funcionando<\/figcaption><\/figure>    <h2 class=\"wp-block-heading\">Rendimiento de la m\u00e1quina cortadora de jengibre<\/h2>    <ol class=\"wp-block-list\"> <li>Esta m\u00e1quina es una cortadora de un solo cabezal, que es r\u00e1pida y c\u00f3moda de usar.<\/li>    <li>Panel de control completamente autom\u00e1tico, f\u00e1cil de operar.<\/li>    <li>Al ajustar la distancia entre las cuchillas, puede cortar una variedad de especificaciones de rodajas y seda.<\/li>    <li> Toda la m\u00e1quina est\u00e1 hecha de acero inoxidable 304, higi\u00e9nico, hermoso y duradero. El grosor del corte y la uniformidad del tama\u00f1o cortan el tejido de la superficie fresco y no destruyen el tejido fibroso de frutas y verduras.<\/li> <\/ol>    <figure class=\"wp-block-image size-full is-resized\"><img loading=\"lazy\" decoding=\"async\" width=\"720\" height=\"540\" src=\"https:\/\/fvmachinery.com\/wp-content\/uploads\/2023\/10\/ginger-slicer-machine-1.webp\" alt=\"m\u00e1quina-cortadora-de-jengibre-1\" class=\"wp-image-598\" style=\"aspect-ratio:1.3333333333333333;width:720px;height:auto\" title=\"\" srcset=\"https:\/\/fvmachinery.com\/wp-content\/uploads\/2023\/10\/ginger-slicer-machine-1.webp 720w, https:\/\/fvmachinery.com\/wp-content\/uploads\/2023\/10\/ginger-slicer-machine-1-300x225.webp 300w\" sizes=\"auto, (max-width: 720px) 100vw, 720px\" \/><figcaption class=\"wp-element-caption\">Vista principal de la m\u00e1quina cortadora de jengibre<\/figcaption><\/figure>    <h2 class=\"wp-block-heading\">Principio de funcionamiento de la m\u00e1quina cortadora de jengibre<\/h2>    <p>La m\u00e1quina cortadora de jengibre utiliza el principio de una centr\u00edfuga para funcionar y el material gira sobre la plataforma giratoria. La materia prima se saca a lo largo de la salida bajo la acci\u00f3n centr\u00edfuga y se puede cortar y triturar al mismo tiempo. La m\u00e1quina puede evitar la acumulaci\u00f3n de restos de corte ajustando la cubierta hacia arriba y hacia abajo.<\/p>    <p class=\"translation-block\">Adem\u00e1s, tambi\u00e9n proporcionamos equipos de procesamiento de jengibre a juego, como una <a href=\"https:\/\/fvmachinery.com\/es\/product\/vendo-peladora-de-ajos\/\" data-type=\"link\" data-id=\"https:\/\/fvmachinery.com\/product\/garlic-peeling-machine-for-sale\/\"><strong><em>m\u00e1quina peladora de jengibre<\/em><\/strong><\/a> y una <strong><em><a href=\"https:\/\/fvmachinery.com\/es\/product\/potato-washing-and-peeling-machine\/\" data-type=\"link\" data-id=\"https:\/\/fvmachinery.com\/product\/potato-washing-and-peeling-machine\/\">m\u00e1quina lavadora y peladora de jengibre<\/a><\/em><\/strong>. <\/p>    <figure class=\"wp-block-embed is-type-video is-provider-youtube wp-block-embed-youtube wp-embed-aspect-16-9 wp-has-aspect-ratio\"><div class=\"wp-block-embed__wrapper\"> <iframe loading=\"lazy\" title=\"Revisi\u00f3n del uso de la cortadora de jengibre comercial: \u00bfFunciona? \u00bfVale la pena comprarla? M\u00e1quina cortadora # #peladora\" width=\"500\" height=\"281\" src=\"https:\/\/www.youtube.com\/embed\/1hJdGQCH6WI?feature=oembed\" frameborder=\"0\" allow=\"accelerometer; autoplay; clipboard-write; encrypted-media; gyroscope; picture-in-picture; web-share\" referrerpolicy=\"strict-origin-when-cross-origin\" allowfullscreen><\/iframe> <\/div><\/figure>    <h2 class=\"wp-block-heading\">Precauciones de la m\u00e1quina cortadora de jengibre<\/h2>    <ul class=\"wp-block-list\"> <li>La m\u00e1quina cortadora de jengibre debe colocarse en un lugar estable y la m\u00e1quina con la rueda debe bloquear las ruedas;<\/li>    <li>El usuario debe confirmar que no hay ning\u00fan objeto en la entrada de la m\u00e1quina. Conecte la fuente de alimentaci\u00f3n y el cable el\u00e9ctrico de acuerdo con las indicaciones de la etiqueta.<\/li>    <li>Cuando la m\u00e1quina trituradora de jengibre est\u00e9 en funcionamiento, no meta la mano en ella. Si se queda atascado accidentalmente, presione el bot\u00f3n de parada de emergencia.<\/li>    <li>Aseg\u00farese de apagar la alimentaci\u00f3n antes de limpiar la m\u00e1quina. La parte del circuito no se puede limpiar,<\/li>    <li>Preste atenci\u00f3n a las partes afiladas al retirarlas y lavarlas.<\/li> <\/ul>    <h2 class=\"wp-block-heading\">Par\u00e1metro de la m\u00e1quina cortadora de jengibre<\/h2>    <figure class=\"wp-block-table\"><table><tbody><tr><td>Modelo<\/td><td>TZ-AGC-502<\/td><\/tr><tr><td>Capacidad de corte<\/td><td>300 ~ 600 kg por hora<\/td><\/tr><tr><td>Espesor de corte<\/td><td>1,5 ~ 4 mm (no ajustable)<\/td><\/tr><tr><td>Potencia mec\u00e1nica<\/td><td>220v, 50hz<\/td><\/tr><tr><td>La especificaci\u00f3n de la m\u00e1quina<\/td><td>largo 650 mm x 490 mm ancho x 850 mm alto<\/td><\/tr><tr><td>El peso de la m\u00e1quina<\/td><td>60 kilogramos<\/td><\/tr><\/tbody><\/table><figcaption class=\"wp-element-caption\">M\u00e1quina cortadora de jengibre<\/figcaption><\/figure>    <h2 class=\"wp-block-heading\">Bienvenido a visitar nuestra f\u00e1brica<\/h2>    <p class=\"translation-block\">Esta rebanadora de jengibre es nuestro producto m\u00e1s vendido, tambi\u00e9n tenemos varios otros modelos de rebanadoras. Como <strong><em><a href=\"https:\/\/fvmachinery.com\/es\/product\/potato-slicer-machine\/\" data-type=\"link\" data-id=\"https:\/\/fvmachinery.com\/product\/potato-slicer-machine\/\">m\u00e1quinas rebanadoras de patatas<\/a><\/em><\/strong>, <strong><em><a href=\"https:\/\/fvmachinery.com\/es\/product\/vegetable-slicer-machine\/\" data-type=\"link\" data-id=\"https:\/\/fvmachinery.com\/product\/vegetable-slicer-machine\/\">rebanadoras de zanahoria<\/a><\/em><\/strong> y <strong><em><a href=\"https:\/\/fvmachinery.com\/es\/product\/commercial-vegetable-dicing-machine\/\" data-type=\"link\" data-id=\"https:\/\/fvmachinery.com\/product\/commercial-vegetable-dicing-machine\/\">m\u00e1quinas cortadoras de cebolla<\/a><\/em><\/strong>. Si est\u00e1 interesado en estas m\u00e1quinas, bienvenido a visitar nuestra f\u00e1brica. Aqu\u00ed, todo tipo de m\u00e1quinas tienen diferentes modelos, \u00a1y siempre hay una con la que est\u00e1 satisfecho!<\/p>","protected":false},"excerpt":{"rendered":"<p>The Ginger slicing machine simulates the principle of cutting vegetables by hand, adopting a three-level variable speed to adapt to 1.5- 4mm shredding and slicing needs. Centrifugal slicing mechanism to complete a variety of hard vegetables sliced, automatically transported to the vertical knife under the shredding or slicing. It is the ideal equipment for vegetable [&hellip;]<\/p>\n","protected":false},"author":1,"featured_media":595,"parent":0,"template":"","tags":[43],"product-type":[12],"class_list":["post-570","product","type-product","status-publish","has-post-thumbnail","hentry","tag-ginger","product-type-cutting-machine"],"_links":{"self":[{"href":"https:\/\/fvmachinery.com\/es\/wp-json\/wp\/v2\/product\/570","targetHints":{"allow":["GET"]}}],"collection":[{"href":"https:\/\/fvmachinery.com\/es\/wp-json\/wp\/v2\/product"}],"about":[{"href":"https:\/\/fvmachinery.com\/es\/wp-json\/wp\/v2\/types\/product"}],"author":[{"embeddable":true,"href":"https:\/\/fvmachinery.com\/es\/wp-json\/wp\/v2\/users\/1"}],"wp:featuredmedia":[{"embeddable":true,"href":"https:\/\/fvmachinery.com\/es\/wp-json\/wp\/v2\/media\/595"}],"wp:attachment":[{"href":"https:\/\/fvmachinery.com\/es\/wp-json\/wp\/v2\/media?parent=570"}],"wp:term":[{"taxonomy":"post_tag","embeddable":true,"href":"https:\/\/fvmachinery.com\/es\/wp-json\/wp\/v2\/tags?post=570"},{"taxonomy":"product-type","embeddable":true,"href":"https:\/\/fvmachinery.com\/es\/wp-json\/wp\/v2\/product-type?post=570"}],"curies":[{"name":"wp","href":"https:\/\/api.w.org\/{rel}","templated":true}]}}