{"id":58,"date":"2022-08-24T09:35:31","date_gmt":"2022-08-24T01:35:31","guid":{"rendered":"https:\/\/fvmachinery.com\/?post_type=product&#038;p=58"},"modified":"2022-09-29T14:38:07","modified_gmt":"2022-09-29T06:38:07","slug":"vegetable-salad-production-line","status":"publish","type":"product","link":"https:\/\/fvmachinery.com\/es\/product\/vegetable-salad-production-line\/","title":{"rendered":"L\u00ednea de producci\u00f3n de ensaladas de verduras | Planta procesadora de lechuga"},"content":{"rendered":"<p>La l\u00ednea de producci\u00f3n de ensaladas de verduras totalmente autom\u00e1tica est\u00e1 dise\u00f1ada para el procesamiento profundo de verduras. Toda la planta procesadora de lechuga incluye corte, lavado, secado al aire y envasado autom\u00e1ticos. El producto final estar\u00e1 listo para cocinar o comer. El alto valor econ\u00f3mico agregado de las verduras procesadas y su popularidad en el mercado hacen que la l\u00ednea de producci\u00f3n de ensaladas de verduras sea una inversi\u00f3n que vale la pena.<\/p>    <h2 class=\"wp-block-heading\" id=\"h-final-products-of-vegetable-production-line\">Productos finales de la l\u00ednea de producci\u00f3n de hortalizas.<\/h2>    <p>Los productos finales de la l\u00ednea de producci\u00f3n de ensaladas de verduras totalmente autom\u00e1tica son habituales en los supermercados. Cada vez m\u00e1s gente prefiere elegirlas en lugar de verduras completas. Las verduras procesadas se pueden cocinar o comer directamente sin lavarlas ni cortarlas.<\/p>   <div class=\"wp-block-image\"> <figure class=\"aligncenter size-full\"><img loading=\"lazy\" decoding=\"async\" width=\"720\" height=\"540\" src=\"https:\/\/fvmachinery.com\/wp-content\/uploads\/2022\/08\/finnal-products1.webp\" alt=\"\" class=\"wp-image-135\" title=\"\" srcset=\"https:\/\/fvmachinery.com\/wp-content\/uploads\/2022\/08\/finnal-products1.webp 720w, https:\/\/fvmachinery.com\/wp-content\/uploads\/2022\/08\/finnal-products1-300x225.webp 300w\" sizes=\"auto, (max-width: 720px) 100vw, 720px\" \/><\/figure> <\/div>   <h2 class=\"wp-block-heading\" id=\"h-how-to-make-clean-vegetables-by-leafy-vegetable-processing-line\">\u00bfC\u00f3mo hacer vegetales limpios mediante una l\u00ednea de procesamiento de vegetales de hojas?<\/h2>    <p>El proceso principal de la l\u00ednea de producci\u00f3n de ensaladas de verduras incluye clasificaci\u00f3n, corte, lavado, secado y envasado.<\/p>   <div class=\"wp-block-image\"> <figure class=\"aligncenter size-full\"><img loading=\"lazy\" decoding=\"async\" width=\"720\" height=\"540\" src=\"https:\/\/fvmachinery.com\/wp-content\/uploads\/2022\/08\/complete-vortex-washing-packing-plant.webp\" alt=\"\" class=\"wp-image-136\" title=\"\" srcset=\"https:\/\/fvmachinery.com\/wp-content\/uploads\/2022\/08\/complete-vortex-washing-packing-plant.webp 720w, https:\/\/fvmachinery.com\/wp-content\/uploads\/2022\/08\/complete-vortex-washing-packing-plant-300x225.webp 300w\" sizes=\"auto, (max-width: 720px) 100vw, 720px\" \/><\/figure> <\/div>   <h2 class=\"wp-block-heading\" id=\"h-main-equipment-of-lettuce-processing-plant\">Equipo principal de la planta procesadora de lechuga.<\/h2>    <p>El equipo principal de esta l\u00ednea de producci\u00f3n de ensaladas de vegetales Vortex incluye principalmente una mesa de recolecci\u00f3n, un cortador autom\u00e1tico de vegetales, un transportador elevador, una lavadora Vortex, un deshidratador y una m\u00e1quina empacadora. Tambi\u00e9n podemos proporcionar diferentes m\u00e1quinas empacadoras de vegetales seg\u00fan las necesidades espec\u00edficas de nuestros clientes. A continuaci\u00f3n se muestra la descripci\u00f3n de la m\u00e1quina.<\/p>    <h3 class=\"wp-block-heading\" id=\"h-picking-table\">mesa de recogida<\/h3>    <p>La mesa de recolecci\u00f3n se instala para comprobar las materias primas y garantizar que la calidad de las verduras sea buena. Antes de cortarlas, es necesario recoger las frutas y verduras brevemente para eliminar las hojas podridas y estropeadas u otras impurezas. En la l\u00ednea de limpieza v\u00f3rtice de frutas y verduras no se puede omitir la mesa de recolecci\u00f3n.<\/p>    <h3 class=\"wp-block-heading\" id=\"h-vegetable-cutter\">cortador de verduras<\/h3>    <p class=\"translation-block\">This<strong> <a href=\"https:\/\/fvmachinery.com\/es\/product\/commercial-vegetable-cutting-machine\/\">automatic vegetable cutter<\/a> <\/strong>is made of food-grade 304 stainless steel, equipped with safe switch at the door for safe operation. Changing different cutting knives can be used for slicing, shredding, and dicing of various vegetables.<\/p>   <div class=\"wp-block-image\"> <figure class=\"aligncenter size-full\"><img loading=\"lazy\" decoding=\"async\" width=\"720\" height=\"540\" src=\"https:\/\/fvmachinery.com\/wp-content\/uploads\/2022\/08\/vegetable-cutting-machine-1.webp\" alt=\"cortadora de verduras\" class=\"wp-image-139\" title=\"\" srcset=\"https:\/\/fvmachinery.com\/wp-content\/uploads\/2022\/08\/vegetable-cutting-machine-1.webp 720w, https:\/\/fvmachinery.com\/wp-content\/uploads\/2022\/08\/vegetable-cutting-machine-1-300x225.webp 300w\" sizes=\"auto, (max-width: 720px) 100vw, 720px\" \/><figcaption>cortadora de verduras<\/figcaption><\/figure> <\/div>   <h3 class=\"wp-block-heading\" id=\"h-automatic-lift\">elevaci\u00f3n autom\u00e1tica<\/h3>    <p>Para aumentar la eficiencia de la planta de procesamiento de lechuga, hemos instalado un elevador autom\u00e1tico espec\u00edficamente para elevar las verduras cortadas al lavador de v\u00f3rtice. La parte que entra en contacto directo con las verduras utiliza una placa deflectora en el transportador elevador para recoger material de PE de calidad alimentaria que no contaminar\u00e1 las verduras.<\/p>    <h3 class=\"wp-block-heading\" id=\"h-vortex-cleaning-machine\">M\u00e1quina de limpieza de v\u00f3rtice<\/h3>    <p>La secci\u00f3n de la unidad de limpieza de v\u00f3rtice se compone principalmente de limpiadores de v\u00f3rtice y cribas vibratorias. A diferencia del lavador de burbujas, el lavador de v\u00f3rtice tiene una potente turbina que impulsa continuamente los ingredientes en el tanque. Las verduras cortadas se dar\u00e1n vueltas en la piscina del tanque para lograr un efecto de limpieza minucioso. Adem\u00e1s, no hay una correa de malla en la lavadora de v\u00f3rtice, que no enganchar\u00e1 las hojas de las verduras. Se coloca una criba vibratoria en la salida para sacudir las gotas de agua de la superficie de las frutas y verduras.<\/p>   <div class=\"wp-block-image\"> <figure class=\"aligncenter size-full\"><img loading=\"lazy\" decoding=\"async\" width=\"720\" height=\"540\" src=\"https:\/\/fvmachinery.com\/wp-content\/uploads\/2022\/08\/industrial-vegetable-salad-production-line-factory.webp\" alt=\"\" class=\"wp-image-140\" title=\"\" srcset=\"https:\/\/fvmachinery.com\/wp-content\/uploads\/2022\/08\/industrial-vegetable-salad-production-line-factory.webp 720w, https:\/\/fvmachinery.com\/wp-content\/uploads\/2022\/08\/industrial-vegetable-salad-production-line-factory-300x225.webp 300w\" sizes=\"auto, (max-width: 720px) 100vw, 720px\" \/><figcaption>Secci\u00f3n de la unidad de limpieza Vortex de la l\u00ednea de producci\u00f3n de ensaladas de verduras<\/figcaption><\/figure> <\/div>   <h3 class=\"wp-block-heading\" id=\"h-drying-machine\">Secadora<\/h3>    <p>Las verduras lavadas deben deshidratarse a tiempo. El tambor integrado en este deshidratador est\u00e1 hecho de material PE de calidad alimentaria, que dura mucho tiempo y no contamina las verduras.<\/p>    <figure class=\"wp-block-image size-full\"><img loading=\"lazy\" decoding=\"async\" width=\"720\" height=\"540\" src=\"https:\/\/fvmachinery.com\/wp-content\/uploads\/2022\/08\/water-remover1.webp\" alt=\"\" class=\"wp-image-141\" title=\"\" srcset=\"https:\/\/fvmachinery.com\/wp-content\/uploads\/2022\/08\/water-remover1.webp 720w, https:\/\/fvmachinery.com\/wp-content\/uploads\/2022\/08\/water-remover1-300x225.webp 300w\" sizes=\"auto, (max-width: 720px) 100vw, 720px\" \/><figcaption>Deshidratador de vegetales<\/figcaption><\/figure>    <h3 class=\"wp-block-heading\" id=\"h-vegetable-packing-machine\">M\u00e1quina envasadora de verduras<\/h3>    <p>Las verduras lavadas se pueden envasar de diversas formas, las m\u00e1s habituales son principalmente en bolsas, cajas, envasados \u200b\u200bal vac\u00edo y termorretr\u00e1ctiles. Taizy Machinery puede recomendar la m\u00e1quina empacadora adecuada, las especificaciones de empaque y tambi\u00e9n puede personalizar la apariencia del empaque para nuestros clientes de acuerdo con sus necesidades de empaque de vegetales para ensaladas.<\/p>    <h2 class=\"wp-block-heading\" id=\"h-market-expectation-of-clean-vegetables\">Expectativas del mercado sobre hortalizas limpias<\/h2>   <div class=\"wp-block-image\"> <figure class=\"aligncenter size-full\"><img loading=\"lazy\" decoding=\"async\" width=\"720\" height=\"540\" src=\"https:\/\/fvmachinery.com\/wp-content\/uploads\/2022\/08\/pro-processed-vegetables1.webp\" alt=\"verduras proprocesadas\" class=\"wp-image-137\" title=\"\" srcset=\"https:\/\/fvmachinery.com\/wp-content\/uploads\/2022\/08\/pro-processed-vegetables1.webp 720w, https:\/\/fvmachinery.com\/wp-content\/uploads\/2022\/08\/pro-processed-vegetables1-300x225.webp 300w\" sizes=\"auto, (max-width: 720px) 100vw, 720px\" \/><figcaption>verduras proprocesadas<\/figcaption><\/figure> <\/div>   <p>Con los crecientes costos de mano de obra y las iteraciones estandarizadas de productos de alimentos y bebidas, el proceso de preparaci\u00f3n de comidas utiliza un porcentaje cada vez mayor de productos semiacabados. Por tanto, las perspectivas de la l\u00ednea de producci\u00f3n de ensaladas de verduras son grandes. <\/p>    <p>El proceso de compra de hortalizas, limpieza, corte, combinaci\u00f3n y elaboraci\u00f3n se sustituye gradualmente, y la adquisici\u00f3n de hortalizas limpias, paquetes de materiales y productos semiacabados y procesamiento simple se convierte en una operaci\u00f3n regular en el pa\u00eds. Especialmente en las grandes cadenas de restaurantes, comida r\u00e1pida y otros mercados, la popularidad de las verduras limpias est\u00e1 aumentando.<\/p>","protected":false},"excerpt":{"rendered":"<p>The fully automatic vegetable salad production line is designed for the deep processing of vegetables. The whole lettuce processing plant includes automatic cutting, washing, air-drying and packaging. The final product will be ready for cooking or eating. The high economic added value of the processed vegetables and their popularity in the market make the vegetable [&hellip;]<\/p>\n","protected":false},"author":1,"featured_media":60,"parent":0,"template":"","tags":[27],"product-type":[5],"class_list":["post-58","product","type-product","status-publish","has-post-thumbnail","hentry","tag-lettuce-processing-plant","product-type-production-line"],"_links":{"self":[{"href":"https:\/\/fvmachinery.com\/es\/wp-json\/wp\/v2\/product\/58","targetHints":{"allow":["GET"]}}],"collection":[{"href":"https:\/\/fvmachinery.com\/es\/wp-json\/wp\/v2\/product"}],"about":[{"href":"https:\/\/fvmachinery.com\/es\/wp-json\/wp\/v2\/types\/product"}],"author":[{"embeddable":true,"href":"https:\/\/fvmachinery.com\/es\/wp-json\/wp\/v2\/users\/1"}],"wp:featuredmedia":[{"embeddable":true,"href":"https:\/\/fvmachinery.com\/es\/wp-json\/wp\/v2\/media\/60"}],"wp:attachment":[{"href":"https:\/\/fvmachinery.com\/es\/wp-json\/wp\/v2\/media?parent=58"}],"wp:term":[{"taxonomy":"post_tag","embeddable":true,"href":"https:\/\/fvmachinery.com\/es\/wp-json\/wp\/v2\/tags?post=58"},{"taxonomy":"product-type","embeddable":true,"href":"https:\/\/fvmachinery.com\/es\/wp-json\/wp\/v2\/product-type?post=58"}],"curies":[{"name":"wp","href":"https:\/\/api.w.org\/{rel}","templated":true}]}}