{"id":600,"date":"2023-10-11T17:34:14","date_gmt":"2023-10-11T09:34:14","guid":{"rendered":"https:\/\/fvmachinery.com\/?post_type=product&#038;p=600"},"modified":"2023-12-07T14:00:02","modified_gmt":"2023-12-07T06:00:02","slug":"fruit-juice-machine","status":"publish","type":"product","link":"https:\/\/fvmachinery.com\/es\/product\/fruit-juice-machine\/","title":{"rendered":"M\u00e1quina de jugo de frutas"},"content":{"rendered":"<p>Las m\u00e1quinas de zumo de frutas pueden producir el zumo original. Tiene separaci\u00f3n de jugo de escoria y caracter\u00edsticas de gran calibre. Muy poco ruido, exprimido muy r\u00e1pido, m\u00e1s jugo, escoria seca y mucho m\u00e1s fuerte que otros productos plus, la clave es no ocupar espacio y la limpieza tambi\u00e9n es muy c\u00f3moda. <\/p>    <p>No es necesario agregar agua, las ventajas de la importaci\u00f3n original, son especialmente convenientes y buenas de usar, f\u00e1ciles de ensamblar, f\u00e1ciles de limpiar, muy silenciosas, buenas para limpiar, jugos de vegetales, especialmente buenos, vegetales y frutas suaves como los tomates. y uvas, quedar\u00e1 un poco de pulpa, no mucha, muy tierna, el jugo es m\u00e1s espeso, no afecta el sabor, pero tambi\u00e9n es bueno para beber.<\/p>    <figure class=\"wp-block-image size-full is-resized\"><img loading=\"lazy\" decoding=\"async\" width=\"720\" height=\"540\" src=\"https:\/\/fvmachinery.com\/wp-content\/uploads\/2023\/10\/fruit-juice-machine.webp\" alt=\"maquina-de-jugo-de-fruta\" class=\"wp-image-601\" style=\"aspect-ratio:1.5555555555555556;width:840px;height:auto\" title=\"\" srcset=\"https:\/\/fvmachinery.com\/wp-content\/uploads\/2023\/10\/fruit-juice-machine.webp 720w, https:\/\/fvmachinery.com\/wp-content\/uploads\/2023\/10\/fruit-juice-machine-300x225.webp 300w\" sizes=\"auto, (max-width: 720px) 100vw, 720px\" \/><figcaption class=\"wp-element-caption\">M\u00e1quina de jugo de frutas<\/figcaption><\/figure>    <h2 class=\"wp-block-heading\">\u00bfC\u00f3mo funciona una m\u00e1quina extractora de jugo?<\/h2>    <p>El exprimidor se basa en una varilla roscada interna que gira a baja velocidad para exprimir y triturar la fruta, el jugo sale por el filtro y el orujo se descarga por la salida de escoria.<\/p>    <p> Cuando funciona, el ruido es bajo, la velocidad de exprimido es alta al exprimir frutas crujientes y el orujo est\u00e1 seco y no se desperdicia. El jugo tiene un sabor delicado y los nutrientes no se pierden f\u00e1cilmente.<\/p>    <figure class=\"wp-block-embed is-type-video is-provider-youtube wp-block-embed-youtube wp-embed-aspect-16-9 wp-has-aspect-ratio\"><div class=\"wp-block-embed__wrapper\"> <iframe loading=\"lazy\" title=\"Recomendaciones de exprimidores comerciales: los 10 exprimidores comerciales m\u00e1s populares para 2023#juicermachine\" width=\"500\" height=\"281\" src=\"https:\/\/www.youtube.com\/embed\/IikDXXVpJbk?feature=oembed\" frameborder=\"0\" allow=\"accelerometer; autoplay; clipboard-write; encrypted-media; gyroscope; picture-in-picture; web-share\" referrerpolicy=\"strict-origin-when-cross-origin\" allowfullscreen><\/iframe> <\/div><\/figure>    <h2 class=\"wp-block-heading\">\u00bfC\u00f3mo mantener la m\u00e1quina de jugo de frutas?<\/h2>    <p>Cualquier m\u00e1quina que desee utilizar durante mucho tiempo necesita un mantenimiento oportuno y un uso cuidadoso. Lo mismo ocurre con los exprimidores. Por ejemplo, los empleados deben revisar peri\u00f3dicamente las piezas que componen la m\u00e1quina, y piezas como los engranajes deben engrasarse peri\u00f3dicamente. Adem\u00e1s, los empleados pueden mantener la m\u00e1quina brillante y nueva limpi\u00e1ndola frecuentemente con un cepillo de cerdas suaves.<\/p>    <h2 class=\"wp-block-heading\">Par\u00e1metro de la m\u00e1quina de jugo de frutas<\/h2>    <figure class=\"wp-block-table\"><table><tbody><tr><td>Peso<\/td><td>75 kilos<\/td><\/tr><tr><td>Fuerza<\/td><td>2,2 kw<\/td><\/tr><tr><td>Capacidad<\/td><td>500kg\/hora<\/td><\/tr><tr><td>Voltaje<\/td><td>380v 50hz, trif\u00e1sico<\/td><\/tr><tr><td>Tama\u00f1o<\/td><td>largo 1100mm x 450mm ancho x950 mm alto<\/td><\/tr><\/tbody><\/table><figcaption class=\"wp-element-caption\">Par\u00e1metro de la m\u00e1quina de jugo de frutas.<\/figcaption><\/figure>    <p>                                                               <\/p>    <h2 class=\"wp-block-heading\">Servicio cuidadoso para la m\u00e1quina de jugo de frutas<\/h2>    <figure class=\"wp-block-gallery has-nested-images columns-default is-cropped wp-block-gallery-2 is-layout-flex wp-block-gallery-is-layout-flex\"> <figure class=\"wp-block-image size-large\"><img loading=\"lazy\" decoding=\"async\" width=\"720\" height=\"540\" data-id=\"604\" src=\"https:\/\/fvmachinery.com\/wp-content\/uploads\/2023\/10\/machine-packing-1.webp\" alt=\"embalaje-de-la-m\u00e1quina-1\" class=\"wp-image-604\" title=\"\" srcset=\"https:\/\/fvmachinery.com\/wp-content\/uploads\/2023\/10\/machine-packing-1.webp 720w, https:\/\/fvmachinery.com\/wp-content\/uploads\/2023\/10\/machine-packing-1-300x225.webp 300w\" sizes=\"auto, (max-width: 720px) 100vw, 720px\" \/><figcaption class=\"wp-element-caption\">M\u00e1quina de jugo de frutas despu\u00e9s de la laminaci\u00f3n<\/figcaption><\/figure>    <figure class=\"wp-block-image size-large\"><img loading=\"lazy\" decoding=\"async\" width=\"720\" height=\"540\" data-id=\"605\" src=\"https:\/\/fvmachinery.com\/wp-content\/uploads\/2023\/10\/machine-packing-2.webp\" alt=\"embalaje-de-la-m\u00e1quina-2\" class=\"wp-image-605\" title=\"\" srcset=\"https:\/\/fvmachinery.com\/wp-content\/uploads\/2023\/10\/machine-packing-2.webp 720w, https:\/\/fvmachinery.com\/wp-content\/uploads\/2023\/10\/machine-packing-2-300x225.webp 300w\" sizes=\"auto, (max-width: 720px) 100vw, 720px\" \/><figcaption class=\"wp-element-caption\">M\u00e1quina de jugo de frutas firmemente en la caja<\/figcaption><\/figure>    <figure class=\"wp-block-image size-large\"><img loading=\"lazy\" decoding=\"async\" width=\"720\" height=\"540\" data-id=\"606\" src=\"https:\/\/fvmachinery.com\/wp-content\/uploads\/2023\/10\/machine-packing-3.webp\" alt=\"embalaje-de-la-m\u00e1quina-3\" class=\"wp-image-606\" title=\"\" srcset=\"https:\/\/fvmachinery.com\/wp-content\/uploads\/2023\/10\/machine-packing-3.webp 720w, https:\/\/fvmachinery.com\/wp-content\/uploads\/2023\/10\/machine-packing-3-300x225.webp 300w\" sizes=\"auto, (max-width: 720px) 100vw, 720px\" \/><figcaption class=\"wp-element-caption\">Boxeo de m\u00e1quina de jugo de frutas completo<\/figcaption><\/figure> <\/figure>    <p class=\"translation-block\">Est\u00e1n empaquetados uniformemente en cajas de madera de alta calidad, lo que contin\u00faa protegiendo la calidad de nuestros productos. Nuestras m\u00e1quinas extractoras de jugo se exportan a Pakist\u00e1n, Sri Lanka, etc. Est\u00e1n muy satisfechos con nuestros productos y servicios, por lo que tenemos muchos clientes recurrentes. Si desea lavar y pelar sus frutas y verduras antes de exprimir, tambi\u00e9n tenemos <em> <\/em><a href=\"https:\/\/fvmachinery.com\/es\/product\/potato-washing-and-peeling-machine\/\" data-type=\"link\" data-id=\"https:\/\/fvmachinery.com\/product\/potato-washing-and-peeling-machine\/\"><em><strong>m\u00e1quinas de lavado<\/strong><\/em> <\/a> y <strong><em><a href=\"https:\/\/fvmachinery.com\/es\/product\/carrot-peeling-machine\/\" data-type=\"link\" data-id=\"https:\/\/fvmachinery.com\/product\/carrot-peeling-machine\/\">m\u00e1quinas de pelar<\/a><\/em><\/strong> para frutas y verduras disponibles.  <\/p>","protected":false},"excerpt":{"rendered":"<p>Fruit juice machines can produce the original juice. It has slag juice separation and large caliber features. Very little noise, juicing very quickly, more juice, slag dry, and much stronger than other plus products, the key is not to take up space, and cleaning is also very convenient. No need to add water, the advantages [&hellip;]<\/p>\n","protected":false},"author":1,"featured_media":601,"parent":0,"template":"","tags":[],"product-type":[30],"class_list":["post-600","product","type-product","status-publish","has-post-thumbnail","hentry","product-type-juicing-machine"],"_links":{"self":[{"href":"https:\/\/fvmachinery.com\/es\/wp-json\/wp\/v2\/product\/600","targetHints":{"allow":["GET"]}}],"collection":[{"href":"https:\/\/fvmachinery.com\/es\/wp-json\/wp\/v2\/product"}],"about":[{"href":"https:\/\/fvmachinery.com\/es\/wp-json\/wp\/v2\/types\/product"}],"author":[{"embeddable":true,"href":"https:\/\/fvmachinery.com\/es\/wp-json\/wp\/v2\/users\/1"}],"wp:featuredmedia":[{"embeddable":true,"href":"https:\/\/fvmachinery.com\/es\/wp-json\/wp\/v2\/media\/601"}],"wp:attachment":[{"href":"https:\/\/fvmachinery.com\/es\/wp-json\/wp\/v2\/media?parent=600"}],"wp:term":[{"taxonomy":"post_tag","embeddable":true,"href":"https:\/\/fvmachinery.com\/es\/wp-json\/wp\/v2\/tags?post=600"},{"taxonomy":"product-type","embeddable":true,"href":"https:\/\/fvmachinery.com\/es\/wp-json\/wp\/v2\/product-type?post=600"}],"curies":[{"name":"wp","href":"https:\/\/api.w.org\/{rel}","templated":true}]}}