{"id":610,"date":"2023-10-11T17:51:48","date_gmt":"2023-10-11T09:51:48","guid":{"rendered":"https:\/\/fvmachinery.com\/?post_type=product&#038;p=610"},"modified":"2024-04-17T08:55:49","modified_gmt":"2024-04-17T00:55:49","slug":"passion-fruit-juice-extractor","status":"publish","type":"product","link":"https:\/\/fvmachinery.com\/es\/product\/passion-fruit-juice-extractor\/","title":{"rendered":"Extractor de jugo de maracuy\u00e1"},"content":{"rendered":"<p>El exprimidor de maracuy\u00e1 est\u00e1 equipado con cuchillas afiladas y duraderas, y el colador est\u00e1 hecho de fibras sint\u00e9ticas con orificios de tama\u00f1o mediano para separar completamente la c\u00e1scara de la pulpa. El zumo del exprimidor de maracuy\u00e1 no se ve afectado por la manipulaci\u00f3n y tiene un sabor excepcionalmente rico. Este modelo est\u00e1 equipado con un motor de 2,2kw, f\u00e1cil de operar, jugo r\u00e1pido, apto para restaurantes, hoteles, tiendas de bebidas, y todo tipo de lugares de ocio, etc.<\/p>    <figure class=\"wp-block-image size-full\"><img loading=\"lazy\" decoding=\"async\" width=\"720\" height=\"540\" src=\"https:\/\/fvmachinery.com\/wp-content\/uploads\/2023\/10\/Passion-Fruit-Juice-Extractor-2-1.webp\" alt=\"Extractor-de-jugo-de-maracuy\u00e1\" class=\"wp-image-621\" title=\"\" srcset=\"https:\/\/fvmachinery.com\/wp-content\/uploads\/2023\/10\/Passion-Fruit-Juice-Extractor-2-1.webp 720w, https:\/\/fvmachinery.com\/wp-content\/uploads\/2023\/10\/Passion-Fruit-Juice-Extractor-2-1-300x225.webp 300w\" sizes=\"auto, (max-width: 720px) 100vw, 720px\" \/><figcaption class=\"wp-element-caption\">Extractor-de-jugo-de-maracuy\u00e1<\/figcaption><\/figure>    <h2 class=\"wp-block-heading\">Principio de funcionamiento del exprimidor de maracuy\u00e1<\/h2>    <p>El exprimidor de maracuy\u00e1 consta principalmente de una trituradora especial, un cilindro de separaci\u00f3n, un tanque de recolecci\u00f3n de l\u00edquido, un cilindro de semillas, un marco, una pieza de transmisi\u00f3n, etc. <\/p>    <figure class=\"wp-block-gallery has-nested-images columns-default is-cropped wp-block-gallery-2 is-layout-flex wp-block-gallery-is-layout-flex\"> <figure class=\"wp-block-image size-large\"><img loading=\"lazy\" decoding=\"async\" width=\"720\" height=\"540\" data-id=\"618\" src=\"https:\/\/fvmachinery.com\/wp-content\/uploads\/2023\/10\/juice.webp\" alt=\"jugo\" class=\"wp-image-618\" title=\"\" srcset=\"https:\/\/fvmachinery.com\/wp-content\/uploads\/2023\/10\/juice.webp 720w, https:\/\/fvmachinery.com\/wp-content\/uploads\/2023\/10\/juice-300x225.webp 300w\" sizes=\"auto, (max-width: 720px) 100vw, 720px\" \/><figcaption class=\"wp-element-caption\">Jugo producido por la m\u00e1quina exprimidora de maracuy\u00e1<\/figcaption><\/figure>    <figure class=\"wp-block-image size-large\"><img loading=\"lazy\" decoding=\"async\" width=\"720\" height=\"540\" data-id=\"617\" src=\"https:\/\/fvmachinery.com\/wp-content\/uploads\/2023\/10\/peel.webp\" alt=\"c\u00e1scara\" class=\"wp-image-617\" title=\"\" srcset=\"https:\/\/fvmachinery.com\/wp-content\/uploads\/2023\/10\/peel.webp 720w, https:\/\/fvmachinery.com\/wp-content\/uploads\/2023\/10\/peel-300x225.webp 300w\" sizes=\"auto, (max-width: 720px) 100vw, 720px\" \/><figcaption class=\"wp-element-caption\">C\u00e1scara producida por la m\u00e1quina exprimidora de maracuy\u00e1<\/figcaption><\/figure> <\/figure>    <p>Cuando el material ingresa a la trituradora desde el puerto de alimentaci\u00f3n, ingresa al cilindro separador despu\u00e9s de ser triturado por los dientes de un cuchillo triturador, el jugo, la pulpa y la c\u00e1scara ruedan en el cilindro separador, de modo que el jugo, la pulpa, y la c\u00e1scara se puede separar, la c\u00e1scara se descarga a trav\u00e9s de la tolva de residuos, y el jugo y la pulpa caen en el tanque colector de jugo y fluyen hacia el cilindro de siembra, y hay un raspador de silicona en el cilindro de siembra, que puede raspar el jugo. de los orificios del cilindro de siembra.<\/p>    <p> Luego fluir\u00e1 hacia el siguiente proceso a trav\u00e9s de la salida del jugo, y las semillas fluir\u00e1n por la salida de las semillas, logrando as\u00ed la separaci\u00f3n de la piel, las semillas y el jugo. Las semillas se descargan por la salida de semillas, logrando as\u00ed la separaci\u00f3n de la piel, las semillas y el jugo.<\/p>    <p class=\"translation-block\">Si necesitas limpiar frutas antes de exprimir, puedes usar la <strong><em><a href=\"https:\/\/fvmachinery.com\/es\/product\/potato-washing-and-peeling-machine\/\" data-type=\"link\" data-id=\"https:\/\/fvmachinery.com\/product\/potato-washing-and-peeling-machine\/\">m\u00e1quina de lavar frutas y verduras de nuestra empresa.<\/a><\/em><\/strong><\/p>    <figure class=\"wp-block-gallery has-nested-images columns-default is-cropped wp-block-gallery-3 is-layout-flex wp-block-gallery-is-layout-flex\"> <figure class=\"wp-block-image size-large\"><img loading=\"lazy\" decoding=\"async\" width=\"720\" height=\"540\" data-id=\"613\" src=\"https:\/\/fvmachinery.com\/wp-content\/uploads\/2023\/10\/Passion-Fruit-Juice-Extractor-1.webp\" alt=\"Extractor-de-jugo-de-maracuy\u00e1\" class=\"wp-image-613\" title=\"\" srcset=\"https:\/\/fvmachinery.com\/wp-content\/uploads\/2023\/10\/Passion-Fruit-Juice-Extractor-1.webp 720w, https:\/\/fvmachinery.com\/wp-content\/uploads\/2023\/10\/Passion-Fruit-Juice-Extractor-1-300x225.webp 300w\" sizes=\"auto, (max-width: 720px) 100vw, 720px\" \/><figcaption class=\"wp-element-caption\">Vista frontal del extractor de jugo de maracuy\u00e1<\/figcaption><\/figure>    <figure class=\"wp-block-image size-large\"><img loading=\"lazy\" decoding=\"async\" width=\"720\" height=\"540\" data-id=\"612\" src=\"https:\/\/fvmachinery.com\/wp-content\/uploads\/2023\/10\/Passion-Fruit-Juicing-machine.webp\" alt=\"M\u00e1quina-de-jugo-de-fruta-de-la-pasi\u00f3n\" class=\"wp-image-612\" title=\"\" srcset=\"https:\/\/fvmachinery.com\/wp-content\/uploads\/2023\/10\/Passion-Fruit-Juicing-machine.webp 720w, https:\/\/fvmachinery.com\/wp-content\/uploads\/2023\/10\/Passion-Fruit-Juicing-machine-300x225.webp 300w\" sizes=\"auto, (max-width: 720px) 100vw, 720px\" \/><figcaption class=\"wp-element-caption\">M\u00e1quina exprimidora de maracuy\u00e1 del lado lateral<\/figcaption><\/figure> <\/figure>    <h2 class=\"wp-block-heading\">Funcionamiento del exprimidor de maracuy\u00e1.<\/h2>    <ul class=\"wp-block-list\"> <li> Primero verifique la parte de rotaci\u00f3n, si la rotaci\u00f3n es flexible y si la correa y la cadena est\u00e1n demasiado flojas;<\/li>    <li> Al arrancar el motor, preste atenci\u00f3n a si las se\u00f1ales de direcci\u00f3n y de direcci\u00f3n son consistentes;<\/li>    <li>En el proceso de uso, debemos verificar la tasa de trituraci\u00f3n, el grado neto de eliminaci\u00f3n de semillas y que la separaci\u00f3n de semillas y pulpa de fruta est\u00e9 limpia; si encuentra alg\u00fan problema, puede ajustar el espacio entre el raspador de goma y la pared del cilindro. en el cilindro de semillas;<\/li>    <li>Encienda la m\u00e1quina antes de alimentarla y det\u00e9ngala solo despu\u00e9s de que se hayan descargado todas las semillas y la pulpa, para facilitar la limpieza de la m\u00e1quina despu\u00e9s de detenerla, ya que puede agregar la trituradora y el tanque de recolecci\u00f3n de jugo con las semillas adheridas. una cantidad adecuada de agua para el enjuague, de modo que facilite la descarga de las semillas;<\/li>    <li>El material de la m\u00e1quina no se mezclar\u00e1 con hierro, piedra u otros objetos duros para no da\u00f1ar la m\u00e1quina;<\/li> <\/ul>    <figure class=\"wp-block-embed is-type-video is-provider-youtube wp-block-embed-youtube wp-embed-aspect-16-9 wp-has-aspect-ratio\"><div class=\"wp-block-embed__wrapper\"> <iframe loading=\"lazy\" title=\"M\u00e1quinas comerciales de jugo de maracuy\u00e1: impulsando su negocio #fruitjuice #juicermachine #fruit\" width=\"500\" height=\"281\" src=\"https:\/\/www.youtube.com\/embed\/n4DTRAIXpu4?feature=oembed\" frameborder=\"0\" allow=\"accelerometer; autoplay; clipboard-write; encrypted-media; gyroscope; picture-in-picture; web-share\" referrerpolicy=\"strict-origin-when-cross-origin\" allowfullscreen><\/iframe> <\/div><\/figure>    <h2 class=\"wp-block-heading\">Par\u00e1metro del extractor de jugo de maracuy\u00e1.<\/h2>    <figure class=\"wp-block-table\"><table><tbody><tr><td>Modelo<\/td><td>TZ-GZJ-1<\/td><\/tr><tr><td>Capacidad<\/td><td>0.5-1T\/H<\/td><\/tr><tr><td>Fuerza<\/td><td>2,2 KW<\/td><\/tr><tr><td>Tama\u00f1o<\/td><td>1900\u00d7850\u00d72260mm<\/td><\/tr><\/tbody><\/table><figcaption class=\"wp-element-caption\">Par\u00e1metro del extractor de jugo de maracuy\u00e1.<\/figcaption><\/figure>    <h2 class=\"wp-block-heading\">Perspectiva de mercado del extractor de jugo de maracuy\u00e1.<\/h2>    <p>La maracuy\u00e1 es una fruta nutritiva, rica en vitaminas, minerales y fibra diet\u00e9tica, con una variedad de beneficios para la salud. En los Estados Unidos, Europa, la regi\u00f3n de Medio Oriente y otros pa\u00edses, en los \u00faltimos a\u00f1os, el consumo de maracuy\u00e1 ha ido creciendo, el jugo de maracuy\u00e1 es escaso y puede generar buenas ganancias para los comerciantes, aproximadamente medio a\u00f1o a recuperar costos.<\/p>    <h2 class=\"wp-block-heading\">\u00bfC\u00f3mo mantener adecuadamente el extractor de jugo de maracuy\u00e1?<\/h2>    <ul class=\"wp-block-list\"> <li><strong>Limpieza inmediata<\/strong>: despu\u00e9s de usar el extractor de jugo de maracuy\u00e1, aseg\u00farese de limpiarlo inmediatamente. Simplemente puede enjuagar las part\u00edculas grandes de orujo con agua limpia y luego desmontar las piezas extra\u00edbles (como filtros, componentes de las cuchillas, etc.) para una limpieza profunda.<\/li>    <li><strong>Limpieza detallada<\/strong>: para los huecos y las partes de la cuchilla que son dif\u00edciles de limpiar, puede utilizar un cepillo de limpieza especial o un pa\u00f1o suave para limpiar con cuidado.<\/li>    <li><strong>Partes secas<\/strong>: las piezas limpiadas deben colocarse en un lugar ventilado para que se sequen de forma natural. No utilices un trapo para secarlos para evitar que queden fibras.<\/li> <\/ul>","protected":false},"excerpt":{"rendered":"<p>Passion fruit juicer is equipped with sharp and durable blades, and the strainer is made of synthetic fibers with medium-sized holes to thoroughly separate the peel from the pulp. The juice from the passion fruit juicer is unaffected by handling and has an exceptionally rich flavor. This model is equipped with a 2.2kw motor, easy [&hellip;]<\/p>\n","protected":false},"author":1,"featured_media":621,"parent":0,"template":"","tags":[],"product-type":[30],"class_list":["post-610","product","type-product","status-publish","has-post-thumbnail","hentry","product-type-juicing-machine"],"_links":{"self":[{"href":"https:\/\/fvmachinery.com\/es\/wp-json\/wp\/v2\/product\/610","targetHints":{"allow":["GET"]}}],"collection":[{"href":"https:\/\/fvmachinery.com\/es\/wp-json\/wp\/v2\/product"}],"about":[{"href":"https:\/\/fvmachinery.com\/es\/wp-json\/wp\/v2\/types\/product"}],"author":[{"embeddable":true,"href":"https:\/\/fvmachinery.com\/es\/wp-json\/wp\/v2\/users\/1"}],"wp:featuredmedia":[{"embeddable":true,"href":"https:\/\/fvmachinery.com\/es\/wp-json\/wp\/v2\/media\/621"}],"wp:attachment":[{"href":"https:\/\/fvmachinery.com\/es\/wp-json\/wp\/v2\/media?parent=610"}],"wp:term":[{"taxonomy":"post_tag","embeddable":true,"href":"https:\/\/fvmachinery.com\/es\/wp-json\/wp\/v2\/tags?post=610"},{"taxonomy":"product-type","embeddable":true,"href":"https:\/\/fvmachinery.com\/es\/wp-json\/wp\/v2\/product-type?post=610"}],"curies":[{"name":"wp","href":"https:\/\/api.w.org\/{rel}","templated":true}]}}