{"id":664,"date":"2023-11-07T10:32:31","date_gmt":"2023-11-07T02:32:31","guid":{"rendered":"https:\/\/fvmachinery.com\/?post_type=product&#038;p=664"},"modified":"2023-11-24T13:30:55","modified_gmt":"2023-11-24T05:30:55","slug":"pepper-chopper-machine","status":"publish","type":"product","link":"https:\/\/fvmachinery.com\/es\/product\/maquina-picadora-de-pimienta\/","title":{"rendered":"M\u00e1quina picadora de pimienta"},"content":{"rendered":"<p>La m\u00e1quina picadora de pimientos es un tipo de m\u00e1quina que se utiliza para cortar verduras en secciones; no solo se puede utilizar para cortar chiles, sino tambi\u00e9n puerros, cebolletas, tofu, ra\u00edz de loto, etc. Chili Pepper Slicer es realmente una buena ayuda para la industria de restaurantes y las plantas de procesamiento de alimentos.<\/p>    <figure class=\"wp-block-image size-full\"><img loading=\"lazy\" decoding=\"async\" width=\"720\" height=\"540\" src=\"https:\/\/fvmachinery.com\/wp-content\/uploads\/2023\/11\/pepper-chopping-machine.webp\" alt=\"maquina para picar pimientos\" class=\"wp-image-665\" title=\"\" srcset=\"https:\/\/fvmachinery.com\/wp-content\/uploads\/2023\/11\/pepper-chopping-machine.webp 720w, https:\/\/fvmachinery.com\/wp-content\/uploads\/2023\/11\/pepper-chopping-machine-300x225.webp 300w\" sizes=\"auto, (max-width: 720px) 100vw, 720px\" \/><figcaption class=\"wp-element-caption\">M\u00e1quina para picar pimientos<\/figcaption><\/figure>    <h2 class=\"wp-block-heading\">Ventajas de la m\u00e1quina picadora de pimienta<\/h2>    <p>Cortar alimentos picantes y estimulantes como los chiles y las cebollas no solo es una p\u00e9rdida de tiempo, sino tambi\u00e9n un inconveniente, y los residuos tambi\u00e9n provocar\u00e1n molestias. <\/p>    <p>La m\u00e1quina picadora de pimientos est\u00e1 hecha de acero inoxidable, que es seguro para cortar, f\u00e1cil de limpiar y libre de \u00f3xido. La superficie de corte es lisa y hermosa. Un cortador de segmentos de chile no solo puede cortar chiles r\u00e1pidamente y en grandes cantidades, sino que tambi\u00e9n puede cortar segmentos de chile de tama\u00f1o uniforme.<\/p>    <p class=\"translation-block\"> Ya sea para cocinar o para el procesamiento posterior de salsa de chile, etc. El corte de acero inoxidable de grado alimenticio es tambi\u00e9n m\u00e1s higi\u00e9nico en comparaci\u00f3n con el corte manual. Una amplia variedad de opciones de cortadoras de verduras est\u00e1n disponibles en la f\u00e1brica de maquinaria Taizy: <em><strong><a href=\"https:\/\/fvmachinery.com\/es\/ginger-slicing-machine\/\" data-type=\"link\" data-id=\"https:\/\/fvmachinery.com\/product\/ginger-slicing-machine\/\">rebanadora de jengibre<\/a><\/strong><\/em>, <strong><em><a href=\"https:\/\/fvmachinery.com\/es\/product\/vegetable-slicer-machine\/\" data-type=\"link\" data-id=\"https:\/\/fvmachinery.com\/product\/vegetable-slicer-machine\/\">cortadora de cebolla<\/a><\/em><\/strong>, y as\u00ed sucesivamente.<\/p>    <figure class=\"wp-block-embed is-type-video is-provider-youtube wp-block-embed-youtube wp-embed-aspect-16-9 wp-has-aspect-ratio\"><div class=\"wp-block-embed__wrapper\"> <iframe loading=\"lazy\" title=\"M\u00e1quina para picar pimientos: te permite decir adi\u00f3s a las manos del chile #cuttingmachine #pepper #chili\" width=\"500\" height=\"281\" src=\"https:\/\/www.youtube.com\/embed\/YQFXzPhYnj0?feature=oembed\" frameborder=\"0\" allow=\"accelerometer; autoplay; clipboard-write; encrypted-media; gyroscope; picture-in-picture; web-share\" referrerpolicy=\"strict-origin-when-cross-origin\" allowfullscreen><\/iframe> <\/div><\/figure>    <h2 class=\"wp-block-heading\">\u00bfC\u00f3mo utilizar la m\u00e1quina picadora de pimientos?<\/h2>    <p>Introducimos los chiles limpios desde el puerto de alimentaci\u00f3n, y los chiles pasan a trav\u00e9s de las tres cuchillas giratorias de alta velocidad dentro de la pared del cilindro, y se cortan instant\u00e1neamente en segmentos y salen limpiamente del puerto de descarga.<\/p>    <p>Antes de utilizarla, debemos leer atentamente c\u00f3mo utilizar la m\u00e1quina de forma segura. No utilice las manos ni otros objetos cerca del cortador durante su uso; debe prestar atenci\u00f3n al uso de equipo de protecci\u00f3n, como guantes protectores, gafas protectoras, etc. Despu\u00e9s del uso, desconecte la alimentaci\u00f3n a tiempo y limpie el equipo.<\/p>    <figure class=\"wp-block-gallery has-nested-images columns-default is-cropped wp-block-gallery-2 is-layout-flex wp-block-gallery-is-layout-flex\"> <figure class=\"wp-block-image size-large\"><img loading=\"lazy\" decoding=\"async\" width=\"720\" height=\"540\" data-id=\"667\" src=\"https:\/\/fvmachinery.com\/wp-content\/uploads\/2023\/11\/side-view-of-pepper-chpper.webp\" alt=\"vista lateral del picador de pimientos\" class=\"wp-image-667\" title=\"\" srcset=\"https:\/\/fvmachinery.com\/wp-content\/uploads\/2023\/11\/side-view-of-pepper-chpper.webp 720w, https:\/\/fvmachinery.com\/wp-content\/uploads\/2023\/11\/side-view-of-pepper-chpper-300x225.webp 300w\" sizes=\"auto, (max-width: 720px) 100vw, 720px\" \/><figcaption class=\"wp-element-caption\">Vista lateral del picador de pimiento<\/figcaption><\/figure>    <figure class=\"wp-block-image size-large\"><img loading=\"lazy\" decoding=\"async\" width=\"720\" height=\"540\" data-id=\"666\" src=\"https:\/\/fvmachinery.com\/wp-content\/uploads\/2023\/11\/control-boards-and-heat-sinks.webp\" alt=\"tableros de control y disipadores de calor\" class=\"wp-image-666\" title=\"\" srcset=\"https:\/\/fvmachinery.com\/wp-content\/uploads\/2023\/11\/control-boards-and-heat-sinks.webp 720w, https:\/\/fvmachinery.com\/wp-content\/uploads\/2023\/11\/control-boards-and-heat-sinks-300x225.webp 300w\" sizes=\"auto, (max-width: 720px) 100vw, 720px\" \/><figcaption class=\"wp-element-caption\">Tableros de control y disipadores de calor<\/figcaption><\/figure> <\/figure>    <h2 class=\"wp-block-heading\">Aplicaci\u00f3n de la m\u00e1quina picadora de pimientos<\/h2>    <p>Una m\u00e1quina picadora de pimientos puede cortar los chiles en segmentos uniformes, que pueden usarse para procesar salsa de chile, pimientos picados, aceite de chile y otros productos alimenticios.<\/p>    <p>Puede cortar f\u00e1cilmente ra\u00edces de loto, cebollas y todo tipo de vegetales verdes. La cortadora de chiles es adecuada tanto para el procesamiento de alimentos como para la industria de la restauraci\u00f3n para mejorar la productividad y ahorrar costes. Corta los segmentos de manera uniforme haciendo que los productos terminados sean m\u00e1s hermosos y propicios para las ventas.<\/p>    <figure class=\"wp-block-gallery has-nested-images columns-default is-cropped wp-block-gallery-3 is-layout-flex wp-block-gallery-is-layout-flex\"> <figure class=\"wp-block-image size-large\"><img loading=\"lazy\" decoding=\"async\" width=\"720\" height=\"540\" data-id=\"671\" src=\"https:\/\/fvmachinery.com\/wp-content\/uploads\/2023\/11\/bean-curd-cut-by-pepper-chopper-machine.webp\" alt=\"cuajada de frijol cortada por una m\u00e1quina picadora de pimienta\" class=\"wp-image-671\" title=\"\" srcset=\"https:\/\/fvmachinery.com\/wp-content\/uploads\/2023\/11\/bean-curd-cut-by-pepper-chopper-machine.webp 720w, https:\/\/fvmachinery.com\/wp-content\/uploads\/2023\/11\/bean-curd-cut-by-pepper-chopper-machine-300x225.webp 300w\" sizes=\"auto, (max-width: 720px) 100vw, 720px\" \/><figcaption class=\"wp-element-caption\">Reques\u00f3n de frijoles cortado por m\u00e1quina picadora de pimientos<\/figcaption><\/figure>    <figure class=\"wp-block-image size-large\"><img loading=\"lazy\" decoding=\"async\" width=\"720\" height=\"540\" data-id=\"670\" src=\"https:\/\/fvmachinery.com\/wp-content\/uploads\/2023\/11\/vegetables-chopped-by-pepper-chopping-machine.webp\" alt=\"Verduras picadas por m\u00e1quina picadora de pimientos.\" class=\"wp-image-670\" title=\"\" srcset=\"https:\/\/fvmachinery.com\/wp-content\/uploads\/2023\/11\/vegetables-chopped-by-pepper-chopping-machine.webp 720w, https:\/\/fvmachinery.com\/wp-content\/uploads\/2023\/11\/vegetables-chopped-by-pepper-chopping-machine-300x225.webp 300w\" sizes=\"auto, (max-width: 720px) 100vw, 720px\" \/><figcaption class=\"wp-element-caption\">Verduras picadas con m\u00e1quina picadora de pimientos<\/figcaption><\/figure> <\/figure>    <h2 class=\"wp-block-heading\"> <\/h2>    <h2 class=\"wp-block-heading\">Productos de alta calidad, servicio atento.<\/h2>    <p>Nuestras m\u00e1quinas se embalan uniformemente en cajas de madera de alta calidad antes del transporte para garantizar la calidad de nuestros productos. Taizy Machinery Factory export\u00f3 nuestra m\u00e1quina cortadora de chiles a Pakist\u00e1n, Rusia, Sri Lanka, etc. Est\u00e1n muy satisfechos con nuestros productos y servicios, por lo que recibimos muchos clientes habituales. Si desea obtener productos de alta calidad y gajos de verduras prolijos, Taizy ser\u00e1 su elecci\u00f3n.<\/p>    <h2 class=\"wp-block-heading\">Par\u00e1metros de la m\u00e1quina picadora de pimientos<\/h2>    <figure class=\"wp-block-table\"><table><tbody><tr><td>Modelo<\/td><td>TZ-CHD-80<\/td><\/tr><tr><td>Productividad<\/td><td>2500kg\/hora<\/td><\/tr><tr><td>Fuerza<\/td><td>2,2 kw<\/td><\/tr><tr><td>Peso<\/td><td>158 kilos<\/td><\/tr><tr><td>Tama\u00f1o<\/td><td>1200*660*1000mm<\/td><\/tr><\/tbody><\/table><figcaption class=\"wp-element-caption\">Par\u00e1metros de la m\u00e1quina picadora de pimientos<\/figcaption><\/figure>","protected":false},"excerpt":{"rendered":"<p>Pepper chopper machine is a kind of machine that is used to cut vegetables into sections, it can not only be used to cut chili peppers, but also leeks, scallions, bean curd, lotus root, and so on. Chili Pepper Slicer is really a good helper for the restaurant industry and food processing plants. Advantages of\u00a0Pepper [&hellip;]<\/p>\n","protected":false},"author":1,"featured_media":665,"parent":0,"template":"","tags":[],"product-type":[12],"class_list":["post-664","product","type-product","status-publish","has-post-thumbnail","hentry","product-type-cutting-machine"],"_links":{"self":[{"href":"https:\/\/fvmachinery.com\/es\/wp-json\/wp\/v2\/product\/664","targetHints":{"allow":["GET"]}}],"collection":[{"href":"https:\/\/fvmachinery.com\/es\/wp-json\/wp\/v2\/product"}],"about":[{"href":"https:\/\/fvmachinery.com\/es\/wp-json\/wp\/v2\/types\/product"}],"author":[{"embeddable":true,"href":"https:\/\/fvmachinery.com\/es\/wp-json\/wp\/v2\/users\/1"}],"wp:featuredmedia":[{"embeddable":true,"href":"https:\/\/fvmachinery.com\/es\/wp-json\/wp\/v2\/media\/665"}],"wp:attachment":[{"href":"https:\/\/fvmachinery.com\/es\/wp-json\/wp\/v2\/media?parent=664"}],"wp:term":[{"taxonomy":"post_tag","embeddable":true,"href":"https:\/\/fvmachinery.com\/es\/wp-json\/wp\/v2\/tags?post=664"},{"taxonomy":"product-type","embeddable":true,"href":"https:\/\/fvmachinery.com\/es\/wp-json\/wp\/v2\/product-type?post=664"}],"curies":[{"name":"wp","href":"https:\/\/api.w.org\/{rel}","templated":true}]}}