{"id":677,"date":"2023-11-08T14:10:50","date_gmt":"2023-11-08T06:10:50","guid":{"rendered":"https:\/\/fvmachinery.com\/?post_type=product&#038;p=677"},"modified":"2023-11-08T14:34:59","modified_gmt":"2023-11-08T06:34:59","slug":"apple-peeler-machine","status":"publish","type":"product","link":"https:\/\/fvmachinery.com\/es\/product\/apple-peeler-machine\/","title":{"rendered":"M\u00e1quina peladora de manzanas"},"content":{"rendered":"<p>La m\u00e1quina peladora de manzanas es una m\u00e1quina que pela y descorazona la fruta. La m\u00e1quina es adecuada para peras, papayas, melones, mangos, etc. Puede completar autom\u00e1ticamente los pasos de pelar, perforar el coraz\u00f3n, cortar por la mitad, proteger el color, etc. Es una herramienta indispensable para preparar frutas enlatadas, mermeladas y pronto.<\/p>    <figure class=\"wp-block-image size-full\"><img loading=\"lazy\" decoding=\"async\" width=\"720\" height=\"540\" src=\"https:\/\/fvmachinery.com\/wp-content\/uploads\/2023\/11\/apple-peeling-machine.webp\" alt=\"peladora de manzanas\" class=\"wp-image-680\" title=\"\" srcset=\"https:\/\/fvmachinery.com\/wp-content\/uploads\/2023\/11\/apple-peeling-machine.webp 720w, https:\/\/fvmachinery.com\/wp-content\/uploads\/2023\/11\/apple-peeling-machine-300x225.webp 300w\" sizes=\"auto, (max-width: 720px) 100vw, 720px\" \/><figcaption class=\"wp-element-caption\">M\u00e1quina peladora de manzanas<\/figcaption><\/figure>    <h2 class=\"wp-block-heading\">\u00bfPor qu\u00e9 necesitamos una m\u00e1quina peladora de manzanas?<\/h2>    <p>El pelado manual tradicional no s\u00f3lo lleva mucho tiempo, sino que los trabajadores son muy susceptibles a sufrir lesiones al utilizar cuchillos. El pelado manual no s\u00f3lo es ineficiente sino que tambi\u00e9n hace que la fruta albergue bacterias, lo que afecta la calidad del producto y reduce la producci\u00f3n general.<\/p>    <p>Las m\u00e1quinas peladoras de manzanas utilizan un proceso de producci\u00f3n totalmente automatizado; pelar, descorazonar y cortar solo una o dos personas pueden controlar la m\u00e1quina. No solo se pueden ahorrar costos laborales y garantizar la calidad del producto.<\/p>    <p>La superficie de las manzanas peladas con la peladora de manzanas es lisa y limpia, y los productos son m\u00e1s hermosos. La cantidad de solapas cortadas en una hora puede llegar a 1200, lo que puede mejorar la eficiencia y los beneficios econ\u00f3micos para los comerciantes.<\/p>    <figure class=\"wp-block-gallery has-nested-images columns-default is-cropped wp-block-gallery-2 is-layout-flex wp-block-gallery-is-layout-flex\"> <figure class=\"wp-block-image size-large\"><img loading=\"lazy\" decoding=\"async\" width=\"720\" height=\"540\" data-id=\"681\" src=\"https:\/\/fvmachinery.com\/wp-content\/uploads\/2023\/11\/apples-before-peeling.webp\" alt=\"manzanas antes de pelar\" class=\"wp-image-681\" title=\"\" srcset=\"https:\/\/fvmachinery.com\/wp-content\/uploads\/2023\/11\/apples-before-peeling.webp 720w, https:\/\/fvmachinery.com\/wp-content\/uploads\/2023\/11\/apples-before-peeling-300x225.webp 300w\" sizes=\"auto, (max-width: 720px) 100vw, 720px\" \/><figcaption class=\"wp-element-caption\">Manzanas antes de pelar<\/figcaption><\/figure>    <figure class=\"wp-block-image size-large\"><img loading=\"lazy\" decoding=\"async\" width=\"720\" height=\"540\" data-id=\"683\" src=\"https:\/\/fvmachinery.com\/wp-content\/uploads\/2023\/11\/apples-processed-by-apple-peeling-machine-1.webp\" alt=\"manzanas procesadas por una m\u00e1quina peladora de manzanas\" class=\"wp-image-683\" title=\"\" srcset=\"https:\/\/fvmachinery.com\/wp-content\/uploads\/2023\/11\/apples-processed-by-apple-peeling-machine-1.webp 720w, https:\/\/fvmachinery.com\/wp-content\/uploads\/2023\/11\/apples-processed-by-apple-peeling-machine-1-300x225.webp 300w\" sizes=\"auto, (max-width: 720px) 100vw, 720px\" \/><figcaption class=\"wp-element-caption\">Manzanas procesadas por m\u00e1quina peladora de manzanas<\/figcaption><\/figure> <\/figure>    <h2 class=\"wp-block-heading\">\u00bfC\u00f3mo utilizar la m\u00e1quina peladora de manzanas?<\/h2>    <p>Nos aseguramos de que todo est\u00e9 enchufado antes de encender la m\u00e1quina, usamos guantes antes de usarla y recordamos mantener las manos alejadas de las cuchillas afiladas.<\/p>    <p class=\"translation-block\">Con el fin de ahorrar tiempo y mejorar la eficiencia del trabajo, podemos elegir la <strong><em><a href=\"https:\/\/fvmachinery.com\/es\/product\/maquina-limpiadora-de-frutas-y-verduras\/\" data-type=\"link\" data-id=\"https:\/\/fvmachinery.com\/product\/fruit-and-vegetable-cleaning-machine\/\">m\u00e1quina de lavar manzanas<\/a> <\/em><\/strong>para lavar la piel de la manzana de forma limpia, colocamos las frutas limpias en la entrada de alimentaci\u00f3n, y las frutas son detectadas por la m\u00e1quina despu\u00e9s de que se determina la altura y el tama\u00f1o por la m\u00e1quina, entran en la siguiente secci\u00f3n de pelado, las agujas de acero resistentes a la corrosi\u00f3n fijan firmemente las frutas, y los afilados cuchillos peladores giran r\u00e1pidamente y con precisi\u00f3n, eliminando una delgada capa de piel en la superficie de las frutas.<\/p>    <p>Las frutas se transportan r\u00e1pidamente a la secci\u00f3n de deshuesado a trav\u00e9s de la funci\u00f3n de cinta transportadora. Despu\u00e9s del deshuesado, la fruta se corta en solapas, la pulpa y los granos se transportan desde diferentes salidas. Todo el proceso est\u00e1 totalmente automatizado y s\u00f3lo se necesita un peque\u00f1o n\u00famero de trabajadores para completar el procesamiento de la fruta.<\/p>    <figure class=\"wp-block-gallery has-nested-images columns-default is-cropped wp-block-gallery-3 is-layout-flex wp-block-gallery-is-layout-flex\"> <figure class=\"wp-block-image size-large\"><img loading=\"lazy\" decoding=\"async\" width=\"720\" height=\"540\" data-id=\"685\" src=\"https:\/\/fvmachinery.com\/wp-content\/uploads\/2023\/11\/side-view-of-apple-peeler-machine.webp\" alt=\"Vista lateral de la m\u00e1quina peladora de manzanas.\" class=\"wp-image-685\" title=\"\" srcset=\"https:\/\/fvmachinery.com\/wp-content\/uploads\/2023\/11\/side-view-of-apple-peeler-machine.webp 720w, https:\/\/fvmachinery.com\/wp-content\/uploads\/2023\/11\/side-view-of-apple-peeler-machine-300x225.webp 300w\" sizes=\"auto, (max-width: 720px) 100vw, 720px\" \/><figcaption class=\"wp-element-caption\">Vista lateral de la m\u00e1quina peladora de manzanas<\/figcaption><\/figure>    <figure class=\"wp-block-image size-large\"><img loading=\"lazy\" decoding=\"async\" width=\"720\" height=\"540\" data-id=\"684\" src=\"https:\/\/fvmachinery.com\/wp-content\/uploads\/2023\/11\/apple-peeler-is-processing-kiwis.webp\" alt=\"pelador de manzanas est\u00e1 procesando kiwis\" class=\"wp-image-684\" title=\"\" srcset=\"https:\/\/fvmachinery.com\/wp-content\/uploads\/2023\/11\/apple-peeler-is-processing-kiwis.webp 720w, https:\/\/fvmachinery.com\/wp-content\/uploads\/2023\/11\/apple-peeler-is-processing-kiwis-300x225.webp 300w\" sizes=\"auto, (max-width: 720px) 100vw, 720px\" \/><figcaption class=\"wp-element-caption\">Peladora de manzanas procesa kiwis<\/figcaption><\/figure> <\/figure>    <h2 class=\"wp-block-heading\">\u00bfC\u00f3mo elegir una m\u00e1quina peladora de manzanas?<\/h2>    <p>Desde el punto de vista material, damos prioridad al acero inoxidable apto para uso alimentario a la hora de elegir maquinaria alimentaria, para garantizar la seguridad, la higiene y la resistencia a la corrosi\u00f3n. La producci\u00f3n de maquinaria de Taizy cumple estrictamente con los est\u00e1ndares de la UE, la selecci\u00f3n de la m\u00e1quina es muy rigurosa y las m\u00e1quinas para alimentos est\u00e1n hechas de acero inoxidable 304.<\/p>    <p>De acuerdo con las necesidades espec\u00edficas, algunas m\u00e1quinas peladoras de manzanas solo tienen una \u00fanica funci\u00f3n de pelado. Esta m\u00e1quina peladora de manzanas producida por Taizy Machinery Factory no solo puede pelar sino tambi\u00e9n completar la extracci\u00f3n del coraz\u00f3n y el corte de solapas. Por supuesto, todas estas funciones tambi\u00e9n se pueden utilizar individualmente.<\/p>    <p>En cuanto a su uso, esta peladora de manzanas tiene una producci\u00f3n de hasta 1.000 rodajas por hora, lo que la hace ideal para todo tipo de plantas procesadoras que tengan una gran demanda de rodajas de manzana.<\/p>    <p>En t\u00e9rminos de precio, es importante considerar el presupuesto y el costo mientras se cumplen los requisitos, y las m\u00e1quinas de Taizy se fabrican y venden internamente para satisfacer a cada cliente al precio m\u00e1s bajo del mercado. Al mismo tiempo, garantizamos una gama completa de servicio postventa.<\/p>    <figure class=\"wp-block-gallery has-nested-images columns-default is-cropped wp-block-gallery-4 is-layout-flex wp-block-gallery-is-layout-flex\"> <figure class=\"wp-block-image size-large\"><img loading=\"lazy\" decoding=\"async\" width=\"720\" height=\"540\" data-id=\"687\" src=\"https:\/\/fvmachinery.com\/wp-content\/uploads\/2023\/11\/the-apple-peeler-can-peel-oranges.webp\" alt=\"el pelador de manzanas puede pelar naranjas\" class=\"wp-image-687\" title=\"\" srcset=\"https:\/\/fvmachinery.com\/wp-content\/uploads\/2023\/11\/the-apple-peeler-can-peel-oranges.webp 720w, https:\/\/fvmachinery.com\/wp-content\/uploads\/2023\/11\/the-apple-peeler-can-peel-oranges-300x225.webp 300w\" sizes=\"auto, (max-width: 720px) 100vw, 720px\" \/><figcaption class=\"wp-element-caption\">El pelador de manzanas puede pelar naranjas<\/figcaption><\/figure>    <figure class=\"wp-block-image size-large\"><img loading=\"lazy\" decoding=\"async\" width=\"720\" height=\"540\" data-id=\"686\" src=\"https:\/\/fvmachinery.com\/wp-content\/uploads\/2023\/11\/apple-peeler-for-peeling-oranges.webp\" alt=\"pelador de manzanas para pelar naranjas\" class=\"wp-image-686\" title=\"\" srcset=\"https:\/\/fvmachinery.com\/wp-content\/uploads\/2023\/11\/apple-peeler-for-peeling-oranges.webp 720w, https:\/\/fvmachinery.com\/wp-content\/uploads\/2023\/11\/apple-peeler-for-peeling-oranges-300x225.webp 300w\" sizes=\"auto, (max-width: 720px) 100vw, 720px\" \/><figcaption class=\"wp-element-caption\">Pelador de manzanas para pelar naranjas<\/figcaption><\/figure> <\/figure>    <h2 class=\"wp-block-heading\">Par\u00e1metros de la m\u00e1quina peladora de manzanas<\/h2>    <figure class=\"wp-block-table\"><table><tbody><tr><td>Fuerza<\/td><td>0,6 kw<\/td><\/tr><tr><td>Peso<\/td><td>320 kilos<\/td><\/tr><tr><td>Grosor de la piel<\/td><td>1-3 mm<\/td><\/tr><tr><td>altura de la fruta<\/td><td>40-120 mm<\/td><\/tr><tr><td>morir de fruta<\/td><td>40-100 mm<\/td><\/tr><tr><td>Capacidad<\/td><td>1200 piezas\/h<\/td><\/tr><tr><td>Tama\u00f1o<\/td><td>1700*850*1700mm<\/td><\/tr><\/tbody><\/table><figcaption class=\"wp-element-caption\">Par\u00e1metros de la m\u00e1quina peladora de manzanas<\/figcaption><\/figure>    <h2 class=\"wp-block-heading\"><\/h2>","protected":false},"excerpt":{"rendered":"<p>The apple peeler machine is a machine that peels and cores fruit. The machine is suitable for pears, papayas, melons, mangoes, etc. It can automatically complete the steps of peeling, poking the core, cutting in half, color protection, etc. It is an indispensable tool for making canned fruits, jams, and so on. Why Do We [&hellip;]<\/p>\n","protected":false},"author":1,"featured_media":680,"parent":0,"template":"","tags":[],"product-type":[13],"class_list":["post-677","product","type-product","status-publish","has-post-thumbnail","hentry","product-type-peeling-machine"],"_links":{"self":[{"href":"https:\/\/fvmachinery.com\/es\/wp-json\/wp\/v2\/product\/677","targetHints":{"allow":["GET"]}}],"collection":[{"href":"https:\/\/fvmachinery.com\/es\/wp-json\/wp\/v2\/product"}],"about":[{"href":"https:\/\/fvmachinery.com\/es\/wp-json\/wp\/v2\/types\/product"}],"author":[{"embeddable":true,"href":"https:\/\/fvmachinery.com\/es\/wp-json\/wp\/v2\/users\/1"}],"wp:featuredmedia":[{"embeddable":true,"href":"https:\/\/fvmachinery.com\/es\/wp-json\/wp\/v2\/media\/680"}],"wp:attachment":[{"href":"https:\/\/fvmachinery.com\/es\/wp-json\/wp\/v2\/media?parent=677"}],"wp:term":[{"taxonomy":"post_tag","embeddable":true,"href":"https:\/\/fvmachinery.com\/es\/wp-json\/wp\/v2\/tags?post=677"},{"taxonomy":"product-type","embeddable":true,"href":"https:\/\/fvmachinery.com\/es\/wp-json\/wp\/v2\/product-type?post=677"}],"curies":[{"name":"wp","href":"https:\/\/api.w.org\/{rel}","templated":true}]}}