{"id":68,"date":"2022-08-25T07:26:00","date_gmt":"2022-08-24T23:26:00","guid":{"rendered":"https:\/\/fvmachinery.com\/?post_type=product&#038;p=68"},"modified":"2025-10-28T14:26:26","modified_gmt":"2025-10-28T06:26:26","slug":"fruit-and-vegetable-cleaning-machine","status":"publish","type":"product","link":"https:\/\/fvmachinery.com\/es\/product\/maquina-limpiadora-de-frutas-y-verduras\/","title":{"rendered":"M\u00e1quina limpiadora de frutas y verduras | Lavadora de tomates"},"content":{"rendered":"<p>La m\u00e1quina limpiadora de frutas y verduras adopta tecnolog\u00eda de pulverizaci\u00f3n y volteo de burbujas para limpiar todo tipo de frutas y verduras. La lavadora autom\u00e1tica de tomates Taizy se ha exportado a Australia, Turqu\u00eda, M\u00e9xico y muchos otros pa\u00edses; cont\u00e1ctenos si las necesita.<\/p>   <div class=\"wp-block-image\"> <figure class=\"aligncenter size-full\"><img loading=\"lazy\" decoding=\"async\" width=\"720\" height=\"540\" src=\"https:\/\/fvmachinery.com\/wp-content\/uploads\/2022\/08\/bubble-type-washing-machine1.webp\" alt=\"lavadora tipo burbuja\" class=\"wp-image-160\" title=\"\" srcset=\"https:\/\/fvmachinery.com\/wp-content\/uploads\/2022\/08\/bubble-type-washing-machine1.webp 720w, https:\/\/fvmachinery.com\/wp-content\/uploads\/2022\/08\/bubble-type-washing-machine1-300x225.webp 300w\" sizes=\"auto, (max-width: 720px) 100vw, 720px\" \/><figcaption>lavadora tipo burbuja<\/figcaption><\/figure> <\/div>  <div class=\"wp-block-image\"> <figure class=\"aligncenter size-full\"><img loading=\"lazy\" decoding=\"async\" width=\"720\" height=\"540\" src=\"https:\/\/fvmachinery.com\/wp-content\/uploads\/2022\/08\/washing-machine1.webp\" alt=\"\" class=\"wp-image-203\" title=\"\" srcset=\"https:\/\/fvmachinery.com\/wp-content\/uploads\/2022\/08\/washing-machine1.webp 720w, https:\/\/fvmachinery.com\/wp-content\/uploads\/2022\/08\/washing-machine1-300x225.webp 300w\" sizes=\"auto, (max-width: 720px) 100vw, 720px\" \/><\/figure> <\/div>   <h2 class=\"wp-block-heading\" id=\"h-application-of-fruit-and-vegetable-cleaning-machine\">Aplicaci\u00f3n de la m\u00e1quina limpiadora de frutas y verduras.<\/h2>    <p>El limpiador de burbujas vegetal puede limpiar una variedad de materiales, incluidas frutas, verduras y productos acu\u00e1ticos. La lavadora tipo burbuja eliminar\u00e1 las impurezas y mantendr\u00e1 el color original.<br>Frutas: manzana, pera, naranja, uva, mango, melocot\u00f3n, tomate, ar\u00e1ndano, fresa, cereza, etc.<br>Verduras: patata, berenjena, pepino, cebolla, pimiento, lechuga, repollo, ra\u00edz de loto, batata, taro, okra, etc.<br>Productos acu\u00e1ticos: algas, conchas, algas marinas, pulpos, camarones, peces, etc.<\/p>    <h2 class=\"wp-block-heading\" id=\"h-structure-of-bubble-washing-machine\">Estructura de la lavadora de burbujas.<\/h2>    <p>El equipo de la lavadora de burbujas para frutas y verduras est\u00e1 compuesto por una cinta transportadora de malla, un dispositivo de lavado por aspersi\u00f3n y un tanque de recolecci\u00f3n de agua. Los componentes incluyen un motor, un amplificador de v\u00f3rtice, un tanque de filtro, una tuber\u00eda y boquilla de agua, un controlador de gabinete electr\u00f3nico, etc.<\/p>    <h2 class=\"wp-block-heading\" id=\"h-advanced-design-of-automatic-vegetable-washing-machine\">Dise\u00f1o avanzado de lavadora autom\u00e1tica de verduras.<\/h2>    <ol class=\"wp-block-list\"><li>La lavadora autom\u00e1tica de verduras est\u00e1 hecha de acero inoxidable SUS304 de alta calidad, que es de calidad superior y cumple con los requisitos de calidad alimentaria, lo que puede garantizar la calidad y seguridad de los alimentos. No importa cu\u00e1nto tiempo uses la m\u00e1quina, la lavadora de tomates no se oxidar\u00e1.<\/li><li>La m\u00e1quina limpiadora de frutas y verduras viene con una funci\u00f3n de pulverizaci\u00f3n secundaria con tanque de agua filtrante de recirculaci\u00f3n para reciclar el agua de limpieza, ahorrando m\u00e1s de 80% de agua para los clientes.<\/li><li>La lavadora de verduras puede realizar un lavado continuo autom\u00e1tico y la eficiencia del lavado es m\u00e1s de tres veces mayor que el m\u00e9todo de lavado manual convencional.<\/li><\/ol>    <h2 class=\"wp-block-heading\" id=\"h-fruit-and-vegetable-washer-working-process\">Proceso de trabajo de la lavadora de frutas y verduras.<\/h2>    <p>Cuando el material ingresa a la m\u00e1quina limpiadora de frutas y verduras, por la acci\u00f3n del agua a alta presi\u00f3n y fuertes burbujas, las frutas y verduras se voltean por completo y los residuos adheridos a la superficie se eliminan. El sedimento lavado de la superficie del material se hunde en el recipiente de aislamiento inferior, por lo tanto, no volver\u00e1 a caer y causar\u00e1 contaminaci\u00f3n del agua. Los desechos y peque\u00f1os insectos que flotan en el agua se recogen a trav\u00e9s de la malla del mecanismo de eliminaci\u00f3n de desechos. El material lavado sale del agua y luego ser\u00e1 lavado nuevamente mediante un dispositivo rociador. Las frutas y verduras limpias se enviar\u00e1n al siguiente proceso.<\/p>    <figure class=\"wp-block-embed is-type-video is-provider-youtube wp-block-embed-youtube wp-embed-aspect-16-9 wp-has-aspect-ratio\"><div class=\"wp-block-embed__wrapper\"> <iframe loading=\"lazy\" title=\"L\u00ednea de lavado comercial de patatas | \u00bfC\u00f3mo limpiar una gran cantidad de patatas de forma eficaz?\" width=\"500\" height=\"281\" src=\"https:\/\/www.youtube.com\/embed\/RkRness2lQU?feature=oembed\" frameborder=\"0\" allow=\"accelerometer; autoplay; clipboard-write; encrypted-media; gyroscope; picture-in-picture; web-share\" referrerpolicy=\"strict-origin-when-cross-origin\" allowfullscreen><\/iframe> <\/div><\/figure>    <h2 class=\"wp-block-heading\" id=\"h-how-to-operate-a-bubble-washing-machine\">\u00bfC\u00f3mo operar una lavadora de burbujas?<\/h2>    <ol class=\"wp-block-list\"><li>Conecte el motor principal de la m\u00e1quina limpiadora de frutas y verduras, la fuente de alimentaci\u00f3n de la correa de malla, la fuente de alimentaci\u00f3n de la bomba de aire y la fuente de alimentaci\u00f3n de la bomba de agua circulante, verifique el grado de integridad de la l\u00ednea de suministro de energ\u00eda y encienda la m\u00e1quina de prueba para ver si el equipo est\u00e1 en rotaci\u00f3n positiva, si est\u00e1 invertida, cambie dos l\u00edneas cualesquiera en \u00e9l.<\/li><li>Agregue la cantidad correcta de agua a la m\u00e1quina, luego ajuste la velocidad de funcionamiento de la correa de malla de acuerdo con los diferentes materiales y luego agregue los materiales.<\/li><li>Abra el motor de la bomba de aire, el motor de pulverizaci\u00f3n y el motor de la correa de malla, la lavadora de frutas y verduras comienza a funcionar.<\/li><\/ol>    <h2 class=\"wp-block-heading\" id=\"h-parameters-of-fruit-and-vegetable-cleaning-machine\">Par\u00e1metros de la m\u00e1quina limpiadora de frutas y verduras.<\/h2>    <figure class=\"wp-block-table\"><table><tbody><tr><td><strong>Modelo<\/strong><\/td><td><strong>Potencia del motor (kilovatios)<\/strong><\/td><td><strong>Capacidad de producci\u00f3n (kg\/h)<\/strong><\/td><td><strong>Peso (kg)<\/strong><\/td><td><strong>Dimensiones (mm)<\/strong><\/td><\/tr><tr><td>TZ-2500<\/td><td>3.75<\/td><td>500<\/td><td>180<\/td><td>2500*1000*1300<\/td><\/tr><tr><td>TZ-4000<\/td><td>4.1<\/td><td>800<\/td><td>400<\/td><td>4000*1200*1300<\/td><\/tr><tr><td>TZ-5000<\/td><td>5.1<\/td><td>1500<\/td><td>500<\/td><td>5000*1200*1300<\/td><\/tr><tr><td>TZ-6000<\/td><td>5.5<\/td><td>2000<\/td><td>600<\/td><td>6000*1200*1300<\/td><\/tr><\/tbody><\/table><\/figure>    <h2 class=\"wp-block-heading\">Consejos de mantenimiento para lavadora de burbujas.<\/h2>    <p class=\"translation-block\">Cualquier m\u00e1quina que se quiera usar durante mucho tiempo requiere un <a href=\"https:\/\/fvmachinery.com\/es\/Info\/maintainance-of-vegetable-washing-machine\/\">mantenimiento oportuno y un uso cuidadoso<\/a>. Entonces, lo mismo ocurre con la lavadora de verduras. Por ejemplo, las piezas que componen la m\u00e1quina deben ser revisadas regularmente por los empleados, y los engranajes y otras piezas deben engrasarse regularmente. Adem\u00e1s, los empleados pueden ajustar regularmente la tensi\u00f3n de la correa para aumentar la vida \u00fatil de la correa.<\/p>    <h2 class=\"wp-block-heading\" id=\"h-recommended-production-line\">L\u00ednea de producci\u00f3n recomendada<\/h2>    <p class=\"translation-block\">La <a href=\"https:\/\/fvmachinery.com\/es\/product\/linea-de-clasificacion-de-frutas-y-verduras\/\">l\u00ednea de lavado y clasificaci\u00f3n de frutas y verduras<\/a> es nuestro producto m\u00e1s vendido. La l\u00ednea completa incluye una m\u00e1quina de limpieza de frutas y verduras, una secadora de verduras, una clasificadora de verduras y una m\u00e1quina envasadora. La m\u00e1quina puede personalizarse seg\u00fan las demandas de los clientes. D\u00edganos sus materiales, presupuesto y capacidad, y nuestro gerente de ventas le proporcionar\u00e1 diferentes opciones. Si necesita una m\u00e1quina procesadora de alimentos, cont\u00e1ctenos ahora.<\/p>","protected":false},"excerpt":{"rendered":"<p>The fruit and vegetable cleaning machine adopts bubble tumbling and spraying technology to clean all kinds of fruits and vegetables. Taizy automatic tomato washing machine have been exported to Australia, Turkey, Mexico and many other countries, please contact us if you need them. Application of fruit and vegetable cleaning machine The vegetable bubble cleaner can [&hellip;]<\/p>\n","protected":false},"author":1,"featured_media":70,"parent":0,"template":"","tags":[19],"product-type":[4],"class_list":["post-68","product","type-product","status-publish","has-post-thumbnail","hentry","tag-fruit-vegetable-cleaning-machine","product-type-washing-machine"],"_links":{"self":[{"href":"https:\/\/fvmachinery.com\/es\/wp-json\/wp\/v2\/product\/68","targetHints":{"allow":["GET"]}}],"collection":[{"href":"https:\/\/fvmachinery.com\/es\/wp-json\/wp\/v2\/product"}],"about":[{"href":"https:\/\/fvmachinery.com\/es\/wp-json\/wp\/v2\/types\/product"}],"author":[{"embeddable":true,"href":"https:\/\/fvmachinery.com\/es\/wp-json\/wp\/v2\/users\/1"}],"wp:featuredmedia":[{"embeddable":true,"href":"https:\/\/fvmachinery.com\/es\/wp-json\/wp\/v2\/media\/70"}],"wp:attachment":[{"href":"https:\/\/fvmachinery.com\/es\/wp-json\/wp\/v2\/media?parent=68"}],"wp:term":[{"taxonomy":"post_tag","embeddable":true,"href":"https:\/\/fvmachinery.com\/es\/wp-json\/wp\/v2\/tags?post=68"},{"taxonomy":"product-type","embeddable":true,"href":"https:\/\/fvmachinery.com\/es\/wp-json\/wp\/v2\/product-type?post=68"}],"curies":[{"name":"wp","href":"https:\/\/api.w.org\/{rel}","templated":true}]}}