{"id":71,"date":"2022-08-25T07:41:49","date_gmt":"2022-08-24T23:41:49","guid":{"rendered":"https:\/\/fvmachinery.com\/?post_type=product&#038;p=71"},"modified":"2025-10-28T14:25:55","modified_gmt":"2025-10-28T06:25:55","slug":"potato-washing-and-peeling-machine","status":"publish","type":"product","link":"https:\/\/fvmachinery.com\/es\/product\/potato-washing-and-peeling-machine\/","title":{"rendered":"Lavadora y peladora de patatas"},"content":{"rendered":"<p class=\"translation-block\">La m\u00e1quina lavadora y peladora de patatas es uno de los equipos de procesamiento de frutas y verduras, que limpiar\u00e1 los materiales y pelar\u00e1 las verduras de ra\u00edz. Su alta automatizaci\u00f3n y amplio uso la hacen muy com\u00fan en plantas de procesamiento de frutas y verduras, como una <a href=\"https:\/\/fvmachinery.com\/es\/product\/ginger-powder-processing-plant\/\">planta de producci\u00f3n de jengibre en polvo<\/a>.<\/p>   <div class=\"wp-block-image\"> <figure class=\"aligncenter size-full\"><img loading=\"lazy\" decoding=\"async\" width=\"720\" height=\"540\" src=\"https:\/\/fvmachinery.com\/wp-content\/uploads\/2022\/08\/washing-and-peeling-machine1-1.webp\" alt=\"lavadora y peladora\" class=\"wp-image-201\" title=\"\" srcset=\"https:\/\/fvmachinery.com\/wp-content\/uploads\/2022\/08\/washing-and-peeling-machine1-1.webp 720w, https:\/\/fvmachinery.com\/wp-content\/uploads\/2022\/08\/washing-and-peeling-machine1-1-300x225.webp 300w\" sizes=\"auto, (max-width: 720px) 100vw, 720px\" \/><figcaption class=\"wp-element-caption\">lavadora y peladora de patatas<\/figcaption><\/figure> <\/div>  <div class=\"wp-block-image\"> <figure class=\"aligncenter size-full\"><img loading=\"lazy\" decoding=\"async\" width=\"720\" height=\"540\" src=\"https:\/\/fvmachinery.com\/wp-content\/uploads\/2022\/08\/potato-washing-and-peeling-machine1.webp\" alt=\"\" class=\"wp-image-184\" title=\"\" srcset=\"https:\/\/fvmachinery.com\/wp-content\/uploads\/2022\/08\/potato-washing-and-peeling-machine1.webp 720w, https:\/\/fvmachinery.com\/wp-content\/uploads\/2022\/08\/potato-washing-and-peeling-machine1-300x225.webp 300w\" sizes=\"auto, (max-width: 720px) 100vw, 720px\" \/><figcaption class=\"wp-element-caption\">lavadora y peladora de patatas<\/figcaption><\/figure> <\/div>   <h2 class=\"wp-block-heading\" id=\"h-applications-of-potato-washing-and-peeling-machine\">Aplicaciones de la lavadora y peladora de patatas.<\/h2>    <p>La lavadora de cepillos, tambi\u00e9n llamada lavadora de cepillos y rodillos, es adecuada para limpiar y pelar jengibre, zanahorias, papas, ra\u00edces de loto, mandioca, batatas y otros tub\u00e9rculos, y se usa com\u00fanmente en la l\u00ednea de producci\u00f3n de jengibre en polvo y en la l\u00ednea de limpieza de vegetales. Tambi\u00e9n es adecuado para lavar frutas como azufaifo, lim\u00f3n, naranja, pomelo, etc. Puede limpiar a fondo las manchas en la superficie de frutas y verduras.<\/p>    <h2 class=\"wp-block-heading\" id=\"h-cassava-washing-and-peeling-machine-structure\">Estructura de la m\u00e1quina lavadora y peladora de yuca.<\/h2>    <ol class=\"wp-block-list\"> <li>La lavadora de zanahorias se compone principalmente de un dispositivo de limpieza de cepillos, un dispositivo de pulverizaci\u00f3n de alta presi\u00f3n, un bastidor y un motor.<\/li>    <li>El dispositivo de limpieza con cepillo es una parte importante de una m\u00e1quina limpiadora de zanahorias. El cepillo puede frotar repetidamente para limpiar las impurezas de la superficie de la zanahoria y lograr la funci\u00f3n de pelado. La m\u00e1quina limpia las zanahorias m\u00e1s a fondo porque los cepillos pueden tocarse completamente y alcanzar la posici\u00f3n desigual de las zanahorias.<\/li>    <li>El dispositivo normalmente se coloca en la parte superior del tanque de limpieza y se conecta a la tuber\u00eda de agua. Su funci\u00f3n es proporcionar agua a alta presi\u00f3n mientras el cepillo frota las zanahorias, eliminando impurezas y c\u00e1scaras.<\/li> <\/ol>   <div class=\"wp-block-image\"> <figure class=\"aligncenter size-full\"><img loading=\"lazy\" decoding=\"async\" width=\"720\" height=\"540\" src=\"https:\/\/fvmachinery.com\/wp-content\/uploads\/2022\/08\/inside-structure-of-washing-ang-peeling-machine1.webp\" alt=\"Estructura interior de la lavadora y peladora\" class=\"wp-image-178\" title=\"\" srcset=\"https:\/\/fvmachinery.com\/wp-content\/uploads\/2022\/08\/inside-structure-of-washing-ang-peeling-machine1.webp 720w, https:\/\/fvmachinery.com\/wp-content\/uploads\/2022\/08\/inside-structure-of-washing-ang-peeling-machine1-300x225.webp 300w\" sizes=\"auto, (max-width: 720px) 100vw, 720px\" \/><figcaption class=\"wp-element-caption\">Estructura interior de la lavadora y peladora<\/figcaption><\/figure> <\/div>  <div class=\"wp-block-image\"> <figure class=\"aligncenter size-full\"><img loading=\"lazy\" decoding=\"async\" width=\"720\" height=\"540\" src=\"https:\/\/fvmachinery.com\/wp-content\/uploads\/2022\/08\/brush1.webp\" alt=\"cepillo para lavar y pelar\" class=\"wp-image-158\" title=\"\" srcset=\"https:\/\/fvmachinery.com\/wp-content\/uploads\/2022\/08\/brush1.webp 720w, https:\/\/fvmachinery.com\/wp-content\/uploads\/2022\/08\/brush1-300x225.webp 300w\" sizes=\"auto, (max-width: 720px) 100vw, 720px\" \/><figcaption class=\"wp-element-caption\">cepillo para lavar y pelar<\/figcaption><\/figure> <\/div>   <h2 class=\"wp-block-heading\">V\u00eddeo de lavadora y peladora de cepillos.<\/h2>    <figure class=\"wp-block-embed is-type-video is-provider-youtube wp-block-embed-youtube wp-embed-aspect-16-9 wp-has-aspect-ratio\"><div class=\"wp-block-embed__wrapper\"> <iframe loading=\"lazy\" title=\"Top 10 cepillo pelador y lavadora | Introducci\u00f3n a la m\u00e1quina lavadora y peladora de patatas.\" width=\"500\" height=\"281\" src=\"https:\/\/www.youtube.com\/embed\/hJ8XlGMAJfA?feature=oembed\" frameborder=\"0\" allow=\"accelerometer; autoplay; clipboard-write; encrypted-media; gyroscope; picture-in-picture; web-share\" referrerpolicy=\"strict-origin-when-cross-origin\" allowfullscreen><\/iframe> <\/div><\/figure>    <h2 class=\"wp-block-heading\" id=\"h-working-principle-of-potato-washing-and-peeling-machine\">Principio de funcionamiento de la lavadora y peladora de patatas.<\/h2>    <p>Las materias primas como zanahorias y patatas ingresan a la lavadora y peladora de manera uniforme a trav\u00e9s del transportador, y los rodillos del cepillo giran bajo el impulso del reductor de transmisi\u00f3n, lo que hace que los materiales giren continuamente y, por lo tanto, produzcan fricci\u00f3n, y las impurezas y c\u00e1scaras se eliminan. se cepilla y ingresa al fondo del dep\u00f3sito junto con el flujo de agua. <\/p>    <p>Al mismo tiempo, el cabezal rociador roc\u00eda agua a alta presi\u00f3n para enjuagar la superficie del material y garantizar su limpieza. El sedimento limpio y las c\u00e1scaras de frutas y verduras fluyen hacia el tanque de agua a trav\u00e9s del espacio de los rodillos del cepillo y se descargan por el puerto de descarga. La lavadora de zanahorias se puede fabricar de acuerdo con las necesidades espec\u00edficas de los clientes y tambi\u00e9n se puede agregar un dispositivo de limpieza por circulaci\u00f3n.<\/p>    <h2 class=\"wp-block-heading\" id=\"h-parameters-of-potato-washer-machine\">Par\u00e1metros de la lavadora de patatas.<\/h2>    <figure class=\"wp-block-table\"><table><tbody><tr><td><strong>Modelo<\/strong><\/td><td><strong>Fuerza de motor<\/strong><strong>&nbsp;<\/strong><strong>(kilovatios)<\/strong><\/td><td><strong>Capacidad de producci\u00f3n<\/strong><strong>&nbsp;<\/strong><strong>(kg\/h)<\/strong><\/td><td><strong>Tama\u00f1o (mm)<\/strong><strong><\/strong><\/td><\/tr><tr><td>TZ-800<\/td><td>1.1<\/td><td>700<\/td><td>1580*850*800<\/td><\/tr><tr><td>TZ-1000<\/td><td>1.5<\/td><td>1000<\/td><td>1780*850*800<\/td><\/tr><tr><td>TZ-1200<\/td><td>1.5<\/td><td>1200<\/td><td>1980*850*800<\/td><\/tr><tr><td>TZ-1500<\/td><td>2.2<\/td><td>1500<\/td><td>2280*850*800<\/td><\/tr><tr><td>TZ-1800<\/td><td>2.2<\/td><td>1800<\/td><td>2580*850*800<\/td><\/tr><tr><td>TZ-2000<\/td><td>3<\/td><td>2000<\/td><td>2780*850*800<\/td><\/tr><tr><td>TZ-2600<\/td><td>4<\/td><td>3000<\/td><td>3400*850*800<\/td><\/tr><\/tbody><\/table><\/figure>    <h2 class=\"wp-block-heading\">\u00bfPor qu\u00e9 es tan popular la m\u00e1quina lavadora y peladora de patatas?<\/h2>    <p>Con \u00e9nfasis en la salud alimentaria, muchos procesadores de alimentos utilizan limpiadores de cepillos en sus l\u00edneas de montaje. Esta limpieza de frutas y verduras de calidad alimentaria contribuye a\u00fan m\u00e1s a la protecci\u00f3n de la salud del consumidor.<\/p>    <p>En comparaci\u00f3n con la limpieza humana tradicional de frutas y verduras, la m\u00e1quina de limpieza con cepillo tiene las ventajas de una gran \u00e1rea de limpieza, ahorro de agua, alta eficiencia de limpieza, frutas y verduras desde la entrada, a trav\u00e9s de la transmisi\u00f3n por cadena, las frutas y verduras desde la direcci\u00f3n de La tolva de alimentaci\u00f3n gira la propulsi\u00f3n, mientras se abre el spray de limpieza autom\u00e1tico. En el proceso de avance se puede alcanzar una limpieza de 360\u00b0, la superficie de las manchas de frutas y verduras se limpia.<\/p>    <p>Dado que el limpiador de cepillos necesita limpiar y pelar diferentes frutas y verduras, el cepillo debe resistir la prueba. Los rodillos de cepillo de cumplimiento generalmente eligen material suave como la seda, resistencia a la fricci\u00f3n moderada y cerdas de nailon de alta elasticidad, y pueden penetrar profundamente en una variedad de frutas y verduras en el \u00e1rea ciega para su limpieza.<\/p>","protected":false},"excerpt":{"rendered":"<p>The potato washing and peeling machine is one of the vegetable and fruit processing equipment, which will clean materials and peel root vegetables. The highly automated and widely used make it very common in fruit and vegetable processing plant, such as a ginger powder production plant. Applications of potato washing and peeling machine Brush washing [&hellip;]<\/p>\n","protected":false},"author":1,"featured_media":73,"parent":0,"template":"","tags":[26],"product-type":[4],"class_list":["post-71","product","type-product","status-publish","has-post-thumbnail","hentry","tag-potato-washing-machine","product-type-washing-machine"],"_links":{"self":[{"href":"https:\/\/fvmachinery.com\/es\/wp-json\/wp\/v2\/product\/71","targetHints":{"allow":["GET"]}}],"collection":[{"href":"https:\/\/fvmachinery.com\/es\/wp-json\/wp\/v2\/product"}],"about":[{"href":"https:\/\/fvmachinery.com\/es\/wp-json\/wp\/v2\/types\/product"}],"author":[{"embeddable":true,"href":"https:\/\/fvmachinery.com\/es\/wp-json\/wp\/v2\/users\/1"}],"wp:featuredmedia":[{"embeddable":true,"href":"https:\/\/fvmachinery.com\/es\/wp-json\/wp\/v2\/media\/73"}],"wp:attachment":[{"href":"https:\/\/fvmachinery.com\/es\/wp-json\/wp\/v2\/media?parent=71"}],"wp:term":[{"taxonomy":"post_tag","embeddable":true,"href":"https:\/\/fvmachinery.com\/es\/wp-json\/wp\/v2\/tags?post=71"},{"taxonomy":"product-type","embeddable":true,"href":"https:\/\/fvmachinery.com\/es\/wp-json\/wp\/v2\/product-type?post=71"}],"curies":[{"name":"wp","href":"https:\/\/api.w.org\/{rel}","templated":true}]}}