{"id":732,"date":"2023-11-17T09:45:37","date_gmt":"2023-11-17T01:45:37","guid":{"rendered":"https:\/\/fvmachinery.com\/?post_type=product&#038;p=732"},"modified":"2023-11-17T17:27:06","modified_gmt":"2023-11-17T09:27:06","slug":"potato-mashing-machine","status":"publish","type":"product","link":"https:\/\/fvmachinery.com\/es\/product\/maquina-para-triturar-papas\/","title":{"rendered":"M\u00e1quina trituradora de patatas"},"content":{"rendered":"<p>Una m\u00e1quina trituradora de patatas es una m\u00e1quina que presiona r\u00e1pidamente las patatas hasta convertirlas en un pur\u00e9 fino. Puede hacer pur\u00e9 de una variedad de vegetales como batatas, zanahorias, calabazas, etc. La m\u00e1quina trituradora de papas es adecuada para la industria de catering as\u00ed como para plantas de procesamiento de productos de pur\u00e9 de papa. <\/p>   <div class=\"wp-block-image\"> <figure class=\"aligncenter size-full\"><img loading=\"lazy\" decoding=\"async\" width=\"720\" height=\"540\" src=\"https:\/\/fvmachinery.com\/wp-content\/uploads\/2023\/11\/potato-mashing-machine.webp\" alt=\"maquina para triturar papas\" class=\"wp-image-743\" title=\"\" srcset=\"https:\/\/fvmachinery.com\/wp-content\/uploads\/2023\/11\/potato-mashing-machine.webp 720w, https:\/\/fvmachinery.com\/wp-content\/uploads\/2023\/11\/potato-mashing-machine-300x225.webp 300w\" sizes=\"auto, (max-width: 720px) 100vw, 720px\" \/><figcaption class=\"wp-element-caption\">maquina para triturar papas<\/figcaption><\/figure> <\/div>   <h2 class=\"wp-block-heading\">\u00bfPor qu\u00e9 deber\u00edamos elegir una m\u00e1quina trituradora de patatas?<\/h2>    <p>El m\u00e9todo tradicional de hacer pur\u00e9 de patatas consiste en pelarlas, cortarlas en cubos, cocerlas al vapor o hervirlas y luego triturarlas con un tenedor o una cuchara. Este es un proceso bastante tedioso que requiere mucho tiempo y esfuerzo. El machacador de patatas solo necesita poner los trozos de patatas en la m\u00e1quina, elegir el engranaje adecuado y en unos minutos podr\u00e1 batir las patatas hasta obtener un pur\u00e9 fino, lo que ahorra mucho tiempo y trabajo.<\/p>    <p>El funcionamiento del machacador de patatas es muy sencillo, basta con introducir los cubos de patatas en la m\u00e1quina y elegir la marcha adecuada. Incluso los principiantes en la cocina pueden utilizarlo f\u00e1cilmente. La papa procesada por la m\u00e1quina tiene un sabor m\u00e1s delicado, y el m\u00e9todo tradicional de hacer pur\u00e9 de papas, incluso si las papas se trituran para que queden m\u00e1s delicadas, inevitablemente tendr\u00e1 granularidad. El machacador de patatas puede triturar las patatas hasta obtener un pur\u00e9 completamente sin cereales, que tiene una textura m\u00e1s suave.<\/p>    <figure class=\"wp-block-gallery has-nested-images columns-default is-cropped wp-block-gallery-2 is-layout-flex wp-block-gallery-is-layout-flex\"> <figure class=\"wp-block-image size-large\"><img loading=\"lazy\" decoding=\"async\" width=\"720\" height=\"540\" data-id=\"745\" src=\"https:\/\/fvmachinery.com\/wp-content\/uploads\/2023\/11\/handmade-mashed-potatoes.webp\" alt=\"pur\u00e9 de patatas hecho a mano\" class=\"wp-image-745\" title=\"\" srcset=\"https:\/\/fvmachinery.com\/wp-content\/uploads\/2023\/11\/handmade-mashed-potatoes.webp 720w, https:\/\/fvmachinery.com\/wp-content\/uploads\/2023\/11\/handmade-mashed-potatoes-300x225.webp 300w\" sizes=\"auto, (max-width: 720px) 100vw, 720px\" \/><figcaption class=\"wp-element-caption\">Pur\u00e9 De Papas Hecho A Mano<\/figcaption><\/figure>    <figure class=\"wp-block-image size-large\"><img loading=\"lazy\" decoding=\"async\" width=\"720\" height=\"540\" data-id=\"744\" src=\"https:\/\/fvmachinery.com\/wp-content\/uploads\/2023\/11\/delicious-mashed-potatoes.webp\" alt=\"Delicioso pur\u00e9 de patatas hecho con machacador de patatas.\" class=\"wp-image-744\" title=\"\" srcset=\"https:\/\/fvmachinery.com\/wp-content\/uploads\/2023\/11\/delicious-mashed-potatoes.webp 720w, https:\/\/fvmachinery.com\/wp-content\/uploads\/2023\/11\/delicious-mashed-potatoes-300x225.webp 300w\" sizes=\"auto, (max-width: 720px) 100vw, 720px\" \/><figcaption class=\"wp-element-caption\">Delicioso pur\u00e9 de patatas hecho con machacador de patatas<\/figcaption><\/figure> <\/figure>    <h2 class=\"wp-block-heading\">\u00bfQu\u00e9 buscar al trabajar con una m\u00e1quina trituradora de patatas?<\/h2>    <p>Este machacador de patatas puede batir pur\u00e9 de patatas cocidas o crudas. Cuando batas papas crudas con el machacador de papas debes prestar atenci\u00f3n a que el tama\u00f1o de los trozos de papa debe ser moderado, al batir el pur\u00e9 debes prestar atenci\u00f3n a controlar la velocidad, no seas demasiado r\u00e1pido para no para que el pur\u00e9 de patatas se pegue a las cuchillas. Batir hasta que el pur\u00e9 de patatas est\u00e9 fino, no batir por mucho tiempo, de lo contrario el pur\u00e9 de patatas quedar\u00e1 pegajoso.<\/p>    <p>A la hora de batir patatas cocidas, elige patatas cocidas al vapor o hervidas, ni demasiado blandas ni demasiado duras. El tama\u00f1o de los trozos de papa debe ser moderado, si son demasiado grandes no es f\u00e1cil de romper, si son demasiado peque\u00f1os es f\u00e1cil pegar la cuchilla. Tenga cuidado de controlar la velocidad de trituraci\u00f3n, no demasiado r\u00e1pida, para que el pur\u00e9 de patatas cocido no se pegue a la cuchilla. Batir hasta que el pur\u00e9 de papa est\u00e9 fino, no batir por mucho tiempo o har\u00e1 que el pur\u00e9 de papa se seque.<\/p>    <figure class=\"wp-block-gallery has-nested-images columns-default is-cropped wp-block-gallery-3 is-layout-flex wp-block-gallery-is-layout-flex\"> <figure class=\"wp-block-image size-large\"><img loading=\"lazy\" decoding=\"async\" width=\"720\" height=\"540\" data-id=\"746\" src=\"https:\/\/fvmachinery.com\/wp-content\/uploads\/2023\/11\/body-made-of-304-stainless-steel.webp\" alt=\"cuerpo fabricado en acero inoxidable 304\" class=\"wp-image-746\" title=\"\" srcset=\"https:\/\/fvmachinery.com\/wp-content\/uploads\/2023\/11\/body-made-of-304-stainless-steel.webp 720w, https:\/\/fvmachinery.com\/wp-content\/uploads\/2023\/11\/body-made-of-304-stainless-steel-300x225.webp 300w\" sizes=\"auto, (max-width: 720px) 100vw, 720px\" \/><figcaption class=\"wp-element-caption\">Cuerpo hecho de acero inoxidable 304.<\/figcaption><\/figure>    <figure class=\"wp-block-image size-large\"><img loading=\"lazy\" decoding=\"async\" width=\"720\" height=\"540\" data-id=\"748\" src=\"https:\/\/fvmachinery.com\/wp-content\/uploads\/2023\/11\/large-funnel-design-for-easy-feeding.webp\" alt=\"dise\u00f1o de embudo grande para facilitar la alimentaci\u00f3n\" class=\"wp-image-748\" title=\"\" srcset=\"https:\/\/fvmachinery.com\/wp-content\/uploads\/2023\/11\/large-funnel-design-for-easy-feeding.webp 720w, https:\/\/fvmachinery.com\/wp-content\/uploads\/2023\/11\/large-funnel-design-for-easy-feeding-300x225.webp 300w\" sizes=\"auto, (max-width: 720px) 100vw, 720px\" \/><figcaption class=\"wp-element-caption\">Dise\u00f1o de embudo grande para facilitar la alimentaci\u00f3n<\/figcaption><\/figure>    <figure class=\"wp-block-image size-large\"><img loading=\"lazy\" decoding=\"async\" width=\"720\" height=\"540\" data-id=\"750\" src=\"https:\/\/fvmachinery.com\/wp-content\/uploads\/2023\/11\/side-view-of-potato-masher-machine.webp\" alt=\"Vista lateral de la m\u00e1quina machacadora de patatas.\" class=\"wp-image-750\" title=\"\" srcset=\"https:\/\/fvmachinery.com\/wp-content\/uploads\/2023\/11\/side-view-of-potato-masher-machine.webp 720w, https:\/\/fvmachinery.com\/wp-content\/uploads\/2023\/11\/side-view-of-potato-masher-machine-300x225.webp 300w\" sizes=\"auto, (max-width: 720px) 100vw, 720px\" \/><figcaption class=\"wp-element-caption\">Vista lateral de la m\u00e1quina trituradora de patatas<\/figcaption><\/figure> <\/figure>    <h2 class=\"wp-block-heading\">\u00bfPara qu\u00e9 podemos utilizar el pur\u00e9 de patatas?<\/h2>    <p>El pur\u00e9 de patatas se puede utilizar como guarnici\u00f3n de una variedad de platos como bistec, pollo a la parrilla, pescado a la parrilla, etc. Tambi\u00e9n podemos utilizar el pur\u00e9 de patatas como plato principal con diversas carnes, verduras y otros ingredientes. El pur\u00e9 de patatas como refrigerio es a\u00fan m\u00e1s sabroso, como los pasteles de pur\u00e9 de patatas, las bolas de pur\u00e9 de patatas, etc.<\/p>    <h2 class=\"wp-block-heading\">\u00bfPor qu\u00e9 elegimos la m\u00e1quina trituradora de patatas de Taizy?<\/h2>    <p class=\"translation-block\">Taizy Machinery Factory produce m\u00e1quinas de alimentos que est\u00e1n hechas de acero inoxidable 304 y cumplen estrictamente con el est\u00e1ndar de la UE. Garantiza la calidad del producto y la m\u00e1quina es m\u00e1s duradera. Si necesitas producir pur\u00e9 de patatas, tambi\u00e9n tenemos una selecci\u00f3n de <strong><em><a href=\"https:\/\/fvmachinery.com\/es\/product\/carrot-peeler\/\" data-type=\"link\" data-id=\"https:\/\/fvmachinery.com\/product\/carrot-peeler\/\">peladoras de patatas<\/a><\/em><\/strong> y <strong><em><a href=\"https:\/\/fvmachinery.com\/es\/product\/potato-slicer-machine\/\" data-type=\"link\" data-id=\"https:\/\/fvmachinery.com\/product\/potato-slicer-machine\/\">cortadoras de patatas<\/a><\/em><\/strong> que mejorar\u00e1n enormemente la productividad de tu negocio. <\/p>    <p>La m\u00e1quina para hacer pur\u00e9 de patatas de Taizy es f\u00e1cil de operar y de limpiar. El colador puede personalizarse, sin importar la textura de pur\u00e9 de papas que necesite, podemos personalizar diferentes especificaciones del colador para usted. Taizy Machinery Factory tiene un gran stock de cada m\u00e1quina de frutas y verduras; si es necesario, le invitamos a visitar nuestra f\u00e1brica.<\/p>    <figure class=\"wp-block-gallery has-nested-images columns-default is-cropped wp-block-gallery-4 is-layout-flex wp-block-gallery-is-layout-flex\"> <figure class=\"wp-block-image size-large\"><img loading=\"lazy\" decoding=\"async\" width=\"720\" height=\"540\" data-id=\"747\" src=\"https:\/\/fvmachinery.com\/wp-content\/uploads\/2023\/11\/easy-to-operate-control-cabinet-design.webp\" alt=\"dise\u00f1o de gabinete de control f\u00e1cil de operar\" class=\"wp-image-747\" title=\"\" srcset=\"https:\/\/fvmachinery.com\/wp-content\/uploads\/2023\/11\/easy-to-operate-control-cabinet-design.webp 720w, https:\/\/fvmachinery.com\/wp-content\/uploads\/2023\/11\/easy-to-operate-control-cabinet-design-300x225.webp 300w\" sizes=\"auto, (max-width: 720px) 100vw, 720px\" \/><figcaption class=\"wp-element-caption\">Dise\u00f1o de gabinete de control f\u00e1cil de operar<\/figcaption><\/figure>    <figure class=\"wp-block-image size-large\"><img loading=\"lazy\" decoding=\"async\" width=\"720\" height=\"540\" data-id=\"749\" src=\"https:\/\/fvmachinery.com\/wp-content\/uploads\/2023\/11\/roller-design-for-easy-mobility.webp\" alt=\"dise\u00f1o de rodillos para una f\u00e1cil movilidad\" class=\"wp-image-749\" title=\"\" srcset=\"https:\/\/fvmachinery.com\/wp-content\/uploads\/2023\/11\/roller-design-for-easy-mobility.webp 720w, https:\/\/fvmachinery.com\/wp-content\/uploads\/2023\/11\/roller-design-for-easy-mobility-300x225.webp 300w\" sizes=\"auto, (max-width: 720px) 100vw, 720px\" \/><figcaption class=\"wp-element-caption\">Dise\u00f1o de rodillos para facilitar la movilidad<\/figcaption><\/figure> <\/figure>    <h2 class=\"wp-block-heading\">Par\u00e1metros de la m\u00e1quina trituradora de patatas<\/h2>    <figure class=\"wp-block-table\"><table><tbody><tr><td>Modelo<\/td><td>TZ-CY-JN500<\/td><\/tr><tr><td>Fuerza<\/td><td>15kW<\/td><\/tr><tr><td>Peso<\/td><td>411 kg<\/td><\/tr><tr><td>Voltaje<\/td><td>380V\/50HZ<\/td><\/tr><tr><td>Capacidad<\/td><td>800 kg\/hora<\/td><\/tr><tr><td>Peso bruto<\/td><td>443 kg  <\/td><\/tr><tr><td>Dimensi\u00f3n<\/td><td>1150*690*1710mm<\/td><\/tr><tr><td>Tama\u00f1o del paquete<\/td><td>1270*740*1850mm<\/td><\/tr><\/tbody><\/table><figcaption class=\"wp-element-caption\">Par\u00e1metros de la m\u00e1quina trituradora de patatas<\/figcaption><\/figure>    <p><\/p>    <p><\/p>","protected":false},"excerpt":{"rendered":"<p>A potato mashing machine is a machine that quickly presses potatoes into a fine puree. It can puree a variety of vegetables such as sweet potatoes, carrots, pumpkins, etc. The potato mashing machine is suitable for the catering industry as well as mashed potato product processing plants. Why Should We Choose a Potato Mashing Machine? [&hellip;]<\/p>\n","protected":false},"author":1,"featured_media":743,"parent":0,"template":"","tags":[],"product-type":[12],"class_list":["post-732","product","type-product","status-publish","has-post-thumbnail","hentry","product-type-cutting-machine"],"_links":{"self":[{"href":"https:\/\/fvmachinery.com\/es\/wp-json\/wp\/v2\/product\/732","targetHints":{"allow":["GET"]}}],"collection":[{"href":"https:\/\/fvmachinery.com\/es\/wp-json\/wp\/v2\/product"}],"about":[{"href":"https:\/\/fvmachinery.com\/es\/wp-json\/wp\/v2\/types\/product"}],"author":[{"embeddable":true,"href":"https:\/\/fvmachinery.com\/es\/wp-json\/wp\/v2\/users\/1"}],"wp:featuredmedia":[{"embeddable":true,"href":"https:\/\/fvmachinery.com\/es\/wp-json\/wp\/v2\/media\/743"}],"wp:attachment":[{"href":"https:\/\/fvmachinery.com\/es\/wp-json\/wp\/v2\/media?parent=732"}],"wp:term":[{"taxonomy":"post_tag","embeddable":true,"href":"https:\/\/fvmachinery.com\/es\/wp-json\/wp\/v2\/tags?post=732"},{"taxonomy":"product-type","embeddable":true,"href":"https:\/\/fvmachinery.com\/es\/wp-json\/wp\/v2\/product-type?post=732"}],"curies":[{"name":"wp","href":"https:\/\/api.w.org\/{rel}","templated":true}]}}