{"id":737,"date":"2023-11-20T16:50:42","date_gmt":"2023-11-20T08:50:42","guid":{"rendered":"https:\/\/fvmachinery.com\/?post_type=product&#038;p=737"},"modified":"2023-12-07T15:06:08","modified_gmt":"2023-12-07T07:06:08","slug":"screw-juicer-machine","status":"publish","type":"product","link":"https:\/\/fvmachinery.com\/es\/product\/maquina-exprimidora-de-tornillo\/","title":{"rendered":"M\u00e1quina exprimidora de tornillo"},"content":{"rendered":"<p>Una m\u00e1quina exprimidora de tornillo, tambi\u00e9n conocida como prensa en fr\u00edo, extrae el jugo de frutas y verduras exprimi\u00e9ndolas a trav\u00e9s de dos ejes de tornillo giratorios. Debido al mayor tama\u00f1o del exprimidor de doble tornillo, es adecuado para procesadores de leche de nueces, frutas y verduras y otros lugares donde existe una mayor demanda de jugo. Aqu\u00ed analizaremos m\u00e1s de cerca la estructura, el uso, las ventajas y los usos de una m\u00e1quina exprimidora de tornillo.<\/p>    <figure class=\"wp-block-image size-full\"><img loading=\"lazy\" decoding=\"async\" width=\"720\" height=\"540\" src=\"https:\/\/fvmachinery.com\/wp-content\/uploads\/2023\/11\/screw-juicer-machine.webp\" alt=\"m\u00e1quina exprimidora de tornillo\" class=\"wp-image-785\" title=\"\" srcset=\"https:\/\/fvmachinery.com\/wp-content\/uploads\/2023\/11\/screw-juicer-machine.webp 720w, https:\/\/fvmachinery.com\/wp-content\/uploads\/2023\/11\/screw-juicer-machine-300x225.webp 300w\" sizes=\"auto, (max-width: 720px) 100vw, 720px\" \/><figcaption class=\"wp-element-caption\">M\u00e1quina exprimidora de tornillo<\/figcaption><\/figure>    <h2 class=\"wp-block-heading\">Estructura de la m\u00e1quina exprimidora de tornillo<\/h2>    <p>El exprimidor de doble tornillo consta principalmente de una tolva de alimentaci\u00f3n, doble tornillo, colador y salida de jugo.<br>La tolva de alimentaci\u00f3n se utiliza para introducir frutas y verduras en el exprimidor. El doble tornillo es el componente central de un exprimidor de doble tornillo, que consta de dos tornillos, cuya forma y tama\u00f1o se pueden ajustar seg\u00fan las diferentes frutas y verduras.<\/p>    <p> El filtro se utiliza para separar el jugo y el orujo, la densidad de la malla se puede seleccionar de acuerdo con diferentes frutas y verduras, as\u00ed como con diferentes requisitos de sabor. Se utiliza una salida de jugo para sacar el jugo exprimido.<\/p>    <figure class=\"wp-block-gallery has-nested-images columns-default is-cropped wp-block-gallery-2 is-layout-flex wp-block-gallery-is-layout-flex\"> <figure class=\"wp-block-image size-large\"><img loading=\"lazy\" decoding=\"async\" width=\"800\" height=\"800\" data-id=\"786\" src=\"https:\/\/fvmachinery.com\/wp-content\/uploads\/2023\/11\/The-body-is-made-of-sus304-stainless-steel.webp\" alt=\"El cuerpo est\u00e1 fabricado en acero inoxidable sus304.\" class=\"wp-image-786\" title=\"\" srcset=\"https:\/\/fvmachinery.com\/wp-content\/uploads\/2023\/11\/The-body-is-made-of-sus304-stainless-steel.webp 800w, https:\/\/fvmachinery.com\/wp-content\/uploads\/2023\/11\/The-body-is-made-of-sus304-stainless-steel-300x300.webp 300w, https:\/\/fvmachinery.com\/wp-content\/uploads\/2023\/11\/The-body-is-made-of-sus304-stainless-steel-150x150.webp 150w, https:\/\/fvmachinery.com\/wp-content\/uploads\/2023\/11\/The-body-is-made-of-sus304-stainless-steel-768x768.webp 768w\" sizes=\"auto, (max-width: 800px) 100vw, 800px\" \/><figcaption class=\"wp-element-caption\">El cuerpo est\u00e1 hecho de acero inoxidable Sus304.<\/figcaption><\/figure>    <figure class=\"wp-block-image size-large\"><img loading=\"lazy\" decoding=\"async\" width=\"720\" height=\"540\" data-id=\"787\" src=\"https:\/\/fvmachinery.com\/wp-content\/uploads\/2023\/11\/medium-sized-screw-juice-extractor.webp\" alt=\"extractor de jugo de tornillo de tama\u00f1o mediano\" class=\"wp-image-787\" title=\"\" srcset=\"https:\/\/fvmachinery.com\/wp-content\/uploads\/2023\/11\/medium-sized-screw-juice-extractor.webp 720w, https:\/\/fvmachinery.com\/wp-content\/uploads\/2023\/11\/medium-sized-screw-juice-extractor-300x225.webp 300w\" sizes=\"auto, (max-width: 720px) 100vw, 720px\" \/><figcaption class=\"wp-element-caption\">Extractor de jugo de tornillo de tama\u00f1o mediano<\/figcaption><\/figure> <\/figure>    <h2 class=\"wp-block-heading\">\u00bfC\u00f3mo utilizar una m\u00e1quina exprimidora de tornillo?<\/h2>    <p class=\"translation-block\">En primer lugar, limpiamos las frutas y verduras, tambi\u00e9n podemos lavarlas con la ayuda de una m\u00e1quina de lavado de frutas y <strong><em><a href=\"https:\/\/fvmachinery.com\/es\/product\/maquina-de-eliminacion-de-restos-vegetales\/\" data-type=\"link\" data-id=\"https:\/\/fvmachinery.com\/product\/vegetable-debris-removal-machine\/\">verduras<\/a><\/em><\/strong> y poner las frutas o verduras limpias en el alimentador. Luego presione el interruptor y el doble tornillo comenzar\u00e1 a girar. Al exprimir las frutas y verduras con el doble tornillo, el jugo y el orujo se separan. El jugo sale a trav\u00e9s del filtro y se recoge en el cubo de la tolva, mientras que el orujo se descarga por la salida de escoria.<\/p>    <figure class=\"wp-block-gallery has-nested-images columns-default is-cropped wp-block-gallery-3 is-layout-flex wp-block-gallery-is-layout-flex\"> <figure class=\"wp-block-image size-large\"><img loading=\"lazy\" decoding=\"async\" width=\"720\" height=\"540\" data-id=\"788\" src=\"https:\/\/fvmachinery.com\/wp-content\/uploads\/2023\/11\/Removable-parts-for-easy-cleaning.webp\" alt=\"piezas extra\u00edbles para una f\u00e1cil limpieza\" class=\"wp-image-788\" title=\"\" srcset=\"https:\/\/fvmachinery.com\/wp-content\/uploads\/2023\/11\/Removable-parts-for-easy-cleaning.webp 720w, https:\/\/fvmachinery.com\/wp-content\/uploads\/2023\/11\/Removable-parts-for-easy-cleaning-300x225.webp 300w\" sizes=\"auto, (max-width: 720px) 100vw, 720px\" \/><figcaption class=\"wp-element-caption\">Piezas extra\u00edbles para una f\u00e1cil limpieza<\/figcaption><\/figure>    <figure class=\"wp-block-image size-large\"><img loading=\"lazy\" decoding=\"async\" width=\"720\" height=\"540\" data-id=\"789\" src=\"https:\/\/fvmachinery.com\/wp-content\/uploads\/2023\/11\/The-density-of-the-filter-can-support-customization.webp\" alt=\"La densidad del filtro puede permitir la personalizaci\u00f3n.\" class=\"wp-image-789\" title=\"\" srcset=\"https:\/\/fvmachinery.com\/wp-content\/uploads\/2023\/11\/The-density-of-the-filter-can-support-customization.webp 720w, https:\/\/fvmachinery.com\/wp-content\/uploads\/2023\/11\/The-density-of-the-filter-can-support-customization-300x225.webp 300w\" sizes=\"auto, (max-width: 720px) 100vw, 720px\" \/><figcaption class=\"wp-element-caption\">La densidad del filtro puede permitir la personalizaci\u00f3n.<\/figcaption><\/figure> <\/figure>    <h2 class=\"wp-block-heading\">\u00bfCu\u00e1les son las ventajas de una m\u00e1quina exprimidora de tornillo?<\/h2>    <p>El exprimidor de tornillo tiene un alto rendimiento de zumo. El exprimidor adopta una extrusi\u00f3n de tornillo para extraer el jugo, lo que puede exprimir eficazmente las frutas y verduras y aumentar la tasa de rendimiento del jugo. En t\u00e9rminos generales, el rendimiento de jugo del exprimidor de doble tornillo puede alcanzar m\u00e1s de 80%.<\/p>    <p>El jugo extra\u00eddo mediante tornillo de baja velocidad tiene buen sabor. El exprimidor de doble tornillo puede separar las fibras de las frutas y verduras, haciendo que el jugo tenga un sabor m\u00e1s delicado. Al mismo tiempo, puede reducir la oxidaci\u00f3n en el jugo, de modo que se puedan conservar mejor los nutrientes del jugo. El funcionamiento de la m\u00e1quina es muy sencillo, basta con introducir las frutas y verduras en la tolva de alimentaci\u00f3n.<\/p>    <p>Adem\u00e1s, la m\u00e1quina tiene las siguientes ventajas: menos ruido debido a la menor velocidad de rotaci\u00f3n de la m\u00e1quina de doble tornillo. Cada m\u00e1quina exprimidora de tornillo producida por Taizy est\u00e1 equipada con una cubierta protectora que evita salpicaduras de frutas y verduras. La m\u00e1quina tambi\u00e9n es f\u00e1cil de limpiar ya que sus piezas son extra\u00edbles.<\/p>    <figure class=\"wp-block-gallery has-nested-images columns-default is-cropped wp-block-gallery-4 is-layout-flex wp-block-gallery-is-layout-flex\"> <figure class=\"wp-block-image size-large\"><img loading=\"lazy\" decoding=\"async\" width=\"720\" height=\"540\" data-id=\"790\" src=\"https:\/\/fvmachinery.com\/wp-content\/uploads\/2023\/11\/double-helix-configuration-.webp\" alt=\"configuraci\u00f3n de doble h\u00e9lice\" class=\"wp-image-790\" title=\"\" srcset=\"https:\/\/fvmachinery.com\/wp-content\/uploads\/2023\/11\/double-helix-configuration-.webp 720w, https:\/\/fvmachinery.com\/wp-content\/uploads\/2023\/11\/double-helix-configuration--300x225.webp 300w\" sizes=\"auto, (max-width: 720px) 100vw, 720px\" \/><figcaption class=\"wp-element-caption\">Configuraci\u00f3n de doble h\u00e9lice<\/figcaption><\/figure>    <figure class=\"wp-block-image size-large\"><img loading=\"lazy\" decoding=\"async\" width=\"720\" height=\"540\" data-id=\"791\" src=\"https:\/\/fvmachinery.com\/wp-content\/uploads\/2023\/11\/customized-machine-with-raised-inlet.webp\" alt=\"m\u00e1quina personalizada con entrada elevada\" class=\"wp-image-791\" title=\"\" srcset=\"https:\/\/fvmachinery.com\/wp-content\/uploads\/2023\/11\/customized-machine-with-raised-inlet.webp 720w, https:\/\/fvmachinery.com\/wp-content\/uploads\/2023\/11\/customized-machine-with-raised-inlet-300x225.webp 300w\" sizes=\"auto, (max-width: 720px) 100vw, 720px\" \/><figcaption class=\"wp-element-caption\">M\u00e1quina personalizada con entrada elevada<\/figcaption><\/figure> <\/figure>    <h2 class=\"wp-block-heading\">M\u00e1quina exprimidora de tornillo: m\u00e1quina multiusos<\/h2>    <p>La m\u00e1quina exprimidora de tornillo se puede utilizar para la extracci\u00f3n y deshidrataci\u00f3n de jugo. Se puede usar para exprimir frutas y verduras con cierta fibra como jengibre, hierbas chinas, azufaifa, etc. Tambi\u00e9n se puede usar para exprimir continuamente frutas peque\u00f1as con ramas como bayas de espino amarillo, y su orificio de tamiz se puede personalizar seg\u00fan del tama\u00f1o de las bayas de espino amarillo. A diferencia del exprimidor general, el exprimidor de doble tornillo tambi\u00e9n se utiliza en la industria de protecci\u00f3n del medio ambiente, residuos de mercado, prensado de residuos de cocina y deshidrataci\u00f3n.<\/p>    <h2 class=\"wp-block-heading\">Par\u00e1metros de las m\u00e1quinas exprimidoras de tornillo<\/h2>    <figure class=\"wp-block-table\"><table><tbody><tr><td colspan=\"2\">Modelo<\/td><td>TZ-15<\/td><td>TZ-30<\/td><td>TZ-50<\/td><td>TZ-100<\/td><td>TZ-150<\/td><\/tr><tr><td colspan=\"2\">Capacidad<\/td><td>1 t\/h<\/td><td>1,5 t\/h<\/td><td>4 t\/h<\/td><td>7 t\/h<\/td><td>13 t\/h<\/td><\/tr><tr><td rowspan=\"2\">tornillo transportador<\/td><td>di\u00e1metro<\/td><td>260 mil\u00edmetros<\/td><td>350 mil\u00edmetros<\/td><td>420 mil\u00edmetros<\/td><td>500 mil\u00edmetros<\/td><td>600 mil\u00edmetros<\/td><\/tr><tr><td>paso<\/td><td>150mm<\/td><td>200 mil\u00edmetros<\/td><td>210 mil\u00edmetros<\/td><td>280 mil\u00edmetros<\/td><td>280 mil\u00edmetros<\/td><\/tr><tr><td rowspan=\"2\">Tornillo de prensa<\/td><td>di\u00e1metro<\/td><td>260 mil\u00edmetros<\/td><td>350 mil\u00edmetros<\/td><td>420 mil\u00edmetros<\/td><td>500 mil\u00edmetros<\/td><td>600 mil\u00edmetros<\/td><\/tr><tr><td>velocidad<\/td><td>10 rpm<\/td><td>10 rpm<\/td><td>10 rpm<\/td><td>10 rpm<\/td><td>10 rpm<\/td><\/tr><tr><td colspan=\"2\">Fuerza<\/td><td>5,5 kilovatios<\/td><td>7,5 kilovatios<\/td><td>11 kilovatios<\/td><td>18,5 kilovatios<\/td><td>22 kilovatios<\/td><\/tr><tr><td colspan=\"2\">Di\u00e1metro de la pantalla<\/td><td>270 mil\u00edmetros<\/td><td>360 mil\u00edmetros<\/td><td>430 mil\u00edmetros<\/td><td>510 mil\u00edmetros<\/td><td>610 mil\u00edmetros<\/td><\/tr><tr><td colspan=\"2\">Apertura de pantalla<\/td><td>1,5 mil\u00edmetros<\/td><td>1,5 mil\u00edmetros<\/td><td>2*40mm<\/td><td>2*40mm<\/td><td>2*40mm<\/td><\/tr><tr><td colspan=\"2\">Talla M)<\/td><td>2.2*0.6*0.9<\/td><td>3.5*0.7*1<\/td><td>3.5*1*1.5<\/td><td>3.8*1.1*1.7<\/td><td>4.5*1.1*1.65<\/td><\/tr><tr><td colspan=\"2\">Peso (kg)<\/td><td>650 kilogramos<\/td><td>1200 kilogramos<\/td><td>2550 kilos<\/td><td>2950 kilogramos<\/td><td>4200 kilogramos<\/td><\/tr><\/tbody><\/table><figcaption class=\"wp-element-caption\">Par\u00e1metros de las m\u00e1quinas exprimidoras de tornillo<\/figcaption><\/figure>","protected":false},"excerpt":{"rendered":"<p>A screw juicer machine, also known as a cold press, extracts juice from fruits and vegetables by squeezing them through two rotating screw shafts. Due to the larger size of the twin screw juicer, it is suitable for nut milk, fruit and vegetable processors, and other places where there is a greater demand for juice. [&hellip;]<\/p>\n","protected":false},"author":1,"featured_media":785,"parent":0,"template":"","tags":[],"product-type":[30],"class_list":["post-737","product","type-product","status-publish","has-post-thumbnail","hentry","product-type-juicing-machine"],"_links":{"self":[{"href":"https:\/\/fvmachinery.com\/es\/wp-json\/wp\/v2\/product\/737","targetHints":{"allow":["GET"]}}],"collection":[{"href":"https:\/\/fvmachinery.com\/es\/wp-json\/wp\/v2\/product"}],"about":[{"href":"https:\/\/fvmachinery.com\/es\/wp-json\/wp\/v2\/types\/product"}],"author":[{"embeddable":true,"href":"https:\/\/fvmachinery.com\/es\/wp-json\/wp\/v2\/users\/1"}],"wp:featuredmedia":[{"embeddable":true,"href":"https:\/\/fvmachinery.com\/es\/wp-json\/wp\/v2\/media\/785"}],"wp:attachment":[{"href":"https:\/\/fvmachinery.com\/es\/wp-json\/wp\/v2\/media?parent=737"}],"wp:term":[{"taxonomy":"post_tag","embeddable":true,"href":"https:\/\/fvmachinery.com\/es\/wp-json\/wp\/v2\/tags?post=737"},{"taxonomy":"product-type","embeddable":true,"href":"https:\/\/fvmachinery.com\/es\/wp-json\/wp\/v2\/product-type?post=737"}],"curies":[{"name":"wp","href":"https:\/\/api.w.org\/{rel}","templated":true}]}}