{"id":74,"date":"2022-08-25T07:57:38","date_gmt":"2022-08-24T23:57:38","guid":{"rendered":"https:\/\/fvmachinery.com\/?post_type=product&#038;p=74"},"modified":"2025-11-07T15:58:11","modified_gmt":"2025-11-07T07:58:11","slug":"plastic-crate-washing-machine","status":"publish","type":"product","link":"https:\/\/fvmachinery.com\/es\/product\/plastic-crate-washing-machine\/","title":{"rendered":"Lavadora de cajas de pl\u00e1stico | Lavadora de cestas comercial"},"content":{"rendered":"<p class=\"translation-block\">Plastic crate washing machine is widely used in food processing plants, slaughterhouses, chicken farms, supermarkets and other industries. The commercial plastic basket washer can efficiently clean all kinds of used baskets, fruit baskets and so on. Clean food containers can ensure the safety of food and contain <a href=\"https:\/\/fvmachinery.com\/es\/product\/fruit-and-vegetable-washing-line\/\">clean fruits and vegetables<\/a>. Now, the basket washing machine is more and more popular in the market, it is wise to invest one for your business.<\/p>    <h2 class=\"wp-block-heading\" id=\"h-introduction-of-commercial-plastic-basket-washer\">Introducci\u00f3n de lavadora de cestas de pl\u00e1stico comercial.<\/h2>   <div class=\"wp-block-image\"> <figure class=\"aligncenter size-full\"><img loading=\"lazy\" decoding=\"async\" width=\"720\" height=\"540\" src=\"https:\/\/fvmachinery.com\/wp-content\/uploads\/2022\/08\/plastic-basket-washing-machine1.webp\" alt=\"lavadora de cestas de plastico\" class=\"wp-image-180\" title=\"\" srcset=\"https:\/\/fvmachinery.com\/wp-content\/uploads\/2022\/08\/plastic-basket-washing-machine1.webp 720w, https:\/\/fvmachinery.com\/wp-content\/uploads\/2022\/08\/plastic-basket-washing-machine1-300x225.webp 300w\" sizes=\"auto, (max-width: 720px) 100vw, 720px\" \/><figcaption>lavadora de cestas de plastico<\/figcaption><\/figure> <\/div>  <div class=\"wp-block-image\"> <figure class=\"aligncenter size-full\"><img loading=\"lazy\" decoding=\"async\" width=\"720\" height=\"540\" src=\"https:\/\/fvmachinery.com\/wp-content\/uploads\/2022\/08\/plastic-crate-washing-machine1.webp\" alt=\"lavadora de cajas de plastico\" class=\"wp-image-182\" title=\"\" srcset=\"https:\/\/fvmachinery.com\/wp-content\/uploads\/2022\/08\/plastic-crate-washing-machine1.webp 720w, https:\/\/fvmachinery.com\/wp-content\/uploads\/2022\/08\/plastic-crate-washing-machine1-300x225.webp 300w\" sizes=\"auto, (max-width: 720px) 100vw, 720px\" \/><figcaption>lavadora de cajas de plastico<\/figcaption><\/figure> <\/div>   <p>La lavadora autom\u00e1tica de cajas de pl\u00e1stico es un tipo de equipo de lavado autom\u00e1tico nuevo que se utiliza para limpiar cestas de pl\u00e1stico, cestas rotativas, cajas de comida, etc. La cesta de pl\u00e1stico se env\u00eda al interior de la m\u00e1quina a trav\u00e9s de la cinta transportadora y el pl\u00e1stico sucio Las cestas se someter\u00e1n a tres pasos de limpieza en total, incluido el prelavado, la limpieza por aspersi\u00f3n a alta presi\u00f3n y el enjuague. La alta inteligencia y automatizaci\u00f3n reducen los costos laborales y la intensidad de la mano de obra, y mejoran la eficiencia de la limpieza. La lavadora autom\u00e1tica de cajas de pl\u00e1stico es una excelente ayuda para la producci\u00f3n a gran escala de empresas alimentarias.<\/p>    <h2 class=\"wp-block-heading\" id=\"h-working-principle-of-plastic-crate-washer-machine\">Principio de funcionamiento de la lavadora de cajas de pl\u00e1stico.<\/h2>    <p>El principio de funcionamiento de la lavadora de cajas de pl\u00e1stico es la limpieza con agua a alta presi\u00f3n y alta temperatura. Una bomba de agua a alta presi\u00f3n har\u00e1 circular el agua del tanque hasta el tubo rociador, rociada por la boquilla en el tubo rociador, formando un flujo de agua a alta presi\u00f3n y alta temperatura para enjuagar la caja, luego la suciedad se eliminar\u00e1 del superficie de la caja. Se pueden agregar varios solventes de limpieza en el proceso de limpieza seg\u00fan la situaci\u00f3n real, lo que puede mejorar el efecto de limpieza.<\/p>    <h2 class=\"wp-block-heading\" id=\"h-advanced-details-of-the-plastic-crate-washing-machine\">Detalles avanzados de la lavadora de cajas de pl\u00e1stico.<\/h2>    <div class=\"wp-block-media-text alignwide is-stacked-on-mobile\"><figure class=\"wp-block-media-text__media\"><img loading=\"lazy\" decoding=\"async\" width=\"720\" height=\"540\" src=\"https:\/\/fvmachinery.com\/wp-content\/uploads\/2022\/08\/inside-structure-of-the-machine-1.webp\" alt=\"\" class=\"wp-image-176 size-full\" title=\"\" srcset=\"https:\/\/fvmachinery.com\/wp-content\/uploads\/2022\/08\/inside-structure-of-the-machine-1.webp 720w, https:\/\/fvmachinery.com\/wp-content\/uploads\/2022\/08\/inside-structure-of-the-machine-1-300x225.webp 300w\" sizes=\"auto, (max-width: 720px) 100vw, 720px\" \/><\/figure><div class=\"wp-block-media-text__content\"> <p>M\u00faltiples tubos de aspersores direccionales forman un potente sistema de aspersi\u00f3n.<\/p> <\/div><\/div>    <div class=\"wp-block-media-text alignwide has-media-on-the-right is-stacked-on-mobile\"><figure class=\"wp-block-media-text__media\"><img loading=\"lazy\" decoding=\"async\" width=\"720\" height=\"540\" src=\"https:\/\/fvmachinery.com\/wp-content\/uploads\/2022\/08\/details-of-plastic-crate-washing-machine1.webp\" alt=\"\" class=\"wp-image-164 size-full\" title=\"\" srcset=\"https:\/\/fvmachinery.com\/wp-content\/uploads\/2022\/08\/details-of-plastic-crate-washing-machine1.webp 720w, https:\/\/fvmachinery.com\/wp-content\/uploads\/2022\/08\/details-of-plastic-crate-washing-machine1-300x225.webp 300w\" sizes=\"auto, (max-width: 720px) 100vw, 720px\" \/><\/figure><div class=\"wp-block-media-text__content\"> <p>Alimentaci\u00f3n por puerta suave, sin da\u00f1os a las materias primas.<\/p> <\/div><\/div>    <div class=\"wp-block-media-text alignwide is-stacked-on-mobile\"><figure class=\"wp-block-media-text__media\"><img loading=\"lazy\" decoding=\"async\" width=\"720\" height=\"540\" src=\"https:\/\/fvmachinery.com\/wp-content\/uploads\/2022\/08\/windows-of-machine1.webp\" alt=\"\" class=\"wp-image-205 size-full\" title=\"\" srcset=\"https:\/\/fvmachinery.com\/wp-content\/uploads\/2022\/08\/windows-of-machine1.webp 720w, https:\/\/fvmachinery.com\/wp-content\/uploads\/2022\/08\/windows-of-machine1-300x225.webp 300w\" sizes=\"auto, (max-width: 720px) 100vw, 720px\" \/><\/figure><div class=\"wp-block-media-text__content\"> <p>Ventana visible para una f\u00e1cil observaci\u00f3n del progreso de la limpieza.<\/p> <\/div><\/div>    <div class=\"wp-block-media-text alignwide has-media-on-the-right is-stacked-on-mobile\"><figure class=\"wp-block-media-text__media\"><img loading=\"lazy\" decoding=\"async\" width=\"720\" height=\"540\" src=\"https:\/\/fvmachinery.com\/wp-content\/uploads\/2022\/08\/hot-water-tank1.webp\" alt=\"\" class=\"wp-image-174 size-full\" title=\"\" srcset=\"https:\/\/fvmachinery.com\/wp-content\/uploads\/2022\/08\/hot-water-tank1.webp 720w, https:\/\/fvmachinery.com\/wp-content\/uploads\/2022\/08\/hot-water-tank1-300x225.webp 300w\" sizes=\"auto, (max-width: 720px) 100vw, 720px\" \/><\/figure><div class=\"wp-block-media-text__content\"> <p>Establecer diferentes tanques de agua para limpiar y desinfectar.<\/p> <\/div><\/div>    <h2 class=\"wp-block-heading\" id=\"h-working-process-of-basket-washing-machine\">Proceso de trabajo de la lavadora de cestas.<\/h2>    <h3 class=\"wp-block-heading\" id=\"h-pre-washing-stage\">Etapa de prelavado: <\/h3>    <p>La cinta transportadora enviar\u00e1 la caja de pl\u00e1stico a la lavadora de cestas de rotaci\u00f3n, y habr\u00e1 chorros de agua alrededor para enjuagar la cesta de pl\u00e1stico, lo que desempe\u00f1a el papel de inmersi\u00f3n y separa eficazmente el marco de la caja de las manchas adheridas a la superficie. Al enjuagar las manchas caer\u00e1n en el fregadero de abajo.<\/p>    <h3 class=\"wp-block-heading\" id=\"h-high-pressure-cleaning-stage\">Etapa de limpieza a alta presi\u00f3n:<\/h3>    <p>A trav\u00e9s de un fuerte flujo de agua a alta presi\u00f3n hacia arriba y hacia abajo, izquierda y derecha, elimine eficazmente las manchas e impurezas adheridas a la superficie del marco de la caja, para lograr un efecto de limpieza y desinfecci\u00f3n completo.<\/p>    <h3 class=\"wp-block-heading\" id=\"h-rinsing-stage\">Etapa de enjuague:<\/h3>    <p>Este paso utiliza agua caliente para limpiar las manchas residuales en la superficie del marco de la caja mientras se desinfecta el marco de la caja nuevamente. La etapa de enjuague puede lograr el prop\u00f3sito de higiene y esterilidad.<\/p>    <h2 class=\"wp-block-heading\" id=\"h-plastic-crate-washer-machine-parameters\">Par\u00e1metros de la lavadora de cajas de pl\u00e1stico<\/h2>    <figure class=\"wp-block-table\"><table><tbody><tr><td>Modelo<\/td><td>Voltaje<\/td><td>Peso<\/td><td>Material<\/td><td>Capacidad<\/td><td>Tama\u00f1o de la bandeja<\/td><\/tr><tr><td>TZ-610<\/td><td>415v\/50hz, trif\u00e1sico &nbsp;<\/td><td>700 kilos<\/td><td>acero inoxidable 304 &nbsp;<\/td><td>Aproximadamente 200-500 unidades\/h, si la cesta est\u00e1 m\u00e1s limpia, puede alcanzar 700-800 unidades\/h &nbsp;<\/td><td>60*80cm; 60*40cm<\/td><\/tr><\/tbody><\/table><\/figure>    <p>Notas:<\/p>    <ol class=\"wp-block-list\"><li>Roc\u00ede todo SUS 304<\/li><li>Regulaci\u00f3n de velocidad de conversi\u00f3n de frecuencia<\/li><li>3 dep\u00f3sitos de agua, 2 dep\u00f3sitos de agua de calefacci\u00f3n, 1 dep\u00f3sito de agua limpia<\/li><li>3 bombas de agua de acero inoxidable<\/li><li>2 juegos de ventiladores de deshidrataci\u00f3n<\/li><li>El drenaje y la salida de rebosadero est\u00e1n unificados como drenaje de acero inoxidable.<\/li><\/ol>    <h2 class=\"wp-block-heading\" id=\"h-features-of-automatic-plastic-crate-washing-machine\">Caracter\u00edsticas de la lavadora autom\u00e1tica de cajas de pl\u00e1stico.<\/h2>    <ol class=\"wp-block-list\"><li>La lavadora de cestas est\u00e1 dise\u00f1ada con un riel \u00fanico y un gancho de bloqueo para mantener la caja o cesta firmemente fijada en la cinta transportadora, evitando que se mueva bajo la boquilla de alta presi\u00f3n y ayudando a que la caja de pl\u00e1stico funcione de manera estable.<\/li><li>El tanque de agua en circulaci\u00f3n est\u00e1 hecho de acero inoxidable, la bomba de agua pulverizada puede limpiar todos los rincones de la caja de pl\u00e1stico, el tanque contiene un sistema de filtraci\u00f3n para ahorrar agua tanto como sea posible.<\/li><li>La lavadora de cestas rotativas utiliza una bomba multietapa de acero inoxidable para garantizar el efecto de limpieza del suministro de pulverizaci\u00f3n a alta presi\u00f3n.<\/li><li>Sistema de control autom\u00e1tico de temperatura, en el enjuague con agua caliente hay control autom\u00e1tico de temperatura, para evitar que la temperatura sea demasiado alta y deforme la caja de pl\u00e1stico.<\/li><li>La parte principal de la carcasa de la m\u00e1quina se puede desmontar, lo que resulta conveniente para la limpieza y el mantenimiento diarios.<\/li><\/ol>","protected":false},"excerpt":{"rendered":"<p>Plastic crate washing machine is widely used in food processing plants, slaughterhouses, chicken farms, supermarkets and other industries. The commercial plastic basket washer can efficiently clean all kinds of used baskets, fruit baskets and so on. Clean food containers can ensure the safety of food and contain clean fruits and vegetables. Now, the basket washing [&hellip;]<\/p>\n","protected":false},"author":1,"featured_media":76,"parent":0,"template":"","tags":[47,25,48],"product-type":[4],"class_list":["post-74","product","type-product","status-publish","has-post-thumbnail","hentry","tag-basket","tag-basket-washing-machine","tag-crate","product-type-washing-machine"],"_links":{"self":[{"href":"https:\/\/fvmachinery.com\/es\/wp-json\/wp\/v2\/product\/74","targetHints":{"allow":["GET"]}}],"collection":[{"href":"https:\/\/fvmachinery.com\/es\/wp-json\/wp\/v2\/product"}],"about":[{"href":"https:\/\/fvmachinery.com\/es\/wp-json\/wp\/v2\/types\/product"}],"author":[{"embeddable":true,"href":"https:\/\/fvmachinery.com\/es\/wp-json\/wp\/v2\/users\/1"}],"wp:featuredmedia":[{"embeddable":true,"href":"https:\/\/fvmachinery.com\/es\/wp-json\/wp\/v2\/media\/76"}],"wp:attachment":[{"href":"https:\/\/fvmachinery.com\/es\/wp-json\/wp\/v2\/media?parent=74"}],"wp:term":[{"taxonomy":"post_tag","embeddable":true,"href":"https:\/\/fvmachinery.com\/es\/wp-json\/wp\/v2\/tags?post=74"},{"taxonomy":"product-type","embeddable":true,"href":"https:\/\/fvmachinery.com\/es\/wp-json\/wp\/v2\/product-type?post=74"}],"curies":[{"name":"wp","href":"https:\/\/api.w.org\/{rel}","templated":true}]}}