{"id":78,"date":"2022-08-25T08:53:14","date_gmt":"2022-08-25T00:53:14","guid":{"rendered":"https:\/\/fvmachinery.com\/?post_type=product&#038;p=78"},"modified":"2022-10-18T09:37:22","modified_gmt":"2022-10-18T01:37:22","slug":"commercial-vegetable-dicing-machine","status":"publish","type":"product","link":"https:\/\/fvmachinery.com\/es\/product\/commercial-vegetable-dicing-machine\/","title":{"rendered":"M\u00e1quina comercial para cortar cubitos de verduras | Cortadora de tomate y cebolla"},"content":{"rendered":"<p>La m\u00e1quina comercial para cortar en cubitos de verduras puede cortar verduras y frutas en trozos peque\u00f1os y de tama\u00f1o uniforme, as\u00ed como cortarlas en rodajas o triturarlas. La m\u00e1quina cortadora de cubitos el\u00e9ctrica puede cortar casi todos los tipos de verduras y frutas: cebollas, tomates, patatas, zanahorias, manzanas, mangos, etc. Al utilizar una m\u00e1quina cortadora de cubitos el\u00e9ctrica para cortar verduras en lugar del corte manual tradicional, la eficiencia mejorar\u00e1 enormemente, por lo tanto, es el equipo necesario para plantas procesadoras de alimentos, restaurantes, comedores y otras industrias.<\/p>   <div class=\"wp-block-image\"> <figure class=\"aligncenter size-full\"><img loading=\"lazy\" decoding=\"async\" width=\"720\" height=\"540\" src=\"https:\/\/fvmachinery.com\/wp-content\/uploads\/2022\/08\/dicing-machine1.webp\" alt=\"\" class=\"wp-image-166\" title=\"\" srcset=\"https:\/\/fvmachinery.com\/wp-content\/uploads\/2022\/08\/dicing-machine1.webp 720w, https:\/\/fvmachinery.com\/wp-content\/uploads\/2022\/08\/dicing-machine1-300x225.webp 300w\" sizes=\"auto, (max-width: 720px) 100vw, 720px\" \/><figcaption>m\u00e1quina comercial para cortar vegetales en cubitos<\/figcaption><\/figure> <\/div>   <h2 class=\"wp-block-heading\" id=\"h-raw-materials-and-final-product-of-vegetable-dicer-machine\">Materias primas y producto final de la m\u00e1quina cortadora de vegetales.<\/h2>    <p>Una m\u00e1quina cortadora de vegetales en cubitos es una m\u00e1quina cortadora multifuncional para procesar frutas y verduras. Casi todas las verduras y frutas pueden procesarse con esta m\u00e1quina comercial para cortar en cubitos, como zanahorias, patatas, cebollas, tomates, r\u00e1banos, pepinos, taro, batatas, pimientos verdes, manzanas, peras, mangos, pi\u00f1as, jam\u00f3n, etc. <\/p>    <p class=\"translation-block\">El tama\u00f1o del material cortado se puede ajustar y es muy amplio, de 3mm a 20mm. Las piezas de verdura procesadas se pueden envasar o cocinar directamente. Adem\u00e1s, si el cliente desea rebanar, esta cortadora el\u00e9ctrica de verduras tambi\u00e9n puede hacerlo, el grosor del material cortado es de 2-20mm. Adicionalmente, tambi\u00e9n ofrecemos <a href=\"https:\/\/fvmachinery.com\/es\/product\/vegetable-slicer-machine\/\">m\u00e1quinas rebanadoras de verduras<\/a>, cons\u00faltenos ahora y d\u00edganos qu\u00e9 necesita.<\/p>   <div class=\"wp-block-image\"> <figure class=\"aligncenter size-full\"><img loading=\"lazy\" decoding=\"async\" width=\"720\" height=\"540\" src=\"https:\/\/fvmachinery.com\/wp-content\/uploads\/2022\/08\/vegetable-dices1.webp\" alt=\"dados de verduras\" class=\"wp-image-191\" title=\"\" srcset=\"https:\/\/fvmachinery.com\/wp-content\/uploads\/2022\/08\/vegetable-dices1.webp 720w, https:\/\/fvmachinery.com\/wp-content\/uploads\/2022\/08\/vegetable-dices1-300x225.webp 300w\" sizes=\"auto, (max-width: 720px) 100vw, 720px\" \/><figcaption>dados de verduras<\/figcaption><\/figure> <\/div>   <h2 class=\"wp-block-heading\" id=\"h-features-of-commercial-vegetable-dicing-machine\">Caracter\u00edsticas de la m\u00e1quina comercial para cortar verduras en cubitos<\/h2>    <ol class=\"wp-block-list\"><li>La funci\u00f3n de la m\u00e1quina es rica, una m\u00e1quina para cortar vegetales en cubitos puede cortar una variedad de verduras y frutas en cubitos o rodajas, el tama\u00f1o y el grosor del producto terminado se pueden ajustar, adecuado para una variedad de escenarios de uso para satisfacer las necesidades de los usuarios.<\/li><li>Las verduras cortadas por la m\u00e1quina son de tama\u00f1o regular, tama\u00f1o uniforme y hermosa apariencia, ya sea envasadas y vendidas o cocidas directamente, los resultados son muy buenos.<\/li><li>La m\u00e1quina es f\u00e1cil de operar y los empleados pueden participar con una formaci\u00f3n sencilla.<\/li><li>Todos los cuchillos de corte est\u00e1n hechos de acero inoxidable 304 apto para uso alimentario, con una larga vida \u00fatil y un bajo coste de mantenimiento.<\/li><\/ol>    <h2 class=\"wp-block-heading\" id=\"h-working-principle-of-onion-dicer-machine\">Principio de funcionamiento de la m\u00e1quina cortadora de cebollas.<\/h2>    <p>La mesa de corte giratoria de esta m\u00e1quina comercial para cortar vegetales en cubitos hace que la materia prima gire a alta velocidad y se genera fuerza centr\u00edfuga durante la rotaci\u00f3n. La m\u00e1quina cortadora de cebollas utiliza la fuerza centr\u00edfuga generada por la rotaci\u00f3n de alta velocidad del material para cortar la verdura o fruta en rodajas con el cortador vertical, y luego las rodajas se cortan en tiras con el cortador circular. <\/p>    <p>El material se env\u00eda a la cuchilla de corte horizontal para cortar las tiras en cubos o rect\u00e1ngulos. El grosor de las virutas o el tama\u00f1o del corte se puede cambiar ajustando el espacio entre la cuchilla de corte y la plataforma giratoria, mientras que la forma del corte se puede cambiar ajustando la cuchilla del disco y la cuchilla transversal.<\/p>    <h2 class=\"wp-block-heading\" id=\"h-parameters-of-commercial-vegetable-dicing-machine\">Par\u00e1metros de la m\u00e1quina comercial para cortar vegetales en cubitos<\/h2>    <p>Capacidad de producci\u00f3n: 600kg\/h-1000kg\/h<br>Tama\u00f1o de corte: cubos de 3 mm a 20 mm u otros tama\u00f1os personalizados<br>Potencia: 0,75 kw<br>Voltaje: 220V 50hz alimentaci\u00f3n monof\u00e1sica<br>Tama\u00f1o de la m\u00e1quina: 710*660*1085mm<br>Material del cuerpo: acero inoxidable 201 o acero inoxidable 304<br>Peso: 100 kg<br>Tama\u00f1o de la cuchilla de corte: 6 mm (una m\u00e1quina viene de serie con dos)<br>Material del cuchillo de corte: acero inoxidable 304<\/p>    <h2 class=\"wp-block-heading\" id=\"h-how-to-maintain-electric-vegetable-dicer-machine\">\u00bfC\u00f3mo mantener la m\u00e1quina cortadora de vegetales el\u00e9ctrica?<\/h2>    <ol class=\"wp-block-list\"><li>La m\u00e1quina comercial para cortar verduras en cubitos debe limpiarse a tiempo despu\u00e9s de su uso; de lo contrario, si hay restos de verduras y residuos de frutas, la m\u00e1quina tendr\u00e1 mal olor con el tiempo.<\/li><li>Despu\u00e9s de cada uso, el operador debe comprobar si la herramienta est\u00e1 da\u00f1ada o desgastada. Adem\u00e1s, el operador debe desmontar el conjunto de la herramienta de disco y limpiarlo una vez por semana. Antes de la instalaci\u00f3n, aplique aceite de cocina al eje de corte y al eje del cortador para asegurar una f\u00e1cil extracci\u00f3n.<\/li><li>Lubrique los engranajes y la cadena una vez cada medio mes para garantizar que las piezas de la m\u00e1quina est\u00e9n lubricadas y funcionen sin problemas.<\/li><li>Todas las inspecciones y mantenimiento deben realizarse despu\u00e9s de desconectar la energ\u00eda.<\/li><\/ol>","protected":false},"excerpt":{"rendered":"<p>The commercial vegetable dicing machine can cut vegetables and fruits into small, evenly sized pieces, as well as slice or shred them. The electric dicing machine can almost all types of vegetables and fruits: onions, tomatoes, potatoes, carrots, apples, mangoes, etc. Using an electric dicing machine cutting vegetables instead of the traditional manual cutting, the [&hellip;]<\/p>\n","protected":false},"author":1,"featured_media":80,"parent":0,"template":"","tags":[18],"product-type":[12],"class_list":["post-78","product","type-product","status-publish","has-post-thumbnail","hentry","tag-vegetable-dicing-machine","product-type-cutting-machine"],"_links":{"self":[{"href":"https:\/\/fvmachinery.com\/es\/wp-json\/wp\/v2\/product\/78","targetHints":{"allow":["GET"]}}],"collection":[{"href":"https:\/\/fvmachinery.com\/es\/wp-json\/wp\/v2\/product"}],"about":[{"href":"https:\/\/fvmachinery.com\/es\/wp-json\/wp\/v2\/types\/product"}],"author":[{"embeddable":true,"href":"https:\/\/fvmachinery.com\/es\/wp-json\/wp\/v2\/users\/1"}],"wp:featuredmedia":[{"embeddable":true,"href":"https:\/\/fvmachinery.com\/es\/wp-json\/wp\/v2\/media\/80"}],"wp:attachment":[{"href":"https:\/\/fvmachinery.com\/es\/wp-json\/wp\/v2\/media?parent=78"}],"wp:term":[{"taxonomy":"post_tag","embeddable":true,"href":"https:\/\/fvmachinery.com\/es\/wp-json\/wp\/v2\/tags?post=78"},{"taxonomy":"product-type","embeddable":true,"href":"https:\/\/fvmachinery.com\/es\/wp-json\/wp\/v2\/product-type?post=78"}],"curies":[{"name":"wp","href":"https:\/\/api.w.org\/{rel}","templated":true}]}}