{"id":81,"date":"2022-08-25T09:05:19","date_gmt":"2022-08-25T01:05:19","guid":{"rendered":"https:\/\/fvmachinery.com\/?post_type=product&#038;p=81"},"modified":"2022-10-18T10:20:55","modified_gmt":"2022-10-18T02:20:55","slug":"vegetable-slicer-machine","status":"publish","type":"product","link":"https:\/\/fvmachinery.com\/es\/product\/vegetable-slicer-machine\/","title":{"rendered":"M\u00e1quina cortadora de verduras | M\u00e1quina cortadora de cebolla, zanahoria y patata"},"content":{"rendered":"<p>Esta m\u00e1quina cortadora de verduras industrial se utiliza principalmente para procesar el corte de frutas y verduras. La m\u00e1quina cortadora de verduras puede procesar patatas, ra\u00edz de loto, manzanas, pl\u00e1tanos, peras, r\u00e1banos, pepinos y otros tipos de verduras y frutas. La m\u00e1quina corta las rebanadas del producto de manera ordenada, el espesor tiene una tasa de acabado uniforme de 99%, alta eficiencia y puede satisfacer las necesidades de restaurantes, comedores, empresas procesadoras de alimentos y empresas de congelaci\u00f3n.<\/p>   <div class=\"wp-block-image\"> <figure class=\"aligncenter size-full\"><img loading=\"lazy\" decoding=\"async\" width=\"720\" height=\"540\" src=\"https:\/\/fvmachinery.com\/wp-content\/uploads\/2022\/08\/vegetable-slicing-machine1.webp\" alt=\"m\u00e1quina cortadora de verduras\" class=\"wp-image-195\" title=\"\" srcset=\"https:\/\/fvmachinery.com\/wp-content\/uploads\/2022\/08\/vegetable-slicing-machine1.webp 720w, https:\/\/fvmachinery.com\/wp-content\/uploads\/2022\/08\/vegetable-slicing-machine1-300x225.webp 300w\" sizes=\"auto, (max-width: 720px) 100vw, 720px\" \/><figcaption>m\u00e1quina cortadora de verduras<\/figcaption><\/figure> <\/div>   <h2 class=\"wp-block-heading\" id=\"h-raw-materials-finnal-products-of-vegetable-slicing-machine\">Materias primas y productos finales de la m\u00e1quina cortadora de verduras.<\/h2>    <p class=\"translation-block\">La m\u00e1quina cortadora de verduras y frutas es principalmente adecuada para materiales de tama\u00f1o mediano, largos o cil\u00edndricos para rebanar.<br>Por ejemplo, las verduras de ra\u00edz son muy adecuadas para este tipo de cortadora, incluyendo papas, zanahorias, r\u00e1banos blancos, batatas, ra\u00edces de loto y otras verduras aplicables que incluyen pepinos, berenjenas, cebollas, calabacines, brotes de bamb\u00fa, etc. Las frutas adecuadas incluyen manzanas, peras, pl\u00e1tanos, fruta del drag\u00f3n, etc. Adem\u00e1s, si no te gustan las rebanadas de verduras, tambi\u00e9n ofrecemos <a href=\"https:\/\/fvmachinery.com\/es\/product\/commercial-vegetable-dicing-machine\/\">cortadoras de verduras en venta<\/a>, si est\u00e1s interesado, bienvenido a consultarnos.<\/p>   <div class=\"wp-block-image\"> <figure class=\"aligncenter size-full\"><img loading=\"lazy\" decoding=\"async\" width=\"720\" height=\"540\" src=\"https:\/\/fvmachinery.com\/wp-content\/uploads\/2022\/08\/finnal-products-of-vegetable-slicing-machine.webp\" alt=\"Productos finales de la m\u00e1quina cortadora de verduras.\" class=\"wp-image-247\" title=\"\" srcset=\"https:\/\/fvmachinery.com\/wp-content\/uploads\/2022\/08\/finnal-products-of-vegetable-slicing-machine.webp 720w, https:\/\/fvmachinery.com\/wp-content\/uploads\/2022\/08\/finnal-products-of-vegetable-slicing-machine-300x225.webp 300w\" sizes=\"auto, (max-width: 720px) 100vw, 720px\" \/><figcaption>Productos finales de la m\u00e1quina cortadora de verduras.<\/figcaption><\/figure> <\/div>   <h2 class=\"wp-block-heading\" id=\"h-structure-of-commercial-onion-slicer-machine\">Estructura de la m\u00e1quina cortadora de cebolla comercial.<\/h2>   <div class=\"wp-block-image\"> <figure class=\"aligncenter size-full\"><img loading=\"lazy\" decoding=\"async\" width=\"720\" height=\"540\" src=\"https:\/\/fvmachinery.com\/wp-content\/uploads\/2022\/08\/fruit-slicing-machine-structure1.webp\" alt=\"\" class=\"wp-image-170\" title=\"\" srcset=\"https:\/\/fvmachinery.com\/wp-content\/uploads\/2022\/08\/fruit-slicing-machine-structure1.webp 720w, https:\/\/fvmachinery.com\/wp-content\/uploads\/2022\/08\/fruit-slicing-machine-structure1-300x225.webp 300w\" sizes=\"auto, (max-width: 720px) 100vw, 720px\" \/><figcaption>Estructura de la m\u00e1quina cortadora de verduras.<\/figcaption><\/figure> <\/div>   <p>La cortadora de cebolla industrial se compone principalmente de un marco, un puerto de alimentaci\u00f3n, una placa cortadora giratoria, una pieza de transmisi\u00f3n, un motor, un puerto de descarga, etc. Es adecuada para cortar frutas y verduras de gran volumen y forma cil\u00edndrica larga. Las partes de contacto de la m\u00e1quina cortadora de vegetales y productos agr\u00edcolas est\u00e1n hechas de acero inoxidable de alta calidad, que cumple con los requisitos internacionales de higiene para maquinaria de procesamiento de alimentos. Por lo tanto, puede garantizar que la m\u00e1quina no se oxidar\u00e1 ni corroer\u00e1 despu\u00e9s de un trabajo prolongado.<\/p>    <h2 class=\"wp-block-heading\" id=\"h-technical-parameters-of-carrot-slicer-machine\">Par\u00e1metros t\u00e9cnicos de la m\u00e1quina cortadora de zanahorias.<\/h2>    <p>Potencia: 1,5 kw<br>Tama\u00f1o: 700*700*900mm<br>Peso: 160 kg<br>Capacidad: 500-700 kg\/h<\/p>    <h2 class=\"wp-block-heading\" id=\"h-how-to-use-an-industrial-vegetable-slicer-machine\">\u00bfC\u00f3mo utilizar una m\u00e1quina cortadora de verduras industrial?<\/h2>    <p>Antes de utilizar esta m\u00e1quina cortadora de frutas y verduras, debemos asegurarnos de que la corriente est\u00e9 lista. Luego, presione el bot\u00f3n de inicio de la cortadora. Separamos las frutas y verduras y las ponemos en diferentes entradas seg\u00fan su tama\u00f1o. Luego, la placa de corte interior gira a alta velocidad mientras se corta, y las rodajas de frutas y verduras caer\u00e1n del pico inmediatamente.<\/p>    <h2 class=\"wp-block-heading\" id=\"h-advantages-of-electric-potato-slicer-machine\">Ventajas de la m\u00e1quina cortadora de patatas el\u00e9ctrica<\/h2>    <ol class=\"wp-block-list\"><li>La m\u00e1quina cortadora de verduras industrial sustituye por completo el trabajo manual tradicional. El corte manual es lento, de tama\u00f1o desigual y no es adecuado para su aplicaci\u00f3n en la industria de procesamiento de alimentos a gran escala. La eficiencia de corte de la m\u00e1quina es decenas de veces mayor que la eficiencia manual, lo que ahorra mucho tiempo y costos de mano de obra.<\/li><li>La placa de cuchilla giratoria de la m\u00e1quina cortadora de verduras est\u00e1 razonablemente dise\u00f1ada, el grosor y el tama\u00f1o del material cortado son uniformes, el grosor se puede ajustar y el rango de grosor es de 1 a 8 mm. La placa del cuchillo es afilada y no destruye el tejido fibroso de frutas y verduras.<\/li><li>Toda la m\u00e1quina cortadora de patatas el\u00e9ctrica est\u00e1 hecha de acero inoxidable de alta calidad y aleaci\u00f3n de aluminio, con una estructura razonable, uso seguro, hermosa, baja tasa de fallas del equipo y mantenimiento conveniente.<\/li><\/ol>    <h2 class=\"wp-block-heading\">\u00bfPor qu\u00e9 elegir la m\u00e1quina cortadora de verduras Taizy?<\/h2>    <ul class=\"wp-block-list\"><li>Centr\u00e1ndose en la fabricaci\u00f3n de maquinaria alimentaria. Taizy Machinery se fund\u00f3 en 2011 como una empresa integrada de fabricaci\u00f3n y comercializaci\u00f3n de maquinaria. Desde su creaci\u00f3n, hemos ido mejorando nuestra tecnolog\u00eda y garantizando la calidad de nuestros productos.<\/li><li>Disponemos de una amplia gama de productos. Tenemos <a href=\"https:\/\/fvmachinery.com\/es\/product\/commercial-vegetable-cutting-machine\/\">cortadora de verduras<\/a>, <a href=\"https:\/\/fvmachinery.com\/es\/product\/commercial-vegetable-dicing-machine\/\">m\u00e1quina de cortar en cubitos<\/a>, <a href=\"https:\/\/fvmachinery.com\/es\/product\/vendo-peladora-de-ajos\/\">peladora de ajos<\/a>, <a href=\"https:\/\/fvmachinery.com\/es\/product\/fruit-and-vegetable-washing-line\/\">tendedero para lavar frutas y verduras<\/a> y otras m\u00e1quinas, que se pueden personalizar seg\u00fan las necesidades de los clientes. Nuestros productos se han vendido a muchos pa\u00edses y regiones del mundo.<\/li><li>Mejora continua del servicio al cliente. Nuestro personal de ventas se comunicar\u00e1 con usted tan pronto como reciba su consulta y responder\u00e1 sus preguntas con paciencia durante todo el proceso. Despu\u00e9s de que el cliente realiza un pedido, el gerente de ventas supervisar\u00e1 la carga y entrega de la m\u00e1quina para garantizar que llegue de manera segura al pa\u00eds del cliente.<\/li><\/ul>","protected":false},"excerpt":{"rendered":"<p>This industrial vegetable slicer machine is mainly used for processing the slicing of fruits and vegetables. The vegetable slicing machine can process potatoes, lotus root, apples, bananas, pears, radishes, cucumbers, and other kinds of vegetables and fruits. The machine cuts the product slices neatly, the thickness is evenly finished rate of 99%, high efficiency, and [&hellip;]<\/p>\n","protected":false},"author":1,"featured_media":83,"parent":0,"template":"","tags":[28],"product-type":[12],"class_list":["post-81","product","type-product","status-publish","has-post-thumbnail","hentry","tag-vegetable-slicer-machine","product-type-cutting-machine"],"_links":{"self":[{"href":"https:\/\/fvmachinery.com\/es\/wp-json\/wp\/v2\/product\/81","targetHints":{"allow":["GET"]}}],"collection":[{"href":"https:\/\/fvmachinery.com\/es\/wp-json\/wp\/v2\/product"}],"about":[{"href":"https:\/\/fvmachinery.com\/es\/wp-json\/wp\/v2\/types\/product"}],"author":[{"embeddable":true,"href":"https:\/\/fvmachinery.com\/es\/wp-json\/wp\/v2\/users\/1"}],"wp:featuredmedia":[{"embeddable":true,"href":"https:\/\/fvmachinery.com\/es\/wp-json\/wp\/v2\/media\/83"}],"wp:attachment":[{"href":"https:\/\/fvmachinery.com\/es\/wp-json\/wp\/v2\/media?parent=81"}],"wp:term":[{"taxonomy":"post_tag","embeddable":true,"href":"https:\/\/fvmachinery.com\/es\/wp-json\/wp\/v2\/tags?post=81"},{"taxonomy":"product-type","embeddable":true,"href":"https:\/\/fvmachinery.com\/es\/wp-json\/wp\/v2\/product-type?post=81"}],"curies":[{"name":"wp","href":"https:\/\/api.w.org\/{rel}","templated":true}]}}