{"id":84,"date":"2022-08-25T09:17:04","date_gmt":"2022-08-25T01:17:04","guid":{"rendered":"https:\/\/fvmachinery.com\/?post_type=product&#038;p=84"},"modified":"2023-06-20T18:06:00","modified_gmt":"2023-06-20T10:06:00","slug":"commercial-vegetable-cutting-machine","status":"publish","type":"product","link":"https:\/\/fvmachinery.com\/es\/product\/commercial-vegetable-cutting-machine\/","title":{"rendered":"M\u00e1quina cortadora de verduras comercial | M\u00e1quina cortadora de patatas"},"content":{"rendered":"<p class=\"translation-block\">La cortadora de verduras comercial es un dispositivo necesario para restaurantes, comedores, plantas de procesamiento de alimentos, el ej\u00e9rcito, etc. Su trabajo eficiente puede reemplazar completamente el corte manual de verduras, una gran cantidad de verduras se pueden cortar en un corto per\u00edodo de tiempo para satisfacer las necesidades de producci\u00f3n del hotel, ahorrando tiempo y costos de mano de obra para los inversores, mejorando en gran medida la eficiencia y obteniendo mayores m\u00e1rgenes de beneficio. Por lo tanto, la cortadora de verduras es una m\u00e1quina que vale la pena invertir. Adem\u00e1s, Taizy Machinery tambi\u00e9n ofrece <a href=\"https:\/\/fvmachinery.com\/es\/product\/commercial-vegetable-dicing-machine\/\"> cortadoras de verduras en dados <\/a> y <a href=\"https:\/\/fvmachinery.com\/es\/product\/vegetable-slicer-machine\/\"> cortadoras en venta <\/a>, si est\u00e1 interesado, cons\u00faltenos ahora. <\/p>    <h2 class=\"wp-block-heading\" id=\"h-introduction-of-commercial-vegetable-cutting-machine\">Introducci\u00f3n de la m\u00e1quina cortadora de verduras comercial.<\/h2>    <figure class=\"wp-block-gallery has-nested-images columns-default is-cropped wp-block-gallery-2 is-layout-flex wp-block-gallery-is-layout-flex\"> <figure class=\"wp-block-image size-large\"><img loading=\"lazy\" decoding=\"async\" width=\"720\" height=\"540\" data-id=\"220\" src=\"https:\/\/fvmachinery.com\/wp-content\/uploads\/2022\/08\/vegetable-cutting-machine1.webp\" alt=\"\" class=\"wp-image-220\" title=\"\" srcset=\"https:\/\/fvmachinery.com\/wp-content\/uploads\/2022\/08\/vegetable-cutting-machine1.webp 720w, https:\/\/fvmachinery.com\/wp-content\/uploads\/2022\/08\/vegetable-cutting-machine1-300x225.webp 300w\" sizes=\"auto, (max-width: 720px) 100vw, 720px\" \/><figcaption class=\"wp-element-caption\">M\u00e1quina cortadora de verduras comercial<\/figcaption><\/figure>    <figure class=\"wp-block-image size-large\"><img loading=\"lazy\" decoding=\"async\" width=\"500\" height=\"375\" data-id=\"217\" src=\"https:\/\/fvmachinery.com\/wp-content\/uploads\/2022\/08\/Multi-function-cutting-machine2-21.webp\" alt=\"cortador de verduras comercial\" class=\"wp-image-217\" title=\"\" srcset=\"https:\/\/fvmachinery.com\/wp-content\/uploads\/2022\/08\/Multi-function-cutting-machine2-21.webp 500w, https:\/\/fvmachinery.com\/wp-content\/uploads\/2022\/08\/Multi-function-cutting-machine2-21-300x225.webp 300w\" sizes=\"auto, (max-width: 500px) 100vw, 500px\" \/><figcaption class=\"wp-element-caption\">M\u00e1quina cortadora de verduras comercial<\/figcaption><\/figure> <\/figure>    <p>La m\u00e1quina cortadora autom\u00e1tica de vegetales Taizy, tambi\u00e9n conocida como cortadora de vegetales multifuncional, m\u00e1quina cortadora de papas y m\u00e1quina cortadora de lechuga, tiene puertos de alimentaci\u00f3n en los extremos delantero y trasero, uno de los cuales tiene un puerto de alimentaci\u00f3n tipo cinta transportadora, especializado en cortes largos y Verduras de hojas finas, como lechuga, cebolla verde, cilantro, puerro, etc. El tama\u00f1o del producto terminado y la velocidad de la cinta transportadora se pueden ajustar para satisfacer todas las necesidades del cliente.<\/p>    <p>El otro extremo de la m\u00e1quina cortadora de vegetales es principalmente para vegetales bulbosos, como papas, batatas, r\u00e1banos, zanahorias, ra\u00edces de loto, taro, etc. Hay disponible una variedad de discos de cuchillas, que se pueden rallar, cortar en cubitos y rebanar seg\u00fan a los requisitos espec\u00edficos de los clientes.<\/p>    <h2 class=\"wp-block-heading\" id=\"h-advantages-of-potato-cutter-machine\">Ventajas de la cortadora de patatas<\/h2>    <ol class=\"wp-block-list\"> <li>Ambos extremos de la m\u00e1quina cortadora de verduras pueden cortar verduras al mismo tiempo.<\/li>    <li>La m\u00e1quina cortadora de verduras comercial tiene varias funciones y una amplia gama de aplicaciones, adecuadas para la mayor\u00eda de las verduras, incluidas las de hojas y ra\u00edces. Puede cortar verduras en trozos, triturarlas, rebanarlas y rebanarlas.<\/li>    <li>La m\u00e1quina cortadora de vegetales comercial est\u00e1 equipada con una cinta transportadora para lograr un funcionamiento continuo de la m\u00e1quina, mejorando la eficiencia y ahorrando horas de trabajo.<\/li>    <li>Toda la m\u00e1quina cortadora de verduras est\u00e1 hecha de acero inoxidable de alta calidad, que cumple con los est\u00e1ndares de exportaci\u00f3n de alimentos, no contamina los alimentos y tiene una larga vida \u00fatil.<\/li>    <li>La m\u00e1quina cortadora de lechuga utiliza un sistema de conversi\u00f3n de frecuencia doble, que puede cambiar el modo de conversi\u00f3n de frecuencia seg\u00fan las necesidades del cliente, lo que ahorra m\u00e1s energ\u00eda que la m\u00e1quina tradicional.<\/li> <\/ol>    <h2 class=\"wp-block-heading\" id=\"h-veg-cutter-machine-technical-parameters\">Par\u00e1metros t\u00e9cnicos de la m\u00e1quina cortadora de verduras.<\/h2>    <figure class=\"wp-block-table\"><table><tbody><tr><td>Modelo<\/td><td>TZ-801<\/td><\/tr><tr><td>Fuente de alimentaci\u00f3n<\/td><td>220v<\/td><\/tr><tr><td>Peso<\/td><td>140 kilos<\/td><\/tr><tr><td>Tama\u00f1o<\/td><td>1160*530*1300mm<\/td><\/tr><tr><td>Capacidad<\/td><td>300-1000kg<\/td><\/tr><tr><td>Fuerza<\/td><td>2,22 kw<\/td><\/tr><tr><td>Tama\u00f1o de corte de verduras de hoja<\/td><td>1-60 mm<\/td><\/tr><tr><td>Cinta transportadora de longitud<\/td><td>118mm<\/td><\/tr><\/tbody><\/table><\/figure>    <h2 class=\"wp-block-heading\" id=\"h-automatic-vegetable-cutting-machine-structure\">Estructura autom\u00e1tica de la m\u00e1quina cortadora de verduras.<\/h2>    <p>La estructura principal de esta m\u00e1quina cortadora de vegetales incluye un bastidor de m\u00e1quina, una parte de alimentaci\u00f3n, una parte de corte, una parte de transmisi\u00f3n, una parte del circuito CNC, etc. Las partes principales de la m\u00e1quina est\u00e1n hechas de acero inoxidable, y la cinta transportadora y la cinta prensadora de vegetales est\u00e1n hechas de caucho no t\u00f3xico para garantizar un trabajo a largo plazo. La m\u00e1quina cortadora autom\u00e1tica de vegetales no es corrosiva, no t\u00f3xica y no da\u00f1ina para los vegetales procesados, lo que cumple con los requisitos de los est\u00e1ndares de higiene de la maquinaria de procesamiento de alimentos.<\/p>    <h2 class=\"wp-block-heading\">Precauciones de la cortadora de verduras comercial.<\/h2>    <p class=\"translation-block\">La cortadora de verduras como maquinaria alimentaria, a menudo est\u00e1 en contacto con una variedad de materiales, algunas sustancias producir\u00e1n corrosi\u00f3n en el cortador de la cortadora de verduras, las verduras cortadas despu\u00e9s del material residual se pudrir\u00e1n y deteriorar\u00e1n, en casos graves se producir\u00e1n problemas de seguridad alimentaria, por lo que la limpieza y el <a href=\"https:\/\/fvmachinery.com\/es\/Info\/precautions-for-using-commercial-vegetable-cutter\/\"> mantenimiento <\/a> de la m\u00e1quina son muy importantes.<\/p>    <p>Adem\u00e1s, trate de evitar almacenar la m\u00e1quina en un ambiente oscuro y h\u00famedo, la atenci\u00f3n diaria a los detalles reducir\u00e1 los costos de mantenimiento del per\u00edodo y extender\u00e1 la vida \u00fatil de la m\u00e1quina cortadora de vegetales comercial.<\/p>","protected":false},"excerpt":{"rendered":"<p>The commercial vegetable cutting machine is a necessary device for restaurants, canteens, food processing plants, the military, etc. Its efficient work can completely replace manual vegetable cutting, a large number of vegetables can be cut in a short period of time to meet the needs of the hotel production, saving time and labor costs for [&hellip;]<\/p>\n","protected":false},"author":1,"featured_media":86,"parent":0,"template":"","tags":[17],"product-type":[12],"class_list":["post-84","product","type-product","status-publish","has-post-thumbnail","hentry","tag-vegetable-cutting-machine","product-type-cutting-machine"],"_links":{"self":[{"href":"https:\/\/fvmachinery.com\/es\/wp-json\/wp\/v2\/product\/84","targetHints":{"allow":["GET"]}}],"collection":[{"href":"https:\/\/fvmachinery.com\/es\/wp-json\/wp\/v2\/product"}],"about":[{"href":"https:\/\/fvmachinery.com\/es\/wp-json\/wp\/v2\/types\/product"}],"author":[{"embeddable":true,"href":"https:\/\/fvmachinery.com\/es\/wp-json\/wp\/v2\/users\/1"}],"wp:featuredmedia":[{"embeddable":true,"href":"https:\/\/fvmachinery.com\/es\/wp-json\/wp\/v2\/media\/86"}],"wp:attachment":[{"href":"https:\/\/fvmachinery.com\/es\/wp-json\/wp\/v2\/media?parent=84"}],"wp:term":[{"taxonomy":"post_tag","embeddable":true,"href":"https:\/\/fvmachinery.com\/es\/wp-json\/wp\/v2\/tags?post=84"},{"taxonomy":"product-type","embeddable":true,"href":"https:\/\/fvmachinery.com\/es\/wp-json\/wp\/v2\/product-type?post=84"}],"curies":[{"name":"wp","href":"https:\/\/api.w.org\/{rel}","templated":true}]}}