{"id":88,"date":"2022-08-25T09:32:40","date_gmt":"2022-08-25T01:32:40","guid":{"rendered":"https:\/\/fvmachinery.com\/?post_type=product&#038;p=88"},"modified":"2022-10-21T14:51:24","modified_gmt":"2022-10-21T06:51:24","slug":"garlic-peeling-machine-for-sale","status":"publish","type":"product","link":"https:\/\/fvmachinery.com\/es\/product\/vendo-peladora-de-ajos\/","title":{"rendered":"M\u00e1quina peladora de ajos a la venta | Removedor autom\u00e1tico de piel de ajo"},"content":{"rendered":"<p class=\"translation-block\">La m\u00e1quina peladora de ajo en venta puede eliminar r\u00e1pida y efectivamente la piel del ajo y tambi\u00e9n la piel de los anacardos. El proceso de pelado no da\u00f1a el ajo en s\u00ed y es una m\u00e1quina esencial para restaurantes, plantas de procesamiento de alimentos, plantas de condimentos, comedores, etc. Taizy Machinery ofrece dos modelos diferentes de <a href=\"https:\/\/en.wikipedia.org\/wiki\/Garlic\" target=\"_blank\" rel=\"noopener\">m\u00e1quinas peladoras de ajo<\/a>, incluyendo el tipo peque\u00f1o y el de cadena. Los clientes pueden decidir qu\u00e9 modelo comprar seg\u00fan su producci\u00f3n y \u00e1rea de planta.<\/p>   <div class=\"wp-block-image\"> <figure class=\"aligncenter size-full\"><img loading=\"lazy\" decoding=\"async\" width=\"720\" height=\"540\" src=\"https:\/\/fvmachinery.com\/wp-content\/uploads\/2022\/08\/garlic-processing-plant1-1.webp\" alt=\"planta procesadora de ajo\" class=\"wp-image-172\" title=\"\" srcset=\"https:\/\/fvmachinery.com\/wp-content\/uploads\/2022\/08\/garlic-processing-plant1-1.webp 720w, https:\/\/fvmachinery.com\/wp-content\/uploads\/2022\/08\/garlic-processing-plant1-1-300x225.webp 300w\" sizes=\"auto, (max-width: 720px) 100vw, 720px\" \/><figcaption>Vendo peladora de ajos<\/figcaption><\/figure> <\/div>   <h2 class=\"wp-block-heading\" id=\"h-applicable-raw-materials-of-commercial-garlic-peeler\">Materias primas aplicables del pelador de ajos comercial.<\/h2>    <p>La m\u00e1quina peladora de ajos es adecuada para pelar ajos secos, de los cuales el ajo se divide en dientes, y tambi\u00e9n para pelar man\u00ed secos, pi\u00f1ones, anacardos, avellanas y productos agr\u00edcolas con membranas.<\/p>   <div class=\"wp-block-image\"> <figure class=\"aligncenter size-full\"><img loading=\"lazy\" decoding=\"async\" width=\"720\" height=\"540\" src=\"https:\/\/fvmachinery.com\/wp-content\/uploads\/2022\/08\/garlic-peeling-machine-1.jpg\" alt=\"\" class=\"wp-image-282\" title=\"\" srcset=\"https:\/\/fvmachinery.com\/wp-content\/uploads\/2022\/08\/garlic-peeling-machine-1.jpg 720w, https:\/\/fvmachinery.com\/wp-content\/uploads\/2022\/08\/garlic-peeling-machine-1-300x225.jpg 300w\" sizes=\"auto, (max-width: 720px) 100vw, 720px\" \/><figcaption>La m\u00e1quina peladora de ajos puede quitar la piel del ajo de manera eficiente.<\/figcaption><\/figure> <\/div>   <h2 class=\"wp-block-heading\" id=\"h-features-of-garlic-peeling-machine-for-sale\">Caracter\u00edsticas de la m\u00e1quina peladora de ajos a la venta.<\/h2>    <ol class=\"wp-block-list\"><li>La m\u00e1quina peladora de ajos tiene una alta eficiencia de trabajo y la velocidad de pelado puede alcanzar m\u00e1s de 98%.<\/li><li>La m\u00e1quina peladora de ajos secos no necesita agua, lo que facilita mucho el proceso de pelado y no contamina el medio ambiente.<\/li><li>Nuestra empresa ofrece dos tipos de peladoras de ajos autom\u00e1ticas, la m\u00e1quina peque\u00f1a con una estructura compacta y que ocupa poco espacio, y la peladora de ajos autom\u00e1tica tipo cadena con alto rendimiento, que es adecuada para plantas de procesamiento de alimentos a gran escala. Ambos modelos se caracterizan por un rendimiento estable, un funcionamiento seguro y un mantenimiento sencillo.<\/li><li>Nuestro pelador de ajo comercial utiliza la fuerza del compresor de aire para pelarlo sin da\u00f1ar las materias primas. La m\u00e1quina peladora de ajos adopta un principio de pelado especialmente dise\u00f1ado, de modo que el ajo no utiliza otros objetos afilados como cuchillas durante el proceso de pelado y no da\u00f1a la piel del ajo.<\/li><\/ol>    <h2 class=\"wp-block-heading\" id=\"h-garlic-skin-remover-machine-application\">Aplicaci\u00f3n de la m\u00e1quina quitapiel de ajo<\/h2>    <p>Esta m\u00e1quina removedora de ajo comercial se utiliza principalmente para el procesamiento profundo del ajo, especialmente en plantas procesadoras de alimentos, plantas de producci\u00f3n de condimentos, militares, restaurantes, escuelas, comedores, minoristas de ajo, mercados de agricultores y otras unidades de procesamiento o individuos.<\/p>    <h2 class=\"wp-block-heading\" id=\"h-choose-one-garlic-peeling-machine-you-like\">Elige una peladora de ajos que te guste<\/h2>    <p>Taizy Machinery ofrece a la venta dos tipos diferentes de peladoras de ajo. La peque\u00f1a m\u00e1quina peladora de ajos puede procesar entre 60 y 300 kg de materia prima por hora, lo cual es adecuado para familias, peque\u00f1os restaurantes y peque\u00f1as plantas de procesamiento de vegetales. Adopta el principio de pelado neum\u00e1tico. Durante el proceso de pelado, la m\u00e1quina no da\u00f1ar\u00e1 los dientes de ajo en absoluto y la velocidad de pelado es de hasta 95%. Los siguientes son los diferentes modelos de peque\u00f1as peladoras.<\/p>   <div class=\"wp-block-image\"> <figure class=\"aligncenter size-full\"><img loading=\"lazy\" decoding=\"async\" width=\"750\" height=\"540\" src=\"https:\/\/fvmachinery.com\/wp-content\/uploads\/2022\/08\/small-dry-garlic-peeling-machine.jpg\" alt=\"peladora-pequena-de-ajos-secos\" class=\"wp-image-208\" title=\"\" srcset=\"https:\/\/fvmachinery.com\/wp-content\/uploads\/2022\/08\/small-dry-garlic-peeling-machine.jpg 750w, https:\/\/fvmachinery.com\/wp-content\/uploads\/2022\/08\/small-dry-garlic-peeling-machine-300x216.jpg 300w\" sizes=\"auto, (max-width: 750px) 100vw, 750px\" \/><figcaption>Vendo peladora de ajos<\/figcaption><\/figure> <\/div>   <figure class=\"wp-block-table\"><table><tbody><tr><td>Modelo<\/td><td>TZ-100<\/td><td>TZ-150<\/td><td>TZ-300<\/td><\/tr><tr><td>Capacidad<\/td><td>60-100kg\/hora<\/td><td>100-150kg\/hora<\/td><td>200-300kg\/hora<\/td><\/tr><tr><td>Flujo de aire<\/td><td>1,05 m\u00b3\/min<\/td><td>1,60 m\u00b3\/min<\/td><td>4m\u00b3\/min<\/td><\/tr><tr><td>Con poder a\u00e9reo<\/td><td>5,5-7,5 kw<\/td><td>7,5-11kw<\/td><td>15kW<\/td><\/tr><tr><td>Con presi\u00f3n de aire<\/td><td>7-9g\/c\u33a1<\/td><td>7-9g\/c\u33a1<\/td><td>7-9g\/c\u33a1<\/td><\/tr><tr><td>Poder total<\/td><td>0,2 kw<\/td><td>0,2 kw<\/td><td>0,4 kw<\/td><\/tr><tr><td>Tasa de pelado<\/td><td>95-98%<\/td><td>95-98%<\/td><td>95-98%<\/td><\/tr><tr><td>Tama\u00f1o<\/td><td>600*600*1350mm<\/td><td>650*950*1750mm<\/td><td>650*950*1750mm<\/td><\/tr><tr><td>Peso<\/td><td>65 kilos<\/td><td>800 kilos<\/td><td>850 kilos<\/td><\/tr><\/tbody><\/table><\/figure>    <p>La capacidad de producci\u00f3n de la m\u00e1quina peladora de ajos tipo cadena a la venta es mayor, y puede manejar entre 200 y 1000 kg de dientes de ajo por hora, adecuada para grandes plantas procesadoras de alimentos, militares, grandes restaurantes, plantas de condimentos, etc. Los siguientes son los diferentes modelos de pelador de ajos de cadena.<\/p>   <div class=\"wp-block-image\"> <figure class=\"aligncenter size-full\"><img loading=\"lazy\" decoding=\"async\" width=\"720\" height=\"540\" src=\"https:\/\/fvmachinery.com\/wp-content\/uploads\/2022\/08\/chain-type-garlic-peeling-machine1.webp\" alt=\"peladora de ajos tipo cadena\" class=\"wp-image-162\" title=\"\" srcset=\"https:\/\/fvmachinery.com\/wp-content\/uploads\/2022\/08\/chain-type-garlic-peeling-machine1.webp 720w, https:\/\/fvmachinery.com\/wp-content\/uploads\/2022\/08\/chain-type-garlic-peeling-machine1-300x225.webp 300w\" sizes=\"auto, (max-width: 720px) 100vw, 720px\" \/><figcaption>M\u00e1quina peladora de ajos tipo cadena a la venta<\/figcaption><\/figure> <\/div>   <figure class=\"wp-block-table\"><table><tbody><tr><td>Tipo<\/td><td>Voltaje<\/td><td>Fuerza<\/td><td>Tama\u00f1o<\/td><td>Peso<\/td><td>Producci\u00f3n<\/td><\/tr><tr><td>200<\/td><td>110-220-380V<\/td><td>1100W<\/td><td>130*<em>55<\/em>*140CM<\/td><td>150 kg<\/td><td>200kg\/h<\/td><\/tr><tr><td>400<\/td><td>110-220-380V<\/td><td>1200W<\/td><td>162*<em>55<\/em>*140CM<\/td><td>250 kg<\/td><td>400kg\/h<\/td><\/tr><tr><td>600<\/td><td>110-220-380V<\/td><td>1500W<\/td><td>182*<em>60*<\/em>140CM<\/td><td>350 kg<\/td><td>600kg\/hora<\/td><\/tr><tr><td>1000<\/td><td>110-220-380V<\/td><td>3000W<\/td><td>280*<em>98*<\/em>170CM<\/td><td>500 kg<\/td><td>1000kg\/hora<\/td><\/tr><\/tbody><\/table><\/figure>    <h2 class=\"wp-block-heading\" id=\"h-recommended-garlic-processing-line\">L\u00ednea de procesamiento de ajo recomendada<\/h2>   <div class=\"wp-block-image\"> <figure class=\"aligncenter size-full\"><img loading=\"lazy\" decoding=\"async\" width=\"720\" height=\"540\" src=\"https:\/\/fvmachinery.com\/wp-content\/uploads\/2022\/08\/garlic-processing-equipment-in-Taizy-factory.jpg\" alt=\"Equipos-de-procesamiento-de-ajo-en-la-f\u00e1brica-de-Taizy\" class=\"wp-image-210\" title=\"\" srcset=\"https:\/\/fvmachinery.com\/wp-content\/uploads\/2022\/08\/garlic-processing-equipment-in-Taizy-factory.jpg 720w, https:\/\/fvmachinery.com\/wp-content\/uploads\/2022\/08\/garlic-processing-equipment-in-Taizy-factory-300x225.jpg 300w\" sizes=\"auto, (max-width: 720px) 100vw, 720px\" \/><figcaption>Equipos-de-procesamiento-de-ajo-en-la-f\u00e1brica-de-Taizy<\/figcaption><\/figure> <\/div>  <div class=\"wp-block-image\"> <figure class=\"aligncenter size-full\"><img loading=\"lazy\" decoding=\"async\" width=\"720\" height=\"540\" src=\"https:\/\/fvmachinery.com\/wp-content\/uploads\/2022\/08\/continuous-garlic-splitting-peeling-plant.jpg\" alt=\"\" class=\"wp-image-211\" title=\"\" srcset=\"https:\/\/fvmachinery.com\/wp-content\/uploads\/2022\/08\/continuous-garlic-splitting-peeling-plant.jpg 720w, https:\/\/fvmachinery.com\/wp-content\/uploads\/2022\/08\/continuous-garlic-splitting-peeling-plant-300x225.jpg 300w\" sizes=\"auto, (max-width: 720px) 100vw, 720px\" \/><figcaption>l\u00ednea de procesamiento de ajo<\/figcaption><\/figure> <\/div>   <p class=\"translation-block\">La <strong><a href=\"https:\/\/fvmachinery.com\/es\/product\/planta-procesadora-de-ajo\/\">l\u00ednea de procesamiento de ajo<\/a><\/strong> com\u00fan puede convertir una cabeza entera de ajo en dientes de ajo limpios de alta calidad. Los pasos incluyen dividir, pelar, limpiar, seleccionar por color, secar y finalmente envasar. La l\u00ednea de procesamiento incluye una m\u00e1quina de divisi\u00f3n de ajo, m\u00e1quina peladora de ajo en venta, m\u00e1quina de lavado por burbujas, m\u00e1quina de clasificaci\u00f3n por color, m\u00e1quina de secado de ajo y m\u00e1quina de empaquetado. Esta l\u00ednea tiene un alto nivel de automatizaci\u00f3n y alta producci\u00f3n y puede procesar de 500 a 3000 kg de ajo. Si est\u00e1 interesado, cont\u00e1ctenos ahora.<\/p>","protected":false},"excerpt":{"rendered":"<p>The garlic peeling machine for sale can quickly and effectively remove the skin of garlic and also the skin of cashew nuts. The peeling process does not damage the garlic itself and is an essential machine for restaurants, food processing plants, seasoning plants, canteens, etc. Taizy Machinery offers two different models of garlic peeling machines, [&hellip;]<\/p>\n","protected":false},"author":1,"featured_media":91,"parent":0,"template":"","tags":[22],"product-type":[13],"class_list":["post-88","product","type-product","status-publish","has-post-thumbnail","hentry","tag-garlic-peeling-machine","product-type-peeling-machine"],"_links":{"self":[{"href":"https:\/\/fvmachinery.com\/es\/wp-json\/wp\/v2\/product\/88","targetHints":{"allow":["GET"]}}],"collection":[{"href":"https:\/\/fvmachinery.com\/es\/wp-json\/wp\/v2\/product"}],"about":[{"href":"https:\/\/fvmachinery.com\/es\/wp-json\/wp\/v2\/types\/product"}],"author":[{"embeddable":true,"href":"https:\/\/fvmachinery.com\/es\/wp-json\/wp\/v2\/users\/1"}],"wp:featuredmedia":[{"embeddable":true,"href":"https:\/\/fvmachinery.com\/es\/wp-json\/wp\/v2\/media\/91"}],"wp:attachment":[{"href":"https:\/\/fvmachinery.com\/es\/wp-json\/wp\/v2\/media?parent=88"}],"wp:term":[{"taxonomy":"post_tag","embeddable":true,"href":"https:\/\/fvmachinery.com\/es\/wp-json\/wp\/v2\/tags?post=88"},{"taxonomy":"product-type","embeddable":true,"href":"https:\/\/fvmachinery.com\/es\/wp-json\/wp\/v2\/product-type?post=88"}],"curies":[{"name":"wp","href":"https:\/\/api.w.org\/{rel}","templated":true}]}}