{"id":907,"date":"2023-12-12T17:50:58","date_gmt":"2023-12-12T09:50:58","guid":{"rendered":"https:\/\/fvmachinery.com\/?post_type=product&#038;p=907"},"modified":"2024-04-08T14:53:14","modified_gmt":"2024-04-08T06:53:14","slug":"garlic-splitting-machine","status":"publish","type":"product","link":"https:\/\/fvmachinery.com\/es\/product\/garlic-splitting-machine\/","title":{"rendered":"M\u00e1quina para partir ajos"},"content":{"rendered":"<p class=\"translation-block\">Una m\u00e1quina de dividir ajo se utiliza para dar las frutas de ajo enteras, es adecuada para el cultivo de ajo, procesamiento de alimentos, y<a href=\"https:\/\/fvmachinery.com\/es\/product\/planta-procesadora-de-ajo\/\" data-type=\"link\" data-id=\"https:\/\/fvmachinery.com\/product\/garlic-processing-plant\/\"><strong><em> procesamiento industrial en masa del ajo<\/em><\/strong>.<\/a> A continuaci\u00f3n, echemos un vistazo detallado a la m\u00e1quina de dientes de ajo.<\/p>    <figure class=\"wp-block-gallery has-nested-images columns-default is-cropped wp-block-gallery-2 is-layout-flex wp-block-gallery-is-layout-flex\"> <figure class=\"wp-block-image size-large\"><img loading=\"lazy\" decoding=\"async\" width=\"720\" height=\"540\" data-id=\"910\" src=\"https:\/\/fvmachinery.com\/wp-content\/uploads\/2023\/12\/garlic-splitting-machine.webp\" alt=\"m\u00e1quina para partir ajos\" class=\"wp-image-910\" title=\"\" srcset=\"https:\/\/fvmachinery.com\/wp-content\/uploads\/2023\/12\/garlic-splitting-machine.webp 720w, https:\/\/fvmachinery.com\/wp-content\/uploads\/2023\/12\/garlic-splitting-machine-300x225.webp 300w\" sizes=\"auto, (max-width: 720px) 100vw, 720px\" \/><figcaption class=\"wp-element-caption\">M\u00e1quina para partir ajos<\/figcaption><\/figure> <\/figure>    <h2 class=\"wp-block-heading\">Principio de funcionamiento del partidor de dientes de ajo<\/h2>    <p>Una m\u00e1quina procesadora de bulbos de ajo se compone principalmente de un sistema de alimentaci\u00f3n, un mecanismo de exprimido y un sistema de descarga. Introducimos los ajos preparados en el puerto de alimentaci\u00f3n. Bajo la extrusi\u00f3n de los rodillos, los dientes de ajo se extruyen de la c\u00e1scara del ajo y luego se descargan por el puerto de descarga. Los dientes de ajo separados se pueden utilizar para plantar o se pueden procesar o vender en el siguiente paso.<\/p>    <figure class=\"wp-block-gallery has-nested-images columns-default is-cropped wp-block-gallery-3 is-layout-flex wp-block-gallery-is-layout-flex\"> <figure class=\"wp-block-image size-large\"><img loading=\"lazy\" decoding=\"async\" width=\"720\" height=\"540\" data-id=\"911\" src=\"https:\/\/fvmachinery.com\/wp-content\/uploads\/2023\/12\/garlic-after-cloving.webp\" alt=\"ajo despu\u00e9s del clavo\" class=\"wp-image-911\" title=\"\" srcset=\"https:\/\/fvmachinery.com\/wp-content\/uploads\/2023\/12\/garlic-after-cloving.webp 720w, https:\/\/fvmachinery.com\/wp-content\/uploads\/2023\/12\/garlic-after-cloving-300x225.webp 300w\" sizes=\"auto, (max-width: 720px) 100vw, 720px\" \/><figcaption class=\"wp-element-caption\">Ajo partido para su posterior procesamiento<\/figcaption><\/figure>    <figure class=\"wp-block-image size-large\"><img loading=\"lazy\" decoding=\"async\" width=\"720\" height=\"540\" data-id=\"917\" src=\"https:\/\/fvmachinery.com\/wp-content\/uploads\/2023\/12\/garlic-planting.webp\" alt=\"plantaci\u00f3n de ajo\" class=\"wp-image-917\" title=\"\" srcset=\"https:\/\/fvmachinery.com\/wp-content\/uploads\/2023\/12\/garlic-planting.webp 720w, https:\/\/fvmachinery.com\/wp-content\/uploads\/2023\/12\/garlic-planting-300x225.webp 300w\" sizes=\"auto, (max-width: 720px) 100vw, 720px\" \/><figcaption class=\"wp-element-caption\">Plantaci\u00f3n de ajo<\/figcaption><\/figure> <\/figure>    <h2 class=\"wp-block-heading\">\u00bfCu\u00e1les son las ventajas de un separador de dientes de ajo?<\/h2>    <p>La m\u00e1quina para partir ajos tiene un dise\u00f1o muy simple y f\u00e1cil de operar. Es adecuado para la producci\u00f3n de ajo a gran escala y se utiliza com\u00fanmente en l\u00edneas de procesamiento de ajo. La m\u00e1quina cortadora de ajos puede procesar una gran cantidad de ajo en poco tiempo y puede reducir significativamente la p\u00e9rdida de dientes de ajo debido a la operaci\u00f3n manual, y esta m\u00e1quina corta el ajo que se debe plantar, lo que tambi\u00e9n es una buena opci\u00f3n. elecci\u00f3n.<\/p>    <figure class=\"wp-block-gallery has-nested-images columns-default is-cropped wp-block-gallery-4 is-layout-flex wp-block-gallery-is-layout-flex\"> <figure class=\"wp-block-image size-large\"><img loading=\"lazy\" decoding=\"async\" width=\"720\" height=\"540\" data-id=\"916\" src=\"https:\/\/fvmachinery.com\/wp-content\/uploads\/2023\/12\/The-body-is-made-of-304-stainless-steel.webp\" alt=\"El cuerpo est\u00e1 fabricado en acero inoxidable 304.\" class=\"wp-image-916\" title=\"\" srcset=\"https:\/\/fvmachinery.com\/wp-content\/uploads\/2023\/12\/The-body-is-made-of-304-stainless-steel.webp 720w, https:\/\/fvmachinery.com\/wp-content\/uploads\/2023\/12\/The-body-is-made-of-304-stainless-steel-300x225.webp 300w\" sizes=\"auto, (max-width: 720px) 100vw, 720px\" \/><figcaption class=\"wp-element-caption\">El cuerpo est\u00e1 hecho de acero inoxidable 304.<\/figcaption><\/figure>    <figure class=\"wp-block-image size-large\"><img loading=\"lazy\" decoding=\"async\" width=\"720\" height=\"540\" data-id=\"915\" src=\"https:\/\/fvmachinery.com\/wp-content\/uploads\/2023\/12\/simple-structure-easy-to-operate.webp\" alt=\"estructura simple, f\u00e1cil de operar\" class=\"wp-image-915\" title=\"\" srcset=\"https:\/\/fvmachinery.com\/wp-content\/uploads\/2023\/12\/simple-structure-easy-to-operate.webp 720w, https:\/\/fvmachinery.com\/wp-content\/uploads\/2023\/12\/simple-structure-easy-to-operate-300x225.webp 300w\" sizes=\"auto, (max-width: 720px) 100vw, 720px\" \/><figcaption class=\"wp-element-caption\">Estructura simple, f\u00e1cil de operar<\/figcaption><\/figure> <\/figure>    <h2 class=\"wp-block-heading\">\u00bfCu\u00e1les son las caracter\u00edsticas de la m\u00e1quina para partir ajos de Taizy?<\/h2>    <p>El cuerpo del cortador de tr\u00e9bol de ajo de Taizy est\u00e1 hecho de acero inoxidable SUS304, lo que garantiza la calidad de los alimentos y al mismo tiempo hace que la m\u00e1quina sea m\u00e1s duradera. Para su comodidad, el panel operativo del cortador de tr\u00e9bol de ajo de Taizy est\u00e1 dise\u00f1ado para ser muy simple y los principiantes pueden dominarlo r\u00e1pidamente. <\/p>    <p>Actualmente, Taizy Machinery Factory produce principalmente tres tipos de m\u00e1quinas para partir ajos con capacidad de 400 kg, 500 kg y 1000 kg por hora, que pueden satisfacer las necesidades de diferentes clientes. En t\u00e9rminos de servicio posventa, Taizy ofrece un equipo de t\u00e9cnicos profesionales para garantizar que cada cliente pueda experimentar la alegr\u00eda que una m\u00e1quina de calidad puede brindarle a su vida.<\/p>    <figure class=\"wp-block-gallery has-nested-images columns-default is-cropped wp-block-gallery-5 is-layout-flex wp-block-gallery-is-layout-flex\"> <figure class=\"wp-block-image size-large\"><img loading=\"lazy\" decoding=\"async\" width=\"720\" height=\"540\" data-id=\"912\" src=\"https:\/\/fvmachinery.com\/wp-content\/uploads\/2023\/12\/garlic-cloving-machine-with-an-output-of-1000-kgh.webp\" alt=\"M\u00e1quina para cortar ajos con una potencia de 1000 kgh.\" class=\"wp-image-912\" title=\"\" srcset=\"https:\/\/fvmachinery.com\/wp-content\/uploads\/2023\/12\/garlic-cloving-machine-with-an-output-of-1000-kgh.webp 720w, https:\/\/fvmachinery.com\/wp-content\/uploads\/2023\/12\/garlic-cloving-machine-with-an-output-of-1000-kgh-300x225.webp 300w\" sizes=\"auto, (max-width: 720px) 100vw, 720px\" \/><figcaption class=\"wp-element-caption\">M\u00e1quina clavadora de ajos con una producci\u00f3n de 1000 kg\/h<\/figcaption><\/figure>    <figure class=\"wp-block-image size-large\"><img loading=\"lazy\" decoding=\"async\" width=\"720\" height=\"540\" data-id=\"920\" src=\"https:\/\/fvmachinery.com\/wp-content\/uploads\/2023\/12\/garlic-cloving-machine-with-an-output-of-400-kgh.webp\" alt=\"Cortadora de dientes de ajo con una potencia de 400 kg\/h\" class=\"wp-image-920\" title=\"\" srcset=\"https:\/\/fvmachinery.com\/wp-content\/uploads\/2023\/12\/garlic-cloving-machine-with-an-output-of-400-kgh.webp 720w, https:\/\/fvmachinery.com\/wp-content\/uploads\/2023\/12\/garlic-cloving-machine-with-an-output-of-400-kgh-300x225.webp 300w\" sizes=\"auto, (max-width: 720px) 100vw, 720px\" \/><figcaption class=\"wp-element-caption\">M\u00e1quina clavadora de ajos con una producci\u00f3n de 400 kg\/h<\/figcaption><\/figure> <\/figure>    <h2 class=\"wp-block-heading\">Nuestras divisiones de bulbos de ajo se env\u00edan a todo el mundo<\/h2>    <p>Nuestras m\u00e1quinas para partir ajos se han vendido con \u00e9xito en muchos pa\u00edses, como Estados Unidos, Brasil, Espa\u00f1a, Marruecos, etc., lo cual es bien reconocido y elogiado por los clientes. A trav\u00e9s de una artesan\u00eda exquisita y un dise\u00f1o innovador, nuestras m\u00e1quinas de clavos se han ganado la confianza de los usuarios en estos pa\u00edses. Los clientes aprecian el rendimiento de nuestros productos a la hora de separar los dientes de ajo de forma eficiente y el excelente rendimiento de las m\u00e1quinas en la producci\u00f3n en masa. <\/p>    <p>Si necesita comprar una m\u00e1quina, no dude en contactarnos y visitar nuestra f\u00e1brica. Continuaremos dedic\u00e1ndonos a brindar soluciones t\u00e9cnicas superiores para satisfacer las necesidades de nuestros clientes en todo el mundo. Gracias al apoyo de nuestros clientes habituales, haremos esfuerzos incansables para ofrecerle productos y servicios a\u00fan mejores.<\/p>    <figure class=\"wp-block-gallery has-nested-images columns-default is-cropped wp-block-gallery-6 is-layout-flex wp-block-gallery-is-layout-flex\"> <figure class=\"wp-block-image size-large\"><img loading=\"lazy\" decoding=\"async\" width=\"720\" height=\"540\" data-id=\"921\" src=\"https:\/\/fvmachinery.com\/wp-content\/uploads\/2023\/12\/garlic-separator-shipped-to-morocco.webp\" alt=\"separador de ajo enviado a marruecos\" class=\"wp-image-921\" title=\"\" srcset=\"https:\/\/fvmachinery.com\/wp-content\/uploads\/2023\/12\/garlic-separator-shipped-to-morocco.webp 720w, https:\/\/fvmachinery.com\/wp-content\/uploads\/2023\/12\/garlic-separator-shipped-to-morocco-300x225.webp 300w\" sizes=\"auto, (max-width: 720px) 100vw, 720px\" \/><figcaption class=\"wp-element-caption\">Separador de ajo enviado a Marruecos<\/figcaption><\/figure>    <figure class=\"wp-block-image size-large\"><img loading=\"lazy\" decoding=\"async\" width=\"720\" height=\"540\" data-id=\"922\" src=\"https:\/\/fvmachinery.com\/wp-content\/uploads\/2023\/12\/garlic-splitting-machine-shipped-to-Brazil.webp\" alt=\"M\u00e1quina cortadora de ajo enviada a Brasil\" class=\"wp-image-922\" title=\"\" srcset=\"https:\/\/fvmachinery.com\/wp-content\/uploads\/2023\/12\/garlic-splitting-machine-shipped-to-Brazil.webp 720w, https:\/\/fvmachinery.com\/wp-content\/uploads\/2023\/12\/garlic-splitting-machine-shipped-to-Brazil-300x225.webp 300w\" sizes=\"auto, (max-width: 720px) 100vw, 720px\" \/><figcaption class=\"wp-element-caption\">M\u00e1quina para partir ajos enviada a Espa\u00f1a<\/figcaption><\/figure> <\/figure>    <h2 class=\"wp-block-heading\">L\u00ednea de procesamiento de ajo recomendada<\/h2>    <p class=\"translation-block\">Este separador de dientes de ajo se puede utilizar con una <a href=\"https:\/\/fvmachinery.com\/es\/product\/peladora-de-cana-de-azucar\/\">m\u00e1quina peladora de ajo<\/a> y <a href=\"https:\/\/fvmachinery.com\/es\/product\/maquina-cortadora-de-ajo\/\">m\u00e1quina cortadora de ajo<\/a> como una <a href=\"https:\/\/fvmachinery.com\/es\/product\/planta-procesadora-de-ajo\/\">l\u00ednea de producci\u00f3n de procesamiento de ajo<\/a>, convirtiendo ajos enteros en dientes limpios, incluyendo divisi\u00f3n, pelado, selecci\u00f3n, lavado, secado y empaquetado de ajo.<\/p>   <div class=\"wp-block-image\"> <figure class=\"aligncenter size-full\"><img loading=\"lazy\" decoding=\"async\" width=\"720\" height=\"540\" src=\"https:\/\/fvmachinery.com\/wp-content\/uploads\/2023\/12\/continuous-garlic-splitting-peeling-plant-1.webp\" alt=\"Planta peladora de divisi\u00f3n continua de ajos.\" class=\"wp-image-1027\" title=\"\" srcset=\"https:\/\/fvmachinery.com\/wp-content\/uploads\/2023\/12\/continuous-garlic-splitting-peeling-plant-1.webp 720w, https:\/\/fvmachinery.com\/wp-content\/uploads\/2023\/12\/continuous-garlic-splitting-peeling-plant-1-300x225.webp 300w, https:\/\/fvmachinery.com\/wp-content\/uploads\/2023\/12\/continuous-garlic-splitting-peeling-plant-1-16x12.webp 16w\" sizes=\"auto, (max-width: 720px) 100vw, 720px\" \/><figcaption class=\"wp-element-caption\">Planta peladora de divisi\u00f3n continua de ajos.<\/figcaption><\/figure> <\/div>   <h2 class=\"wp-block-heading\">Par\u00e1metros de la m\u00e1quina para partir ajos<\/h2>    <figure class=\"wp-block-table\"><table><tbody><tr><td>Modelo<\/td><td>TZ-400<\/td><td>TZ-500<\/td><td>TZ-1000<\/td><\/tr><tr><td>Fuerza<\/td><td>750W<\/td><td>1500W<\/td><td>2200W<\/td><\/tr><tr><td>Peso<\/td><td>130KG<\/td><td>120 kg<\/td><td>150 kg<\/td><\/tr><tr><td>Capacidad<\/td><td>400 kg\/h<\/td><td>500 kg\/h<\/td><td>1000 kg\/h<\/td><\/tr><tr><td>Voltaje<\/td><td>110-220-380V<\/td><td>110-220-380V<\/td><td>110-220-380V<\/td><\/tr><tr><td>Tama\u00f1o<\/td><td>72*73*115CM<\/td><td>76*73*103 CM<\/td><td>150*70*124CM<\/td><\/tr><\/tbody><\/table><figcaption class=\"wp-element-caption\">Par\u00e1metros de la m\u00e1quina para partir ajos<\/figcaption><\/figure>","protected":false},"excerpt":{"rendered":"<p>A garlic splitting machine is used to give the whole garlic cloves, it is suitable for garlic planting, food processing, and industrial mass processing of garlic. Next, let&#8217;s take a detailed look at the garlic cloving machine. Working Principle of Garlic Clove Splitter A garlic bulb processing machine is mainly composed of a feeding system, [&hellip;]<\/p>\n","protected":false},"author":1,"featured_media":910,"parent":0,"template":"","tags":[],"product-type":[13],"class_list":["post-907","product","type-product","status-publish","has-post-thumbnail","hentry","product-type-peeling-machine"],"_links":{"self":[{"href":"https:\/\/fvmachinery.com\/es\/wp-json\/wp\/v2\/product\/907","targetHints":{"allow":["GET"]}}],"collection":[{"href":"https:\/\/fvmachinery.com\/es\/wp-json\/wp\/v2\/product"}],"about":[{"href":"https:\/\/fvmachinery.com\/es\/wp-json\/wp\/v2\/types\/product"}],"author":[{"embeddable":true,"href":"https:\/\/fvmachinery.com\/es\/wp-json\/wp\/v2\/users\/1"}],"wp:featuredmedia":[{"embeddable":true,"href":"https:\/\/fvmachinery.com\/es\/wp-json\/wp\/v2\/media\/910"}],"wp:attachment":[{"href":"https:\/\/fvmachinery.com\/es\/wp-json\/wp\/v2\/media?parent=907"}],"wp:term":[{"taxonomy":"post_tag","embeddable":true,"href":"https:\/\/fvmachinery.com\/es\/wp-json\/wp\/v2\/tags?post=907"},{"taxonomy":"product-type","embeddable":true,"href":"https:\/\/fvmachinery.com\/es\/wp-json\/wp\/v2\/product-type?post=907"}],"curies":[{"name":"wp","href":"https:\/\/api.w.org\/{rel}","templated":true}]}}