{"id":944,"date":"2024-03-14T16:30:24","date_gmt":"2024-03-14T08:30:24","guid":{"rendered":"https:\/\/fvmachinery.com\/?post_type=product&#038;p=944"},"modified":"2024-03-20T15:20:53","modified_gmt":"2024-03-20T07:20:53","slug":"garlic-slicer-machine","status":"publish","type":"product","link":"https:\/\/fvmachinery.com\/es\/product\/maquina-cortadora-de-ajo\/","title":{"rendered":"M\u00e1quina cortadora de ajo"},"content":{"rendered":"<p>La m\u00e1quina cortadora de ajos es un tipo de m\u00e1quina que se utiliza para cortar el ajo en rodajas finas. Es f\u00e1cil de operar, s\u00f3lo es necesario poner ajo en el puerto de alimentaci\u00f3n. Puede completar autom\u00e1ticamente el corte, ahorrar tiempo y esfuerzo y est\u00e1 equipado con protecciones de seguridad, seguras y confiables. La m\u00e1quina cortadora de ajo se utiliza ampliamente en el hogar, la restauraci\u00f3n, la industria procesadora de alimentos y otros campos.<\/p>   <div class=\"wp-block-image\"> <figure class=\"aligncenter size-full\"><img loading=\"lazy\" decoding=\"async\" width=\"540\" height=\"720\" src=\"https:\/\/fvmachinery.com\/wp-content\/uploads\/2024\/03\/garlic-slicer-machine-function-1.webp\" alt=\"Funci\u00f3n de la m\u00e1quina cortadora de ajos\" class=\"wp-image-958\" title=\"\" srcset=\"https:\/\/fvmachinery.com\/wp-content\/uploads\/2024\/03\/garlic-slicer-machine-function-1.webp 540w, https:\/\/fvmachinery.com\/wp-content\/uploads\/2024\/03\/garlic-slicer-machine-function-1-225x300.webp 225w\" sizes=\"auto, (max-width: 540px) 100vw, 540px\" \/><figcaption class=\"wp-element-caption\">Funci\u00f3n de la m\u00e1quina cortadora de ajos<\/figcaption><\/figure> <\/div>   <h2 class=\"wp-block-heading\"><strong>\u00bfC\u00f3mo funciona la m\u00e1quina cortadora de ajos?<\/strong> <strong>trabajar<\/strong>? <\/h2>    <p class=\"translation-block\"><strong>Alimentaci\u00f3n<\/strong>: carga continuamente los materiales en la entrada de alimentaci\u00f3n despu\u00e9s de encender la m\u00e1quina. <\/p>    <p class=\"translation-block\"><strong>Rebanado<\/strong>: los materiales se rebanan centr\u00edfugamente a medida que interact\u00faan con el mecanismo de corte, permitiendo un rebanado continuo. <\/p>    <p class=\"translation-block\"><strong>Descarga<\/strong>: el material rebanado sale a trav\u00e9s de la salida de descarga.<\/p>    <figure class=\"wp-block-embed is-type-video is-provider-youtube wp-block-embed-youtube wp-embed-aspect-16-9 wp-has-aspect-ratio\"><div class=\"wp-block-embed__wrapper\"> <iframe loading=\"lazy\" title=\"M\u00e1quina cortadora de ajos comercial: se producen 350 kg de rodajas de ajo por hora#m\u00e1quina cortadora\" width=\"500\" height=\"281\" src=\"https:\/\/www.youtube.com\/embed\/VBa6ysOWk-Y?feature=oembed\" frameborder=\"0\" allow=\"accelerometer; autoplay; clipboard-write; encrypted-media; gyroscope; picture-in-picture; web-share\" referrerpolicy=\"strict-origin-when-cross-origin\" allowfullscreen><\/iframe> <\/div><\/figure>    <h2 class=\"wp-block-heading\"><strong>Estructura de<\/strong> <strong>m\u00e1quina cortadora de ajo<\/strong><\/h2>    <p>La estructura de este cortador de ajos es muy sencilla. Consta de cuerpo, cuchilla, disco, motor de cobre puro, entrada y salida. A partir de esto, podr\u00e1 comprender f\u00e1cilmente la m\u00e1quina y utilizarla bien y r\u00e1pidamente.<\/p>    <figure class=\"wp-block-gallery has-nested-images columns-default is-cropped wp-block-gallery-2 is-layout-flex wp-block-gallery-is-layout-flex\"> <figure class=\"wp-block-image size-full\"><img loading=\"lazy\" decoding=\"async\" width=\"540\" height=\"720\" data-id=\"953\" src=\"https:\/\/fvmachinery.com\/wp-content\/uploads\/2024\/03\/garlic-Cutter-machine-with-simple-structure.webp\" alt=\"M\u00e1quina cortadora de ajos con estructura simple.\" class=\"wp-image-953\" title=\"\" srcset=\"https:\/\/fvmachinery.com\/wp-content\/uploads\/2024\/03\/garlic-Cutter-machine-with-simple-structure.webp 540w, https:\/\/fvmachinery.com\/wp-content\/uploads\/2024\/03\/garlic-Cutter-machine-with-simple-structure-225x300.webp 225w\" sizes=\"auto, (max-width: 540px) 100vw, 540px\" \/><figcaption class=\"wp-element-caption\">M\u00e1quina cortadora de ajo con estructura simple<\/figcaption><\/figure>    <figure class=\"wp-block-image size-full\"><img loading=\"lazy\" decoding=\"async\" width=\"540\" height=\"720\" data-id=\"952\" src=\"https:\/\/fvmachinery.com\/wp-content\/uploads\/2024\/03\/garlic-slicer-machine-in-the-factory.webp\" alt=\"m\u00e1quina cortadora de ajo en la f\u00e1brica\" class=\"wp-image-952\" title=\"\" srcset=\"https:\/\/fvmachinery.com\/wp-content\/uploads\/2024\/03\/garlic-slicer-machine-in-the-factory.webp 540w, https:\/\/fvmachinery.com\/wp-content\/uploads\/2024\/03\/garlic-slicer-machine-in-the-factory-225x300.webp 225w\" sizes=\"auto, (max-width: 540px) 100vw, 540px\" \/><figcaption class=\"wp-element-caption\">M\u00e1quina cortadora de ajo en la f\u00e1brica<\/figcaption><\/figure> <\/figure>    <h2 class=\"wp-block-heading\"><strong>Ventajas de<\/strong> <strong>rebanador de ajo<\/strong><\/h2>    <ul class=\"wp-block-list\"> <li>Grosor uniforme de las rodajas de ajo, sin roturas.<\/li>    <li>Acero inoxidable, robusto y resistente al desgaste, resistente a la corrosi\u00f3n.<\/li>    <li>F\u00e1cil de operar, seguro y confiable. Coloque los dientes de ajo en la entrada de alimentaci\u00f3n y simplemente presione el interruptor de encendido\/apagado para encender o apagar la m\u00e1quina.<\/li>    <li>De tama\u00f1o peque\u00f1o y f\u00e1cil de mover. \u00a1Y podemos personalizar la rueda si es necesario!<\/li>    <li>Se puede utilizar junto con la l\u00ednea de procesamiento de ajo.<\/li> <\/ul>    <h2 class=\"wp-block-heading\"><strong>Preguntas frecuentes sobre la m\u00e1quina cortadora de ajo<\/strong><\/h2>   <div id=\"rank-math-faq\" class=\"rank-math-block\"> <div class=\"rank-math-list\"> <div id=\"faq-question-1710237985225\" class=\"rank-math-list-item\"> <h3 class=\"rank-math-question\">\u00bfEsta m\u00e1quina cortadora de ajo solo es adecuada para ajo?<\/h3> <div class=\"rank-math-answer\">  <p>No solo se pueden cortar ajos, sino que tambi\u00e9n es adecuado para verduras s\u00f3lidas como jengibre, cebolla, pepino, taro, etc. del tama\u00f1o adecuado.<\/p>  <\/div> <\/div> <div id=\"faq-question-1710238204806\" class=\"rank-math-list-item\"> <h3 class=\"rank-math-question\">\u00bfEs f\u00e1cil de limpiar?<\/h3> <div class=\"rank-math-answer\">  <p>El procedimiento de limpieza consiste en desconectar la fuente de alimentaci\u00f3n, abrir la hoja con un destornillador, quitar la hoja, limpiar la hoja con agua tibia y detergente e instalar la hoja.<\/p>  <\/div> <\/div> <div id=\"faq-question-1710238603518\" class=\"rank-math-list-item\"> <h3 class=\"rank-math-question\">\u00bfPuedes cambiar el voltaje de la m\u00e1quina?<\/h3> <div class=\"rank-math-answer\">  <p>No te preocupes, podemos personalizarlo seg\u00fan el est\u00e1ndar de voltaje de tu pa\u00eds.<\/p>  <\/div> <\/div> <\/div> <\/div>  <div class=\"wp-block-image\"> <figure class=\"aligncenter size-full\"><img loading=\"lazy\" decoding=\"async\" width=\"540\" height=\"720\" src=\"https:\/\/fvmachinery.com\/wp-content\/uploads\/2024\/03\/garlic-slicer-machine-for-sale.webp\" alt=\"Vendo m\u00e1quina cortadora de ajos\" class=\"wp-image-956\" title=\"\" srcset=\"https:\/\/fvmachinery.com\/wp-content\/uploads\/2024\/03\/garlic-slicer-machine-for-sale.webp 540w, https:\/\/fvmachinery.com\/wp-content\/uploads\/2024\/03\/garlic-slicer-machine-for-sale-225x300.webp 225w\" sizes=\"auto, (max-width: 540px) 100vw, 540px\" \/><figcaption class=\"wp-element-caption\">Vendo m\u00e1quina cortadora de ajos<\/figcaption><\/figure> <\/div>   <h2 class=\"wp-block-heading\"><strong>Exportaci\u00f3n de 5 m\u00e1quinas cortadoras de ajo a una planta en Tailandia<\/strong><\/h2>    <p>El cliente tailand\u00e9s quer\u00eda mejorar significativamente la velocidad de corte de ajo y compr\u00f3 la m\u00e1quina para producir pasta de ajo. <\/p>    <p>Por lo tanto, vio las m\u00e1quinas a la venta y pregunt\u00f3 al gerente de ventas si se pod\u00eda enviar una m\u00e1quina de ese tipo a Tailandia. Nuestro responsable comercial recomend\u00f3 esta cortadora de ajos y le envi\u00f3 informaci\u00f3n sobre la m\u00e1quina (par\u00e1metros, fotos, v\u00eddeo de funcionamiento, configuraci\u00f3n, etc.). <\/p>    <p>El cliente tailand\u00e9s qued\u00f3 muy satisfecho con la m\u00e1quina y realiz\u00f3 el pedido de inmediato.<\/p>    <p class=\"translation-block\">Adem\u00e1s de esta m\u00e1quina cortadora de ajo, tambi\u00e9n tenemos<strong><a href=\"https:\/\/fvmachinery.com\/es\/product\/vendo-peladora-de-ajos\/\"> m\u00e1quinas peladoras de ajo<\/a><\/strong>. Si est\u00e1 interesado, \u00a1bienvenido a contactarnos para m\u00e1s detalles!<\/p>    <figure class=\"wp-block-gallery has-nested-images columns-default is-cropped wp-block-gallery-3 is-layout-flex wp-block-gallery-is-layout-flex\"> <figure class=\"wp-block-image size-full\"><img loading=\"lazy\" decoding=\"async\" width=\"540\" height=\"720\" data-id=\"954\" src=\"https:\/\/fvmachinery.com\/wp-content\/uploads\/2024\/03\/packed-garlic-slicer-machine.webp\" alt=\"m\u00e1quina cortadora de ajos envasados\" class=\"wp-image-954\" title=\"\" srcset=\"https:\/\/fvmachinery.com\/wp-content\/uploads\/2024\/03\/packed-garlic-slicer-machine.webp 540w, https:\/\/fvmachinery.com\/wp-content\/uploads\/2024\/03\/packed-garlic-slicer-machine-225x300.webp 225w\" sizes=\"auto, (max-width: 540px) 100vw, 540px\" \/><figcaption class=\"wp-element-caption\">M\u00e1quina cortadora de ajo envasado<\/figcaption><\/figure>    <figure class=\"wp-block-image size-full\"><img loading=\"lazy\" decoding=\"async\" width=\"540\" height=\"720\" data-id=\"955\" src=\"https:\/\/fvmachinery.com\/wp-content\/uploads\/2024\/03\/garlic-cutting-machine-to-be-shipped-soon.jpg\" alt=\"La m\u00e1quina cortadora de ajo se enviar\u00e1 pronto.\" class=\"wp-image-955\" title=\"\" srcset=\"https:\/\/fvmachinery.com\/wp-content\/uploads\/2024\/03\/garlic-cutting-machine-to-be-shipped-soon.jpg 540w, https:\/\/fvmachinery.com\/wp-content\/uploads\/2024\/03\/garlic-cutting-machine-to-be-shipped-soon-225x300.jpg 225w\" sizes=\"auto, (max-width: 540px) 100vw, 540px\" \/><figcaption class=\"wp-element-caption\">La m\u00e1quina cortadora de ajo se enviar\u00e1 pronto<\/figcaption><\/figure> <\/figure>    <h2 class=\"wp-block-heading\"><strong>Par\u00e1metros de la m\u00e1quina cortadora de ajo tipo gran oferta<\/strong><\/h2>    <figure class=\"wp-block-table\"><table><tbody><tr><td class=\"has-text-align-center\" data-align=\"center\"><strong>Voltaje<\/strong><\/td><td class=\"has-text-align-center\" data-align=\"center\">380v<\/td><\/tr><tr><td class=\"has-text-align-center\" data-align=\"center\"><strong>Poder de apoyo<\/strong><\/td><td class=\"has-text-align-center\" data-align=\"center\">0,75 kw<\/td><\/tr><tr><td class=\"has-text-align-center\" data-align=\"center\"><strong>Peso<\/strong><\/td><td class=\"has-text-align-center\" data-align=\"center\">75 kilos<\/td><\/tr><tr><td class=\"has-text-align-center\" data-align=\"center\"><strong>Tama\u00f1o (largo x ancho x alto)<\/strong><\/td><td class=\"has-text-align-center\" data-align=\"center\">100*73*95cm<\/td><\/tr><tr><td class=\"has-text-align-center\" data-align=\"center\"><strong>Producci\u00f3n<\/strong><\/td><td class=\"has-text-align-center\" data-align=\"center\">300kg\/h<\/td><\/tr><\/tbody><\/table><figcaption class=\"wp-element-caption\">Par\u00e1metros de la m\u00e1quina cortadora de ajo<\/figcaption><\/figure>    <h2 class=\"wp-block-heading\"><strong>Comprar proceso cortadora de ajos<\/strong><\/h2>    <ol class=\"wp-block-list\"> <li><strong>Cont\u00e1ctenos para una cotizaci\u00f3n<\/strong>: inf\u00f3rmenos de sus requerimientos y le asignaremos un gerente de ventas profesional para brindarle informaci\u00f3n detallada.<\/li>    <li><strong>Conozca la m\u00e1quina en detalle<\/strong>: hable con un gerente profesional para familiarizarse con la m\u00e1quina y comprender en profundidad sus necesidades.<\/li>    <li><strong>Identificar la m\u00e1quina cortadora de ajos.<\/strong>: especifica el tipo de m\u00e1quina que deseas y detalles.<\/li>    <li><strong>Firmar el contrato y pagar el dep\u00f3sito.<\/strong>: ambas partes firman el contrato y t\u00fa pagas el anticipo.<\/li>    <li><strong>producci\u00f3n de m\u00e1quinas<\/strong>: la f\u00e1brica comienza a producir la m\u00e1quina y le informa peri\u00f3dicamente sobre el progreso de la producci\u00f3n.<\/li>    <li><strong>Confirmaci\u00f3n de finalizaci\u00f3n de la m\u00e1quina y pago final.<\/strong>: una vez completada la m\u00e1quina y confirmadas las fotos y v\u00eddeos, pagas el saldo.<\/li>    <li><strong>Embalaje y transporte<\/strong>: las m\u00e1quinas normalmente se env\u00edan por mar hasta su destino.<\/li> <\/ol>    <p>En caso de circunstancias especiales, ambas partes podr\u00e1n negociar. Tenemos la mejor actitud y calidad de servicio, podemos ayudarte las 24 horas del d\u00eda, no dudes en cotizar si est\u00e1s interesado. \u00a1Esperamos su consulta!<\/p>","protected":false},"excerpt":{"rendered":"<p>The garlic slicer machine is a kind of machine used to cut garlic into thin slices. It is easy to operate, only need to put garlic into the feeding port. It can automatically complete the cutting, save time and effort, and is equipped with safety guards, safe and reliable. The garlic cutting machine is widely [&hellip;]<\/p>\n","protected":false},"author":1,"featured_media":980,"parent":0,"template":"","tags":[],"product-type":[12],"class_list":["post-944","product","type-product","status-publish","has-post-thumbnail","hentry","product-type-cutting-machine"],"_links":{"self":[{"href":"https:\/\/fvmachinery.com\/es\/wp-json\/wp\/v2\/product\/944","targetHints":{"allow":["GET"]}}],"collection":[{"href":"https:\/\/fvmachinery.com\/es\/wp-json\/wp\/v2\/product"}],"about":[{"href":"https:\/\/fvmachinery.com\/es\/wp-json\/wp\/v2\/types\/product"}],"author":[{"embeddable":true,"href":"https:\/\/fvmachinery.com\/es\/wp-json\/wp\/v2\/users\/1"}],"wp:featuredmedia":[{"embeddable":true,"href":"https:\/\/fvmachinery.com\/es\/wp-json\/wp\/v2\/media\/980"}],"wp:attachment":[{"href":"https:\/\/fvmachinery.com\/es\/wp-json\/wp\/v2\/media?parent=944"}],"wp:term":[{"taxonomy":"post_tag","embeddable":true,"href":"https:\/\/fvmachinery.com\/es\/wp-json\/wp\/v2\/tags?post=944"},{"taxonomy":"product-type","embeddable":true,"href":"https:\/\/fvmachinery.com\/es\/wp-json\/wp\/v2\/product-type?post=944"}],"curies":[{"name":"wp","href":"https:\/\/api.w.org\/{rel}","templated":true}]}}