{"id":959,"date":"2024-03-14T16:41:24","date_gmt":"2024-03-14T08:41:24","guid":{"rendered":"https:\/\/fvmachinery.com\/?post_type=product&#038;p=959"},"modified":"2024-04-08T14:32:26","modified_gmt":"2024-04-08T06:32:26","slug":"sugar-cane-peeler-machine","status":"publish","type":"product","link":"https:\/\/fvmachinery.com\/es\/product\/peladora-de-cana-de-azucar\/","title":{"rendered":"M\u00e1quina peladora de ca\u00f1a de az\u00facar"},"content":{"rendered":"<p>La m\u00e1quina peladora de ca\u00f1a de az\u00facar es un dispositivo automatizado que elimina la piel exterior de la ca\u00f1a de az\u00facar de manera r\u00e1pida y eficiente, lo cual es m\u00e1s r\u00e1pido y seguro para las plantas procesadoras de alimentos agr\u00edcolas y la industria de catering en comparaci\u00f3n con el pelado manual de la ca\u00f1a de az\u00facar.<\/p>    <h2 class=\"wp-block-heading\">Demanda del mercado de ca\u00f1a de az\u00facar.<\/h2>    <p>La demanda del mercado de ca\u00f1a de az\u00facar est\u00e1 influenciada por varios factores, incluido el crecimiento de la poblaci\u00f3n, los cambios en los h\u00e1bitos alimentarios, las aplicaciones industriales y las pol\u00edticas gubernamentales.<\/p>    <p class=\"translation-block\"><strong>Cambios en los h\u00e1bitos diet\u00e9ticos<\/strong>: Cambios en los h\u00e1bitos diet\u00e9ticos, especialmente en econom\u00edas emergentes, donde hay un giro hacia alimentos m\u00e1s procesados y azucarados, contribuyen al aumento de la demanda de ca\u00f1a de az\u00facar. El aumento de ingresos disponibles y la urbanizaci\u00f3n tambi\u00e9n juegan un papel en esta tendencia.<\/p>    <figure class=\"wp-block-gallery has-nested-images columns-default is-cropped wp-block-gallery-2 is-layout-flex wp-block-gallery-is-layout-flex\"> <figure class=\"wp-block-image size-large\"><img loading=\"lazy\" decoding=\"async\" width=\"720\" height=\"540\" data-id=\"1020\" src=\"https:\/\/fvmachinery.com\/wp-content\/uploads\/2024\/03\/obtain-sugar-from-sugarcane.webp\" alt=\"obtener az\u00facar de la ca\u00f1a de az\u00facar\" class=\"wp-image-1020\" title=\"\" srcset=\"https:\/\/fvmachinery.com\/wp-content\/uploads\/2024\/03\/obtain-sugar-from-sugarcane.webp 720w, https:\/\/fvmachinery.com\/wp-content\/uploads\/2024\/03\/obtain-sugar-from-sugarcane-300x225.webp 300w, https:\/\/fvmachinery.com\/wp-content\/uploads\/2024\/03\/obtain-sugar-from-sugarcane-16x12.webp 16w\" sizes=\"auto, (max-width: 720px) 100vw, 720px\" \/><figcaption class=\"wp-element-caption\">Obtener Az\u00facar De La Ca\u00f1a De Az\u00facar<\/figcaption><\/figure>    <figure class=\"wp-block-image size-large\"><img loading=\"lazy\" decoding=\"async\" width=\"720\" height=\"540\" data-id=\"1021\" src=\"https:\/\/fvmachinery.com\/wp-content\/uploads\/2024\/03\/sugar-cane-juice.webp\" alt=\"jugo de la ca\u00f1a de az\u00facar\" class=\"wp-image-1021\" title=\"\" srcset=\"https:\/\/fvmachinery.com\/wp-content\/uploads\/2024\/03\/sugar-cane-juice.webp 720w, https:\/\/fvmachinery.com\/wp-content\/uploads\/2024\/03\/sugar-cane-juice-300x225.webp 300w, https:\/\/fvmachinery.com\/wp-content\/uploads\/2024\/03\/sugar-cane-juice-16x12.webp 16w\" sizes=\"auto, (max-width: 720px) 100vw, 720px\" \/><figcaption class=\"wp-element-caption\">Jugo de la ca\u00f1a de az\u00facar<\/figcaption><\/figure> <\/figure>    <p class=\"translation-block\"><strong>Aplicaciones industriales<\/strong>: La ca\u00f1a de az\u00facar no solo se utiliza para consumo directo, sino que tambi\u00e9n sirve como ingrediente clave en diversas aplicaciones industriales. Se utiliza en la producci\u00f3n de etanol para biocombustibles, as\u00ed como en las industrias farmac\u00e9utica, cosm\u00e9tica y qu\u00edmica. La demanda de estos productos puede influir en la demanda de ca\u00f1a de az\u00facar.<\/p>    <h2 class=\"wp-block-heading\">\u00bfPor qu\u00e9 necesitas una m\u00e1quina peladora de ca\u00f1a de az\u00facar?<\/h2>    <p>La piel de la ca\u00f1a de az\u00facar es dura y el pelado manual tradicional requiere mucho tiempo. La ca\u00f1a de az\u00facar pelada es m\u00e1s susceptible a las bacterias transmitidas por el aire ya que pierde la capa protectora de la piel. Al pelar, si los cuchillos no se esterilizan o reutilizan y no se limpian a tiempo, los microorganismos de la superficie pueden introducirse en el interior de la ca\u00f1a de az\u00facar. La m\u00e1quina peladora de ca\u00f1a de az\u00facar tarda solo 13 segundos en procesar una ca\u00f1a de az\u00facar, que queda m\u00e1s suave y limpia.<\/p>   <div class=\"wp-block-image\"> <figure class=\"aligncenter size-full\"><img loading=\"lazy\" decoding=\"async\" width=\"634\" height=\"375\" src=\"https:\/\/fvmachinery.com\/wp-content\/uploads\/2024\/03\/sugar-cane-peeler-machine-better-option-1.webp\" alt=\"M\u00e1quina peladora de ca\u00f1a de az\u00facar, mejor opci\u00f3n.\" class=\"wp-image-1001\" title=\"\" srcset=\"https:\/\/fvmachinery.com\/wp-content\/uploads\/2024\/03\/sugar-cane-peeler-machine-better-option-1.webp 634w, https:\/\/fvmachinery.com\/wp-content\/uploads\/2024\/03\/sugar-cane-peeler-machine-better-option-1-300x177.webp 300w, https:\/\/fvmachinery.com\/wp-content\/uploads\/2024\/03\/sugar-cane-peeler-machine-better-option-1-18x12.webp 18w\" sizes=\"auto, (max-width: 634px) 100vw, 634px\" \/><figcaption class=\"wp-element-caption\">M\u00e1quina peladora de ca\u00f1a de az\u00facar, mejor opci\u00f3n.<\/figcaption><\/figure> <\/div>   <h2 class=\"wp-block-heading\">Estructura y proceso de trabajo de la m\u00e1quina.<\/h2>    <p class=\"translation-block\"><strong>Etapa de alimentaci\u00f3n<\/strong>: Pulse el bot\u00f3n de encendido. La ca\u00f1a de az\u00facar entra primero en el sistema de transmisi\u00f3n a trav\u00e9s de la entrada, la cinta transportadora o la estructura de rodillos impulsada por el motor avanza de forma constante una o varias ca\u00f1as hacia la zona de pelado. <\/p>    <p class=\"translation-block\"><strong>Etapa de pelado<\/strong>: cuchillas o raspadores de alta velocidad comienzan a contactar la superficie de la ca\u00f1a de az\u00facar. <\/p>    <p>Estos cuchillos generalmente est\u00e1n fabricados en acero inoxidable de alta dureza y resistencia al desgaste. La trayectoria de movimiento de los cuchillos o raspadores est\u00e1 dise\u00f1ada con precisi\u00f3n para pelar r\u00e1pidamente la piel exterior de la ca\u00f1a de az\u00facar en un instante sin da\u00f1ar la pulpa interior. <\/p>   <div class=\"wp-block-image\"> <figure class=\"aligncenter size-full\"><img loading=\"lazy\" decoding=\"async\" width=\"720\" height=\"540\" src=\"https:\/\/fvmachinery.com\/wp-content\/uploads\/2024\/03\/structure-of-sugar-cane-peeler-machine-.webp\" alt=\"Estructura de la m\u00e1quina peladora de ca\u00f1a de az\u00facar.\" class=\"wp-image-961\" title=\"\" srcset=\"https:\/\/fvmachinery.com\/wp-content\/uploads\/2024\/03\/structure-of-sugar-cane-peeler-machine-.webp 720w, https:\/\/fvmachinery.com\/wp-content\/uploads\/2024\/03\/structure-of-sugar-cane-peeler-machine--300x225.webp 300w\" sizes=\"auto, (max-width: 720px) 100vw, 720px\" \/><figcaption class=\"wp-element-caption\">Estructura de la m\u00e1quina peladora de ca\u00f1a de az\u00facar.<\/figcaption><\/figure> <\/div>   <p>Al adoptar un cabezal de corte escalonado de m\u00faltiples capas y en forma de anillo, la rotaci\u00f3n continua y la fuerza de fricci\u00f3n en la superficie de contacto con la ca\u00f1a de az\u00facar crean un efecto de corte para lograr un pelado eficiente. <\/p>    <p class=\"translation-block\"><strong>Etapa de descarga<\/strong>: El proceso de descarga suele ser suave y organizado, asegurando que la ca\u00f1a de az\u00facar salga de la m\u00e1quina sin impedimentos y lista para la siguiente operaci\u00f3n o envasado.<\/p>    <p>Adem\u00e1s, en cuanto a c\u00f3mo mover la m\u00e1quina, estamos equipados con ruedas plegables para facilitar el movimiento y limpiar los residuos de c\u00e1scara.<\/p>    <figure class=\"wp-block-embed is-type-video is-provider-youtube wp-block-embed-youtube wp-embed-aspect-16-9 wp-has-aspect-ratio\"><div class=\"wp-block-embed__wrapper\"> <iframe loading=\"lazy\" title=\"\u00a1Limpio y suave! La peladora de ca\u00f1a de az\u00facar est\u00e1 funcionando de manera eficiente.#sugarcane\" width=\"500\" height=\"281\" src=\"https:\/\/www.youtube.com\/embed\/7QFY-nYByUM?feature=oembed\" frameborder=\"0\" allow=\"accelerometer; autoplay; clipboard-write; encrypted-media; gyroscope; picture-in-picture; web-share\" referrerpolicy=\"strict-origin-when-cross-origin\" allowfullscreen><\/iframe> <\/div><figcaption class=\"wp-element-caption\">La m\u00e1quina peladora de ca\u00f1a de az\u00facar est\u00e1 funcionando.<\/figcaption><\/figure>    <h2 class=\"wp-block-heading\">Una f\u00e1brica de az\u00facar de Indonesia adopta las 10 m\u00e1quinas peladoras de ca\u00f1a de az\u00facar de Taizy<\/h2>    <p>A mediados de marzo de 2022, el t\u00e9cnico a cargo de una f\u00e1brica de az\u00facar a gran escala en Java, Indonesia, encontr\u00f3 la peladora autom\u00e1tica de ca\u00f1a de az\u00facar y su equipo de soporte exhibidos por nuestra empresa en el sitio web. <\/p>    <p class=\"translation-block\">Nuestra empresa respondi\u00f3 r\u00e1pidamente y proporcion\u00f3 manuales de producto, materiales de demostraci\u00f3n en video y personalizaci\u00f3n personalizada de acuerdo con las necesidades reales del cliente. Despu\u00e9s de una comunicaci\u00f3n y evaluaci\u00f3n en profundidad, adquirieron un conjunto completo de equipos modernizados para el procesamiento de ca\u00f1a de az\u00facar, incluyendo un pelador de ca\u00f1a de az\u00facar autom\u00e1tico y <a href=\"https:\/\/fvmachinery.com\/es\/products\/juicing-machine\/\">m\u00e1quina de jugos<\/a>.<\/p>    <p> El contrato se firm\u00f3 a principios de abril del mismo a\u00f1o y fuimos responsables de la instalaci\u00f3n y puesta en marcha del equipo, adem\u00e1s de brindar servicios de capacitaci\u00f3n operativa y soporte t\u00e9cnico.<\/p>   <div class=\"wp-block-image\"> <figure class=\"aligncenter size-full\"><img loading=\"lazy\" decoding=\"async\" width=\"720\" height=\"540\" src=\"https:\/\/fvmachinery.com\/wp-content\/uploads\/2024\/03\/packed-machines.webp\" alt=\"maquinas empacadas\" class=\"wp-image-963\" title=\"\" srcset=\"https:\/\/fvmachinery.com\/wp-content\/uploads\/2024\/03\/packed-machines.webp 720w, https:\/\/fvmachinery.com\/wp-content\/uploads\/2024\/03\/packed-machines-300x225.webp 300w\" sizes=\"auto, (max-width: 720px) 100vw, 720px\" \/><figcaption class=\"wp-element-caption\">maquinas empacadas<\/figcaption><\/figure> <\/div>   <h2 class=\"wp-block-heading\">Preguntas frecuentes sobre la m\u00e1quina peladora de piel de ca\u00f1a de az\u00facar&nbsp;<\/h2>   <div id=\"rank-math-faq\" class=\"rank-math-block\"> <div class=\"rank-math-list\"> <div id=\"faq-question-1710318774922\" class=\"rank-math-list-item\"> <h3 class=\"rank-math-question\">\u00bfPuede esta m\u00e1quina manejar ca\u00f1a de az\u00facar de forma irregular?<\/h3> <div class=\"rank-math-answer\">  <p>Por supuesto que puedes, nuestra m\u00e1quina alimenta ca\u00f1a de az\u00facar de diferentes espesores y longitudes.<\/p>  <\/div> <\/div> <div id=\"faq-question-1710319008682\" class=\"rank-math-list-item\"> <h3 class=\"rank-math-question\">Nuestros est\u00e1ndares de enchufe y voltaje son diferentes a los suyos, \u00bfc\u00f3mo solucionarlo?<\/h3> <div class=\"rank-math-answer\">  <p>Podemos personalizarlo seg\u00fan el voltaje y el est\u00e1ndar de enchufe de su pa\u00eds si lo necesita.<\/p>  <\/div> <\/div> <div id=\"faq-question-1710319420762\" class=\"rank-math-list-item\"> <h3 class=\"rank-math-question\">\u00bfC\u00f3mo limpiar las cuchillas?<\/h3> <div class=\"rank-math-answer\">  <p>Primero, aseg\u00farese de que la m\u00e1quina est\u00e9 completamente apagada.<br \/>Espere a que se enfr\u00ede: si la hoja est\u00e1 caliente (por ejemplo, reci\u00e9n terminada de pelar), espere a que se enfr\u00ede naturalmente a temperatura ambiente para evitar quemaduras o deformaciones de la herramienta debido a la expansi\u00f3n y contracci\u00f3n t\u00e9rmica.<br \/>Limpie las cuchillas seg\u00fan las instrucciones de la unidad y, si es necesario, lubrique adecuadamente las piezas giratorias circundantes.<br \/>Aseg\u00farese de que las cuchillas y los componentes asociados est\u00e9n completamente secos antes de reinstalarlos en la m\u00e1quina de la manera correcta.<\/p>  <\/div> <\/div> <\/div> <\/div>   <h2 class=\"wp-block-heading\">Par\u00e1metros de la m\u00e1quina peladora de ca\u00f1a de az\u00facar.<\/h2>    <figure class=\"wp-block-table\"><table><tbody><tr><td><strong>Fuerza<\/strong><\/td><td>500w<\/td><\/tr><tr><td><strong>Voltaje<\/strong><\/td><td>220v<\/td><\/tr><tr><td><strong>Peso<\/strong><\/td><td>100 kilos<\/td><\/tr><tr><td><strong>Tama\u00f1o (largo x ancho x alto)<\/strong><\/td><td>90*36*90cm<\/td><\/tr><tr><td><strong>Trabaja eficientemente<\/strong><\/td><td>13 chelines\/palo<\/td><\/tr><\/tbody><\/table><figcaption class=\"wp-element-caption\">M\u00e1quina raspadora de ca\u00f1a de az\u00facar tipo gran oferta<\/figcaption><\/figure>    <p>El cuerpo est\u00e1 hecho de acero inoxidable, que es fuerte, duradero, resistente a la corrosi\u00f3n y tiene una larga vida \u00fatil. Si necesita reemplazar el cortador, puede comprar un cortador de repuesto.<\/p>   <div class=\"wp-block-image\"> <figure class=\"aligncenter size-full\"><img loading=\"lazy\" decoding=\"async\" width=\"720\" height=\"540\" src=\"https:\/\/fvmachinery.com\/wp-content\/uploads\/2024\/03\/sugar-cane-skin-peeler-machine-for-sale.webp\" alt=\"M\u00e1quina peladora de piel de ca\u00f1a de az\u00facar a la venta\" class=\"wp-image-965\" title=\"\" srcset=\"https:\/\/fvmachinery.com\/wp-content\/uploads\/2024\/03\/sugar-cane-skin-peeler-machine-for-sale.webp 720w, https:\/\/fvmachinery.com\/wp-content\/uploads\/2024\/03\/sugar-cane-skin-peeler-machine-for-sale-300x225.webp 300w\" sizes=\"auto, (max-width: 720px) 100vw, 720px\" \/><figcaption class=\"wp-element-caption\">M\u00e1quina peladora de piel de ca\u00f1a de az\u00facar a la venta<\/figcaption><\/figure> <\/div>   <h2 class=\"wp-block-heading\">\u00bfPor qu\u00e9 elegir Taizy?<\/h2>    <ul class=\"wp-block-list\"> <li>Taizy Machinery cuenta con m\u00e1s de 50 ingenieros con m\u00e1s de 10 a\u00f1os de experiencia laboral, brindando soluciones integrales desde la selecci\u00f3n del sitio del proyecto del cliente hasta la entrega de la producci\u00f3n.<\/li>    <li>Los equipos de nuestra f\u00e1brica suelen tener una cierta cantidad de inventario para garantizar una entrega puntual. Tambi\u00e9n se pueden enviar equipos personalizados a tiempo.<\/li>    <li>Taizy Machinery cuenta con un equipo de servicio postventa dedicado responsable de resolver los problemas de instalaci\u00f3n, puesta en marcha, uso, mantenimiento y reparaci\u00f3n de la m\u00e1quina.<\/li> <\/ul>","protected":false},"excerpt":{"rendered":"<p>The sugar cane peeler machine is an automated device that removes the outer skin of sugar cane quickly and efficiently, which is faster and safer for agriculture food processing plants and the catering industry compared to manual sugar cane peeling. Market Demand for sugar cane The market demand for sugar cane is influenced by various [&hellip;]<\/p>\n","protected":false},"author":1,"featured_media":981,"parent":0,"template":"","tags":[],"product-type":[13],"class_list":["post-959","product","type-product","status-publish","has-post-thumbnail","hentry","product-type-peeling-machine"],"_links":{"self":[{"href":"https:\/\/fvmachinery.com\/es\/wp-json\/wp\/v2\/product\/959","targetHints":{"allow":["GET"]}}],"collection":[{"href":"https:\/\/fvmachinery.com\/es\/wp-json\/wp\/v2\/product"}],"about":[{"href":"https:\/\/fvmachinery.com\/es\/wp-json\/wp\/v2\/types\/product"}],"author":[{"embeddable":true,"href":"https:\/\/fvmachinery.com\/es\/wp-json\/wp\/v2\/users\/1"}],"wp:featuredmedia":[{"embeddable":true,"href":"https:\/\/fvmachinery.com\/es\/wp-json\/wp\/v2\/media\/981"}],"wp:attachment":[{"href":"https:\/\/fvmachinery.com\/es\/wp-json\/wp\/v2\/media?parent=959"}],"wp:term":[{"taxonomy":"post_tag","embeddable":true,"href":"https:\/\/fvmachinery.com\/es\/wp-json\/wp\/v2\/tags?post=959"},{"taxonomy":"product-type","embeddable":true,"href":"https:\/\/fvmachinery.com\/es\/wp-json\/wp\/v2\/product-type?post=959"}],"curies":[{"name":"wp","href":"https:\/\/api.w.org\/{rel}","templated":true}]}}