{"id":98,"date":"2022-08-26T09:54:53","date_gmt":"2022-08-26T09:54:53","guid":{"rendered":"https:\/\/fvmachinery.com\/?post_type=product&#038;p=98"},"modified":"2023-01-07T11:27:33","modified_gmt":"2023-01-07T03:27:33","slug":"fruit-sorting-and-grading-machine","status":"publish","type":"product","link":"https:\/\/fvmachinery.com\/es\/product\/fruit-sorting-and-grading-machine\/","title":{"rendered":"M\u00e1quina autom\u00e1tica de clasificaci\u00f3n y clasificaci\u00f3n de frutas"},"content":{"rendered":"<p>La m\u00e1quina clasificadora y clasificadora autom\u00e1tica de frutas es una m\u00e1quina necesaria para mayoristas y minoristas de frutas y verduras, mercados de agricultores, plantas procesadoras de alimentos, grandes supermercados, granjas, etc. Despu\u00e9s de una clasificaci\u00f3n y clasificaci\u00f3n estrictas, aumenta el valor agregado de los productos de frutas y verduras, lo que es m\u00e1s atractivo para los consumidores y mejora la competitividad del mercado. Por lo tanto, una m\u00e1quina clasificadora de frutas puede promover un aumento de los ingresos de los inversores y es digna de inversi\u00f3n.<\/p>    <h2 class=\"wp-block-heading\" id=\"h-applicable-raw-materials-of-fruit-grading-equipment\">Materias primas aplicables de equipos de clasificaci\u00f3n de frutas.<\/h2>    <p class=\"translation-block\">La m\u00e1quina de clasificaci\u00f3n de frutas se utiliza a menudo para clasificar verduras o frutas redondas u ovaladas, por ejemplo, frutas como naranjas, d\u00e1tiles, ar\u00e1ndanos, kiwis y longan. Las verduras comunes son papas, tomates, taro, cebollas, etc. Taizy Machinery proporciona una <a href=\"https:\/\/fvmachinery.com\/es\/product\/linea-de-clasificacion-de-frutas-y-verduras\/\">l\u00ednea de clasificaci\u00f3n de verduras<\/a> completa, si est\u00e1 interesado, no dude en consultarnos en cualquier momento.<\/p>   <div class=\"wp-block-image\"> <figure class=\"aligncenter size-full\"><img loading=\"lazy\" decoding=\"async\" width=\"720\" height=\"540\" src=\"https:\/\/fvmachinery.com\/wp-content\/uploads\/2022\/08\/raw-materials1.webp\" alt=\"materias primas\" class=\"wp-image-116\" title=\"\" srcset=\"https:\/\/fvmachinery.com\/wp-content\/uploads\/2022\/08\/raw-materials1.webp 720w, https:\/\/fvmachinery.com\/wp-content\/uploads\/2022\/08\/raw-materials1-300x225.webp 300w\" sizes=\"auto, (max-width: 720px) 100vw, 720px\" \/><figcaption class=\"wp-element-caption\">Materias primas de la m\u00e1quina clasificadora autom\u00e1tica de frutas. <\/figcaption><\/figure> <\/div>   <h2 class=\"wp-block-heading\" id=\"h-introduction-of-fruit-grading-machine\">Introducci\u00f3n de la m\u00e1quina clasificadora de frutas.<\/h2>    <p>Taizy Machinery ofrece tres tipos diferentes de m\u00e1quinas clasificadoras y clasificadoras autom\u00e1ticas de frutas, incluyendo clasificadores de rodillos, clasificadores de barras de rodillos y clasificadores orbitales, cada uno con sus propias caracter\u00edsticas y materias primas aplicables, que presentaremos una por una a continuaci\u00f3n.<\/p>    <h3 class=\"wp-block-heading\" id=\"h-roller-potato-grader-machine\">M\u00e1quina clasificadora de patatas con rodillo<\/h3>    <p>La m\u00e1quina clasificadora de patatas con rodillo utiliza diferentes tama\u00f1os de orificios redondos en el tambor para lograr el prop\u00f3sito de clasificaci\u00f3n. Se utiliza ampliamente en el cribado de materiales esf\u00e9ricos y ovalados como manzanas, limones, naranjas, peras, d\u00e1tiles rojos, mangos y patatas.<\/p>    <p>El tambor gira bajo el impulso del motor. Despu\u00e9s de que las materias primas de frutas y verduras ingresan al tambor, la rotaci\u00f3n del tambor hace que los materiales giren continuamente. Debido a la inclinaci\u00f3n del tambor, el material se mueve lentamente de arriba a abajo bajo la acci\u00f3n de la gravedad. En este momento, materiales con diferentes di\u00e1metros caen de los orificios con diferentes aberturas en el tambor, logrando as\u00ed el prop\u00f3sito de clasificaci\u00f3n. La capacidad de la m\u00e1quina clasificadora de patatas con rodillo es de 2000-3000 kg\/h.<\/p>    <figure class=\"wp-block-gallery has-nested-images columns-default is-cropped wp-block-gallery-2 is-layout-flex wp-block-gallery-is-layout-flex\"> <figure class=\"wp-block-image size-large\"><img loading=\"lazy\" decoding=\"async\" width=\"720\" height=\"540\" data-id=\"110\" src=\"https:\/\/fvmachinery.com\/wp-content\/uploads\/2022\/08\/fruit-grading-machine1.webp\" alt=\"\" class=\"wp-image-110\" title=\"\" srcset=\"https:\/\/fvmachinery.com\/wp-content\/uploads\/2022\/08\/fruit-grading-machine1.webp 720w, https:\/\/fvmachinery.com\/wp-content\/uploads\/2022\/08\/fruit-grading-machine1-300x225.webp 300w\" sizes=\"auto, (max-width: 720px) 100vw, 720px\" \/><\/figure>    <figure class=\"wp-block-image size-large\"><img loading=\"lazy\" decoding=\"async\" width=\"720\" height=\"540\" data-id=\"112\" src=\"https:\/\/fvmachinery.com\/wp-content\/uploads\/2022\/08\/onion-size-sorting-machine1.webp\" alt=\"\" class=\"wp-image-112\" title=\"\" srcset=\"https:\/\/fvmachinery.com\/wp-content\/uploads\/2022\/08\/onion-size-sorting-machine1.webp 720w, https:\/\/fvmachinery.com\/wp-content\/uploads\/2022\/08\/onion-size-sorting-machine1-300x225.webp 300w\" sizes=\"auto, (max-width: 720px) 100vw, 720px\" \/><\/figure> <figcaption class=\"blocks-gallery-caption wp-element-caption\">M\u00e1quina autom\u00e1tica de clasificaci\u00f3n y clasificaci\u00f3n de frutas <\/figcaption><\/figure>    <figure class=\"wp-block-embed is-type-video is-provider-youtube wp-block-embed-youtube wp-embed-aspect-16-9 wp-has-aspect-ratio\"><div class=\"wp-block-embed__wrapper\"> <iframe loading=\"lazy\" title=\"V\u00eddeo de prueba de la m\u00e1quina clasificadora de frutas | Los mejores fabricantes de m\u00e1quinas clasificadoras de frutas.\" width=\"500\" height=\"281\" src=\"https:\/\/www.youtube.com\/embed\/4TGQmicVq3A?start=3&#038;feature=oembed\" frameborder=\"0\" allow=\"accelerometer; autoplay; clipboard-write; encrypted-media; gyroscope; picture-in-picture; web-share\" referrerpolicy=\"strict-origin-when-cross-origin\" allowfullscreen><\/iframe> <\/div><\/figure>    <h3 class=\"wp-block-heading\" id=\"h-roller-bar-fruit-sorting-machine\">M\u00e1quina clasificadora de frutas con barra de rodillos<\/h3>    <p>Cuando la m\u00e1quina niveladora de barra de rodillos funciona, la barra de rodillo impulsa el material hacia adelante. En el proceso de avance, el espacio entre las barras de rodillos aumenta gradualmente y el material cae en la tolva divisoria en orden de acuerdo con sus diferentes tama\u00f1os, de peque\u00f1o a grande, todo el proceso lograr\u00e1 el prop\u00f3sito de clasificaci\u00f3n y tama\u00f1o.<\/p>    <figure class=\"wp-block-gallery has-nested-images columns-default is-cropped wp-block-gallery-3 is-layout-flex wp-block-gallery-is-layout-flex\"> <figure class=\"wp-block-image size-large\"><img loading=\"lazy\" decoding=\"async\" width=\"720\" height=\"540\" data-id=\"102\" src=\"https:\/\/fvmachinery.com\/wp-content\/uploads\/2022\/08\/automatic-fruit-sorting-and-grading-machine-21.webp\" alt=\"m\u00e1quina autom\u00e1tica de clasificaci\u00f3n y clasificaci\u00f3n de frutas \" class=\"wp-image-102\" title=\"\" srcset=\"https:\/\/fvmachinery.com\/wp-content\/uploads\/2022\/08\/automatic-fruit-sorting-and-grading-machine-21.webp 720w, https:\/\/fvmachinery.com\/wp-content\/uploads\/2022\/08\/automatic-fruit-sorting-and-grading-machine-21-300x225.webp 300w\" sizes=\"auto, (max-width: 720px) 100vw, 720px\" \/><figcaption class=\"wp-element-caption\">M\u00e1quina autom\u00e1tica de clasificaci\u00f3n y clasificaci\u00f3n de frutas <\/figcaption><\/figure> <\/figure>   <div class=\"wp-block-image\"> <figure class=\"aligncenter size-full\"><img loading=\"lazy\" decoding=\"async\" width=\"720\" height=\"540\" src=\"https:\/\/fvmachinery.com\/wp-content\/uploads\/2022\/08\/fruit-grading-equipment1.webp\" alt=\"equipo de clasificaci\u00f3n de frutas\" class=\"wp-image-108\" title=\"\" srcset=\"https:\/\/fvmachinery.com\/wp-content\/uploads\/2022\/08\/fruit-grading-equipment1.webp 720w, https:\/\/fvmachinery.com\/wp-content\/uploads\/2022\/08\/fruit-grading-equipment1-300x225.webp 300w\" sizes=\"auto, (max-width: 720px) 100vw, 720px\" \/><figcaption class=\"wp-element-caption\">m\u00e1quina autom\u00e1tica de clasificaci\u00f3n y clasificaci\u00f3n de frutas<\/figcaption><\/figure> <\/div>   <h3 class=\"wp-block-heading\" id=\"h-track-fruit-grading-machine\">M\u00e1quina clasificadora de frutas sobre orugas<\/h3>    <p>Esta clasificadora simplemente coloca las frutas en la cinta transportadora o en la tolva, y las frutas se organizar\u00e1n autom\u00e1ticamente de forma ordenada y entrar\u00e1n en la pista una por una para clasificarlas. Perfecta para clasificar naranjas, d\u00e1tiles, ar\u00e1ndanos, kiwis, tomates, longanes, naranjas, patatas, cebollas, etc. La capacidad de la clasificadora es de 1000kg-1,5kg.<\/p>    <figure class=\"wp-block-gallery has-nested-images columns-default is-cropped wp-block-gallery-4 is-layout-flex wp-block-gallery-is-layout-flex\"> <figure class=\"wp-block-image size-large\"><img loading=\"lazy\" decoding=\"async\" width=\"720\" height=\"540\" data-id=\"114\" src=\"https:\/\/fvmachinery.com\/wp-content\/uploads\/2022\/08\/potato-grader-machine1.webp\" alt=\"m\u00e1quina clasificadora de patatas\" class=\"wp-image-114\" title=\"\" srcset=\"https:\/\/fvmachinery.com\/wp-content\/uploads\/2022\/08\/potato-grader-machine1.webp 720w, https:\/\/fvmachinery.com\/wp-content\/uploads\/2022\/08\/potato-grader-machine1-300x225.webp 300w\" sizes=\"auto, (max-width: 720px) 100vw, 720px\" \/><figcaption class=\"wp-element-caption\">M\u00e1quina clasificadora de patatas<\/figcaption><\/figure>    <figure class=\"wp-block-image size-large\"><img loading=\"lazy\" decoding=\"async\" width=\"720\" height=\"540\" data-id=\"106\" src=\"https:\/\/fvmachinery.com\/wp-content\/uploads\/2022\/08\/fruit-grader-for-sale1.webp\" alt=\"\" class=\"wp-image-106\" title=\"\" srcset=\"https:\/\/fvmachinery.com\/wp-content\/uploads\/2022\/08\/fruit-grader-for-sale1.webp 720w, https:\/\/fvmachinery.com\/wp-content\/uploads\/2022\/08\/fruit-grader-for-sale1-300x225.webp 300w\" sizes=\"auto, (max-width: 720px) 100vw, 720px\" \/><figcaption class=\"wp-element-caption\">M\u00e1quina autom\u00e1tica de clasificaci\u00f3n y clasificaci\u00f3n de frutas<\/figcaption><\/figure> <\/figure>    <h2 class=\"wp-block-heading\" id=\"h-features-of-taizy-fruit-grader-for-sale\">Caracter\u00edsticas de la clasificadora de frutas Taizy a la venta<\/h2>    <ul class=\"wp-block-list\"> <li>Taizy Machinery ofrece a la venta tres tipos diferentes de clasificadoras de frutas, entre los que los clientes pueden elegir seg\u00fan sus necesidades reales.<\/li>    <li>Todas las partes en contacto con la fruta no son t\u00f3xicas e inofensivas, el proceso de clasificaci\u00f3n no da\u00f1ar\u00e1 la fruta y el tama\u00f1o y la calidad de la clasificaci\u00f3n se pueden ajustar seg\u00fan las necesidades del cliente.<\/li>    <li>La m\u00e1quina clasificadora de cebollas est\u00e1 hecha totalmente de acero inoxidable, por lo que es robusta y duradera.<\/li>    <li>La correa utilizada en la m\u00e1quina clasificadora de patatas est\u00e1 hecha de una correa de silicona de calidad alimentaria, que tiene un funcionamiento flexible y una larga vida \u00fatil.<\/li>    <li>La garant\u00eda de la clasificadora y clasificadora autom\u00e1tica de frutas es de 1 a\u00f1o. Durante el per\u00edodo de garant\u00eda, nuestra empresa puede reemplazar el motor y otros accesorios para los clientes de forma gratuita. Fuera del periodo de garant\u00eda, los accesorios ser\u00e1n sustituidos a precio de mercado.<\/li> <\/ul>","protected":false},"excerpt":{"rendered":"<p>Automatic fruit sorting and grading machine is a necessary machine for fruit and vegetable wholesalers, retailers, farmers&#8217; markets, food processing plants, large supermarkets, farms, etc. After strict classification and grading, the added value of fruit and vegetable commodities rises, which is more attractive to consumers and improves market competitiveness. Therefore, a fruit grading machine can [&hellip;]<\/p>\n","protected":false},"author":1,"featured_media":104,"parent":0,"template":"","tags":[16],"product-type":[14],"class_list":["post-98","product","type-product","status-publish","has-post-thumbnail","hentry","tag-fruit-grading-machine","product-type-grading-machine"],"_links":{"self":[{"href":"https:\/\/fvmachinery.com\/es\/wp-json\/wp\/v2\/product\/98","targetHints":{"allow":["GET"]}}],"collection":[{"href":"https:\/\/fvmachinery.com\/es\/wp-json\/wp\/v2\/product"}],"about":[{"href":"https:\/\/fvmachinery.com\/es\/wp-json\/wp\/v2\/types\/product"}],"author":[{"embeddable":true,"href":"https:\/\/fvmachinery.com\/es\/wp-json\/wp\/v2\/users\/1"}],"wp:featuredmedia":[{"embeddable":true,"href":"https:\/\/fvmachinery.com\/es\/wp-json\/wp\/v2\/media\/104"}],"wp:attachment":[{"href":"https:\/\/fvmachinery.com\/es\/wp-json\/wp\/v2\/media?parent=98"}],"wp:term":[{"taxonomy":"post_tag","embeddable":true,"href":"https:\/\/fvmachinery.com\/es\/wp-json\/wp\/v2\/tags?post=98"},{"taxonomy":"product-type","embeddable":true,"href":"https:\/\/fvmachinery.com\/es\/wp-json\/wp\/v2\/product-type?post=98"}],"curies":[{"name":"wp","href":"https:\/\/api.w.org\/{rel}","templated":true}]}}