{"id":11,"date":"2022-08-23T10:16:43","date_gmt":"2022-08-23T10:16:43","guid":{"rendered":"https:\/\/fvmachinery.com\/?page_id=11"},"modified":"2022-08-25T10:38:46","modified_gmt":"2022-08-25T10:38:46","slug":"about-us","status":"publish","type":"page","link":"https:\/\/fvmachinery.com\/fr\/about-us\/","title":{"rendered":"\u00c0 propos de nous"},"content":{"rendered":"<h2 class=\"wp-block-heading\" id=\"h-who-are-we\">Qui sommes nous<\/h2>    <p>Zhengzhou Taizy Machinery Co., Ltd. est un fabricant de machines alimentaires cr\u00e9\u00e9 en 2011. Notre soci\u00e9t\u00e9 est situ\u00e9e dans la ville de Zhengzhou, province du Henan, en Chine. Taizy Machinery est une entreprise int\u00e9grant le d\u00e9veloppement et la fabrication d'\u00e9quipements de transformation alimentaire de haute qualit\u00e9 et le commerce ext\u00e9rieur, avec une \u00e9quipe d'ing\u00e9nierie professionnelle et une \u00e9quipe de vente fournissant toujours des produits de la meilleure qualit\u00e9 et des services complets \u00e0 nos clients.<\/p>    <p>Depuis la cr\u00e9ation de notre soci\u00e9t\u00e9, les machines alimentaires Taizy ont \u00e9t\u00e9 vendues dans plus de 50 pays et r\u00e9gions, tels que les \u00c9tats-Unis, Singapour, l'Australie, le Japon, le Nig\u00e9ria, le Kenya, le Congo, l'\u00c9thiopie, la Namibie, le Maroc, le Botswana, l'Ouganda, l'Alg\u00e9rie, Cameroun, Indon\u00e9sie, Bangladesh, etc. Des clients du monde entier ont r\u00e9alis\u00e9 des b\u00e9n\u00e9fices consid\u00e9rables dans l'industrie agroalimentaire gr\u00e2ce aux machines Taizy.<\/p>    <figure class=\"wp-block-image size-full\"><img loading=\"lazy\" decoding=\"async\" width=\"750\" height=\"608\" src=\"https:\/\/fvmachinery.com\/wp-content\/uploads\/2022\/08\/zhengshu.webp\" alt=\"\" class=\"wp-image-94\" title=\"\" srcset=\"https:\/\/fvmachinery.com\/wp-content\/uploads\/2022\/08\/zhengshu.webp 750w, https:\/\/fvmachinery.com\/wp-content\/uploads\/2022\/08\/zhengshu-300x243.webp 300w\" sizes=\"auto, (max-width: 750px) 100vw, 750px\" \/><\/figure>    <h2 class=\"wp-block-heading\" id=\"h-our-product\">Notre produit<\/h2>    <p>Zhengzhou Taizi Machinery Co., Ltd. se sp\u00e9cialise dans la fourniture de services de transformation des fruits et l\u00e9gumes, notamment le nettoyage, le classement, le s\u00e9chage, l'emballage et d'autres processus visant \u00e0 augmenter la valeur ajout\u00e9e des fruits et l\u00e9gumes et \u00e0 g\u00e9n\u00e9rer des b\u00e9n\u00e9fices pour les investisseurs. Par exemple, les l\u00e9gumes nettoy\u00e9s avec la corde \u00e0 linge peuvent \u00eatre directement envoy\u00e9s aux restaurants et aux supermarch\u00e9s pour \u00eatre vendus.<\/p>    <h2 class=\"wp-block-heading\" id=\"h-why-choose-us\">Pourquoi nous choisir<\/h2>    <h3 class=\"wp-block-heading\" id=\"h-professional-technical-team\">\u00c9quipe technique professionnelle<\/h3>    <p>Taizy Machinery occupe une position de leader en mati\u00e8re de technologie, de conception et de fabrication dans l'industrie des \u00e9quipements alimentaires depuis plus de 10 ans, en employant d'excellents concepteurs et ing\u00e9nieurs pour fabriquer des machines de transformation alimentaire de qualit\u00e9 sup\u00e9rieure.<\/p>    <h3 class=\"wp-block-heading\" id=\"h-rich-export-experience\">Une riche exp\u00e9rience d'exportation<\/h3>    <p>Taizy Machinery a export\u00e9 des machines de transformation des aliments dans plus de 50 pays \u00e0 travers le monde et a accumul\u00e9 une riche exp\u00e9rience en mati\u00e8re d'exportation pour fournir aux clients un service unique parfait afin de garantir que leurs machines arrivent sans probl\u00e8me dans votre pays.<\/p>    <h3 class=\"wp-block-heading\" id=\"h-insisting-on-being-customer-oriented\">Insister sur l'orientation client.<\/h3>    <p>Nous fournissons des services complets et complets \u00e0 nos clients. Tout au long du processus de vente, nous \u00e9coutons toujours les besoins des clients et r\u00e9pondons \u00e0 leurs questions \u00e0 temps pour garantir que nous fournissons des services satisfaisants \u00e0 nos clients.<\/p>","protected":false},"excerpt":{"rendered":"<p>Who are we Zhengzhou Taizy Machinery Co., Ltd. is a food machinery manufacturer, established in 2011. Our company is located in Zhengzhou City, Henan Province, China. Taizy Machinery is an enterprise integrating the development and manufacture of high-quality food processing equipment and overseas trade, with a professional engineering team and sales team always providing the [&hellip;]<\/p>\n","protected":false},"author":1,"featured_media":0,"parent":0,"menu_order":0,"comment_status":"closed","ping_status":"closed","template":"","meta":{"footnotes":""},"class_list":["post-11","page","type-page","status-publish","hentry"],"_links":{"self":[{"href":"https:\/\/fvmachinery.com\/fr\/wp-json\/wp\/v2\/pages\/11","targetHints":{"allow":["GET"]}}],"collection":[{"href":"https:\/\/fvmachinery.com\/fr\/wp-json\/wp\/v2\/pages"}],"about":[{"href":"https:\/\/fvmachinery.com\/fr\/wp-json\/wp\/v2\/types\/page"}],"author":[{"embeddable":true,"href":"https:\/\/fvmachinery.com\/fr\/wp-json\/wp\/v2\/users\/1"}],"replies":[{"embeddable":true,"href":"https:\/\/fvmachinery.com\/fr\/wp-json\/wp\/v2\/comments?post=11"}],"version-history":[{"count":0,"href":"https:\/\/fvmachinery.com\/fr\/wp-json\/wp\/v2\/pages\/11\/revisions"}],"wp:attachment":[{"href":"https:\/\/fvmachinery.com\/fr\/wp-json\/wp\/v2\/media?parent=11"}],"curies":[{"name":"wp","href":"https:\/\/api.w.org\/{rel}","templated":true}]}}