{"id":25,"date":"2022-08-24T06:44:53","date_gmt":"2022-08-23T22:44:53","guid":{"rendered":"https:\/\/fvmachinery.com\/?post_type=product&#038;p=25"},"modified":"2023-01-09T10:42:31","modified_gmt":"2023-01-09T02:42:31","slug":"fruit-and-vegetable-washing-line","status":"publish","type":"product","link":"https:\/\/fvmachinery.com\/fr\/product\/fruit-and-vegetable-washing-line\/","title":{"rendered":"Ligne de lavage de fruits et l\u00e9gumes | Machine \u00e0 laver les l\u00e9gumes"},"content":{"rendered":"<p>La ligne de lavage de fruits et l\u00e9gumes est con\u00e7ue pour traiter une large gamme de mat\u00e9riaux gr\u00e2ce \u00e0 des \u00e9quipements de lavage et de s\u00e9chage. La vente de l\u00e9gumes propres peut augmenter la valeur \u00e9conomique ajout\u00e9e avec une marge b\u00e9n\u00e9ficiaire importante. L'utilisation d'une machine \u00e0 laver les l\u00e9gumes automatique au lieu du lavage manuel traditionnel peut consid\u00e9rablement am\u00e9liorer l'efficacit\u00e9, ce qui peut \u00e9galement r\u00e9duire les co\u00fbts de main-d'\u0153uvre et r\u00e9pondre aux besoins de grands volumes de production.<\/p>    <h2 class=\"wp-block-heading\" id=\"h-why-do-you-need-a-fruit-and-vegetable-washing-line\">Pourquoi avez-vous besoin d\u2019une ligne de lavage de fruits et l\u00e9gumes ?<\/h2>    <p>L'installation compl\u00e8te de lavage des fruits et l\u00e9gumes a les fonctions principales de lavage, de s\u00e9chage et d'emballage continus des l\u00e9gumes. Cet \u00e9quipement automatique de lavage de l\u00e9gumes peut \u00eatre utilis\u00e9 pour traiter toutes sortes de fruits et l\u00e9gumes, tels que poivrons, pommes de terre, radis, tomates, concombres, etc. La capacit\u00e9 de cette ligne de lavage est g\u00e9n\u00e9ralement de 300 kg \u00e0 3 tonnes par heure, et les clients peut choisir le bon mod\u00e8le de machine en fonction de ses besoins.<\/p>    <p>La machine est tr\u00e8s demand\u00e9e dans l'industrie alimentaire et la restauration car elle peut garantir la qualit\u00e9 du nettoyage des l\u00e9gumes et des fruits et contribuer \u00e0 la transformation des l\u00e9gumes et des fruits. En outre, l'avantage d'\u00e9conomiser du travail ainsi que le montant de l'investissement sont \u00e9galement la principale raison pour laquelle ils recherchent le march\u00e9.<\/p>    <h2 class=\"wp-block-heading\" id=\"h-3d-video-of-fruit-and-vegetable-washing-line\">Vid\u00e9o 3D d'une ligne de lavage de fruits et l\u00e9gumes<\/h2>    <figure class=\"wp-block-embed is-type-video is-provider-youtube wp-block-embed-youtube wp-embed-aspect-16-9 wp-has-aspect-ratio\"><div class=\"wp-block-embed__wrapper\"> <iframe loading=\"lazy\" title=\"Ligne de lavage automatique de fruits et l\u00e9gumes | Processus de lavage de pomme de terre, tomate, oignon et gingembre\" width=\"500\" height=\"281\" src=\"https:\/\/www.youtube.com\/embed\/fBzoviDQvvM?feature=oembed\" frameborder=\"0\" allow=\"accelerometer; autoplay; clipboard-write; encrypted-media; gyroscope; picture-in-picture; web-share\" referrerpolicy=\"strict-origin-when-cross-origin\" allowfullscreen><\/iframe> <\/div><\/figure>    <h2 class=\"wp-block-heading\" id=\"h-raw-materials-of-fruit-and-vegetable-washer-plant\">Mati\u00e8res premi\u00e8res de l'usine de lavage de fruits et l\u00e9gumes<\/h2>    <p>La ligne de lavage de l\u00e9gumes convient \u00e0 une utilisation dans les fermes, les supermarch\u00e9s, les usines de transformation des aliments, les restaurants, etc. Elle peut traiter une large gamme de mat\u00e9riaux, notamment les citrons, les tomates, les pommes de terre, les courgettes, les aubergines, les poivrons, les concombres, etc.<\/p>    <p>La vid\u00e9o suivante montre le processus de lavage des pommes de terre.<\/p>    <figure class=\"wp-block-embed is-type-video is-provider-youtube wp-block-embed-youtube wp-embed-aspect-16-9 wp-has-aspect-ratio\"><div class=\"wp-block-embed__wrapper\"> <iframe loading=\"lazy\" title=\"Ligne de lavage de pommes de terre professionnelle | Comment nettoyer efficacement une grande quantit\u00e9 de pommes de terre ?\" width=\"500\" height=\"281\" src=\"https:\/\/www.youtube.com\/embed\/RkRness2lQU?feature=oembed\" frameborder=\"0\" allow=\"accelerometer; autoplay; clipboard-write; encrypted-media; gyroscope; picture-in-picture; web-share\" referrerpolicy=\"strict-origin-when-cross-origin\" allowfullscreen><\/iframe> <\/div><\/figure>    <h2 class=\"wp-block-heading\" id=\"h-main-process-of-vegetable-washing-plant\">Processus principal de l'usine de lavage de l\u00e9gumes<\/h2>    <p>La ligne de lavage des fruits et l\u00e9gumes utilise une approche plus technologique pour \u00e9liminer les taches et les pesticides, en utilisant d'abord la m\u00e9thode du surf pour \u00e9liminer la poussi\u00e8re et les impuret\u00e9s \u00e0 la surface du fruit, puis en frottant les taches tenaces tout au long du processus de d\u00e9bridement, nettoyant ainsi en profondeur les fruits et l\u00e9gumes. Les fruits et l\u00e9gumes propres sont ensuite rapidement s\u00e9ch\u00e9s et emball\u00e9s. Cette ligne de nettoyage et de conditionnement de l\u00e9gumes se vend actuellement tr\u00e8s bien sur le march\u00e9.<\/p>    <h3 class=\"wp-block-heading\" id=\"h-hoist-conveyor\">Convoyeur de levage<\/h3>   <div class=\"wp-block-image\"> <figure class=\"aligncenter size-full\"><img loading=\"lazy\" decoding=\"async\" width=\"720\" height=\"540\" src=\"https:\/\/fvmachinery.com\/wp-content\/uploads\/2022\/08\/1-fruit-conveying-1-1.webp\" alt=\"machine de transport de l\u00e9gumes et de fruits\" class=\"wp-image-34\" title=\"\" srcset=\"https:\/\/fvmachinery.com\/wp-content\/uploads\/2022\/08\/1-fruit-conveying-1-1.webp 720w, https:\/\/fvmachinery.com\/wp-content\/uploads\/2022\/08\/1-fruit-conveying-1-1-300x225.webp 300w\" sizes=\"auto, (max-width: 720px) 100vw, 720px\" \/><figcaption class=\"wp-element-caption\">convoyeur de ligne de lavage de fruits et l\u00e9gumes<\/figcaption><\/figure> <\/div>   <p>Le convoyeur est utilis\u00e9 pour soulever automatiquement les fruits et l\u00e9gumes dans la machine \u00e0 laver, ce qui peut \u00e9conomiser de la main d'\u0153uvre, et la vitesse du convoyeur peut \u00eatre ajust\u00e9e. La hauteur et la largeur du convoyeur peuvent \u00eatre personnalis\u00e9es en fonction des mati\u00e8res premi\u00e8res et du rendement du client.<\/p>    <h3 class=\"wp-block-heading\" id=\"h-bubble-washing-machine\"><a href=\"https:\/\/fvmachinery.com\/fr\/product\/machine-de-nettoyage-de-fruits-et-legumes\/\">Machine \u00e0 laver les bulles<\/a><\/h3>   <div class=\"wp-block-image\"> <figure class=\"aligncenter size-full\"><a href=\"https:\/\/fvmachinery.com\/fr\/product\/machine-de-nettoyage-de-fruits-et-legumes\/\"><img loading=\"lazy\" decoding=\"async\" width=\"750\" height=\"750\" src=\"https:\/\/fvmachinery.com\/wp-content\/uploads\/2022\/08\/vegetable-washing-machine-1.webp\" alt=\"machine \u00e0 laver les l\u00e9gumes \" class=\"wp-image-39\" title=\"\" srcset=\"https:\/\/fvmachinery.com\/wp-content\/uploads\/2022\/08\/vegetable-washing-machine-1.webp 750w, https:\/\/fvmachinery.com\/wp-content\/uploads\/2022\/08\/vegetable-washing-machine-1-300x300.webp 300w, https:\/\/fvmachinery.com\/wp-content\/uploads\/2022\/08\/vegetable-washing-machine-1-150x150.webp 150w\" sizes=\"auto, (max-width: 750px) 100vw, 750px\" \/><\/a><figcaption class=\"wp-element-caption\">machine \u00e0 laver les l\u00e9gumes <\/figcaption><\/figure> <\/div>   <p>La nouvelle machine \u00e0 laver les fruits et l\u00e9gumes adopte une technologie de culbutage \u00e0 bulles, de brossage et de pulv\u00e9risation, qui peut nettoyer efficacement les mat\u00e9riaux. Le cadre de la machine \u00e0 laver \u00e0 bulles d'air est en acier inoxydable SUS304 de haute qualit\u00e9, qui r\u00e9pond \u00e0 la norme nationale de l'industrie alimentaire.<\/p>    <h3 class=\"wp-block-heading\" id=\"h-hair-roller-remover-machine\">Machine \u00e0 enlever les rouleaux de cheveux<\/h3>   <div class=\"wp-block-image\"> <figure class=\"aligncenter size-full\"><img loading=\"lazy\" decoding=\"async\" width=\"720\" height=\"540\" src=\"https:\/\/fvmachinery.com\/wp-content\/uploads\/2022\/08\/removing-impurities.webp\" alt=\"\u00e9liminer les impuret\u00e9s\" class=\"wp-image-36\" title=\"\" srcset=\"https:\/\/fvmachinery.com\/wp-content\/uploads\/2022\/08\/removing-impurities.webp 720w, https:\/\/fvmachinery.com\/wp-content\/uploads\/2022\/08\/removing-impurities-300x225.webp 300w\" sizes=\"auto, (max-width: 720px) 100vw, 720px\" \/><figcaption class=\"wp-element-caption\">\u00e9liminer les impuret\u00e9s<\/figcaption><\/figure> <\/div>   <p>Le d\u00e9m\u00e9langeur \u00e0 rouleaux nettoiera les mati\u00e8res premi\u00e8res pour la deuxi\u00e8me fois, ce qui constitue une \u00e9tape importante de la ligne de lavage des fruits et l\u00e9gumes. Le brossage des mati\u00e8res premi\u00e8res par le rouleau \u00e0 cheveux sur la machine peut nettoyer en profondeur la salet\u00e9 tenace et autres taches sur la surface des fruits et l\u00e9gumes, et en m\u00eame temps, le nettoyage n'endommagera pas la surface des fruits et l\u00e9gumes. De plus, la machine peut \u00eatre remplac\u00e9e par diff\u00e9rentes duret\u00e9s et longueurs de rouleaux en fonction de diff\u00e9rentes mati\u00e8res premi\u00e8res.<\/p>    <h3 class=\"wp-block-heading\" id=\"h-air-dryer-machine\">S\u00e9cheur d'air<\/h3>   <div class=\"wp-block-image\"> <figure class=\"aligncenter size-full\"><img loading=\"lazy\" decoding=\"async\" width=\"720\" height=\"540\" src=\"https:\/\/fvmachinery.com\/wp-content\/uploads\/2022\/08\/vegetable-drying-machine.webp\" alt=\"machine \u00e0 s\u00e9cher les l\u00e9gumes\" class=\"wp-image-38\" title=\"\" srcset=\"https:\/\/fvmachinery.com\/wp-content\/uploads\/2022\/08\/vegetable-drying-machine.webp 720w, https:\/\/fvmachinery.com\/wp-content\/uploads\/2022\/08\/vegetable-drying-machine-300x225.webp 300w\" sizes=\"auto, (max-width: 720px) 100vw, 720px\" \/><figcaption class=\"wp-element-caption\">machine \u00e0 s\u00e9cher les l\u00e9gumes<\/figcaption><\/figure> <\/div>   <p>Les s\u00e9cheurs d'air sont principalement utilis\u00e9s pour le s\u00e9chage rapide de fruits et l\u00e9gumes propres pour les \u00e9tapes ult\u00e9rieures de l'emballage des fruits et l\u00e9gumes. La bande transporteuse du nouveau s\u00e9cheur d'air a \u00e9t\u00e9 transform\u00e9e en convoyeur \u00e0 rouleaux pour am\u00e9liorer l'efficacit\u00e9 du s\u00e9chage.<\/p>    <h3 class=\"wp-block-heading\" id=\"h-picking-conveyor\">Convoyeur de pr\u00e9l\u00e8vement<\/h3>   <div class=\"wp-block-image\"> <figure class=\"aligncenter size-full\"><img loading=\"lazy\" decoding=\"async\" width=\"720\" height=\"540\" src=\"https:\/\/fvmachinery.com\/wp-content\/uploads\/2022\/08\/sorting-table.webp\" alt=\"table de tri\" class=\"wp-image-37\" title=\"\" srcset=\"https:\/\/fvmachinery.com\/wp-content\/uploads\/2022\/08\/sorting-table.webp 720w, https:\/\/fvmachinery.com\/wp-content\/uploads\/2022\/08\/sorting-table-300x225.webp 300w\" sizes=\"auto, (max-width: 720px) 100vw, 720px\" \/><figcaption class=\"wp-element-caption\">table de tri de ligne de lavage de fruits et l\u00e9gumes<\/figcaption><\/figure> <\/div>   <p>Apr\u00e8s s\u00e9chage des mati\u00e8res premi\u00e8res, les ouvriers s\u00e9lectionneront les fruits et l\u00e9gumes d\u00e9fectueux ou avari\u00e9s sur la table de tri pour s'assurer que le produit final est de qualit\u00e9 sup\u00e9rieure. Enfin, ces fruits et l\u00e9gumes propres sont pr\u00eats pour le processus d\u2019emballage.<\/p>    <h3 class=\"wp-block-heading\" id=\"h-fruit-and-vegetable-packing-machine\">Machine d'emballage de fruits et l\u00e9gumes&nbsp;<\/h3>   <div class=\"wp-block-image\"> <figure class=\"aligncenter size-full\"><img loading=\"lazy\" decoding=\"async\" width=\"720\" height=\"540\" src=\"https:\/\/fvmachinery.com\/wp-content\/uploads\/2022\/08\/packaging-machine.webp\" alt=\"Machine d&#039;emballage\" class=\"wp-image-35\" title=\"\" srcset=\"https:\/\/fvmachinery.com\/wp-content\/uploads\/2022\/08\/packaging-machine.webp 720w, https:\/\/fvmachinery.com\/wp-content\/uploads\/2022\/08\/packaging-machine-300x225.webp 300w\" sizes=\"auto, (max-width: 720px) 100vw, 720px\" \/><figcaption class=\"wp-element-caption\">Machine d'emballage<\/figcaption><\/figure> <\/div>   <p>L'emballage est la derni\u00e8re partie de cette ligne de lavage de fruits et l\u00e9gumes destin\u00e9e au conditionnement individuel de l\u00e9gumes frais. Cette machine d'emballage peut r\u00e9aliser diff\u00e9rentes formes d'emballage telles que en sac, en bo\u00eete, etc. selon les exigences du client.<\/p>    <h2 class=\"wp-block-heading\" id=\"h-benefits-of-taizy-automatic-vegetable-washing-line\">Avantages de la ligne de lavage automatique de l\u00e9gumes Taizy<\/h2>    <ol class=\"wp-block-list\"> <li>Les machines Taizy offrent une gamme compl\u00e8te de services et peuvent personnaliser une solution de lavage de fruits et l\u00e9gumes adapt\u00e9e en fonction des mati\u00e8res premi\u00e8res, du budget et de la superficie de l'usine du client.<\/li>    <li>L'ensemble de la ligne est hautement automatis\u00e9, seuls deux ouvriers sont n\u00e9cessaires pour le chargement et le pr\u00e9l\u00e8vement. La machine a une grande capacit\u00e9 de traitement et peut g\u00e9rer de 300 kg \u00e0 3 000 kg de mat\u00e9riau. La capacit\u00e9 de traitement commune de la ligne de machines \u00e0 laver les l\u00e9gumes est de 500 kg\/h, 1 000 kg\/h, 2 000 kg\/h, 3 000 kg\/h.<\/li>    <li>La ligne de lavage des fruits et l\u00e9gumes utilise un syst\u00e8me de traitement de l\u2019eau plus avanc\u00e9 pour d\u00e9sinfecter l\u2019eau et d\u00e9composer les pesticides r\u00e9siduels. De plus, la machine peut s\u00e9parer les mati\u00e8res premi\u00e8res des s\u00e9diments lav\u00e9s, ce qui am\u00e9liore consid\u00e9rablement le taux de recyclage de l'eau de nettoyage et peut \u00e9conomiser 85% d'eau, une faible consommation d'\u00e9nergie et des co\u00fbts \u00e9nerg\u00e9tiques pour les clients.<\/li> <\/ol>    <h2 class=\"wp-block-heading\" id=\"h-necessary-equipment-for-fruit-and-vegetable-washing-plant\">\u00c9quipement n\u00e9cessaire pour usine de lavage de fruits et l\u00e9gumes<\/h2>    <p class=\"translation-block\">Pour les grandes usines de lavage des l\u00e9gumes, les supermarch\u00e9s, les fermes, les restaurants, etc., on utilise souvent un grand nombre de cadres en plastique pour stocker et transporter les fruits et l\u00e9gumes. La <strong>machine \u00e0 laver les paniers automatique<\/strong> est notre machine la plus vendue. Les paniers en plastique sont envoy\u00e9s au lien de lavage par pulv\u00e9risation haute pression via le convoyeur pour un lavage par pulv\u00e9risation r\u00e9ciproque complet, ce qui rend les cadres en plastique propres et r\u00e9utilisables. La machine \u00e0 laver est adapt\u00e9e \u00e0 tous types de paniers de rotation alimentaire, de caisses, de bo\u00eetes alimentaires, de paniers en plastique, etc.<\/p>      <h2 class=\"wp-block-heading\" id=\"h-jalapeno-pepper-washing-machine-sent-to-mexico\">Machine \u00e0 laver le piment jalapeno envoy\u00e9e au Mexique<\/h2>    <p>Taizy Machinery a export\u00e9 cette ann\u00e9e une ligne compl\u00e8te de lavage de fruits et l\u00e9gumes au Mexique. Le client au Mexique poss\u00e8de une usine de transformation alimentaire et recherche une ligne de lavage id\u00e9ale pour son piment jalapeno. Apr\u00e8s nous avoir trouv\u00e9s, il a dit \u00e0 notre directeur commercial qu'il avait besoin d'une installation de lavage de l\u00e9gumes capable de laver 1 000 kg de l\u00e9gumes par heure. Notre client nous recommande alors cette installation de lavage de l\u00e9gumes comprenant un convoyeur, une machine \u00e0 laver \u00e0 bulles, un s\u00e9choir et un convoyeur de cueillette. Aujourd\u2019hui, l\u2019usine de lavage du piment jalapeno a d\u00e9j\u00e0 exp\u00e9di\u00e9 ses produits au Mexique.<\/p>","protected":false},"excerpt":{"rendered":"<p>The fruit and vegetable washing line is designed to process a wide range of materials through washing and drying equipment. Selling clean vegetables can increase the economic added value with a large profit margin. Using an automatic vegetable washing machine instead of traditional manual washing can greatly improve efficiency, which can also save labor costs [&hellip;]<\/p>\n","protected":false},"author":1,"featured_media":27,"parent":0,"template":"","tags":[21],"product-type":[5],"class_list":["post-25","product","type-product","status-publish","has-post-thumbnail","hentry","tag-vegetable-washing-machine","product-type-production-line"],"_links":{"self":[{"href":"https:\/\/fvmachinery.com\/fr\/wp-json\/wp\/v2\/product\/25","targetHints":{"allow":["GET"]}}],"collection":[{"href":"https:\/\/fvmachinery.com\/fr\/wp-json\/wp\/v2\/product"}],"about":[{"href":"https:\/\/fvmachinery.com\/fr\/wp-json\/wp\/v2\/types\/product"}],"author":[{"embeddable":true,"href":"https:\/\/fvmachinery.com\/fr\/wp-json\/wp\/v2\/users\/1"}],"wp:featuredmedia":[{"embeddable":true,"href":"https:\/\/fvmachinery.com\/fr\/wp-json\/wp\/v2\/media\/27"}],"wp:attachment":[{"href":"https:\/\/fvmachinery.com\/fr\/wp-json\/wp\/v2\/media?parent=25"}],"wp:term":[{"taxonomy":"post_tag","embeddable":true,"href":"https:\/\/fvmachinery.com\/fr\/wp-json\/wp\/v2\/tags?post=25"},{"taxonomy":"product-type","embeddable":true,"href":"https:\/\/fvmachinery.com\/fr\/wp-json\/wp\/v2\/product-type?post=25"}],"curies":[{"name":"wp","href":"https:\/\/api.w.org\/{rel}","templated":true}]}}