{"id":325,"date":"2022-12-05T18:22:08","date_gmt":"2022-12-05T10:22:08","guid":{"rendered":"https:\/\/fvmachinery.com\/?post_type=product&#038;p=325"},"modified":"2022-12-07T14:39:11","modified_gmt":"2022-12-07T06:39:11","slug":"crinkle-cut-fries-cutter-machine","status":"publish","type":"product","link":"https:\/\/fvmachinery.com\/fr\/product\/crinkle-cut-fries-cutter-machine\/","title":{"rendered":"Machine \u00e0 couper les frites froiss\u00e9es | Machine industrielle de d\u00e9coupe de frites"},"content":{"rendered":"<p>Les frites ondul\u00e9es et les chips ondul\u00e9es sont tr\u00e8s appr\u00e9ci\u00e9es sur le march\u00e9. La machine \u00e0 d\u00e9couper les frites ondul\u00e9es r\u00e9pond aux besoins de l'entreprise de fabrication de frites ondul\u00e9es. Le coupe-pommes de terre ondul\u00e9 commercial peut non seulement couper en forme d'ondulation, mais \u00e9galement couper en frites de forme r\u00e9guli\u00e8re, ce qui peut aider le snack-bar \u00e0 g\u00e9n\u00e9rer plus de revenus.<\/p>    <h2 class=\"wp-block-heading\">Introduction de la machine de d\u00e9coupe de frites froiss\u00e9es<\/h2>    <p>La machine \u00e0 d\u00e9couper les frites sera principalement utilis\u00e9e pour manipuler les pommes de terre, les carottes, le taro, les patates douces et autres l\u00e9gumes. Le coupe-pommes de terre froiss\u00e9 peut couper les pommes de terre en formes ondul\u00e9es. La machine \u00e0 couper les frites ondul\u00e9es a diverses fonctions, telles qu'un faible bruit, un entretien facile et d'autres caract\u00e9ristiques. <\/p>    <p>Les clients peuvent ajuster l'\u00e9paisseur des chips et l'\u00e9paisseur des lani\u00e8res de pommes de terre en fonction de diff\u00e9rents besoins. Les l\u00e9gumes transform\u00e9s sont nets et d\u2019\u00e9paisseur uniforme. La machine \u00e0 d\u00e9couper les frites ondul\u00e9es convient aux cantines, snacks, lignes de production de frites, etc. <\/p>    <figure class=\"wp-block-gallery has-nested-images columns-default is-cropped wp-block-gallery-2 is-layout-flex wp-block-gallery-is-layout-flex\"> <figure class=\"wp-block-image size-full\"><img loading=\"lazy\" decoding=\"async\" width=\"720\" height=\"540\" data-id=\"329\" src=\"https:\/\/fvmachinery.com\/wp-content\/uploads\/2022\/12\/crinkle-fries-cutting-machine1.webp\" alt=\"\" class=\"wp-image-329\" title=\"\" srcset=\"https:\/\/fvmachinery.com\/wp-content\/uploads\/2022\/12\/crinkle-fries-cutting-machine1.webp 720w, https:\/\/fvmachinery.com\/wp-content\/uploads\/2022\/12\/crinkle-fries-cutting-machine1-300x225.webp 300w\" sizes=\"auto, (max-width: 720px) 100vw, 720px\" \/><figcaption class=\"wp-element-caption\">Coupe-frites<\/figcaption><\/figure>    <figure class=\"wp-block-image size-large\"><img decoding=\"async\" data-id=\"326\" src=\"https:\/\/fvmachinery.com\/wp-content\/uploads\/2022\/12\/commercial-french-fry-cutter1.webp\" alt=\"coupe-frites professionnel\" class=\"wp-image-326\" title=\"\"><figcaption class=\"wp-element-caption\">Coupe-frites professionnel<\/figcaption><\/figure> <\/figure>    <figure class=\"wp-block-gallery has-nested-images columns-default is-cropped wp-block-gallery-3 is-layout-flex wp-block-gallery-is-layout-flex\"> <figure class=\"wp-block-image size-large\"><img decoding=\"async\" data-id=\"331\" src=\"https:\/\/fvmachinery.com\/wp-content\/uploads\/2022\/12\/crinkle-potato-cutter1.webp\" alt=\"coupe-pommes de terre froiss\u00e9es\" class=\"wp-image-331\" title=\"\"><figcaption class=\"wp-element-caption\">Coupe-pommes de terre froiss\u00e9es<\/figcaption><\/figure>    <figure class=\"wp-block-image size-large\"><img loading=\"lazy\" decoding=\"async\" width=\"720\" height=\"540\" data-id=\"330\" src=\"https:\/\/fvmachinery.com\/wp-content\/uploads\/2022\/12\/crinkle-potato-cutter-machine-in-stock1.webp\" alt=\"machine de coupe de pommes de terre froiss\u00e9es en stock\" class=\"wp-image-330\" title=\"\" srcset=\"https:\/\/fvmachinery.com\/wp-content\/uploads\/2022\/12\/crinkle-potato-cutter-machine-in-stock1.webp 720w, https:\/\/fvmachinery.com\/wp-content\/uploads\/2022\/12\/crinkle-potato-cutter-machine-in-stock1-300x225.webp 300w\" sizes=\"auto, (max-width: 720px) 100vw, 720px\" \/><figcaption class=\"wp-element-caption\">Machine de coupe de pommes de terre froiss\u00e9es en stock<\/figcaption><\/figure> <\/figure>    <h2 class=\"wp-block-heading\">Principe de fonctionnement du coupe-pommes de terre froiss\u00e9es<\/h2>    <p>La machine industrielle de d\u00e9coupe de frites froiss\u00e9es fonctionne selon un principe astucieux. Il y a un dispositif de tranchage centrifuge \u00e0 l'arri\u00e8re de la machine \u00e0 couper les frites ondul\u00e9es, qui est principalement utilis\u00e9 pour trancher. La lame peut \u00eatre soit une lame normale, soit une lame ondul\u00e9e. Les pommes de terre nettoy\u00e9es sont plac\u00e9es dans le tambour centrifuge de la machine et la machine coupe directement les pommes de terre. Les tranches de pommes de terre tombent ensuite sur un tapis roulant et se d\u00e9placent vers un autre jeu de lames, qui coupent les tranches en lani\u00e8res. Les tranches de pommes de terre sont pr\u00eates \u00e0 \u00eatre r\u00e9serv\u00e9es pour les frites.<\/p>    <h2 class=\"wp-block-heading\">Structure de la machine commerciale de coupe-frites<\/h2>    <p>La machine \u00e0 d\u00e9couper les frites contient principalement un port d'alimentation, un couteau de coupe, une plaque \u00e0 couteaux, un bo\u00eetier de protection, un port de d\u00e9chargement, un panneau de commande, un filet de protection, une bande transporteuse, etc.<\/p>    <figure class=\"wp-block-gallery has-nested-images columns-default is-cropped wp-block-gallery-4 is-layout-flex wp-block-gallery-is-layout-flex\"> <figure class=\"wp-block-image size-full\"><img loading=\"lazy\" decoding=\"async\" width=\"720\" height=\"540\" data-id=\"333\" src=\"https:\/\/fvmachinery.com\/wp-content\/uploads\/2022\/12\/details-of-crinkle-cut-fries-cutter-machine1.webp\" alt=\"\" class=\"wp-image-333\" title=\"\" srcset=\"https:\/\/fvmachinery.com\/wp-content\/uploads\/2022\/12\/details-of-crinkle-cut-fries-cutter-machine1.webp 720w, https:\/\/fvmachinery.com\/wp-content\/uploads\/2022\/12\/details-of-crinkle-cut-fries-cutter-machine1-300x225.webp 300w\" sizes=\"auto, (max-width: 720px) 100vw, 720px\" \/><figcaption class=\"wp-element-caption\">Sortie de machine \u00e0 couper les pommes de terre<\/figcaption><\/figure>    <figure class=\"wp-block-image size-large\"><img decoding=\"async\" data-id=\"327\" src=\"https:\/\/fvmachinery.com\/wp-content\/uploads\/2022\/12\/crinkle-cut-fries-cutter-machine-21.webp\" alt=\"Entr\u00e9e de machine de coupe de frites coup\u00e9es en plis\" class=\"wp-image-327\" title=\"\"><figcaption class=\"wp-element-caption\">Entr\u00e9e de machine de coupe de frites coup\u00e9es froiss\u00e9es<\/figcaption><\/figure> <\/figure>    <h2 class=\"wp-block-heading\">Param\u00e8tres industriels de machine de d\u00e9coupe de frites froiss\u00e9es<\/h2>    <figure class=\"wp-block-table\"><table><tbody><tr><td>Mod\u00e8le<\/td><td>Tension<\/td><td>Pouvoir<\/td><td>Dimension<\/td><td>Poids<\/td><td>Capacit\u00e9<\/td><\/tr><tr><td>TZ-600<\/td><td>220 V\/50 Hz<\/td><td>0,75 kW<\/td><td>900x460x740mm<\/td><td>140 kg<\/td><td>100-600kg\/heure<\/td><\/tr><tr><td>TZ-1000<\/td><td>220 V\/50 Hz<\/td><td>1,1 kW<\/td><td>1300x510x1050mm<\/td><td>380 kg<\/td><td>200-1000kg\/heure<\/td><\/tr><\/tbody><\/table><\/figure>    <h2 class=\"wp-block-heading\">Pourquoi choisir une machine \u00e0 d\u00e9couper les frites ondul\u00e9es ?<\/h2>    <p class=\"translation-block\">Habituellement, les <a href=\"https:\/\/en.wikipedia.org\/wiki\/French_fries\" target=\"_blank\" rel=\"noopener\">frites<\/a> sont longues et de forme normale, imaginez si vos frites sont diff\u00e9rentes des autres, cela attirera plus de clients pour les go\u00fbter et les acheter. Les frites gaufr\u00e9es ont moins de concurrents en raison de leur forme sp\u00e9ciale, elles peuvent \u00eatre tremp\u00e9es dans plus d'assaisonnements et les frites auront un meilleur go\u00fbt. <\/p>   <div class=\"wp-block-image\"> <figure class=\"aligncenter size-full\"><img loading=\"lazy\" decoding=\"async\" width=\"720\" height=\"540\" src=\"https:\/\/fvmachinery.com\/wp-content\/uploads\/2022\/12\/crinkle-potato-snacks1.webp\" alt=\"collations aux pommes de terre froiss\u00e9es\" class=\"wp-image-332\" title=\"\" srcset=\"https:\/\/fvmachinery.com\/wp-content\/uploads\/2022\/12\/crinkle-potato-snacks1.webp 720w, https:\/\/fvmachinery.com\/wp-content\/uploads\/2022\/12\/crinkle-potato-snacks1-300x225.webp 300w\" sizes=\"auto, (max-width: 720px) 100vw, 720px\" \/><figcaption class=\"wp-element-caption\">collations aux pommes de terre froiss\u00e9es<\/figcaption><\/figure> <\/div>   <p>Le coupe-pommes de terre froiss\u00e9 commercial peut aider les snack-bars \u00e0 attirer plus de clients et de b\u00e9n\u00e9fices pour leurs entreprises. La machine \u00e0 couper les pommes de terre peut couper les pommes de terre et obtenir une bonne forme de frites ondul\u00e9es. Le coupe-frites r\u00e9alise des frites froiss\u00e9es, diff\u00e9rentes des frites habituelles. <\/p>    <h2 class=\"wp-block-heading\">Avantages de la machine \u00e0 couper les frites ondul\u00e9es<\/h2>    <ul class=\"wp-block-list\"> <li>La machine commerciale de coupe-frites est fabriqu\u00e9e en acier inoxydable de haute qualit\u00e9 et a une longue dur\u00e9e de vie. Et l'acier inoxydable garantira la s\u00e9curit\u00e9 alimentaire lors de la transformation des l\u00e9gumes. <\/li>    <li>Le coupe-pommes de terre froiss\u00e9 a une belle apparence et occupe une petite pi\u00e8ce, qui convient aux usines de transformation des aliments de toutes tailles.<\/li>    <li>La machine de d\u00e9coupe de frites froiss\u00e9es est facile \u00e0 utiliser et le personnel peut utiliser la machine de mani\u00e8re ind\u00e9pendante apr\u00e8s un simple apprentissage.<\/li>    <li>La machine \u00e0 d\u00e9couper les frites est tr\u00e8s efficace pour pr\u00e9parer des frites, et le rendement des deux mod\u00e8les couramment utilis\u00e9s est respectivement de 600 kg\/h et 1 000 kg\/h.<\/li>    <li>Le produit final de la machine \u00e0 d\u00e9couper les pommes de terre est de taille et d'\u00e9paisseur uniformes, produisant des frites et d'autres produits de bon go\u00fbt. La taille de coupe du coupe-pommes de terre est r\u00e9glable. En g\u00e9n\u00e9ral, la taille des frites courantes est de 7 \u00e0 12 mm.<\/li> <\/ul>    <h2 class=\"wp-block-heading\">Pourquoi choisir la machine \u00e0 couper les frites ondul\u00e9es Taizy\u00a0?<\/h2>    <p>Avec le d\u00e9veloppement continu de l'industrie, de plus en plus d'usines de transformation de fruits et l\u00e9gumes ont abandonn\u00e9 le travail manuel et ont adopt\u00e9 des machines de transformation de l\u00e9gumes hautement automatis\u00e9es. Le groupe Taizy est sp\u00e9cialis\u00e9 dans la fabrication de divers \u00e9quipements de transformation de fruits et l\u00e9gumes depuis plus de dix ans et nous fournissons des machines aux usines de transformation des aliments du monde entier. Les machines que nous avons export\u00e9es ont \u00e9t\u00e9 bien accueillies par les clients.<\/p>    <figure class=\"wp-block-gallery has-nested-images columns-default is-cropped wp-block-gallery-5 is-layout-flex wp-block-gallery-is-layout-flex\"> <figure class=\"wp-block-image size-large\"><img loading=\"lazy\" decoding=\"async\" width=\"540\" height=\"720\" data-id=\"346\" src=\"https:\/\/fvmachinery.com\/wp-content\/uploads\/2022\/12\/crinkle-cut-french-fry-cutter-machine1.webp\" alt=\"machine de coupe de frites coup\u00e9es froiss\u00e9es\" class=\"wp-image-346\" title=\"\" srcset=\"https:\/\/fvmachinery.com\/wp-content\/uploads\/2022\/12\/crinkle-cut-french-fry-cutter-machine1.webp 540w, https:\/\/fvmachinery.com\/wp-content\/uploads\/2022\/12\/crinkle-cut-french-fry-cutter-machine1-225x300.webp 225w\" sizes=\"auto, (max-width: 540px) 100vw, 540px\" \/><figcaption class=\"wp-element-caption\">Machine de coupe de frites froiss\u00e9es<\/figcaption><\/figure>    <figure class=\"wp-block-image size-large\"><img decoding=\"async\" data-id=\"345\" src=\"https:\/\/fvmachinery.com\/wp-content\/uploads\/2022\/12\/commercial-crinkle-cut-french-fry-cutter1.webp\" alt=\"coupe-frites commercial \u00e0 coupe ondul\u00e9e\" class=\"wp-image-345\" title=\"\"><figcaption class=\"wp-element-caption\">Coupe-frites commercial \u00e0 coupe ondul\u00e9e<\/figcaption><\/figure> <figcaption class=\"blocks-gallery-caption wp-element-caption\">coupe-frites commercial \u00e0 coupe froiss\u00e9e exp\u00e9di\u00e9 en Irlande en 2022<\/figcaption><\/figure>    <p class=\"translation-block\">Par exemple, si vous avez besoin de traiter des pommes de terre, nous fournissons des <strong><a href=\"https:\/\/fvmachinery.com\/fr\/product\/fruit-sorting-and-grading-machine\/\">machines de tri de l\u00e9gumes<\/a><\/strong> pour s\u00e9lectionner les pommes de terre en diff\u00e9rentes tailles, puis nous utilisons des <strong><a href=\"https:\/\/fvmachinery.com\/fr\/product\/machine-de-nettoyage-de-fruits-et-legumes\/\">machines \u00e0 laver<\/a><\/strong> pour nettoyer les pommes de terre, des <strong><a href=\"https:\/\/fvmachinery.com\/fr\/product\/potato-washing-and-peeling-machine\/\">\u00e9plucheuses<\/a><\/strong> pour \u00e9plucher les pommes de terre, et enfin, nous pouvons utiliser des machines \u00e0 d\u00e9couper les l\u00e9gumes pour les couper en diff\u00e9rentes formes. Une cha\u00eene de montage automatis\u00e9e augmentera consid\u00e9rablement la production de l'usine. Les fruits et l\u00e9gumes transform\u00e9s par la machine sont uniformes en taille, propres et hygi\u00e9niques, et peuvent r\u00e9pondre aux besoins de la plupart des consommateurs.<\/p>    <p>Si vous \u00eates int\u00e9ress\u00e9 par les machines de transformation des l\u00e9gumes, n'h\u00e9sitez pas \u00e0 remplir le tableau sur notre site Web, notre \u00e9quipe vous contactera et vous enverra plus de d\u00e9tails sur la machine d\u00e8s que possible.<\/p>","protected":false},"excerpt":{"rendered":"<p>The crinkle fries and wave chips are very popular in the market. The crinkle cut fries cutter machine meets the needs of the business of making crinkle fries. Commercial crinkle potato cutter can not only cut into ripple shape but also cut into regular shape fries, which can help the snack bar to get more [&hellip;]<\/p>\n","protected":false},"author":1,"featured_media":328,"parent":0,"template":"","tags":[17],"product-type":[12],"class_list":["post-325","product","type-product","status-publish","has-post-thumbnail","hentry","tag-vegetable-cutting-machine","product-type-cutting-machine"],"_links":{"self":[{"href":"https:\/\/fvmachinery.com\/fr\/wp-json\/wp\/v2\/product\/325","targetHints":{"allow":["GET"]}}],"collection":[{"href":"https:\/\/fvmachinery.com\/fr\/wp-json\/wp\/v2\/product"}],"about":[{"href":"https:\/\/fvmachinery.com\/fr\/wp-json\/wp\/v2\/types\/product"}],"author":[{"embeddable":true,"href":"https:\/\/fvmachinery.com\/fr\/wp-json\/wp\/v2\/users\/1"}],"wp:featuredmedia":[{"embeddable":true,"href":"https:\/\/fvmachinery.com\/fr\/wp-json\/wp\/v2\/media\/328"}],"wp:attachment":[{"href":"https:\/\/fvmachinery.com\/fr\/wp-json\/wp\/v2\/media?parent=325"}],"wp:term":[{"taxonomy":"post_tag","embeddable":true,"href":"https:\/\/fvmachinery.com\/fr\/wp-json\/wp\/v2\/tags?post=325"},{"taxonomy":"product-type","embeddable":true,"href":"https:\/\/fvmachinery.com\/fr\/wp-json\/wp\/v2\/product-type?post=325"}],"curies":[{"name":"wp","href":"https:\/\/api.w.org\/{rel}","templated":true}]}}