{"id":400,"date":"2023-08-21T10:41:33","date_gmt":"2023-08-21T02:41:33","guid":{"rendered":"https:\/\/fvmachinery.com\/?post_type=product&#038;p=400"},"modified":"2023-08-24T15:03:47","modified_gmt":"2023-08-24T07:03:47","slug":"potato-slicer-machine","status":"publish","type":"product","link":"https:\/\/fvmachinery.com\/fr\/product\/potato-slicer-machine\/","title":{"rendered":"\u00a0Machine \u00e0 trancher les pommes de terre pour les entreprises"},"content":{"rendered":"<p class=\"translation-block\">La machine \u00e0 trancher les pommes de terre Taizy offre un mat\u00e9riau de coupe durable, une efficacit\u00e9 \u00e9lev\u00e9e de la machine et une faible consommation d'\u00e9nergie pour un large \u00e9ventail d'industries de transformation alimentaire. Et soutenue par un service fiable. Cette trancheuse \u00e0 pommes de terre est utilis\u00e9e pour couper les pommes de terre en lani\u00e8res, et peut \u00e9galement \u00eatre utilis\u00e9e pour couper des patates douces, des carottes et d'autres fruits ou l\u00e9gumes racines en lani\u00e8res. La machine est fabriqu\u00e9e en acier inoxydable 304, est facile \u00e0 utiliser et peut \u00eatre aliment\u00e9e par \u00e9lectricit\u00e9. Elle peut \u00eatre utilis\u00e9e dans l'industrie de la restauration et l'industrie de la transformation alimentaire. Si vous avez d'autres besoins en mati\u00e8re de transformation alimentaire, notre entreprise propose <a href=\"https:\/\/fvmachinery.com\/fr\/product\/crinkle-cut-fries-cutter-machine\/\" data-type=\"link\" data-id=\"https:\/\/fvmachinery.com\/product\/crinkle-cut-fries-cutter-machine\/\">Machine \u00e0 couper les frites ondul\u00e9es<\/a>, <a href=\"https:\/\/fvmachinery.com\/fr\/product\/commercial-vegetable-cutting-machine\/\" data-type=\"link\" data-id=\"https:\/\/fvmachinery.com\/product\/commercial-vegetable-cutting-machine\/\">Machine de d\u00e9coupe de l\u00e9gumes commerciale<\/a>, <a href=\"https:\/\/fvmachinery.com\/fr\/product\/vegetable-slicer-machine\/\" data-type=\"link\" data-id=\"https:\/\/fvmachinery.com\/product\/vegetable-slicer-machine\/\">Machine \u00e0 trancher les l\u00e9gumes<\/a>, et <a href=\"https:\/\/fvmachinery.com\/fr\/product\/commercial-vegetable-dicing-machine\/\" data-type=\"link\" data-id=\"https:\/\/fvmachinery.com\/product\/commercial-vegetable-dicing-machine\/\">Machine \u00e0 d\u00e9s de l\u00e9gumes commerciale<\/a>, vous pouvez choisir selon vos besoins.<\/p>    <h2 class=\"wp-block-heading\">Vid\u00e9o de travail de la trancheuse de pommes de terre<\/h2>    <figure class=\"wp-block-embed is-type-video is-provider-youtube wp-block-embed-youtube wp-embed-aspect-16-9 wp-has-aspect-ratio\"><div class=\"wp-block-embed__wrapper\"> <iframe loading=\"lazy\" title=\"Trancheuse de pommes de terre \u00e9lectrique 600 kg\/h : un moyen rapide et facile de trancher des l\u00e9gumes ! #potato #slicer\" width=\"500\" height=\"281\" src=\"https:\/\/www.youtube.com\/embed\/s6jUCCs8B8E?feature=oembed\" frameborder=\"0\" allow=\"accelerometer; autoplay; clipboard-write; encrypted-media; gyroscope; picture-in-picture; web-share\" referrerpolicy=\"strict-origin-when-cross-origin\" allowfullscreen><\/iframe> <\/div><\/figure>    <h2 class=\"wp-block-heading\">Avantages commerciaux de la machine \u00e0 couper les pommes de terre<\/h2>    <p>Les produits alimentaires instantan\u00e9s utilisant des pommes de terre comme mati\u00e8re premi\u00e8re sont l'un des produits les plus populaires sur le march\u00e9 alimentaire. La coupe manuelle est inefficace, mais pour le tranchage de pommes de terre, il est tr\u00e8s simple de r\u00e9aliser des lani\u00e8res de pomme de terre de m\u00eame \u00e9paisseur et taille : les lani\u00e8res de pomme de terre coup\u00e9es ont un taux de r\u00e9ussite \u00e9lev\u00e9 et r\u00e9pondent \u00e0 la demande de transformation des produits d'exportation. Taizy fournit des machines de d\u00e9coupe commerciales, de pr\u00e9cision et de haute qualit\u00e9 pour r\u00e9pondre aux besoins de votre ligne de production.<\/p>    <div class=\"wp-block-media-text is-stacked-on-mobile\" style=\"grid-template-columns:45% auto\"><figure class=\"wp-block-media-text__media\"><img loading=\"lazy\" decoding=\"async\" width=\"488\" height=\"311\" src=\"https:\/\/fvmachinery.com\/wp-content\/uploads\/2023\/08\/Potato-chips-made-by-Potato-Slicer-Machine-1.webp\" alt=\"\" class=\"wp-image-410 size-full\" title=\"\" srcset=\"https:\/\/fvmachinery.com\/wp-content\/uploads\/2023\/08\/Potato-chips-made-by-Potato-Slicer-Machine-1.webp 488w, https:\/\/fvmachinery.com\/wp-content\/uploads\/2023\/08\/Potato-chips-made-by-Potato-Slicer-Machine-1-300x191.webp 300w\" sizes=\"auto, (max-width: 488px) 100vw, 488px\" \/><\/figure><div class=\"wp-block-media-text__content\"> <p>1. Les lani\u00e8res de pommes de terre coup\u00e9es ont une \u00e9paisseur uniforme et une vari\u00e9t\u00e9 de normes d'\u00e9paisseur peuvent \u00eatre s\u00e9lectionn\u00e9es. C'est un \u00e9quipement essentiel pour les entreprises de transformation des aliments et les entreprises de restauration.<\/p>    <p>2. Faible consommation d'\u00e9nergie, efficacit\u00e9 de tranchage \u00e9lev\u00e9e, diff\u00e9rents mod\u00e8les peuvent \u00eatre s\u00e9lectionn\u00e9s en fonction de diff\u00e9rents besoins, ce qui permet vraiment d'\u00e9conomiser du temps et des efforts.<\/p> <\/div><\/div>    <div class=\"wp-block-media-text has-media-on-the-right is-stacked-on-mobile\" style=\"grid-template-columns:auto 45%\"><div class=\"wp-block-media-text__content\"> <p>3. Large application, peut \u00eatre utilis\u00e9 pour les pommes de terre, les patates douces, les concombres, les carottes et autres fruits ou l\u00e9gumes racines.<\/p>    <p>4. Selon les diff\u00e9rentes exigences de sortie, diff\u00e9rents mod\u00e8les peuvent \u00eatre s\u00e9lectionn\u00e9s pour r\u00e9duire le budget des co\u00fbts.<\/p>    <p>5. De l'acier inoxydable 304 de qualit\u00e9 alimentaire est utilis\u00e9, ce qui est conforme \u00e0 la s\u00e9curit\u00e9 de la production alimentaire.<\/p> <\/div><figure class=\"wp-block-media-text__media\"><img loading=\"lazy\" decoding=\"async\" width=\"500\" height=\"479\" src=\"https:\/\/fvmachinery.com\/wp-content\/uploads\/2023\/08\/French-fries-made-by-Potato-Slicer-Machine.webp\" alt=\"Frites pr\u00e9par\u00e9es par Potato Slicer Machine\" class=\"wp-image-406 size-full\" title=\"\" srcset=\"https:\/\/fvmachinery.com\/wp-content\/uploads\/2023\/08\/French-fries-made-by-Potato-Slicer-Machine.webp 500w, https:\/\/fvmachinery.com\/wp-content\/uploads\/2023\/08\/French-fries-made-by-Potato-Slicer-Machine-300x287.webp 300w\" sizes=\"auto, (max-width: 500px) 100vw, 500px\" \/><\/figure><\/div>    <h2 class=\"wp-block-heading\"><strong>\u00c9tapes de travail de la trancheuse de pommes de terre<\/strong><\/h2>   <div id=\"rank-math-howto\" class=\"rank-math-block\" > <div class=\"rank-math-howto-description\">  <\/div>  <div class=\"rank-math-steps\"> <div id=\"howto-step-1692584070732\" class=\"rank-math-step\"> <h3 class=\"rank-math-step-title\">\u00c9tape 1 V\u00e9rifier<\/h3> <div class=\"rank-math-step-content\"><p>Avant d'allumer la machine, v\u00e9rifiez si chaque composant est anormal et confirmez la connexion du cordon d'alimentation. V\u00e9rifiez si la tension r\u00e9pond aux exigences de fonctionnement de la machine.<\/p> <\/div> <\/div> <div id=\"howto-step-1692584155864\" class=\"rank-math-step\"> <h3 class=\"rank-math-step-title\">\u00c9tape 2\u00a0:\u00a0pelage<\/h3> <div class=\"rank-math-step-content\"><p>\u00c9pluchez les pommes de terre, allumez la machine et mettez les pommes de terre dedans.<\/p> <\/div> <\/div> <div id=\"howto-step-1692584178128\" class=\"rank-math-step\"> <h3 class=\"rank-math-step-title\">\u00c9tape 3 Fonctionnement<\/h3> <div class=\"rank-math-step-content\"><p>Mettez le r\u00e9cipient sous la sortie et les pommes de terre coup\u00e9es tombent.<\/p> <\/div> <\/div> <\/div> <\/div>","protected":false},"excerpt":{"rendered":"<p>Taizy potato slicer machine offers durable cutting material, high machine efficiency, and low energy consumption for a wide range of food processing industries. And backed by reliable service. This potato slicer is used to cut potatoes into strips, and can also be used to cut sweet potatoes, carrots, and other root fruits or vegetables into [&hellip;]<\/p>\n","protected":false},"author":1,"featured_media":501,"parent":0,"template":"","tags":[],"product-type":[12],"class_list":["post-400","product","type-product","status-publish","has-post-thumbnail","hentry","product-type-cutting-machine"],"_links":{"self":[{"href":"https:\/\/fvmachinery.com\/fr\/wp-json\/wp\/v2\/product\/400","targetHints":{"allow":["GET"]}}],"collection":[{"href":"https:\/\/fvmachinery.com\/fr\/wp-json\/wp\/v2\/product"}],"about":[{"href":"https:\/\/fvmachinery.com\/fr\/wp-json\/wp\/v2\/types\/product"}],"author":[{"embeddable":true,"href":"https:\/\/fvmachinery.com\/fr\/wp-json\/wp\/v2\/users\/1"}],"wp:featuredmedia":[{"embeddable":true,"href":"https:\/\/fvmachinery.com\/fr\/wp-json\/wp\/v2\/media\/501"}],"wp:attachment":[{"href":"https:\/\/fvmachinery.com\/fr\/wp-json\/wp\/v2\/media?parent=400"}],"wp:term":[{"taxonomy":"post_tag","embeddable":true,"href":"https:\/\/fvmachinery.com\/fr\/wp-json\/wp\/v2\/tags?post=400"},{"taxonomy":"product-type","embeddable":true,"href":"https:\/\/fvmachinery.com\/fr\/wp-json\/wp\/v2\/product-type?post=400"}],"curies":[{"name":"wp","href":"https:\/\/api.w.org\/{rel}","templated":true}]}}