{"id":412,"date":"2023-08-21T15:03:03","date_gmt":"2023-08-21T07:03:03","guid":{"rendered":"https:\/\/fvmachinery.com\/?post_type=product&#038;p=412"},"modified":"2023-08-28T14:42:32","modified_gmt":"2023-08-28T06:42:32","slug":"carrot-peeler","status":"publish","type":"product","link":"https:\/\/fvmachinery.com\/fr\/product\/carrot-peeler\/","title":{"rendered":"\u00c9plucheur de carottes de l'industrie"},"content":{"rendered":"<p>La machine \u00e0 \u00e9plucher les carottes est l\u2019une des pi\u00e8ces d\u2019\u00e9quipement n\u00e9cessaires pour une ligne de transformation des aliments. Taizy propose plusieurs \u00e9plucheurs de carottes commerciaux capables d'\u00e9plucher les carottes, les pommes de terre, les patates douces, etc. \u00e0 grande vitesse et avec une grande pr\u00e9cision. Il existe deux types diff\u00e9rents d\u2019\u00e9pluchage de carottes selon le rendement. Le rendement est de 2000 kg\/h et 2400 kg\/h. Nos machines sont de qualit\u00e9 alimentaire, non toxiques et inoffensives, ont un large \u00e9ventail d'applications, permettent d'\u00e9conomiser beaucoup de main d'\u0153uvre et de temps et sont parfaites pour les entreprises de l'industrie agroalimentaire.<\/p>    <h2 class=\"wp-block-heading\">Vid\u00e9o de travail de la machine \u00e0 \u00e9plucher les carottes<\/h2>    <figure class=\"wp-block-embed is-type-video is-provider-youtube wp-block-embed-youtube wp-embed-aspect-16-9 wp-has-aspect-ratio\"><div class=\"wp-block-embed__wrapper\"> <iframe loading=\"lazy\" title=\"\u00c9plucheuse automatique de carottes pour l\u00e9gumes et fruits\u00a0: le moyen rapide et facile d&#039;\u00e9plucher #peeling\" width=\"500\" height=\"281\" src=\"https:\/\/www.youtube.com\/embed\/vI6VBZ20s2s?feature=oembed\" frameborder=\"0\" allow=\"accelerometer; autoplay; clipboard-write; encrypted-media; gyroscope; picture-in-picture; web-share\" referrerpolicy=\"strict-origin-when-cross-origin\" allowfullscreen><\/iframe> <\/div><\/figure>    <h2 class=\"wp-block-heading\">Caract\u00e9ristiques de la machine \u00e0 \u00e9plucher les carottes<\/h2>    <p>La machine \u00e0 \u00e9plucher les carottes adopte des rouleaux en nylon \u00e0 haute \u00e9lasticit\u00e9, une r\u00e9sistance \u00e9lev\u00e9e \u00e0 l'abrasion, une r\u00e9sistance aux temp\u00e9ratures \u00e9lev\u00e9es et des caract\u00e9ristiques de qualit\u00e9 alimentaire, ainsi que des rouleaux diamant\u00e9s avec de meilleures performances et un meilleur effet de meulage, avec un pouvoir d'\u00e9pluchage et de d\u00e9contamination \u00e9lev\u00e9. La machine \u00e0 d\u00e9pouiller peut peler et nettoyer 99% des mat\u00e9riaux. Apr\u00e8s le nettoyage, les d\u00e9chets peuvent \u00eatre guid\u00e9s vers une d\u00e9charge de sortie sp\u00e9cifique ou un recyclage secondaire, r\u00e9duisant ainsi la pollution et \u00e9conomisant du temps et des efforts.<\/p>    <div class=\"wp-block-media-text is-stacked-on-mobile\" style=\"grid-template-columns:42% auto\"><figure class=\"wp-block-media-text__media\"><img loading=\"lazy\" decoding=\"async\" width=\"720\" height=\"540\" src=\"https:\/\/fvmachinery.com\/wp-content\/uploads\/2023\/08\/Spiral-pre-wash-and-hair-roller-peeling-2-2.webp\" alt=\"Pr\u00e9lavage en spirale et peeling au rouleau \u00e0 cheveux\" class=\"wp-image-442 size-full\" title=\"\" srcset=\"https:\/\/fvmachinery.com\/wp-content\/uploads\/2023\/08\/Spiral-pre-wash-and-hair-roller-peeling-2-2.webp 720w, https:\/\/fvmachinery.com\/wp-content\/uploads\/2023\/08\/Spiral-pre-wash-and-hair-roller-peeling-2-2-300x225.webp 300w\" sizes=\"auto, (max-width: 720px) 100vw, 720px\" \/><\/figure><div class=\"wp-block-media-text__content\"> <p>1. Il existe deux types de t\u00eates de brosse \u00e0 l'int\u00e9rieur de la machine, vous pouvez choisir diff\u00e9rentes t\u00eates de brosse \u00e0 \u00e9plucher en fonction de diff\u00e9rentes mati\u00e8res premi\u00e8res.<\/p>    <p>2. Dispositif d'alimentation en spirale. Les mati\u00e8res premi\u00e8res sont uniform\u00e9ment r\u00e9parties dans le ch\u00e2ssis, ce qui permet de peler les mat\u00e9riaux avec pr\u00e9cision et d'\u00eatre d\u00e9charg\u00e9s de mani\u00e8re ordonn\u00e9e, ce qui permet d'\u00e9conomiser du temps et des efforts et de r\u00e9duire les co\u00fbts de main-d'\u0153uvre.<\/p>    <p>3. Le mat\u00e9riau est de l'acier inoxydable 304, qui peut \u00eatre appliqu\u00e9 \u00e0 un environnement de traitement humide, \u00e0 un faible taux de casse et de gaspillage, \u00e0 une faible consommation d'\u00e9nergie et \u00e0 une efficacit\u00e9 de fonctionnement \u00e9lev\u00e9e.<\/p> <\/div><\/div>    <div class=\"wp-block-media-text has-media-on-the-right is-stacked-on-mobile\" style=\"grid-template-columns:auto 45%\"><div class=\"wp-block-media-text__content\"> <p>4. Adoptant un moteur \u00e0 engrenages \u00e0 couple \u00e9lev\u00e9, la t\u00eate de brosse peut fonctionner sans probl\u00e8me pendant longtemps avec un faible bruit.<\/p>    <p>5. Des roues peuvent \u00eatre install\u00e9es au bas de la machine, ce qui peut facilement modifier l'environnement de travail et am\u00e9liorer l'efficacit\u00e9 du travail<\/p>    <p>6. Diff\u00e9rents mod\u00e8les peuvent \u00eatre s\u00e9lectionn\u00e9s en fonction de diff\u00e9rentes exigences de sortie. Large application, peut \u00eatre utilis\u00e9 pour peler de nombreux types de mati\u00e8res premi\u00e8res.<\/p> <\/div><figure class=\"wp-block-media-text__media\"><img loading=\"lazy\" decoding=\"async\" width=\"720\" height=\"540\" src=\"https:\/\/fvmachinery.com\/wp-content\/uploads\/2023\/08\/Carrot-Peeler-internal-structure-2.webp\" alt=\"Structure interne de l&#039;\u00e9plucheur de carottes\" class=\"wp-image-435 size-full\" title=\"\" srcset=\"https:\/\/fvmachinery.com\/wp-content\/uploads\/2023\/08\/Carrot-Peeler-internal-structure-2.webp 720w, https:\/\/fvmachinery.com\/wp-content\/uploads\/2023\/08\/Carrot-Peeler-internal-structure-2-300x225.webp 300w\" sizes=\"auto, (max-width: 720px) 100vw, 720px\" \/><\/figure><\/div>    <p class=\"translation-block\"><br>Si vous avez d'autres besoins en mati\u00e8re de transformation alimentaire, notre entreprise fournit des <a href=\"https:\/\/fvmachinery.com\/fr\/product\/carrot-peeling-machine\/\" data-type=\"link\" data-id=\"https:\/\/fvmachinery.com\/product\/carrot-peeling-machine\/\">Machines \u00e0 \u00e9plucher les carottes<\/a>, des <a href=\"https:\/\/fvmachinery.com\/fr\/product\/machine-a-eplucher-lail-a-vendre\/\" data-type=\"link\" data-id=\"https:\/\/fvmachinery.com\/product\/garlic-peeling-machine-for-sale\/\">Machines \u00e0 \u00e9plucher l'ail \u00e0 vendre<\/a>,<a href=\"https:\/\/fvmachinery.com\/fr\/product\/machine-a-eplucher-lail-a-vendre\/\">\u00a0<\/a>et d'autres \u00e9quipements, vous pouvez choisir en fonction de vos besoins. Bienvenue \u00e0 consulter.<\/p>    <h2 class=\"wp-block-heading\">Informations techniques<\/h2>    <div class=\"wp-block-columns alignwide is-layout-flex wp-container-core-columns-is-layout-9d6595d7 wp-block-columns-is-layout-flex\"> <div class=\"wp-block-column is-layout-flow wp-block-column-is-layout-flow\" style=\"flex-basis:100%\"> <figure class=\"wp-block-table\"><table><tbody><tr><td>Mod\u00e8le<\/td><td>TZ-2000<\/td><\/tr><tr><td>Taille<\/td><td>2800*850*1400mm<\/td><\/tr><tr><td>Capacit\u00e9<\/td><td>2000kg\/heure<\/td><\/tr><tr><td>Pouvoir<\/td><td>4,37 kW<\/td><\/tr><tr><td>Poids<\/td><td>380 kg<\/td><\/tr><tr><td>Mat\u00e9riel<\/td><td>Acier inoxydable 304<\/td><\/tr><\/tbody><\/table><figcaption class=\"wp-element-caption\"><a href=\"https:\/\/sem.seogroup.club\/analytics\/keywordoverview\/?q=carrot peeler&amp;db=us&amp;__gmitm=aHR0cHM6Ly96aC5zZW1ydXNoLmNvbQ--\" target=\"_blank\" rel=\"noopener\">Machine \u00e0 \u00e9plucher les carottes<\/a>: TZ-2000<\/figcaption><\/figure> <\/div> <\/div>    <figure class=\"wp-block-table alignwide\"><table><tbody><tr><td>Mod\u00e8le<\/td><td>TZ-2600<\/td><\/tr><tr><td>Taille<\/td><td>3400*1000*1400mm<\/td><\/tr><tr><td>Capacit\u00e9<\/td><td>2400kg\/h<\/td><\/tr><tr><td>Pouvoir<\/td><td>4,75 kW<\/td><\/tr><tr><td>Poids<\/td><td>450 kg<\/td><\/tr><tr><td>Mat\u00e9riel<\/td><td>Acier inoxydable 304<\/td><\/tr><\/tbody><\/table><figcaption class=\"wp-element-caption\">Machine \u00e0 \u00e9plucher les carottes\u00a0: TZ-2600<\/figcaption><\/figure>   <div id=\"rank-math-faq\" class=\"rank-math-block\"> <div class=\"rank-math-list\"> <div id=\"faq-question-1692599587565\" class=\"rank-math-list-item\"> <h3 class=\"rank-math-question\">Comment les pommes de terre sont-elles pel\u00e9es dans les usines ?<\/h3> <div class=\"rank-math-answer\">  <p>Nous fournissons des trancheuses automatiques, capables de peler et de nettoyer 99% des mat\u00e9riaux. Les produits finis ont un taux de r\u00e9ussite \u00e9lev\u00e9 et peuvent \u00eatre directement utilis\u00e9s pour transformer des produits alimentaires d'exportation.<\/p>  <\/div> <\/div> <div id=\"faq-question-1692600161429\" class=\"rank-math-list-item\"> <h3 class=\"rank-math-question\">Comment choisir le mod\u00e8le de machine adapt\u00e9 ?<\/h3> <div class=\"rank-math-answer\">  <p>Vous pouvez cliquer sur le lien de la page pour laisser vos coordonn\u00e9es ou nous appeler et nous choisirons la machine la plus adapt\u00e9e et la plus efficace pour vous.<\/p>  <\/div> <\/div> <div id=\"faq-question-1692600327469\" class=\"rank-math-list-item\"> <h3 class=\"rank-math-question\">Comment traiter les d\u00e9chets apr\u00e8s le pelage de la machine\u00a0?<\/h3> <div class=\"rank-math-answer\">  <p>Notre machine est \u00e9quip\u00e9e d'un bac \u00e0 eau et d'un port \u00e0 d\u00e9chets, et les eaux us\u00e9es et les squames apr\u00e8s nettoyage peuvent \u00eatre dirig\u00e9es vers une sortie sp\u00e9cifique pour \u00eatre \u00e9vacu\u00e9es ou recycl\u00e9es au lieu d'\u00eatre \u00e9vacu\u00e9es directement au sol.<\/p>  <\/div> <\/div> <\/div> <\/div>","protected":false},"excerpt":{"rendered":"<p>Carrot peeler machine is one of the necessary pieces of equipment for a food processing line. Taizy offers several commercial carrot&nbsp;peelers that are capable of peeling carrots, potatoes, sweet potatoes, etc. at high speed and high precision. There are two different types of carrot peeling according to the output. The output is 2000kg\/h and 2400kg\/h. [&hellip;]<\/p>\n","protected":false},"author":1,"featured_media":502,"parent":0,"template":"","tags":[],"product-type":[13],"class_list":["post-412","product","type-product","status-publish","has-post-thumbnail","hentry","product-type-peeling-machine"],"_links":{"self":[{"href":"https:\/\/fvmachinery.com\/fr\/wp-json\/wp\/v2\/product\/412","targetHints":{"allow":["GET"]}}],"collection":[{"href":"https:\/\/fvmachinery.com\/fr\/wp-json\/wp\/v2\/product"}],"about":[{"href":"https:\/\/fvmachinery.com\/fr\/wp-json\/wp\/v2\/types\/product"}],"author":[{"embeddable":true,"href":"https:\/\/fvmachinery.com\/fr\/wp-json\/wp\/v2\/users\/1"}],"wp:featuredmedia":[{"embeddable":true,"href":"https:\/\/fvmachinery.com\/fr\/wp-json\/wp\/v2\/media\/502"}],"wp:attachment":[{"href":"https:\/\/fvmachinery.com\/fr\/wp-json\/wp\/v2\/media?parent=412"}],"wp:term":[{"taxonomy":"post_tag","embeddable":true,"href":"https:\/\/fvmachinery.com\/fr\/wp-json\/wp\/v2\/tags?post=412"},{"taxonomy":"product-type","embeddable":true,"href":"https:\/\/fvmachinery.com\/fr\/wp-json\/wp\/v2\/product-type?post=412"}],"curies":[{"name":"wp","href":"https:\/\/api.w.org\/{rel}","templated":true}]}}