{"id":48,"date":"2022-08-24T07:59:59","date_gmt":"2022-08-23T23:59:59","guid":{"rendered":"https:\/\/fvmachinery.com\/?post_type=product&#038;p=48"},"modified":"2025-10-28T15:21:25","modified_gmt":"2025-10-28T07:21:25","slug":"ginger-powder-processing-plant","status":"publish","type":"product","link":"https:\/\/fvmachinery.com\/fr\/product\/ginger-powder-processing-plant\/","title":{"rendered":"Usine de transformation de poudre de gingembre | Machine de fabrication de poudre de gingembre"},"content":{"rendered":"<p>L'usine de transformation de poudre de gingembre utilise le gingembre comme mati\u00e8re premi\u00e8re, et gr\u00e2ce \u00e0 des techniques de transformation telles que le nettoyage, l'\u00e9pluchage, le tranchage et le broyage, le produit final de la ligne de production de gingembre est de la poudre de gingembre assaisonn\u00e9e qui peut \u00eatre directement vendue sur le march\u00e9. Taizy Machinery fournit un ensemble complet de machines de traitement de poudre de gingembre. Cette ligne de production peut non seulement fabriquer de la poudre de gingembre, mais \u00e9galement de la poudre d'ail, de la poudre de curcuma, de la poudre d'oignon et d'autres condiments, qui peuvent r\u00e9pondre aux besoins culinaires de diff\u00e9rentes familles, restaurants et usines de transformation des aliments. Consultez-nous et dites-nous ce dont vous avez besoin.<\/p>      <h2 class=\"wp-block-heading\" id=\"h-raw-material-and-final-product-of-ginger-processing-plant\">Mati\u00e8re premi\u00e8re et produit final de l'usine de transformation de poudre de gingembre <\/h2>   <div class=\"wp-block-image\"> <figure class=\"aligncenter size-full\"><img loading=\"lazy\" decoding=\"async\" width=\"720\" height=\"540\" src=\"https:\/\/fvmachinery.com\/wp-content\/uploads\/2022\/08\/raw-materials-1.webp\" alt=\"mati\u00e8res premi\u00e8res \" class=\"wp-image-126\" title=\"\" srcset=\"https:\/\/fvmachinery.com\/wp-content\/uploads\/2022\/08\/raw-materials-1.webp 720w, https:\/\/fvmachinery.com\/wp-content\/uploads\/2022\/08\/raw-materials-1-300x225.webp 300w\" sizes=\"auto, (max-width: 720px) 100vw, 720px\" \/><figcaption>produits finaux de l'usine de transformation de poudre de gingembre <\/figcaption><\/figure> <\/div>   <p>La machine de fabrication de poudre d'ail et de gingembre est une machine importante pour les usines d'assaisonnement et les usines de transformation des aliments. L'usine de transformation de poudre de gingembre peut traiter de nombreuses mati\u00e8res premi\u00e8res, notamment le gingembre, l'ail, le curcuma et l'oignon. La gamme de poudre de gingembre Taizy est populaire sur les march\u00e9s internationaux et a travaill\u00e9 avec des pays tels que les \u00c9tats-Unis, la Tha\u00eflande, la Jama\u00efque, le Cambodge, le Bangladesh, le Nigeria et l'Indon\u00e9sie.<\/p>    <h2 class=\"wp-block-heading\" id=\"h-how-to-make-ginger-powder-with-ginger-powder-machine\">Comment faire de la poudre de gingembre avec une machine \u00e0 poudre de gingembre ?<\/h2>    <p>Le processus de l'usine de transformation de la poudre de gingembre est relativement simple. Tout d\u2019abord, le gingembre doit \u00eatre lav\u00e9 et pel\u00e9, puis le gingembre nettoy\u00e9 sera coup\u00e9 en tranches. Les tranches de gingembre seront s\u00e9ch\u00e9es et r\u00e9duites en poudre. La poudre doit \u00eatre tamis\u00e9e selon la demande des clients. La derni\u00e8re \u00e9tape consiste \u00e0 emballer la poudre de gingembre dans des sacs. Chaque \u00e9tape correspond \u00e0 une machine hautement automatis\u00e9e, si vous en avez besoin, n'h\u00e9sitez pas \u00e0 nous contacter.<\/p>   <div class=\"wp-block-image\"> <figure class=\"aligncenter size-full\"><img loading=\"lazy\" decoding=\"async\" width=\"720\" height=\"540\" src=\"https:\/\/fvmachinery.com\/wp-content\/uploads\/2022\/08\/ginger-powder-processing-plant1.webp\" alt=\"\" class=\"wp-image-134\" title=\"\" srcset=\"https:\/\/fvmachinery.com\/wp-content\/uploads\/2022\/08\/ginger-powder-processing-plant1.webp 720w, https:\/\/fvmachinery.com\/wp-content\/uploads\/2022\/08\/ginger-powder-processing-plant1-300x225.webp 300w\" sizes=\"auto, (max-width: 720px) 100vw, 720px\" \/><figcaption>usine de transformation de poudre de gingembre <\/figcaption><\/figure> <\/div>   <h2 class=\"wp-block-heading\">Vid\u00e9o 3D d'une machine de fabrication de poudre de gingembre<\/h2>    <figure class=\"wp-block-embed is-type-video is-provider-youtube wp-block-embed-youtube wp-embed-aspect-16-9 wp-has-aspect-ratio\"><div class=\"wp-block-embed__wrapper\"> <iframe loading=\"lazy\" title=\"Machine de fabrication de poudre de gingembre | Vid\u00e9o 3D d&#039;une usine de transformation de poudre de gingembre\" width=\"500\" height=\"281\" src=\"https:\/\/www.youtube.com\/embed\/qiwlvQpzPV0?start=13&#038;feature=oembed\" frameborder=\"0\" allow=\"accelerometer; autoplay; clipboard-write; encrypted-media; gyroscope; picture-in-picture; web-share\" referrerpolicy=\"strict-origin-when-cross-origin\" allowfullscreen><\/iframe> <\/div><\/figure>    <h2 class=\"wp-block-heading\" id=\"h-ginger-powder-processing-machine-introduction\">Pr\u00e9sentation de l'usine de transformation de poudre de gingembre<\/h2>    <h3 class=\"wp-block-heading\" id=\"h-ginger-washing-and-peeling-machine\">Machine \u00e0 laver et \u00e0 \u00e9plucher le gingembre<\/h3>   <div class=\"wp-block-image\"> <figure class=\"aligncenter size-full\"><img loading=\"lazy\" decoding=\"async\" width=\"720\" height=\"540\" src=\"https:\/\/fvmachinery.com\/wp-content\/uploads\/2022\/08\/washing-and-peeling-machine1.webp\" alt=\"usine de transformation de poudre de gingembre\" class=\"wp-image-127\" title=\"\" srcset=\"https:\/\/fvmachinery.com\/wp-content\/uploads\/2022\/08\/washing-and-peeling-machine1.webp 720w, https:\/\/fvmachinery.com\/wp-content\/uploads\/2022\/08\/washing-and-peeling-machine1-300x225.webp 300w\" sizes=\"auto, (max-width: 720px) 100vw, 720px\" \/><figcaption>machine \u00e0 laver et \u00e0 \u00e9plucher<\/figcaption><\/figure> <\/div>   <p class=\"translation-block\">La <a href=\"https:\/\/fvmachinery.com\/fr\/product\/potato-washing-and-peeling-machine\/\">machine commerciale de nettoyage et d\u2019\u00e9pluchage du gingembre <\/a>peut r\u00e9aliser le nettoyage du gingembre tout en l\u2019\u00e9pluchant. La machine r\u00e9alise la fonction d\u2019\u00e9pluchage principalement par le frottement entre les brosses rigides et le gingembre. En m\u00eame temps, la machine est \u00e9quip\u00e9e d\u2019un tuyau \u00e0 haute pression pour pulv\u00e9riser de l\u2019eau sur le gingembre afin d\u2019\u00e9liminer les s\u00e9diments et la peau du gingembre. La machine commerciale de nettoyage et d\u2019\u00e9pluchage du gingembre est enti\u00e8rement fabriqu\u00e9e en acier inoxydable de qualit\u00e9 alimentaire pour assurer l\u2019absence de contamination des mati\u00e8res premi\u00e8res pendant l\u2019usine de transformation en poudre de gingembre .<\/p>    <h3 class=\"wp-block-heading\" id=\"h-ginger-cutting-machine\">Machine \u00e0 couper le gingembre<\/h3>   <div class=\"wp-block-image\"> <figure class=\"aligncenter size-full\"><img loading=\"lazy\" decoding=\"async\" width=\"720\" height=\"540\" src=\"https:\/\/fvmachinery.com\/wp-content\/uploads\/2022\/08\/ginger-cutting-machine1.webp\" alt=\"machine de d\u00e9coupe de gingembre\" class=\"wp-image-128\" title=\"\" srcset=\"https:\/\/fvmachinery.com\/wp-content\/uploads\/2022\/08\/ginger-cutting-machine1.webp 720w, https:\/\/fvmachinery.com\/wp-content\/uploads\/2022\/08\/ginger-cutting-machine1-300x225.webp 300w\" sizes=\"auto, (max-width: 720px) 100vw, 720px\" \/><figcaption>machine de d\u00e9coupe de gingembre de l'usine de transformation de poudre de gingembre <\/figcaption><\/figure> <\/div>   <p>La trancheuse \u00e0 gingembre peut couper le gingembre en tranches de taille \u00e9gale. En changeant la t\u00eate du couteau, vous pouvez couper le gingembre en diff\u00e9rentes tailles et \u00e9galement le r\u00e2per et le couper en d\u00e9s. Notre trancheuse \u00e0 gingembre professionnelle est \u00e9quip\u00e9e de lames tranchantes pour une vitesse de coupe rapide.<\/p>    <h3 class=\"wp-block-heading\" id=\"h-ginger-slice-drying-machine\">Machine \u00e0 s\u00e9cher les tranches de gingembre<\/h3>   <div class=\"wp-block-image\"> <figure class=\"aligncenter size-full\"><img loading=\"lazy\" decoding=\"async\" width=\"720\" height=\"540\" src=\"https:\/\/fvmachinery.com\/wp-content\/uploads\/2022\/08\/dryer-machine1.webp\" alt=\"s\u00e8che-linge\" class=\"wp-image-131\" title=\"\" srcset=\"https:\/\/fvmachinery.com\/wp-content\/uploads\/2022\/08\/dryer-machine1.webp 720w, https:\/\/fvmachinery.com\/wp-content\/uploads\/2022\/08\/dryer-machine1-300x225.webp 300w\" sizes=\"auto, (max-width: 720px) 100vw, 720px\" \/><figcaption>Machine de s\u00e9chage de l'usine de traitement de poudre de gingembre<\/figcaption><\/figure> <\/div>   <p>La machine \u00e0 s\u00e9cher le gingembre est utilis\u00e9e pour d\u00e9shydrater les tranches de gingembre. Le s\u00e9choir \u00e0 gingembre convient non seulement \u00e0 la cha\u00eene de production de poudre de gingembre, mais peut \u00e9galement s\u00e9cher la m\u00e9decine traditionnelle chinoise, les fruits, les l\u00e9gumes, les produits aquatiques, etc. Il utilise un panneau de commande intelligent pour contr\u00f4ler l\u2019ensemble du processus de s\u00e9chage et ajuster intelligemment la temp\u00e9rature. La m\u00e9thode de chauffage du s\u00e8che-linge peut \u00eatre utilis\u00e9e de diff\u00e9rentes mani\u00e8res, comme l'\u00e9lectricit\u00e9 et la vapeur.<\/p>    <h3 class=\"wp-block-heading\" id=\"h-ginger-powder-grinding-machine\">Broyeuse de poudre de gingembre<\/h3>   <div class=\"wp-block-image\"> <figure class=\"aligncenter size-full\"><img loading=\"lazy\" decoding=\"async\" width=\"720\" height=\"540\" src=\"https:\/\/fvmachinery.com\/wp-content\/uploads\/2022\/08\/ginger-grinding-machine1.webp\" alt=\"broyeur de gingembre\" class=\"wp-image-132\" title=\"\" srcset=\"https:\/\/fvmachinery.com\/wp-content\/uploads\/2022\/08\/ginger-grinding-machine1.webp 720w, https:\/\/fvmachinery.com\/wp-content\/uploads\/2022\/08\/ginger-grinding-machine1-300x225.webp 300w\" sizes=\"auto, (max-width: 720px) 100vw, 720px\" \/><figcaption>broyeur de gingembre de l'usine de transformation de poudre de gingembre <\/figcaption><\/figure> <\/div>   <p>Cette machine de fabrication de poudre d'ail et de gingembre broyera les tranches de gingembre s\u00e9ch\u00e9es en poudre de 20 \u00e0 120 mailles, et la finesse peut \u00eatre s\u00e9lectionn\u00e9e en fonction des exigences du client. Le moulin \u00e0 gingembre est largement utilis\u00e9 pour broyer divers l\u00e9gumes, c\u00e9r\u00e9ales et herbes. Avec un rendement \u00e9lev\u00e9 et un faible bruit, le broyeur est un \u00e9quipement n\u00e9cessaire pour l\u2019usine de traitement de poudre de gingembre.<\/p>    <h3 class=\"wp-block-heading\" id=\"h-ginger-powder-screening-machine\">Machine de criblage de poudre de gingembre<\/h3>    <p>La machine de tamisage du gingembre est utilis\u00e9e pour tamiser la poudre de gingembre pendant l'usine de transformation de la poudre de gingembre. Diff\u00e9rentes fins de tamis et qualit\u00e9s de tamis peuvent \u00eatre personnalis\u00e9es en fonction des exigences de criblage. Apr\u00e8s tamisage, la poudre de gingembre est de taille plus uniforme et le produit fini est de meilleure qualit\u00e9. La machine est \u00e9quip\u00e9e d'une bande d'\u00e9tanch\u00e9it\u00e9 interne, qui offre de bonnes performances d'\u00e9tanch\u00e9it\u00e9 et emp\u00eache la poussi\u00e8re de poudre de s'\u00e9chapper.<\/p>    <h3 class=\"wp-block-heading\" id=\"h-ginger-powder-packaging-machine\">Machine de conditionnement de poudre de gingembre<\/h3>   <div class=\"wp-block-image\"> <figure class=\"aligncenter size-full\"><img loading=\"lazy\" decoding=\"async\" width=\"720\" height=\"540\" src=\"https:\/\/fvmachinery.com\/wp-content\/uploads\/2022\/08\/packing-machine1.webp\" alt=\"machine d&#039;emballage\" class=\"wp-image-133\" title=\"\" srcset=\"https:\/\/fvmachinery.com\/wp-content\/uploads\/2022\/08\/packing-machine1.webp 720w, https:\/\/fvmachinery.com\/wp-content\/uploads\/2022\/08\/packing-machine1-300x225.webp 300w\" sizes=\"auto, (max-width: 720px) 100vw, 720px\" \/><figcaption>machine d'emballage<\/figcaption><\/figure> <\/div>   <p>La machine d'emballage de poudre de gingembre peut emballer toutes sortes de poudres telles que la poudre de gingembre, la poudre d'ail, l'amidon, le sucre, le sel, etc. Cette machine d'emballage automatique de poudre de gingembre peut r\u00e9aliser des mesures, des remplissages, des scellages, des d\u00e9coupes, etc. automatiques. La machine est contr\u00f4l\u00e9e par un panneau de commande intelligent et a une efficacit\u00e9 de production \u00e9lev\u00e9e, ce qui en fait une machine d'emballage alimentaire importante dans l'usine de transformation de poudre de gingembre.<\/p>    <h2 class=\"wp-block-heading\" id=\"h-why-is-it-worth-of-investing-taizy-ginger-powder-making-machine\">Pourquoi vaut-il la peine d'investir dans une machine de fabrication de poudre de gingembre Taizy\u00a0?<\/h2>    <ol class=\"wp-block-list\"><li>Plus de 10 ans d'exp\u00e9rience en production. Taizy Machinery se sp\u00e9cialise dans la production de machines de transformation des aliments depuis plus de dix ans, les machines alimentaires ont \u00e9t\u00e9 export\u00e9es vers plus de 30 pays et r\u00e9gions, fabrication de machines et exp\u00e9rience du commerce ext\u00e9rieur, haut degr\u00e9 de sp\u00e9cialisation.<\/li><li>Supporte un service personnalis\u00e9. La capacit\u00e9 de production de l'usine conventionnelle de transformation de poudre de gingembre est de 500 \u00e0 1 000 kg. Nous pouvons \u00e9galement fournir des machines de 2000kg et 3000kg<\/li><\/ol>","protected":false},"excerpt":{"rendered":"<p>The ginger\u00a0powder processing plant uses ginger as the raw material, and through processing techniques such as cleaning, peeling, slicing and grinding, the final product of the ginger production line is seasoned ginger powder that can be directly sold in the market. Taizy Machinery provides a complete set of a ginger powder processing machine. This production [&hellip;]<\/p>\n","protected":false},"author":1,"featured_media":50,"parent":0,"template":"","tags":[43,24],"product-type":[5],"class_list":["post-48","product","type-product","status-publish","has-post-thumbnail","hentry","tag-ginger","tag-ginger-powder-making-machine","product-type-production-line"],"_links":{"self":[{"href":"https:\/\/fvmachinery.com\/fr\/wp-json\/wp\/v2\/product\/48","targetHints":{"allow":["GET"]}}],"collection":[{"href":"https:\/\/fvmachinery.com\/fr\/wp-json\/wp\/v2\/product"}],"about":[{"href":"https:\/\/fvmachinery.com\/fr\/wp-json\/wp\/v2\/types\/product"}],"author":[{"embeddable":true,"href":"https:\/\/fvmachinery.com\/fr\/wp-json\/wp\/v2\/users\/1"}],"wp:featuredmedia":[{"embeddable":true,"href":"https:\/\/fvmachinery.com\/fr\/wp-json\/wp\/v2\/media\/50"}],"wp:attachment":[{"href":"https:\/\/fvmachinery.com\/fr\/wp-json\/wp\/v2\/media?parent=48"}],"wp:term":[{"taxonomy":"post_tag","embeddable":true,"href":"https:\/\/fvmachinery.com\/fr\/wp-json\/wp\/v2\/tags?post=48"},{"taxonomy":"product-type","embeddable":true,"href":"https:\/\/fvmachinery.com\/fr\/wp-json\/wp\/v2\/product-type?post=48"}],"curies":[{"name":"wp","href":"https:\/\/api.w.org\/{rel}","templated":true}]}}