{"id":664,"date":"2023-11-07T10:32:31","date_gmt":"2023-11-07T02:32:31","guid":{"rendered":"https:\/\/fvmachinery.com\/?post_type=product&#038;p=664"},"modified":"2023-11-24T13:30:55","modified_gmt":"2023-11-24T05:30:55","slug":"pepper-chopper-machine","status":"publish","type":"product","link":"https:\/\/fvmachinery.com\/fr\/product\/machine-a-hacher-le-poivre\/","title":{"rendered":"Machine \u00e0 hacher le poivre"},"content":{"rendered":"<p>Le hachoir \u00e0 poivre est une sorte de machine utilis\u00e9e pour couper les l\u00e9gumes en sections. Il peut non seulement \u00eatre utilis\u00e9 pour couper les piments, mais \u00e9galement les poireaux, les oignons verts, le tofu, la racine de lotus, etc. Chili Pepper Slicer est vraiment une bonne aide pour l'industrie de la restauration et les usines de transformation des aliments.<\/p>    <figure class=\"wp-block-image size-full\"><img loading=\"lazy\" decoding=\"async\" width=\"720\" height=\"540\" src=\"https:\/\/fvmachinery.com\/wp-content\/uploads\/2023\/11\/pepper-chopping-machine.webp\" alt=\"machine \u00e0 hacher le poivre\" class=\"wp-image-665\" title=\"\" srcset=\"https:\/\/fvmachinery.com\/wp-content\/uploads\/2023\/11\/pepper-chopping-machine.webp 720w, https:\/\/fvmachinery.com\/wp-content\/uploads\/2023\/11\/pepper-chopping-machine-300x225.webp 300w\" sizes=\"auto, (max-width: 720px) 100vw, 720px\" \/><figcaption class=\"wp-element-caption\">Machine \u00e0 hacher le poivre<\/figcaption><\/figure>    <h2 class=\"wp-block-heading\">Avantages de la machine \u00e0 hacher le poivre<\/h2>    <p>Couper des aliments \u00e9pic\u00e9s et stimulants tels que les piments et les oignons n'est pas seulement une perte de temps, mais aussi un inconv\u00e9nient, et les r\u00e9sidus provoqueront \u00e9galement un inconfort. <\/p>    <p>Le hachoir \u00e0 poivre est fabriqu\u00e9 en acier inoxydable, sans danger pour le tranchage, facile \u00e0 nettoyer et sans rouille. La surface de coupe est lisse et belle. Un coupe-segments de piment peut non seulement couper les piments rapidement et en grande quantit\u00e9, mais \u00e9galement d\u00e9couper des segments de piment de taille uniforme.<\/p>    <p class=\"translation-block\"> Qu'elle soit utilis\u00e9e pour la cuisson ou le traitement ult\u00e9rieur de la sauce chili, etc. L'acier inoxydable de qualit\u00e9 alimentaire est \u00e9galement plus hygi\u00e9nique par rapport \u00e0 la coupe manuelle. Une large vari\u00e9t\u00e9 d'options de coupe de l\u00e9gumes est disponible pour vous \u00e0 l'usine Taizy Machinery : <em><strong><a href=\"https:\/\/fvmachinery.com\/fr\/ginger-slicing-machine\/\" data-type=\"link\" data-id=\"https:\/\/fvmachinery.com\/product\/ginger-slicing-machine\/\">coupe-gingembre<\/a><\/strong><\/em>, <strong><em><a href=\"https:\/\/fvmachinery.com\/fr\/product\/vegetable-slicer-machine\/\" data-type=\"link\" data-id=\"https:\/\/fvmachinery.com\/product\/vegetable-slicer-machine\/\">coupe-oignon<\/a><\/em><\/strong>, et ainsi de suite.<\/p>    <figure class=\"wp-block-embed is-type-video is-provider-youtube wp-block-embed-youtube wp-embed-aspect-16-9 wp-has-aspect-ratio\"><div class=\"wp-block-embed__wrapper\"> <iframe loading=\"lazy\" title=\"Machine \u00e0 hacher le poivre\u00a0: laissez-vous dire au revoir aux mains de piment#cuttingmachine #pepper #chili\" width=\"500\" height=\"281\" src=\"https:\/\/www.youtube.com\/embed\/YQFXzPhYnj0?feature=oembed\" frameborder=\"0\" allow=\"accelerometer; autoplay; clipboard-write; encrypted-media; gyroscope; picture-in-picture; web-share\" referrerpolicy=\"strict-origin-when-cross-origin\" allowfullscreen><\/iframe> <\/div><\/figure>    <h2 class=\"wp-block-heading\">Comment utiliser le hachoir \u00e0 poivre\u00a0?<\/h2>    <p>Nous mettons les piments nettoy\u00e9s depuis l'orifice d'alimentation, et les piments passent \u00e0 travers les trois lames rotatives \u00e0 grande vitesse \u00e0 l'int\u00e9rieur de la paroi du cylindre, sont instantan\u00e9ment coup\u00e9s en segments et sortent proprement de l'orifice de d\u00e9charge.<\/p>    <p>Avant de l'utiliser, nous devons lire attentivement comment utiliser la machine en toute s\u00e9curit\u00e9. N'utilisez pas vos mains ou d'autres objets \u00e0 proximit\u00e9 du cutter lors de son utilisation, vous devez faire attention au port d'\u00e9quipements de protection, tels que des gants de protection, des lunettes de protection, etc. Apr\u00e8s utilisation, d\u00e9branchez l'alimentation \u00e0 temps et nettoyez l'\u00e9quipement.<\/p>    <figure class=\"wp-block-gallery has-nested-images columns-default is-cropped wp-block-gallery-2 is-layout-flex wp-block-gallery-is-layout-flex\"> <figure class=\"wp-block-image size-large\"><img loading=\"lazy\" decoding=\"async\" width=\"720\" height=\"540\" data-id=\"667\" src=\"https:\/\/fvmachinery.com\/wp-content\/uploads\/2023\/11\/side-view-of-pepper-chpper.webp\" alt=\"vue lat\u00e9rale du broyeur \u00e0 poivre\" class=\"wp-image-667\" title=\"\" srcset=\"https:\/\/fvmachinery.com\/wp-content\/uploads\/2023\/11\/side-view-of-pepper-chpper.webp 720w, https:\/\/fvmachinery.com\/wp-content\/uploads\/2023\/11\/side-view-of-pepper-chpper-300x225.webp 300w\" sizes=\"auto, (max-width: 720px) 100vw, 720px\" \/><figcaption class=\"wp-element-caption\">Vue lat\u00e9rale du broyeur \u00e0 poivre<\/figcaption><\/figure>    <figure class=\"wp-block-image size-large\"><img loading=\"lazy\" decoding=\"async\" width=\"720\" height=\"540\" data-id=\"666\" src=\"https:\/\/fvmachinery.com\/wp-content\/uploads\/2023\/11\/control-boards-and-heat-sinks.webp\" alt=\"tableaux de commande et dissipateurs thermiques\" class=\"wp-image-666\" title=\"\" srcset=\"https:\/\/fvmachinery.com\/wp-content\/uploads\/2023\/11\/control-boards-and-heat-sinks.webp 720w, https:\/\/fvmachinery.com\/wp-content\/uploads\/2023\/11\/control-boards-and-heat-sinks-300x225.webp 300w\" sizes=\"auto, (max-width: 720px) 100vw, 720px\" \/><figcaption class=\"wp-element-caption\">Cartes de contr\u00f4le et dissipateurs de chaleur<\/figcaption><\/figure> <\/figure>    <h2 class=\"wp-block-heading\">Application de la machine \u00e0 hacher le poivre<\/h2>    <p>Un hachoir \u00e0 poivre peut couper les piments en segments uniformes, qui peuvent \u00eatre utilis\u00e9s pour traiter la sauce chili, les poivrons hach\u00e9s, l'huile de piment et d'autres produits alimentaires.<\/p>    <p>Il peut facilement couper les racines de lotus, les oignons et toutes sortes de l\u00e9gumes verts. La trancheuse \u00e0 piment convient \u00e0 la transformation des aliments ainsi qu'\u00e0 l'industrie de la restauration pour am\u00e9liorer la productivit\u00e9 et r\u00e9duire les co\u00fbts. Il coupe les segments uniform\u00e9ment, rendant les produits finis plus beaux et propices aux ventes.<\/p>    <figure class=\"wp-block-gallery has-nested-images columns-default is-cropped wp-block-gallery-3 is-layout-flex wp-block-gallery-is-layout-flex\"> <figure class=\"wp-block-image size-large\"><img loading=\"lazy\" decoding=\"async\" width=\"720\" height=\"540\" data-id=\"671\" src=\"https:\/\/fvmachinery.com\/wp-content\/uploads\/2023\/11\/bean-curd-cut-by-pepper-chopper-machine.webp\" alt=\"tofu coup\u00e9 par un hachoir \u00e0 poivre\" class=\"wp-image-671\" title=\"\" srcset=\"https:\/\/fvmachinery.com\/wp-content\/uploads\/2023\/11\/bean-curd-cut-by-pepper-chopper-machine.webp 720w, https:\/\/fvmachinery.com\/wp-content\/uploads\/2023\/11\/bean-curd-cut-by-pepper-chopper-machine-300x225.webp 300w\" sizes=\"auto, (max-width: 720px) 100vw, 720px\" \/><figcaption class=\"wp-element-caption\">Caill\u00e9 de haricots coup\u00e9 par une machine \u00e0 hacher le poivre<\/figcaption><\/figure>    <figure class=\"wp-block-image size-large\"><img loading=\"lazy\" decoding=\"async\" width=\"720\" height=\"540\" data-id=\"670\" src=\"https:\/\/fvmachinery.com\/wp-content\/uploads\/2023\/11\/vegetables-chopped-by-pepper-chopping-machine.webp\" alt=\"l\u00e9gumes hach\u00e9s par une machine \u00e0 hacher le poivre\" class=\"wp-image-670\" title=\"\" srcset=\"https:\/\/fvmachinery.com\/wp-content\/uploads\/2023\/11\/vegetables-chopped-by-pepper-chopping-machine.webp 720w, https:\/\/fvmachinery.com\/wp-content\/uploads\/2023\/11\/vegetables-chopped-by-pepper-chopping-machine-300x225.webp 300w\" sizes=\"auto, (max-width: 720px) 100vw, 720px\" \/><figcaption class=\"wp-element-caption\">L\u00e9gumes hach\u00e9s par une machine \u00e0 d\u00e9couper le poivre<\/figcaption><\/figure> <\/figure>    <h2 class=\"wp-block-heading\"> <\/h2>    <h2 class=\"wp-block-heading\">Produits de haute qualit\u00e9, service attentionn\u00e9<\/h2>    <p>Nos machines sont uniform\u00e9ment emball\u00e9es dans des caisses en bois de haute qualit\u00e9 avant transport pour garantir la qualit\u00e9 de nos produits. Taizy Machinery Factory a export\u00e9 notre machine de d\u00e9coupe de piment au Pakistan, en Russie, au Sri Lanka, etc. Ils sont tr\u00e8s satisfaits de nos produits et services, nous avons donc beaucoup de clients fid\u00e8les. Si vous souhaitez obtenir des produits de qualit\u00e9 et des segments de l\u00e9gumes soign\u00e9s, Taizy sera votre choix.<\/p>    <h2 class=\"wp-block-heading\">Param\u00e8tres de la machine du hachoir \u00e0 poivre<\/h2>    <figure class=\"wp-block-table\"><table><tbody><tr><td>Mod\u00e8le<\/td><td>TZ-CHD-80<\/td><\/tr><tr><td>Productivit\u00e9<\/td><td>2500kg\/h<\/td><\/tr><tr><td>Pouvoir<\/td><td>2,2 kW<\/td><\/tr><tr><td>Poids<\/td><td>158 kg<\/td><\/tr><tr><td>Taille<\/td><td>1200*660*1000mm<\/td><\/tr><\/tbody><\/table><figcaption class=\"wp-element-caption\">Param\u00e8tres de la machine du hachoir \u00e0 poivre<\/figcaption><\/figure>","protected":false},"excerpt":{"rendered":"<p>Pepper chopper machine is a kind of machine that is used to cut vegetables into sections, it can not only be used to cut chili peppers, but also leeks, scallions, bean curd, lotus root, and so on. Chili Pepper Slicer is really a good helper for the restaurant industry and food processing plants. Advantages of\u00a0Pepper [&hellip;]<\/p>\n","protected":false},"author":1,"featured_media":665,"parent":0,"template":"","tags":[],"product-type":[12],"class_list":["post-664","product","type-product","status-publish","has-post-thumbnail","hentry","product-type-cutting-machine"],"_links":{"self":[{"href":"https:\/\/fvmachinery.com\/fr\/wp-json\/wp\/v2\/product\/664","targetHints":{"allow":["GET"]}}],"collection":[{"href":"https:\/\/fvmachinery.com\/fr\/wp-json\/wp\/v2\/product"}],"about":[{"href":"https:\/\/fvmachinery.com\/fr\/wp-json\/wp\/v2\/types\/product"}],"author":[{"embeddable":true,"href":"https:\/\/fvmachinery.com\/fr\/wp-json\/wp\/v2\/users\/1"}],"wp:featuredmedia":[{"embeddable":true,"href":"https:\/\/fvmachinery.com\/fr\/wp-json\/wp\/v2\/media\/665"}],"wp:attachment":[{"href":"https:\/\/fvmachinery.com\/fr\/wp-json\/wp\/v2\/media?parent=664"}],"wp:term":[{"taxonomy":"post_tag","embeddable":true,"href":"https:\/\/fvmachinery.com\/fr\/wp-json\/wp\/v2\/tags?post=664"},{"taxonomy":"product-type","embeddable":true,"href":"https:\/\/fvmachinery.com\/fr\/wp-json\/wp\/v2\/product-type?post=664"}],"curies":[{"name":"wp","href":"https:\/\/api.w.org\/{rel}","templated":true}]}}