{"id":677,"date":"2023-11-08T14:10:50","date_gmt":"2023-11-08T06:10:50","guid":{"rendered":"https:\/\/fvmachinery.com\/?post_type=product&#038;p=677"},"modified":"2023-11-08T14:34:59","modified_gmt":"2023-11-08T06:34:59","slug":"apple-peeler-machine","status":"publish","type":"product","link":"https:\/\/fvmachinery.com\/fr\/product\/apple-peeler-machine\/","title":{"rendered":"Machine \u00e0 \u00e9plucher les pommes"},"content":{"rendered":"<p>La machine \u00e0 \u00e9plucher les pommes est une machine qui \u00e9pluche et \u00e9p\u00e9pine les fruits. La machine convient aux poires, papayes, melons, mangues, etc. Elle peut terminer automatiquement les \u00e9tapes d'\u00e9pluchage, de piquage du noyau, de coupe en deux, de protection de la couleur, etc. C'est un outil indispensable pour faire des fruits en conserve, des confitures et bient\u00f4t.<\/p>    <figure class=\"wp-block-image size-full\"><img loading=\"lazy\" decoding=\"async\" width=\"720\" height=\"540\" src=\"https:\/\/fvmachinery.com\/wp-content\/uploads\/2023\/11\/apple-peeling-machine.webp\" alt=\"machine \u00e0 \u00e9plucher les pommes\" class=\"wp-image-680\" title=\"\" srcset=\"https:\/\/fvmachinery.com\/wp-content\/uploads\/2023\/11\/apple-peeling-machine.webp 720w, https:\/\/fvmachinery.com\/wp-content\/uploads\/2023\/11\/apple-peeling-machine-300x225.webp 300w\" sizes=\"auto, (max-width: 720px) 100vw, 720px\" \/><figcaption class=\"wp-element-caption\">Machine \u00e0 \u00e9plucher les pommes<\/figcaption><\/figure>    <h2 class=\"wp-block-heading\">Pourquoi avons-nous besoin d\u2019une machine \u00e0 \u00e9plucher les pommes ?<\/h2>    <p>Le pelage manuel traditionnel prend non seulement du temps, mais les travailleurs sont \u00e9galement tr\u00e8s susceptibles de se blesser lorsqu'ils utilisent des couteaux. L'\u00e9pluchage manuel est non seulement inefficace, mais il est \u00e9galement tr\u00e8s facile de faire en sorte que les fruits h\u00e9bergent des bact\u00e9ries, ce qui affecte la qualit\u00e9 du produit tout en r\u00e9duisant la production globale.<\/p>    <p>Les machines \u00e0 \u00e9plucher les pommes utilisent un processus de production enti\u00e8rement automatis\u00e9 : l'\u00e9pluchage, le d\u00e9noyautage et la d\u00e9coupe ne peuvent \u00eatre effectu\u00e9s que par une ou deux personnes pour contr\u00f4ler la machine. Non seulement cela permet de r\u00e9duire les co\u00fbts de main-d'\u0153uvre et de garantir la qualit\u00e9 du produit.<\/p>    <p>La surface des pommes pel\u00e9es par la machine \u00e0 \u00e9plucher les pommes est lisse et propre, et les produits sont plus beaux. Le nombre de rabats coup\u00e9s en une heure peut atteindre 1 200, ce qui peut am\u00e9liorer l'efficacit\u00e9 et les avantages \u00e9conomiques pour les commer\u00e7ants.<\/p>    <figure class=\"wp-block-gallery has-nested-images columns-default is-cropped wp-block-gallery-2 is-layout-flex wp-block-gallery-is-layout-flex\"> <figure class=\"wp-block-image size-large\"><img loading=\"lazy\" decoding=\"async\" width=\"720\" height=\"540\" data-id=\"681\" src=\"https:\/\/fvmachinery.com\/wp-content\/uploads\/2023\/11\/apples-before-peeling.webp\" alt=\"pommes avant de les peler\" class=\"wp-image-681\" title=\"\" srcset=\"https:\/\/fvmachinery.com\/wp-content\/uploads\/2023\/11\/apples-before-peeling.webp 720w, https:\/\/fvmachinery.com\/wp-content\/uploads\/2023\/11\/apples-before-peeling-300x225.webp 300w\" sizes=\"auto, (max-width: 720px) 100vw, 720px\" \/><figcaption class=\"wp-element-caption\">Pommes avant de les \u00e9plucher<\/figcaption><\/figure>    <figure class=\"wp-block-image size-large\"><img loading=\"lazy\" decoding=\"async\" width=\"720\" height=\"540\" data-id=\"683\" src=\"https:\/\/fvmachinery.com\/wp-content\/uploads\/2023\/11\/apples-processed-by-apple-peeling-machine-1.webp\" alt=\"pommes trait\u00e9es par une machine \u00e0 \u00e9plucher les pommes\" class=\"wp-image-683\" title=\"\" srcset=\"https:\/\/fvmachinery.com\/wp-content\/uploads\/2023\/11\/apples-processed-by-apple-peeling-machine-1.webp 720w, https:\/\/fvmachinery.com\/wp-content\/uploads\/2023\/11\/apples-processed-by-apple-peeling-machine-1-300x225.webp 300w\" sizes=\"auto, (max-width: 720px) 100vw, 720px\" \/><figcaption class=\"wp-element-caption\">Pommes transform\u00e9es par une machine \u00e0 \u00e9plucher les pommes<\/figcaption><\/figure> <\/figure>    <h2 class=\"wp-block-heading\">Comment utiliser la machine \u00e0 \u00e9plucher les pommes ?<\/h2>    <p>Nous nous assurons que l\u2019alimentation est enti\u00e8rement branch\u00e9e avant d\u2019allumer la machine, portons des gants avant utilisation et n\u2019oublions pas de garder vos mains \u00e9loign\u00e9es des lames tranchantes.<\/p>    <p class=\"translation-block\">Afin de gagner du temps et d\u2019am\u00e9liorer l\u2019efficacit\u00e9 du travail, nous pouvons choisir le <strong><em><a href=\"https:\/\/fvmachinery.com\/fr\/product\/machine-de-nettoyage-de-fruits-et-legumes\/\" data-type=\"link\" data-id=\"https:\/\/fvmachinery.com\/product\/fruit-and-vegetable-cleaning-machine\/\">av apple washing machine<\/a> <\/em><\/strong>pour laver la surface des pommes jusqu\u2019\u00e0 ce qu\u2019elles soient propres, nous pla\u00e7ons les fruits nettoy\u00e9s dans le port d\u2019alimentation, et les fruits sont d\u00e9tect\u00e9s par la machine apr\u00e8s que leur hauteur et leur taille soient d\u00e9termin\u00e9es par la machine, ils entrent dans la section d\u2019\u00e9pluchage suivante, les aiguilles en acier r\u00e9sistant \u00e0 la corrosion maintiennent fermement les fruits, et les couteaux d\u2019\u00e9pluchage tranchants tournent rapidement et avec pr\u00e9cision, retirant une fine couche de peau \u00e0 la surface des fruits.<\/p>    <p>Les fruits sont rapidement transport\u00e9s vers la section de d\u00e9noyautage gr\u00e2ce au r\u00f4le de tapis roulant. Apr\u00e8s le d\u00e9noyautage, les fruits sont coup\u00e9s en lambeaux, la pulpe et les noyaux sont transport\u00e9s depuis diff\u00e9rents points de vente. L'ensemble du processus est enti\u00e8rement automatis\u00e9 et seul un petit nombre de travailleurs est n\u00e9cessaire pour terminer la transformation des fruits.<\/p>    <figure class=\"wp-block-gallery has-nested-images columns-default is-cropped wp-block-gallery-3 is-layout-flex wp-block-gallery-is-layout-flex\"> <figure class=\"wp-block-image size-large\"><img loading=\"lazy\" decoding=\"async\" width=\"720\" height=\"540\" data-id=\"685\" src=\"https:\/\/fvmachinery.com\/wp-content\/uploads\/2023\/11\/side-view-of-apple-peeler-machine.webp\" alt=\"vue lat\u00e9rale de la machine \u00e0 \u00e9plucher les pommes\" class=\"wp-image-685\" title=\"\" srcset=\"https:\/\/fvmachinery.com\/wp-content\/uploads\/2023\/11\/side-view-of-apple-peeler-machine.webp 720w, https:\/\/fvmachinery.com\/wp-content\/uploads\/2023\/11\/side-view-of-apple-peeler-machine-300x225.webp 300w\" sizes=\"auto, (max-width: 720px) 100vw, 720px\" \/><figcaption class=\"wp-element-caption\">Vue lat\u00e9rale de la machine \u00e0 \u00e9plucher les pommes<\/figcaption><\/figure>    <figure class=\"wp-block-image size-large\"><img loading=\"lazy\" decoding=\"async\" width=\"720\" height=\"540\" data-id=\"684\" src=\"https:\/\/fvmachinery.com\/wp-content\/uploads\/2023\/11\/apple-peeler-is-processing-kiwis.webp\" alt=\"l&#039;\u00e9plucheur de pommes transforme les kiwis\" class=\"wp-image-684\" title=\"\" srcset=\"https:\/\/fvmachinery.com\/wp-content\/uploads\/2023\/11\/apple-peeler-is-processing-kiwis.webp 720w, https:\/\/fvmachinery.com\/wp-content\/uploads\/2023\/11\/apple-peeler-is-processing-kiwis-300x225.webp 300w\" sizes=\"auto, (max-width: 720px) 100vw, 720px\" \/><figcaption class=\"wp-element-caption\">L'\u00e9plucheur de pommes transforme les kiwis<\/figcaption><\/figure> <\/figure>    <h2 class=\"wp-block-heading\">Comment choisir une machine \u00e0 \u00e9plucher les pommes ?<\/h2>    <p>Du point de vue mat\u00e9riel, nous donnons la priorit\u00e9 \u00e0 l'acier inoxydable de qualit\u00e9 alimentaire lors du choix des machines alimentaires, pour garantir la s\u00e9curit\u00e9, l'hygi\u00e8ne et la r\u00e9sistance \u00e0 la corrosion. La production de machines Taizy est strictement conforme aux normes europ\u00e9ennes, la s\u00e9lection de la machine est tr\u00e8s rigoureuse et les machines alimentaires sont en acier inoxydable 304.<\/p>    <p>Selon les besoins sp\u00e9cifiques, certaines \u00e9plucheuses de pommes n'ont qu'une seule fonction d'\u00e9pluchage, cette \u00e9plucheuse de pommes produite par Taizy Machinery Factory peut non seulement \u00e9plucher mais \u00e9galement terminer le retrait du noyau et la d\u00e9coupe des rabats. Bien entendu, toutes ces fonctions peuvent \u00e9galement \u00eatre utilis\u00e9es individuellement.<\/p>    <p>En termes d'utilisation, cet \u00e9plucheur de pommes a une cadence allant jusqu'\u00e0 1 000 tranches par heure, ce qui le rend id\u00e9al pour tous les types d'usines de transformation qui ont une forte demande de tranches de pomme.<\/p>    <p>En termes de prix, il est important de consid\u00e9rer le budget et le co\u00fbt tout en r\u00e9pondant aux exigences, et les machines Taizy sont fabriqu\u00e9es et vendues en interne pour satisfaire chaque client au prix le plus bas du march\u00e9. En m\u00eame temps, nous garantissons une gamme compl\u00e8te de service apr\u00e8s-vente.<\/p>    <figure class=\"wp-block-gallery has-nested-images columns-default is-cropped wp-block-gallery-4 is-layout-flex wp-block-gallery-is-layout-flex\"> <figure class=\"wp-block-image size-large\"><img loading=\"lazy\" decoding=\"async\" width=\"720\" height=\"540\" data-id=\"687\" src=\"https:\/\/fvmachinery.com\/wp-content\/uploads\/2023\/11\/the-apple-peeler-can-peel-oranges.webp\" alt=\"l&#039;\u00e9plucheur de pommes peut \u00e9plucher les oranges\" class=\"wp-image-687\" title=\"\" srcset=\"https:\/\/fvmachinery.com\/wp-content\/uploads\/2023\/11\/the-apple-peeler-can-peel-oranges.webp 720w, https:\/\/fvmachinery.com\/wp-content\/uploads\/2023\/11\/the-apple-peeler-can-peel-oranges-300x225.webp 300w\" sizes=\"auto, (max-width: 720px) 100vw, 720px\" \/><figcaption class=\"wp-element-caption\">L'\u00e9plucheur de pommes peut peler les oranges<\/figcaption><\/figure>    <figure class=\"wp-block-image size-large\"><img loading=\"lazy\" decoding=\"async\" width=\"720\" height=\"540\" data-id=\"686\" src=\"https:\/\/fvmachinery.com\/wp-content\/uploads\/2023\/11\/apple-peeler-for-peeling-oranges.webp\" alt=\"\u00e9plucheur de pommes pour \u00e9plucher les oranges\" class=\"wp-image-686\" title=\"\" srcset=\"https:\/\/fvmachinery.com\/wp-content\/uploads\/2023\/11\/apple-peeler-for-peeling-oranges.webp 720w, https:\/\/fvmachinery.com\/wp-content\/uploads\/2023\/11\/apple-peeler-for-peeling-oranges-300x225.webp 300w\" sizes=\"auto, (max-width: 720px) 100vw, 720px\" \/><figcaption class=\"wp-element-caption\">\u00c9plucheur de pommes pour \u00e9plucher les oranges<\/figcaption><\/figure> <\/figure>    <h2 class=\"wp-block-heading\">Param\u00e8tres de la machine \u00e0 \u00e9plucher les pommes<\/h2>    <figure class=\"wp-block-table\"><table><tbody><tr><td>Pouvoir<\/td><td>0,6 kW<\/td><\/tr><tr><td>Poids<\/td><td>320 kg<\/td><\/tr><tr><td>\u00c9paisseur de peau<\/td><td>1-3mm<\/td><\/tr><tr><td>Hauteur du fruit<\/td><td>40-120mm<\/td><\/tr><tr><td>Mourir de fruit<\/td><td>40-100mm<\/td><\/tr><tr><td>Capacit\u00e9<\/td><td>1200 pi\u00e8ces\/heure<\/td><\/tr><tr><td>Taille<\/td><td>1700*850*1700mm<\/td><\/tr><\/tbody><\/table><figcaption class=\"wp-element-caption\">Param\u00e8tres de la machine \u00e0 \u00e9plucher les pommes<\/figcaption><\/figure>    <h2 class=\"wp-block-heading\"><\/h2>","protected":false},"excerpt":{"rendered":"<p>The apple peeler machine is a machine that peels and cores fruit. The machine is suitable for pears, papayas, melons, mangoes, etc. It can automatically complete the steps of peeling, poking the core, cutting in half, color protection, etc. It is an indispensable tool for making canned fruits, jams, and so on. Why Do We [&hellip;]<\/p>\n","protected":false},"author":1,"featured_media":680,"parent":0,"template":"","tags":[],"product-type":[13],"class_list":["post-677","product","type-product","status-publish","has-post-thumbnail","hentry","product-type-peeling-machine"],"_links":{"self":[{"href":"https:\/\/fvmachinery.com\/fr\/wp-json\/wp\/v2\/product\/677","targetHints":{"allow":["GET"]}}],"collection":[{"href":"https:\/\/fvmachinery.com\/fr\/wp-json\/wp\/v2\/product"}],"about":[{"href":"https:\/\/fvmachinery.com\/fr\/wp-json\/wp\/v2\/types\/product"}],"author":[{"embeddable":true,"href":"https:\/\/fvmachinery.com\/fr\/wp-json\/wp\/v2\/users\/1"}],"wp:featuredmedia":[{"embeddable":true,"href":"https:\/\/fvmachinery.com\/fr\/wp-json\/wp\/v2\/media\/680"}],"wp:attachment":[{"href":"https:\/\/fvmachinery.com\/fr\/wp-json\/wp\/v2\/media?parent=677"}],"wp:term":[{"taxonomy":"post_tag","embeddable":true,"href":"https:\/\/fvmachinery.com\/fr\/wp-json\/wp\/v2\/tags?post=677"},{"taxonomy":"product-type","embeddable":true,"href":"https:\/\/fvmachinery.com\/fr\/wp-json\/wp\/v2\/product-type?post=677"}],"curies":[{"name":"wp","href":"https:\/\/api.w.org\/{rel}","templated":true}]}}