{"id":678,"date":"2023-11-08T15:35:40","date_gmt":"2023-11-08T07:35:40","guid":{"rendered":"https:\/\/fvmachinery.com\/?post_type=product&#038;p=678"},"modified":"2023-11-08T15:35:41","modified_gmt":"2023-11-08T07:35:41","slug":"grape-juicing-machine","status":"publish","type":"product","link":"https:\/\/fvmachinery.com\/fr\/product\/grape-juicing-machine\/","title":{"rendered":"Machine \u00e0 jus de raisin"},"content":{"rendered":"<p>Une machine \u00e0 jus de raisin est un appareil commercial qui utilise des principes hydrauliques pour extraire le jus des fruits ou des l\u00e9gumes. Il se caract\u00e9rise par un rendement en jus \u00e9lev\u00e9, une charge de travail \u00e9lev\u00e9e et une s\u00e9curit\u00e9 \u00e9lev\u00e9e. Il convient aux lieux commerciaux tels que les restaurants, les h\u00f4tels et autres usines de transformation qui ont une demande de jus de fruits et de l\u00e9gumes.<\/p>    <figure class=\"wp-block-image size-full\"><img loading=\"lazy\" decoding=\"async\" width=\"720\" height=\"540\" src=\"https:\/\/fvmachinery.com\/wp-content\/uploads\/2023\/11\/grape-juicing-machine.webp\" alt=\"machine \u00e0 jus de raisin\" class=\"wp-image-694\" title=\"\" srcset=\"https:\/\/fvmachinery.com\/wp-content\/uploads\/2023\/11\/grape-juicing-machine.webp 720w, https:\/\/fvmachinery.com\/wp-content\/uploads\/2023\/11\/grape-juicing-machine-300x225.webp 300w\" sizes=\"auto, (max-width: 720px) 100vw, 720px\" \/><figcaption class=\"wp-element-caption\">Machine \u00e0 jus de raisin<\/figcaption><\/figure>    <h2 class=\"wp-block-heading\">Comment utiliser une machine \u00e0 jus de raisin ?<\/h2>    <p>Une machine \u00e0 jus de raisin est principalement compos\u00e9e d'un cadre, d'un cylindre d'huile, d'une pompe \u00e0 huile sous pression, d'un presse-\u00e9toupe, d'un moteur, d'un r\u00e9servoir d'huile et d'un baril. Lorsque cela a fonctionn\u00e9, nous avons mis les raisins nettoy\u00e9s dans de la gaze de coton, les avons bien envelopp\u00e9s et avons mis le paquet dans le cylindre int\u00e9rieur. En abaissant le couvercle du pressoir, le jus de raisin s'\u00e9coule continuellement entre les cylindres int\u00e9rieur et ext\u00e9rieur et atteint ensuite la sortie du jus.<\/p>    <p> Dans le cas d'un pressoir hydraulique \u00e0 double f\u00fbt, apr\u00e8s avoir press\u00e9 une premi\u00e8re fois le jus, on pousse ensuite vers l'ext\u00e9rieur le f\u00fbt duquel le jus vient d'\u00eatre extrait, et l'autre f\u00fbt se met \u00e0 fonctionner. Nous disposons du canon pr\u00e9c\u00e9demment travaill\u00e9 comme pi\u00e8ce de rechange.<\/p>    <figure class=\"wp-block-gallery has-nested-images columns-default is-cropped wp-block-gallery-2 is-layout-flex wp-block-gallery-is-layout-flex\"> <figure class=\"wp-block-image size-large\"><img loading=\"lazy\" decoding=\"async\" width=\"720\" height=\"540\" data-id=\"697\" src=\"https:\/\/fvmachinery.com\/wp-content\/uploads\/2023\/11\/thermometer-for-alert-temperature-observation.webp\" alt=\"thermom\u00e8tre pour l&#039;observation de la temp\u00e9rature d&#039;alerte\" class=\"wp-image-697\" title=\"\" srcset=\"https:\/\/fvmachinery.com\/wp-content\/uploads\/2023\/11\/thermometer-for-alert-temperature-observation.webp 720w, https:\/\/fvmachinery.com\/wp-content\/uploads\/2023\/11\/thermometer-for-alert-temperature-observation-300x225.webp 300w\" sizes=\"auto, (max-width: 720px) 100vw, 720px\" \/><figcaption class=\"wp-element-caption\">Thermom\u00e8tre pour l'observation de la temp\u00e9rature d'alerte<\/figcaption><\/figure>    <figure class=\"wp-block-image size-large\"><img loading=\"lazy\" decoding=\"async\" width=\"720\" height=\"540\" data-id=\"696\" src=\"https:\/\/fvmachinery.com\/wp-content\/uploads\/2023\/11\/control-cabinet.webp\" alt=\"Chambre de contr\u00f4le\" class=\"wp-image-696\" title=\"\" srcset=\"https:\/\/fvmachinery.com\/wp-content\/uploads\/2023\/11\/control-cabinet.webp 720w, https:\/\/fvmachinery.com\/wp-content\/uploads\/2023\/11\/control-cabinet-300x225.webp 300w\" sizes=\"auto, (max-width: 720px) 100vw, 720px\" \/><figcaption class=\"wp-element-caption\">Chambre de contr\u00f4le<\/figcaption><\/figure> <\/figure>    <h2 class=\"wp-block-heading\">Avantages de la machine \u00e0 jus de raisin<\/h2>    <p>Le presse-agrumes hydraulique a une force de pression \u00e9lev\u00e9e, qui peut extraire soigneusement le jus des fruits ou des l\u00e9gumes, et le rendement en jus peut atteindre plus de 95%.<\/p>    <p>La presse hydraulique est facile \u00e0 utiliser, il suffit de couper les fruits ou l\u00e9gumes en morceaux et de les mettre dans une gaze de coton, puis d'appuyer sur le bouton de d\u00e9marrage. Le syst\u00e8me hydraulique g\u00e9n\u00e8re automatiquement la force de pressage et extrait le jus rapidement.<\/p>    <p>La force de pression du presse-agrumes est g\u00e9n\u00e9r\u00e9e par le syst\u00e8me hydraulique, qui est s\u00fbr. Le syst\u00e8me hydraulique dispose d'un dispositif de protection automatique qui peut emp\u00eacher la machine d'\u00eatre endommag\u00e9e ou le personnel d'\u00eatre bless\u00e9 en raison d'une force de pression excessive.<\/p>    <figure class=\"wp-block-gallery has-nested-images columns-default is-cropped wp-block-gallery-3 is-layout-flex wp-block-gallery-is-layout-flex\"> <figure class=\"wp-block-image size-large\"><img loading=\"lazy\" decoding=\"async\" width=\"720\" height=\"540\" data-id=\"698\" src=\"https:\/\/fvmachinery.com\/wp-content\/uploads\/2023\/11\/hydraulic-gauge.webp\" alt=\"jauge hydraulique\" class=\"wp-image-698\" title=\"\" srcset=\"https:\/\/fvmachinery.com\/wp-content\/uploads\/2023\/11\/hydraulic-gauge.webp 720w, https:\/\/fvmachinery.com\/wp-content\/uploads\/2023\/11\/hydraulic-gauge-300x225.webp 300w\" sizes=\"auto, (max-width: 720px) 100vw, 720px\" \/><figcaption class=\"wp-element-caption\">Jauge hydraulique<\/figcaption><\/figure>    <figure class=\"wp-block-image size-large\"><img loading=\"lazy\" decoding=\"async\" width=\"720\" height=\"540\" data-id=\"699\" src=\"https:\/\/fvmachinery.com\/wp-content\/uploads\/2023\/11\/motor.webp\" alt=\"moteur\" class=\"wp-image-699\" title=\"\" srcset=\"https:\/\/fvmachinery.com\/wp-content\/uploads\/2023\/11\/motor.webp 720w, https:\/\/fvmachinery.com\/wp-content\/uploads\/2023\/11\/motor-300x225.webp 300w\" sizes=\"auto, (max-width: 720px) 100vw, 720px\" \/><figcaption class=\"wp-element-caption\">Moteur<\/figcaption><\/figure> <\/figure>    <h2 class=\"wp-block-heading\">Large march\u00e9 pour le jus de raisin<\/h2>    <p>Avec l\u2019am\u00e9lioration de la conscience des gens en mati\u00e8re de sant\u00e9, la demande de consommation de boissons saines augmente. En tant que boisson naturelle et saine, le jus de raisin a de larges perspectives de march\u00e9.<\/p>    <p>Ces derni\u00e8res ann\u00e9es, l\u2019industrie mondiale du raisin s\u2019est d\u00e9velopp\u00e9e rapidement et la superficie et la production des plantations de raisin ont augment\u00e9. Les mati\u00e8res premi\u00e8res pour la production de jus de raisin ont \u00e9t\u00e9 garanties, offrant des conditions favorables au d\u00e9veloppement de l'industrie du jus de raisin.<\/p>    <p>Avec les progr\u00e8s continus de la technologie de transformation, la qualit\u00e9 et le go\u00fbt du jus de raisin s'am\u00e9liorent constamment, plus conformes aux pr\u00e9f\u00e9rences des consommateurs. Si vous \u00eates \u00e9galement int\u00e9ress\u00e9 par l'industrie du jus de raisin ou des jus de fruits et l\u00e9gumes naturels, achetez un presse-agrumes performant pour d\u00e9marrer votre entreprise !<\/p>    <h2 class=\"wp-block-heading\">Diff\u00e9rents mod\u00e8les de machine \u00e0 jus de raisin<\/h2>    <p>Taizy fabrique deux principaux mod\u00e8les de presse-agrumes. L\u2019un est un presse-agrumes monocylindre et l\u2019autre est un presse-agrumes double cylindre, et il n\u2019y a aucune diff\u00e9rence dans la puissance qu\u2019ils consomment. <\/p>    <p>Les centrifugeuses \u00e0 double cylindre sont plus adapt\u00e9es aux usines de transformation plus efficaces qui n\u00e9cessitent un volume de production de jus de raisin plus \u00e9lev\u00e9. Le presse-agrumes \u00e0 double cylindre est principalement utilis\u00e9 pour alterner les deux f\u00fbts par propulsion translationnelle, r\u00e9pondant ainsi \u00e0 l'exigence d'une production ininterrompue de jus de fruits et de l\u00e9gumes.<\/p>    <figure class=\"wp-block-gallery has-nested-images columns-default is-cropped wp-block-gallery-4 is-layout-flex wp-block-gallery-is-layout-flex\"> <figure class=\"wp-block-image size-large\"><img loading=\"lazy\" decoding=\"async\" width=\"720\" height=\"540\" data-id=\"706\" src=\"https:\/\/fvmachinery.com\/wp-content\/uploads\/2023\/11\/single-cylinder-juice-extractor.webp\" alt=\"extracteur de jus monocylindre\" class=\"wp-image-706\" title=\"\" srcset=\"https:\/\/fvmachinery.com\/wp-content\/uploads\/2023\/11\/single-cylinder-juice-extractor.webp 720w, https:\/\/fvmachinery.com\/wp-content\/uploads\/2023\/11\/single-cylinder-juice-extractor-300x225.webp 300w\" sizes=\"auto, (max-width: 720px) 100vw, 720px\" \/><figcaption class=\"wp-element-caption\">Extracteur de jus monocylindre<\/figcaption><\/figure>    <figure class=\"wp-block-image size-large\"><img loading=\"lazy\" decoding=\"async\" width=\"720\" height=\"540\" data-id=\"700\" src=\"https:\/\/fvmachinery.com\/wp-content\/uploads\/2023\/11\/double-cylinder-juice-extractor.webp\" alt=\"extracteur de jus \u00e0 double cylindre\" class=\"wp-image-700\" title=\"\" srcset=\"https:\/\/fvmachinery.com\/wp-content\/uploads\/2023\/11\/double-cylinder-juice-extractor.webp 720w, https:\/\/fvmachinery.com\/wp-content\/uploads\/2023\/11\/double-cylinder-juice-extractor-300x225.webp 300w\" sizes=\"auto, (max-width: 720px) 100vw, 720px\" \/><figcaption class=\"wp-element-caption\">Extracteur de jus \u00e0 double cylindre<\/figcaption><\/figure> <\/figure>    <h2 class=\"wp-block-heading\">Param\u00e8tres de la machine \u00e0 jus de raisin<\/h2>    <figure class=\"wp-block-table\"><table><tbody><tr><td>Mod\u00e8le<\/td><td>Presse-agrumes monocylindre<\/td><td>Presse-agrumes monocylindre<\/td><\/tr><tr><td>Pouvoir<\/td><td>380 V\/3 kW<\/td><td>380 V\/3 kW<\/td><\/tr><tr><td>Pression<\/td><td>30 tonnes<\/td><td>30 tonnes<\/td><\/tr><tr><td>Diam\u00e8tre int\u00e9rieur du cylindre<\/td><td>650mm<\/td><td>650mm<\/td><\/tr><tr><td>Profondeur du cylindre int\u00e9rieur<\/td><td>600mm<\/td><td>600mm<\/td><\/tr><tr><td>Taille<\/td><td>2000*1050*2100mm<\/td><td>3000*1050*2100mm<\/td><\/tr><\/tbody><\/table><figcaption class=\"wp-element-caption\">Param\u00e8tres de la machine \u00e0 jus de raisin<\/figcaption><\/figure>","protected":false},"excerpt":{"rendered":"<p>A grape juicing machine is a commercial device that utilizes hydraulic principles to squeeze the juice out of fruits or vegetables. It is characterized by high juice yield, high workload, and high safety. It is suitable for commercial places such as restaurants, hotels, and other processing plants that have a demand for fruit and vegetable [&hellip;]<\/p>\n","protected":false},"author":1,"featured_media":694,"parent":0,"template":"","tags":[],"product-type":[30],"class_list":["post-678","product","type-product","status-publish","has-post-thumbnail","hentry","product-type-juicing-machine"],"_links":{"self":[{"href":"https:\/\/fvmachinery.com\/fr\/wp-json\/wp\/v2\/product\/678","targetHints":{"allow":["GET"]}}],"collection":[{"href":"https:\/\/fvmachinery.com\/fr\/wp-json\/wp\/v2\/product"}],"about":[{"href":"https:\/\/fvmachinery.com\/fr\/wp-json\/wp\/v2\/types\/product"}],"author":[{"embeddable":true,"href":"https:\/\/fvmachinery.com\/fr\/wp-json\/wp\/v2\/users\/1"}],"wp:featuredmedia":[{"embeddable":true,"href":"https:\/\/fvmachinery.com\/fr\/wp-json\/wp\/v2\/media\/694"}],"wp:attachment":[{"href":"https:\/\/fvmachinery.com\/fr\/wp-json\/wp\/v2\/media?parent=678"}],"wp:term":[{"taxonomy":"post_tag","embeddable":true,"href":"https:\/\/fvmachinery.com\/fr\/wp-json\/wp\/v2\/tags?post=678"},{"taxonomy":"product-type","embeddable":true,"href":"https:\/\/fvmachinery.com\/fr\/wp-json\/wp\/v2\/product-type?post=678"}],"curies":[{"name":"wp","href":"https:\/\/api.w.org\/{rel}","templated":true}]}}