{"id":68,"date":"2022-08-25T07:26:00","date_gmt":"2022-08-24T23:26:00","guid":{"rendered":"https:\/\/fvmachinery.com\/?post_type=product&#038;p=68"},"modified":"2025-10-28T14:26:26","modified_gmt":"2025-10-28T06:26:26","slug":"fruit-and-vegetable-cleaning-machine","status":"publish","type":"product","link":"https:\/\/fvmachinery.com\/fr\/product\/machine-de-nettoyage-de-fruits-et-legumes\/","title":{"rendered":"Machine de nettoyage de fruits et l\u00e9gumes | Machine \u00e0 laver les tomates"},"content":{"rendered":"<p>La machine de nettoyage de fruits et l\u00e9gumes adopte une technologie de culbutage et de pulv\u00e9risation de bulles pour nettoyer toutes sortes de fruits et l\u00e9gumes. La machine \u00e0 laver automatique les tomates Taizy a \u00e9t\u00e9 export\u00e9e vers l'Australie, la Turquie, le Mexique et de nombreux autres pays, veuillez nous contacter si vous en avez besoin.<\/p>   <div class=\"wp-block-image\"> <figure class=\"aligncenter size-full\"><img loading=\"lazy\" decoding=\"async\" width=\"720\" height=\"540\" src=\"https:\/\/fvmachinery.com\/wp-content\/uploads\/2022\/08\/bubble-type-washing-machine1.webp\" alt=\"machine \u00e0 laver \u00e0 bulles\" class=\"wp-image-160\" title=\"\" srcset=\"https:\/\/fvmachinery.com\/wp-content\/uploads\/2022\/08\/bubble-type-washing-machine1.webp 720w, https:\/\/fvmachinery.com\/wp-content\/uploads\/2022\/08\/bubble-type-washing-machine1-300x225.webp 300w\" sizes=\"auto, (max-width: 720px) 100vw, 720px\" \/><figcaption>machine \u00e0 laver \u00e0 bulles<\/figcaption><\/figure> <\/div>  <div class=\"wp-block-image\"> <figure class=\"aligncenter size-full\"><img loading=\"lazy\" decoding=\"async\" width=\"720\" height=\"540\" src=\"https:\/\/fvmachinery.com\/wp-content\/uploads\/2022\/08\/washing-machine1.webp\" alt=\"\" class=\"wp-image-203\" title=\"\" srcset=\"https:\/\/fvmachinery.com\/wp-content\/uploads\/2022\/08\/washing-machine1.webp 720w, https:\/\/fvmachinery.com\/wp-content\/uploads\/2022\/08\/washing-machine1-300x225.webp 300w\" sizes=\"auto, (max-width: 720px) 100vw, 720px\" \/><\/figure> <\/div>   <h2 class=\"wp-block-heading\" id=\"h-application-of-fruit-and-vegetable-cleaning-machine\">Application de la machine de nettoyage des fruits et l\u00e9gumes<\/h2>    <p>Le nettoyeur \u00e0 bulles v\u00e9g\u00e9tales peut nettoyer une vari\u00e9t\u00e9 de mat\u00e9riaux, notamment les fruits, les l\u00e9gumes et les produits aquatiques. Le lave-linge \u00e0 bulles \u00e9liminera les impuret\u00e9s et conservera la couleur d'origine.<br>Fruits : pomme, poire, orange, raisin, mangue, p\u00eache, tomate, myrtille, fraise, cerise, etc.<br>L\u00e9gumes\u00a0: pomme de terre, aubergine, concombre, oignon, poivron, laitue, chou, racine de lotus, patate douce, taro, gombo, etc.<br>Produits aquatiques\u00a0: algues, coquillages, varech, poulpes, crevettes, poissons, etc.<\/p>    <h2 class=\"wp-block-heading\" id=\"h-structure-of-bubble-washing-machine\">Structure de la machine \u00e0 laver \u00e0 bulles<\/h2>    <p>L'\u00e9quipement de la machine \u00e0 laver les bulles de fruits et l\u00e9gumes est compos\u00e9 d'un convoyeur \u00e0 bande maill\u00e9e, d'un dispositif de lavage par pulv\u00e9risation et d'un r\u00e9servoir de collecte d'eau. Les composants comprennent un moteur, un booster vortex, un r\u00e9servoir de filtre, une conduite d'eau et une buse, un contr\u00f4leur d'armoire \u00e9lectronique, etc.<\/p>    <h2 class=\"wp-block-heading\" id=\"h-advanced-design-of-automatic-vegetable-washing-machine\">Conception avanc\u00e9e d'une machine \u00e0 laver les l\u00e9gumes automatique<\/h2>    <ol class=\"wp-block-list\"><li>La machine \u00e0 laver automatique les l\u00e9gumes est fabriqu\u00e9e en acier inoxydable SUS304 de haute qualit\u00e9, de qualit\u00e9 sup\u00e9rieure et r\u00e9pondant aux exigences de qualit\u00e9 alimentaire, ce qui peut garantir la qualit\u00e9 et la s\u00e9curit\u00e9 des aliments. Quelle que soit la dur\u00e9e d'utilisation de la machine, la machine \u00e0 laver les tomates ne rouillera pas.<\/li><li>La machine de nettoyage de fruits et l\u00e9gumes est dot\u00e9e d'une fonction de pulv\u00e9risation secondaire avec un r\u00e9servoir d'eau filtrante \u00e0 recirculation pour recycler l'eau de nettoyage, \u00e9conomisant ainsi plus d'eau 80% pour les clients.<\/li><li>La machine \u00e0 laver les l\u00e9gumes peut r\u00e9aliser un lavage continu automatique et l'efficacit\u00e9 du lavage est plus de trois fois sup\u00e9rieure \u00e0 celle de la m\u00e9thode de lavage manuelle conventionnelle.<\/li><\/ol>    <h2 class=\"wp-block-heading\" id=\"h-fruit-and-vegetable-washer-working-process\">Processus de travail du laveur de fruits et l\u00e9gumes<\/h2>    <p>Lorsque le mat\u00e9riau p\u00e9n\u00e8tre dans la machine de nettoyage des fruits et l\u00e9gumes, par l'action de l'eau \u00e0 haute pression et de fortes bulles, les fruits et l\u00e9gumes sont compl\u00e8tement renvers\u00e9s et les d\u00e9bris attach\u00e9s \u00e0 la surface seront lav\u00e9s. Les s\u00e9diments emport\u00e9s par la surface du mat\u00e9riau sont coul\u00e9s dans le bac d'isolation inf\u00e9rieur et ne seront donc pas rejet\u00e9s pour provoquer une pollution de l'eau. Les d\u00e9bris et petits insectes flottant dans l'eau sont collect\u00e9s \u00e0 travers les mailles du m\u00e9canisme d'\u00e9limination des d\u00e9bris. Le mat\u00e9riau lav\u00e9 sort de l'eau puis sera \u00e0 nouveau lav\u00e9 par un pulv\u00e9risateur. Les fruits et l\u00e9gumes propres seront ensuite envoy\u00e9s au processus suivant.<\/p>    <figure class=\"wp-block-embed is-type-video is-provider-youtube wp-block-embed-youtube wp-embed-aspect-16-9 wp-has-aspect-ratio\"><div class=\"wp-block-embed__wrapper\"> <iframe loading=\"lazy\" title=\"Ligne de lavage de pommes de terre professionnelle | Comment nettoyer efficacement une grande quantit\u00e9 de pommes de terre ?\" width=\"500\" height=\"281\" src=\"https:\/\/www.youtube.com\/embed\/RkRness2lQU?feature=oembed\" frameborder=\"0\" allow=\"accelerometer; autoplay; clipboard-write; encrypted-media; gyroscope; picture-in-picture; web-share\" referrerpolicy=\"strict-origin-when-cross-origin\" allowfullscreen><\/iframe> <\/div><\/figure>    <h2 class=\"wp-block-heading\" id=\"h-how-to-operate-a-bubble-washing-machine\">Comment faire fonctionner une machine \u00e0 laver \u00e0 bulles ?<\/h2>    <ol class=\"wp-block-list\"><li>Connectez le moteur principal de la machine de nettoyage de fruits et l\u00e9gumes, l'alimentation de la courroie maill\u00e9e, l'alimentation de la pompe \u00e0 air et l'alimentation de la pompe \u00e0 eau de circulation, v\u00e9rifiez le degr\u00e9 d'int\u00e9grit\u00e9 de la ligne d'alimentation et d\u00e9marrez la machine de test pour voir si l'\u00e9quipement est en rotation positive, s'il est invers\u00e9, changez deux lignes dessus.<\/li><li>Ajoutez la bonne quantit\u00e9 d'eau \u00e0 la machine, puis ajustez la vitesse de fonctionnement de la courroie maill\u00e9e en fonction des diff\u00e9rents mat\u00e9riaux, puis ajoutez les mat\u00e9riaux.<\/li><li>Ouvrez le moteur de la pompe \u00e0 air, le moteur de pulv\u00e9risation et le moteur de la courroie maill\u00e9e, le lave-fruits et l\u00e9gumes commence \u00e0 fonctionner.<\/li><\/ol>    <h2 class=\"wp-block-heading\" id=\"h-parameters-of-fruit-and-vegetable-cleaning-machine\">Param\u00e8tres de la machine de nettoyage des fruits et l\u00e9gumes<\/h2>    <figure class=\"wp-block-table\"><table><tbody><tr><td><strong>Mod\u00e8le<\/strong><\/td><td><strong>Puissance du moteur (kw)<\/strong><\/td><td><strong>Capacit\u00e9 de production (kg\/h)<\/strong><\/td><td><strong>Poids (kg)<\/strong><\/td><td><strong>Dimensions(mm)<\/strong><\/td><\/tr><tr><td>TZ-2500<\/td><td>3.75<\/td><td>500<\/td><td>180<\/td><td>2500*1000*1300<\/td><\/tr><tr><td>TZ-4000<\/td><td>4.1<\/td><td>800<\/td><td>400<\/td><td>4000*1200*1300<\/td><\/tr><tr><td>TZ-5000<\/td><td>5.1<\/td><td>1500<\/td><td>500<\/td><td>5000*1200*1300<\/td><\/tr><tr><td>TZ-6000<\/td><td>5.5<\/td><td>2000<\/td><td>600<\/td><td>6000*1200*1300<\/td><\/tr><\/tbody><\/table><\/figure>    <h2 class=\"wp-block-heading\">Conseils d'entretien machine \u00e0 laver \u00e0 bulles<\/h2>    <p class=\"translation-block\">Toute machine qui souhaite \u00eatre utilis\u00e9e longtemps n\u00e9cessite un <a href=\"https:\/\/fvmachinery.com\/fr\/Info\/maintainance-of-vegetable-washing-machine\/\">entretien et une utilisation soigneux<\/a> en temps opportun. Il en va de m\u00eame pour la machine \u00e0 laver les l\u00e9gumes. Par exemple, les pi\u00e8ces qui composent la machine doivent \u00eatre v\u00e9rifi\u00e9es r\u00e9guli\u00e8rement par les employ\u00e9s, et les engrenages et autres pi\u00e8ces doivent \u00eatre huil\u00e9s r\u00e9guli\u00e8rement. De plus, les employ\u00e9s peuvent ajuster r\u00e9guli\u00e8rement la tension de la courroie pour augmenter la dur\u00e9e de vie de la courroie.<\/p>    <h2 class=\"wp-block-heading\" id=\"h-recommended-production-line\">Ligne de production recommand\u00e9e<\/h2>    <p class=\"translation-block\"><a href=\"https:\/\/fvmachinery.com\/fr\/product\/ligne-de-classement-des-fruits-et-legumes\/\">Ligne de lavage et de tri des l\u00e9gumes et fruits <\/a>est le produit le plus vendu de notre entreprise. La ligne compl\u00e8te comprend une machine de nettoyage des fruits et l\u00e9gumes, un s\u00e9choir \u00e0 l\u00e9gumes, un gradeur de l\u00e9gumes et une machine d'emballage. La machine peut \u00eatre personnalis\u00e9e selon les demandes des clients. Dites-nous vos mat\u00e9riaux, votre budget et votre capacit\u00e9, et notre responsable des ventes vous proposera diff\u00e9rentes options. Si vous avez besoin d'une machine de transformation alimentaire, contactez-nous maintenant.<\/p>","protected":false},"excerpt":{"rendered":"<p>The fruit and vegetable cleaning machine adopts bubble tumbling and spraying technology to clean all kinds of fruits and vegetables. Taizy automatic tomato washing machine have been exported to Australia, Turkey, Mexico and many other countries, please contact us if you need them. Application of fruit and vegetable cleaning machine The vegetable bubble cleaner can [&hellip;]<\/p>\n","protected":false},"author":1,"featured_media":70,"parent":0,"template":"","tags":[19],"product-type":[4],"class_list":["post-68","product","type-product","status-publish","has-post-thumbnail","hentry","tag-fruit-vegetable-cleaning-machine","product-type-washing-machine"],"_links":{"self":[{"href":"https:\/\/fvmachinery.com\/fr\/wp-json\/wp\/v2\/product\/68","targetHints":{"allow":["GET"]}}],"collection":[{"href":"https:\/\/fvmachinery.com\/fr\/wp-json\/wp\/v2\/product"}],"about":[{"href":"https:\/\/fvmachinery.com\/fr\/wp-json\/wp\/v2\/types\/product"}],"author":[{"embeddable":true,"href":"https:\/\/fvmachinery.com\/fr\/wp-json\/wp\/v2\/users\/1"}],"wp:featuredmedia":[{"embeddable":true,"href":"https:\/\/fvmachinery.com\/fr\/wp-json\/wp\/v2\/media\/70"}],"wp:attachment":[{"href":"https:\/\/fvmachinery.com\/fr\/wp-json\/wp\/v2\/media?parent=68"}],"wp:term":[{"taxonomy":"post_tag","embeddable":true,"href":"https:\/\/fvmachinery.com\/fr\/wp-json\/wp\/v2\/tags?post=68"},{"taxonomy":"product-type","embeddable":true,"href":"https:\/\/fvmachinery.com\/fr\/wp-json\/wp\/v2\/product-type?post=68"}],"curies":[{"name":"wp","href":"https:\/\/api.w.org\/{rel}","templated":true}]}}