{"id":71,"date":"2022-08-25T07:41:49","date_gmt":"2022-08-24T23:41:49","guid":{"rendered":"https:\/\/fvmachinery.com\/?post_type=product&#038;p=71"},"modified":"2025-10-28T14:25:55","modified_gmt":"2025-10-28T06:25:55","slug":"potato-washing-and-peeling-machine","status":"publish","type":"product","link":"https:\/\/fvmachinery.com\/fr\/product\/potato-washing-and-peeling-machine\/","title":{"rendered":"Machine \u00e0 laver et \u00e0 \u00e9plucher les pommes de terre"},"content":{"rendered":"<p class=\"translation-block\">La machine de lavage et d\u2019\u00e9pluchage de pommes de terre est l\u2019un des \u00e9quipements de traitement des l\u00e9gumes et fruits, qui nettoie les mat\u00e9riaux et \u00e9pluche les l\u00e9gumes-racines. Son haut niveau d\u2019automatisation et sa large utilisation en font un appareil tr\u00e8s courant dans les usines de transformation de fruits et l\u00e9gumes, comme une <a href=\"https:\/\/fvmachinery.com\/fr\/product\/ginger-powder-processing-plant\/\">usine de production de poudre de gingembre<\/a>.<\/p>   <div class=\"wp-block-image\"> <figure class=\"aligncenter size-full\"><img loading=\"lazy\" decoding=\"async\" width=\"720\" height=\"540\" src=\"https:\/\/fvmachinery.com\/wp-content\/uploads\/2022\/08\/washing-and-peeling-machine1-1.webp\" alt=\"machine \u00e0 laver et \u00e0 \u00e9plucher\" class=\"wp-image-201\" title=\"\" srcset=\"https:\/\/fvmachinery.com\/wp-content\/uploads\/2022\/08\/washing-and-peeling-machine1-1.webp 720w, https:\/\/fvmachinery.com\/wp-content\/uploads\/2022\/08\/washing-and-peeling-machine1-1-300x225.webp 300w\" sizes=\"auto, (max-width: 720px) 100vw, 720px\" \/><figcaption class=\"wp-element-caption\">machine \u00e0 laver et \u00e0 \u00e9plucher les pommes de terre<\/figcaption><\/figure> <\/div>  <div class=\"wp-block-image\"> <figure class=\"aligncenter size-full\"><img loading=\"lazy\" decoding=\"async\" width=\"720\" height=\"540\" src=\"https:\/\/fvmachinery.com\/wp-content\/uploads\/2022\/08\/potato-washing-and-peeling-machine1.webp\" alt=\"\" class=\"wp-image-184\" title=\"\" srcset=\"https:\/\/fvmachinery.com\/wp-content\/uploads\/2022\/08\/potato-washing-and-peeling-machine1.webp 720w, https:\/\/fvmachinery.com\/wp-content\/uploads\/2022\/08\/potato-washing-and-peeling-machine1-300x225.webp 300w\" sizes=\"auto, (max-width: 720px) 100vw, 720px\" \/><figcaption class=\"wp-element-caption\">machine \u00e0 laver et \u00e0 \u00e9plucher les pommes de terre<\/figcaption><\/figure> <\/div>   <h2 class=\"wp-block-heading\" id=\"h-applications-of-potato-washing-and-peeling-machine\">Applications de la machine \u00e0 laver et \u00e0 \u00e9plucher les pommes de terre<\/h2>    <p>La machine \u00e0 laver les brosses, \u00e9galement appel\u00e9e machine \u00e0 laver les rouleaux de brosses, convient au nettoyage et \u00e0 l'\u00e9pluchage du gingembre, de la carotte, de la pomme de terre, de la racine de lotus, du manioc, de la patate douce et d'autres l\u00e9gumes-racines, couramment utilis\u00e9s dans la cha\u00eene de production de poudre de gingembre et la ligne de nettoyage des l\u00e9gumes. Il convient \u00e9galement au lavage des fruits tels que le jujube, le citron, l'orange, le pamplemousse, etc. Il permet de nettoyer en profondeur les taches \u00e0 la surface des fruits et l\u00e9gumes.<\/p>    <h2 class=\"wp-block-heading\" id=\"h-cassava-washing-and-peeling-machine-structure\">Structure de la machine \u00e0 laver et \u00e0 \u00e9plucher le manioc<\/h2>    <ol class=\"wp-block-list\"> <li>La machine \u00e0 laver les carottes est principalement compos\u00e9e d'un dispositif de nettoyage \u00e0 brosse, d'un dispositif de pulv\u00e9risation \u00e0 haute pression, d'un ch\u00e2ssis et d'un moteur.<\/li>    <li>Le dispositif de nettoyage des brosses est un \u00e9l\u00e9ment important d\u2019une machine de nettoyage des carottes. La brosse peut frotter \u00e0 plusieurs reprises pour nettoyer les impuret\u00e9s \u00e0 la surface de la carotte et obtenir la fonction de pelage. La machine nettoie les carottes plus en profondeur car les brosses peuvent se toucher compl\u00e8tement et atteindre la position in\u00e9gale des carottes.<\/li>    <li>L'appareil est g\u00e9n\u00e9ralement plac\u00e9 en haut du r\u00e9servoir de nettoyage et connect\u00e9 \u00e0 la conduite d'eau. Sa fonction est de fournir de l'eau \u00e0 haute pression pendant que la brosse frotte contre les carottes, \u00e9liminant ainsi les impuret\u00e9s et les peaux.<\/li> <\/ol>   <div class=\"wp-block-image\"> <figure class=\"aligncenter size-full\"><img loading=\"lazy\" decoding=\"async\" width=\"720\" height=\"540\" src=\"https:\/\/fvmachinery.com\/wp-content\/uploads\/2022\/08\/inside-structure-of-washing-ang-peeling-machine1.webp\" alt=\"structure int\u00e9rieure de la machine \u00e0 laver et \u00e0 \u00e9plucher\" class=\"wp-image-178\" title=\"\" srcset=\"https:\/\/fvmachinery.com\/wp-content\/uploads\/2022\/08\/inside-structure-of-washing-ang-peeling-machine1.webp 720w, https:\/\/fvmachinery.com\/wp-content\/uploads\/2022\/08\/inside-structure-of-washing-ang-peeling-machine1-300x225.webp 300w\" sizes=\"auto, (max-width: 720px) 100vw, 720px\" \/><figcaption class=\"wp-element-caption\">structure int\u00e9rieure de la machine \u00e0 laver et \u00e0 \u00e9plucher<\/figcaption><\/figure> <\/div>  <div class=\"wp-block-image\"> <figure class=\"aligncenter size-full\"><img loading=\"lazy\" decoding=\"async\" width=\"720\" height=\"540\" src=\"https:\/\/fvmachinery.com\/wp-content\/uploads\/2022\/08\/brush1.webp\" alt=\"brosse de lavage et d&#039;\u00e9pluchage\" class=\"wp-image-158\" title=\"\" srcset=\"https:\/\/fvmachinery.com\/wp-content\/uploads\/2022\/08\/brush1.webp 720w, https:\/\/fvmachinery.com\/wp-content\/uploads\/2022\/08\/brush1-300x225.webp 300w\" sizes=\"auto, (max-width: 720px) 100vw, 720px\" \/><figcaption class=\"wp-element-caption\">brosse de lavage et d'\u00e9pluchage<\/figcaption><\/figure> <\/div>   <h2 class=\"wp-block-heading\">Vid\u00e9o de la machine \u00e0 laver et \u00e0 \u00e9plucher les brosses<\/h2>    <figure class=\"wp-block-embed is-type-video is-provider-youtube wp-block-embed-youtube wp-embed-aspect-16-9 wp-has-aspect-ratio\"><div class=\"wp-block-embed__wrapper\"> <iframe loading=\"lazy\" title=\"Top 10 des machines \u00e0 \u00e9plucher et \u00e0 laver les brosses | Introduction \u00e0 la machine \u00e0 laver et \u00e0 \u00e9plucher les pommes de terre\" width=\"500\" height=\"281\" src=\"https:\/\/www.youtube.com\/embed\/hJ8XlGMAJfA?feature=oembed\" frameborder=\"0\" allow=\"accelerometer; autoplay; clipboard-write; encrypted-media; gyroscope; picture-in-picture; web-share\" referrerpolicy=\"strict-origin-when-cross-origin\" allowfullscreen><\/iframe> <\/div><\/figure>    <h2 class=\"wp-block-heading\" id=\"h-working-principle-of-potato-washing-and-peeling-machine\">Principe de fonctionnement de la machine \u00e0 laver et \u00e0 \u00e9plucher les pommes de terre<\/h2>    <p>Les mati\u00e8res premi\u00e8res telles que les carottes et les pommes de terre entrent uniform\u00e9ment dans la machine \u00e0 laver et \u00e0 \u00e9plucher \u00e0 travers le convoyeur, et les rouleaux \u00e0 brosses tournent sous l'entra\u00eenement du r\u00e9ducteur de transmission, ce qui fait que les mat\u00e9riaux se retournent continuellement et produisent ainsi une friction, et les impuret\u00e9s et les pelures sont bross\u00e9 et p\u00e9n\u00e8tre dans le fond du r\u00e9servoir avec le d\u00e9bit d'eau. <\/p>    <p>En m\u00eame temps, la t\u00eate de pulv\u00e9risation pulv\u00e9rise de l'eau \u00e0 haute pression pour rincer la surface du mat\u00e9riau afin d'assurer la propret\u00e9 du mat\u00e9riau. Les s\u00e9diments nettoy\u00e9s et les pelures de fruits et l\u00e9gumes s'\u00e9coulent dans le r\u00e9servoir d'eau \u00e0 travers l'espace des rouleaux de brosse et sont \u00e9vacu\u00e9s par l'orifice de d\u00e9charge. La machine \u00e0 laver les carottes peut \u00eatre fabriqu\u00e9e en fonction des besoins sp\u00e9cifiques des clients, et le dispositif de nettoyage par circulation peut \u00e9galement \u00eatre ajout\u00e9.<\/p>    <h2 class=\"wp-block-heading\" id=\"h-parameters-of-potato-washer-machine\">Param\u00e8tres de la machine \u00e0 laver les pommes de terre<\/h2>    <figure class=\"wp-block-table\"><table><tbody><tr><td><strong>Mod\u00e8le<\/strong><\/td><td><strong>Puissance du moteur<\/strong><strong>&nbsp;<\/strong><strong>(kW)<\/strong><\/td><td><strong>Capacit\u00e9 de production<\/strong><strong>&nbsp;<\/strong><strong>(kg\/heure)<\/strong><\/td><td><strong>Taille (mm)<\/strong><strong><\/strong><\/td><\/tr><tr><td>TZ-800<\/td><td>1.1<\/td><td>700<\/td><td>1580*850*800<\/td><\/tr><tr><td>TZ-1000<\/td><td>1.5<\/td><td>1000<\/td><td>1780*850*800<\/td><\/tr><tr><td>TZ-1200<\/td><td>1.5<\/td><td>1200<\/td><td>1980*850*800<\/td><\/tr><tr><td>TZ-1500<\/td><td>2.2<\/td><td>1500<\/td><td>2280*850*800<\/td><\/tr><tr><td>TZ-1800<\/td><td>2.2<\/td><td>1800<\/td><td>2580*850*800<\/td><\/tr><tr><td>TZ-2000<\/td><td>3<\/td><td>2000<\/td><td>2780*850*800<\/td><\/tr><tr><td>TZ-2600<\/td><td>4<\/td><td>3000<\/td><td>3400*850*800<\/td><\/tr><\/tbody><\/table><\/figure>    <h2 class=\"wp-block-heading\">Pourquoi la machine \u00e0 laver et \u00e0 \u00e9plucher les pommes de terre est-elle si populaire\u00a0?<\/h2>    <p>En mettant l\u2019accent sur la sant\u00e9 alimentaire, de nombreux transformateurs alimentaires utilisent des nettoyants pour brosses sur leurs cha\u00eenes de montage. Ce nettoyage des fruits et l\u00e9gumes de qualit\u00e9 alimentaire contribue encore \u00e0 la protection de la sant\u00e9 des consommateurs.<\/p>    <p>Par rapport au nettoyage humain traditionnel des fruits et l\u00e9gumes, la machine de nettoyage \u00e0 brosse pr\u00e9sente les avantages d'une grande zone de nettoyage, d'une \u00e9conomie d'eau, d'une efficacit\u00e9 de nettoyage \u00e9lev\u00e9e, des fruits et l\u00e9gumes de l'entr\u00e9e, gr\u00e2ce \u00e0 l'entra\u00eenement par cha\u00eene, les fruits et l\u00e9gumes viendront de la direction de la tr\u00e9mie d'alimentation tourne la propulsion, tout en ouvrant le spray de nettoyage automatique. En cours d'avancement, le nettoyage peut atteindre 360 \u200b\u200b\u00b0, la surface des taches de fruits et l\u00e9gumes est propre.<\/p>    <p>\u00c9tant donn\u00e9 que le nettoyeur de brosse doit nettoyer et peler diff\u00e9rents fruits et l\u00e9gumes, la brosse doit r\u00e9sister \u00e0 l'\u00e9preuve. Les rouleaux de brosse de conformit\u00e9 choisissent g\u00e9n\u00e9ralement un mat\u00e9riau en soie doux, mod\u00e9r\u00e9, r\u00e9sistant au frottement et \u00e0 haute \u00e9lasticit\u00e9 des poils en nylon, et peuvent p\u00e9n\u00e9trer en profondeur dans une vari\u00e9t\u00e9 de fruits et l\u00e9gumes dans la zone aveugle pour le nettoyage.<\/p>","protected":false},"excerpt":{"rendered":"<p>The potato washing and peeling machine is one of the vegetable and fruit processing equipment, which will clean materials and peel root vegetables. The highly automated and widely used make it very common in fruit and vegetable processing plant, such as a ginger powder production plant. Applications of potato washing and peeling machine Brush washing [&hellip;]<\/p>\n","protected":false},"author":1,"featured_media":73,"parent":0,"template":"","tags":[26],"product-type":[4],"class_list":["post-71","product","type-product","status-publish","has-post-thumbnail","hentry","tag-potato-washing-machine","product-type-washing-machine"],"_links":{"self":[{"href":"https:\/\/fvmachinery.com\/fr\/wp-json\/wp\/v2\/product\/71","targetHints":{"allow":["GET"]}}],"collection":[{"href":"https:\/\/fvmachinery.com\/fr\/wp-json\/wp\/v2\/product"}],"about":[{"href":"https:\/\/fvmachinery.com\/fr\/wp-json\/wp\/v2\/types\/product"}],"author":[{"embeddable":true,"href":"https:\/\/fvmachinery.com\/fr\/wp-json\/wp\/v2\/users\/1"}],"wp:featuredmedia":[{"embeddable":true,"href":"https:\/\/fvmachinery.com\/fr\/wp-json\/wp\/v2\/media\/73"}],"wp:attachment":[{"href":"https:\/\/fvmachinery.com\/fr\/wp-json\/wp\/v2\/media?parent=71"}],"wp:term":[{"taxonomy":"post_tag","embeddable":true,"href":"https:\/\/fvmachinery.com\/fr\/wp-json\/wp\/v2\/tags?post=71"},{"taxonomy":"product-type","embeddable":true,"href":"https:\/\/fvmachinery.com\/fr\/wp-json\/wp\/v2\/product-type?post=71"}],"curies":[{"name":"wp","href":"https:\/\/api.w.org\/{rel}","templated":true}]}}