{"id":732,"date":"2023-11-17T09:45:37","date_gmt":"2023-11-17T01:45:37","guid":{"rendered":"https:\/\/fvmachinery.com\/?post_type=product&#038;p=732"},"modified":"2023-11-17T17:27:06","modified_gmt":"2023-11-17T09:27:06","slug":"potato-mashing-machine","status":"publish","type":"product","link":"https:\/\/fvmachinery.com\/fr\/product\/machine-a-ecraser-les-pommes-de-terre\/","title":{"rendered":"Machine \u00e0 \u00e9craser les pommes de terre"},"content":{"rendered":"<p>Une pur\u00e9e de pommes de terre est une machine qui presse rapidement les pommes de terre en une fine pur\u00e9e. Il peut r\u00e9duire en pur\u00e9e une vari\u00e9t\u00e9 de l\u00e9gumes tels que les patates douces, les carottes, les citrouilles, etc. Le presse-pur\u00e9e de pommes de terre convient au secteur de la restauration ainsi qu'aux usines de transformation de pur\u00e9e de pommes de terre. <\/p>   <div class=\"wp-block-image\"> <figure class=\"aligncenter size-full\"><img loading=\"lazy\" decoding=\"async\" width=\"720\" height=\"540\" src=\"https:\/\/fvmachinery.com\/wp-content\/uploads\/2023\/11\/potato-mashing-machine.webp\" alt=\"machine \u00e0 \u00e9craser les pommes de terre\" class=\"wp-image-743\" title=\"\" srcset=\"https:\/\/fvmachinery.com\/wp-content\/uploads\/2023\/11\/potato-mashing-machine.webp 720w, https:\/\/fvmachinery.com\/wp-content\/uploads\/2023\/11\/potato-mashing-machine-300x225.webp 300w\" sizes=\"auto, (max-width: 720px) 100vw, 720px\" \/><figcaption class=\"wp-element-caption\">machine \u00e0 \u00e9craser les pommes de terre<\/figcaption><\/figure> <\/div>   <h2 class=\"wp-block-heading\">Pourquoi devrions-nous choisir une machine \u00e0 \u00e9craser les pommes de terre ?<\/h2>    <p>La m\u00e9thode traditionnelle de pr\u00e9paration de la pur\u00e9e de pommes de terre consiste \u00e0 \u00e9plucher, couper en cubes, cuire \u00e0 la vapeur ou faire bouillir les pommes de terre, puis les \u00e9craser avec une fourchette ou une cuill\u00e8re. C'est un processus plut\u00f4t fastidieux qui demande beaucoup de temps et d'efforts. Le presse-pur\u00e9e a juste besoin de mettre les morceaux de pommes de terre dans la machine, de choisir le bon \u00e9quipement, et en quelques minutes, vous pouvez battre les pommes de terre en une fine pur\u00e9e, ce qui permet de gagner beaucoup de temps et de travail.<\/p>    <p>Le fonctionnement du presse-pur\u00e9e est tr\u00e8s simple, il suffit de mettre les cubes de pommes de terre dans la machine et de choisir le bon \u00e9quipement. M\u00eame les novices en cuisine peuvent l\u2019utiliser facilement. La pomme de terre trait\u00e9e par la machine a un go\u00fbt plus d\u00e9licat, et la m\u00e9thode traditionnelle de fabrication de pur\u00e9e de pommes de terre, m\u00eame si les pommes de terre sont \u00e9cras\u00e9es pour \u00eatre plus d\u00e9licates, aura in\u00e9vitablement une granularit\u00e9. Le presse-pur\u00e9e peut r\u00e9duire les pommes de terre en une pur\u00e9e totalement sans c\u00e9r\u00e9ales, qui a une texture plus lisse.<\/p>    <figure class=\"wp-block-gallery has-nested-images columns-default is-cropped wp-block-gallery-2 is-layout-flex wp-block-gallery-is-layout-flex\"> <figure class=\"wp-block-image size-large\"><img loading=\"lazy\" decoding=\"async\" width=\"720\" height=\"540\" data-id=\"745\" src=\"https:\/\/fvmachinery.com\/wp-content\/uploads\/2023\/11\/handmade-mashed-potatoes.webp\" alt=\"pur\u00e9e de pommes de terre faite \u00e0 la main\" class=\"wp-image-745\" title=\"\" srcset=\"https:\/\/fvmachinery.com\/wp-content\/uploads\/2023\/11\/handmade-mashed-potatoes.webp 720w, https:\/\/fvmachinery.com\/wp-content\/uploads\/2023\/11\/handmade-mashed-potatoes-300x225.webp 300w\" sizes=\"auto, (max-width: 720px) 100vw, 720px\" \/><figcaption class=\"wp-element-caption\">Pur\u00e9e de pommes de terre faite \u00e0 la main<\/figcaption><\/figure>    <figure class=\"wp-block-image size-large\"><img loading=\"lazy\" decoding=\"async\" width=\"720\" height=\"540\" data-id=\"744\" src=\"https:\/\/fvmachinery.com\/wp-content\/uploads\/2023\/11\/delicious-mashed-potatoes.webp\" alt=\"d\u00e9licieuse pur\u00e9e de pommes de terre pr\u00e9par\u00e9e par un presse-pur\u00e9e\" class=\"wp-image-744\" title=\"\" srcset=\"https:\/\/fvmachinery.com\/wp-content\/uploads\/2023\/11\/delicious-mashed-potatoes.webp 720w, https:\/\/fvmachinery.com\/wp-content\/uploads\/2023\/11\/delicious-mashed-potatoes-300x225.webp 300w\" sizes=\"auto, (max-width: 720px) 100vw, 720px\" \/><figcaption class=\"wp-element-caption\">D\u00e9licieuse pur\u00e9e de pommes de terre pr\u00e9par\u00e9e par un presse-pur\u00e9e<\/figcaption><\/figure> <\/figure>    <h2 class=\"wp-block-heading\">Que rechercher lorsque vous travaillez avec une machine \u00e0 \u00e9craser des pommes de terre\u00a0?<\/h2>    <p>Ce presse-pur\u00e9e peut battre des pur\u00e9es de pommes de terre cuites ou crues. Lorsque vous battez des pommes de terre crues avec le presse-pur\u00e9e, vous devez faire attention \u00e0 la taille des morceaux de pommes de terre qui doit \u00eatre mod\u00e9r\u00e9e, lorsque vous battez la pur\u00e9e de pommes de terre, vous devez faire attention au contr\u00f4le de la vitesse, ne soyez pas trop rapide, pour ne pas pour que la pur\u00e9e colle aux lames. Battez jusqu'\u00e0 ce que la pur\u00e9e devienne fine, ne battez pas trop longtemps, sinon vous obtiendrez une pur\u00e9e collante.<\/p>    <p>Lorsque vous battez des pommes de terre cuites, choisissez des pommes de terre cuites \u00e0 la vapeur ou bouillies, ni trop molles ni trop dures. La taille des morceaux de pomme de terre doit \u00eatre mod\u00e9r\u00e9e, si elle est trop grosse, elle n'est pas facile \u00e0 casser, si elle est trop petite, il est facile de coller la lame. Attention \u00e0 contr\u00f4ler la vitesse d'\u00e9crasement, pas trop rapide, afin que la pur\u00e9e cuite ne colle pas \u00e0 la lame. Battez jusqu'\u00e0 ce que la pur\u00e9e de pommes de terre devienne fine, ne battez pas trop longtemps sinon la pur\u00e9e de pommes de terre se dess\u00e9cherait.<\/p>    <figure class=\"wp-block-gallery has-nested-images columns-default is-cropped wp-block-gallery-3 is-layout-flex wp-block-gallery-is-layout-flex\"> <figure class=\"wp-block-image size-large\"><img loading=\"lazy\" decoding=\"async\" width=\"720\" height=\"540\" data-id=\"746\" src=\"https:\/\/fvmachinery.com\/wp-content\/uploads\/2023\/11\/body-made-of-304-stainless-steel.webp\" alt=\"corps en acier inoxydable 304\" class=\"wp-image-746\" title=\"\" srcset=\"https:\/\/fvmachinery.com\/wp-content\/uploads\/2023\/11\/body-made-of-304-stainless-steel.webp 720w, https:\/\/fvmachinery.com\/wp-content\/uploads\/2023\/11\/body-made-of-304-stainless-steel-300x225.webp 300w\" sizes=\"auto, (max-width: 720px) 100vw, 720px\" \/><figcaption class=\"wp-element-caption\">Corps en acier inoxydable 304<\/figcaption><\/figure>    <figure class=\"wp-block-image size-large\"><img loading=\"lazy\" decoding=\"async\" width=\"720\" height=\"540\" data-id=\"748\" src=\"https:\/\/fvmachinery.com\/wp-content\/uploads\/2023\/11\/large-funnel-design-for-easy-feeding.webp\" alt=\"conception \u00e0 grand entonnoir pour une alimentation facile\" class=\"wp-image-748\" title=\"\" srcset=\"https:\/\/fvmachinery.com\/wp-content\/uploads\/2023\/11\/large-funnel-design-for-easy-feeding.webp 720w, https:\/\/fvmachinery.com\/wp-content\/uploads\/2023\/11\/large-funnel-design-for-easy-feeding-300x225.webp 300w\" sizes=\"auto, (max-width: 720px) 100vw, 720px\" \/><figcaption class=\"wp-element-caption\">Conception \u00e0 grand entonnoir pour une alimentation facile<\/figcaption><\/figure>    <figure class=\"wp-block-image size-large\"><img loading=\"lazy\" decoding=\"async\" width=\"720\" height=\"540\" data-id=\"750\" src=\"https:\/\/fvmachinery.com\/wp-content\/uploads\/2023\/11\/side-view-of-potato-masher-machine.webp\" alt=\"vue lat\u00e9rale du presse-pur\u00e9e\" class=\"wp-image-750\" title=\"\" srcset=\"https:\/\/fvmachinery.com\/wp-content\/uploads\/2023\/11\/side-view-of-potato-masher-machine.webp 720w, https:\/\/fvmachinery.com\/wp-content\/uploads\/2023\/11\/side-view-of-potato-masher-machine-300x225.webp 300w\" sizes=\"auto, (max-width: 720px) 100vw, 720px\" \/><figcaption class=\"wp-element-caption\">Vue lat\u00e9rale de la machine \u00e0 presser les pommes de terre<\/figcaption><\/figure> <\/figure>    <h2 class=\"wp-block-heading\">\u00c0 quoi peut-on utiliser la pur\u00e9e de pommes de terre ?<\/h2>    <p>La pur\u00e9e de pommes de terre peut \u00eatre utilis\u00e9e comme accompagnement d'une vari\u00e9t\u00e9 de plats tels que le steak, le poulet grill\u00e9, le poisson grill\u00e9, etc. Nous pouvons \u00e9galement utiliser la pur\u00e9e de pommes de terre comme plat principal avec diverses viandes, l\u00e9gumes et autres ingr\u00e9dients. La pur\u00e9e de pommes de terre comme collation est encore plus savoureuse, comme les g\u00e2teaux de pur\u00e9e de pommes de terre, les boulettes de pur\u00e9e de pommes de terre, etc.<\/p>    <h2 class=\"wp-block-heading\">Pourquoi choisissons-nous la pur\u00e9e de pommes de terre de Taizy ?<\/h2>    <p class=\"translation-block\">L'usine de machines Taizy produit des machines alimentaires en acier inoxydable 304 et applique strictement la norme de l'UE. Cela garantit la qualit\u00e9 du produit et rend la machine plus durable. Si vous avez besoin de produire de la pur\u00e9e de pommes de terre, nous avons \u00e9galement une s\u00e9lection d'\u00e9plucheuses de pommes de terre et de trancheuses de pommes de terre qui am\u00e9lioreront consid\u00e9rablement la productivit\u00e9 de votre entreprise. <\/p>    <p>La machine \u00e0 pur\u00e9e de pommes de terre Taizy est facile \u00e0 utiliser et \u00e0 nettoyer. La passoire peut prendre en charge la personnalisation, quelle que soit la texture de pur\u00e9e de pommes de terre dont vous avez besoin, nous pouvons personnaliser diff\u00e9rentes sp\u00e9cifications de la passoire pour vous. Taizy Machinery Factory dispose d'un stock important de chaque machine \u00e0 fruits et l\u00e9gumes, si vous en avez besoin, n'h\u00e9sitez pas \u00e0 visiter notre usine.<\/p>    <figure class=\"wp-block-gallery has-nested-images columns-default is-cropped wp-block-gallery-4 is-layout-flex wp-block-gallery-is-layout-flex\"> <figure class=\"wp-block-image size-large\"><img loading=\"lazy\" decoding=\"async\" width=\"720\" height=\"540\" data-id=\"747\" src=\"https:\/\/fvmachinery.com\/wp-content\/uploads\/2023\/11\/easy-to-operate-control-cabinet-design.webp\" alt=\"conception d&#039;armoire de commande facile \u00e0 utiliser\" class=\"wp-image-747\" title=\"\" srcset=\"https:\/\/fvmachinery.com\/wp-content\/uploads\/2023\/11\/easy-to-operate-control-cabinet-design.webp 720w, https:\/\/fvmachinery.com\/wp-content\/uploads\/2023\/11\/easy-to-operate-control-cabinet-design-300x225.webp 300w\" sizes=\"auto, (max-width: 720px) 100vw, 720px\" \/><figcaption class=\"wp-element-caption\">Conception d'armoire de commande facile \u00e0 utiliser<\/figcaption><\/figure>    <figure class=\"wp-block-image size-large\"><img loading=\"lazy\" decoding=\"async\" width=\"720\" height=\"540\" data-id=\"749\" src=\"https:\/\/fvmachinery.com\/wp-content\/uploads\/2023\/11\/roller-design-for-easy-mobility.webp\" alt=\"conception \u00e0 rouleaux pour une mobilit\u00e9 facile\" class=\"wp-image-749\" title=\"\" srcset=\"https:\/\/fvmachinery.com\/wp-content\/uploads\/2023\/11\/roller-design-for-easy-mobility.webp 720w, https:\/\/fvmachinery.com\/wp-content\/uploads\/2023\/11\/roller-design-for-easy-mobility-300x225.webp 300w\" sizes=\"auto, (max-width: 720px) 100vw, 720px\" \/><figcaption class=\"wp-element-caption\">Conception \u00e0 rouleaux pour une mobilit\u00e9 facile<\/figcaption><\/figure> <\/figure>    <h2 class=\"wp-block-heading\">Param\u00e8tres de la machine \u00e0 pur\u00e9e de pommes de terre<\/h2>    <figure class=\"wp-block-table\"><table><tbody><tr><td>Mod\u00e8le<\/td><td>TZ-CY-JN500<\/td><\/tr><tr><td>Pouvoir<\/td><td>15KW<\/td><\/tr><tr><td>Poids<\/td><td>411KG<\/td><\/tr><tr><td>Tension<\/td><td>380 V\/50 Hz<\/td><\/tr><tr><td>Capacit\u00e9<\/td><td>800 kg\/heure<\/td><\/tr><tr><td>Poids brut<\/td><td>443KG  <\/td><\/tr><tr><td>Dimension<\/td><td>1150*690*1710mm<\/td><\/tr><tr><td>Taille du paquet<\/td><td>1270*740*1850mm<\/td><\/tr><\/tbody><\/table><figcaption class=\"wp-element-caption\">Param\u00e8tres de la machine \u00e0 pur\u00e9e de pommes de terre<\/figcaption><\/figure>    <p><\/p>    <p><\/p>","protected":false},"excerpt":{"rendered":"<p>A potato mashing machine is a machine that quickly presses potatoes into a fine puree. It can puree a variety of vegetables such as sweet potatoes, carrots, pumpkins, etc. The potato mashing machine is suitable for the catering industry as well as mashed potato product processing plants. Why Should We Choose a Potato Mashing Machine? [&hellip;]<\/p>\n","protected":false},"author":1,"featured_media":743,"parent":0,"template":"","tags":[],"product-type":[12],"class_list":["post-732","product","type-product","status-publish","has-post-thumbnail","hentry","product-type-cutting-machine"],"_links":{"self":[{"href":"https:\/\/fvmachinery.com\/fr\/wp-json\/wp\/v2\/product\/732","targetHints":{"allow":["GET"]}}],"collection":[{"href":"https:\/\/fvmachinery.com\/fr\/wp-json\/wp\/v2\/product"}],"about":[{"href":"https:\/\/fvmachinery.com\/fr\/wp-json\/wp\/v2\/types\/product"}],"author":[{"embeddable":true,"href":"https:\/\/fvmachinery.com\/fr\/wp-json\/wp\/v2\/users\/1"}],"wp:featuredmedia":[{"embeddable":true,"href":"https:\/\/fvmachinery.com\/fr\/wp-json\/wp\/v2\/media\/743"}],"wp:attachment":[{"href":"https:\/\/fvmachinery.com\/fr\/wp-json\/wp\/v2\/media?parent=732"}],"wp:term":[{"taxonomy":"post_tag","embeddable":true,"href":"https:\/\/fvmachinery.com\/fr\/wp-json\/wp\/v2\/tags?post=732"},{"taxonomy":"product-type","embeddable":true,"href":"https:\/\/fvmachinery.com\/fr\/wp-json\/wp\/v2\/product-type?post=732"}],"curies":[{"name":"wp","href":"https:\/\/api.w.org\/{rel}","templated":true}]}}