{"id":733,"date":"2023-11-17T11:07:43","date_gmt":"2023-11-17T03:07:43","guid":{"rendered":"https:\/\/fvmachinery.com\/?post_type=product&#038;p=733"},"modified":"2023-11-17T18:25:50","modified_gmt":"2023-11-17T10:25:50","slug":"melon-peeling-machine","status":"publish","type":"product","link":"https:\/\/fvmachinery.com\/fr\/product\/melon-peeling-machine\/","title":{"rendered":"Machine \u00e0 \u00e9plucher les melons"},"content":{"rendered":"<p>Une \u00e9plucheuse de melon est une machine principalement utilis\u00e9e pour \u00e9plucher les melons. Il peut peler la citrouille, le melon d'hiver, l'ananas et le jacquier. En raison de sa haute s\u00e9curit\u00e9 et de son pelage rapide, il convient parfaitement aux industries de transformation des aliments et de restauration.<\/p>   <div class=\"wp-block-image\"> <figure class=\"aligncenter size-full\"><img loading=\"lazy\" decoding=\"async\" width=\"720\" height=\"540\" src=\"https:\/\/fvmachinery.com\/wp-content\/uploads\/2023\/11\/melon-peeling-machine.webp\" alt=\"machine \u00e0 \u00e9plucher le melon\" class=\"wp-image-772\" title=\"\" srcset=\"https:\/\/fvmachinery.com\/wp-content\/uploads\/2023\/11\/melon-peeling-machine.webp 720w, https:\/\/fvmachinery.com\/wp-content\/uploads\/2023\/11\/melon-peeling-machine-300x225.webp 300w\" sizes=\"auto, (max-width: 720px) 100vw, 720px\" \/><figcaption class=\"wp-element-caption\">machine \u00e0 \u00e9plucher le melon<\/figcaption><\/figure> <\/div>   <h2 class=\"wp-block-heading\">Comment utiliser une machine \u00e0 \u00e9plucher le melon ?<\/h2>    <p>Tout d\u2019abord, nous nettoyons la peau des melons ou des fruits qui doivent \u00eatre pel\u00e9s. Si nous devons traiter une grande quantit\u00e9 de melons et de fruits, nous pouvons utiliser une machine de nettoyage de fruits et l\u00e9gumes pour les nettoyer. Ensuite, nous avons plac\u00e9 les fruits nettoy\u00e9s sur la pointe du couteau \u00e0 trois pointes pour les fixer. Une fois la machine allum\u00e9e, elle reconna\u00eetra automatiquement les fruits fix\u00e9s. Apr\u00e8s avoir jug\u00e9 la forme et la taille des fruits, l\u2019\u00e9plucheur commence \u00e0 peler rapidement. le pelage peut donc \u00eatre facilement effectu\u00e9 en une seule fois.<\/p>    <figure class=\"wp-block-gallery has-nested-images columns-default is-cropped wp-block-gallery-2 is-layout-flex wp-block-gallery-is-layout-flex\"> <figure class=\"wp-block-image size-large\"><img loading=\"lazy\" decoding=\"async\" width=\"720\" height=\"540\" data-id=\"761\" src=\"https:\/\/fvmachinery.com\/wp-content\/uploads\/2023\/11\/easy-to-operate-control-cabinet.webp\" alt=\"armoire de commande facile \u00e0 utiliser\" class=\"wp-image-761\" title=\"\" srcset=\"https:\/\/fvmachinery.com\/wp-content\/uploads\/2023\/11\/easy-to-operate-control-cabinet.webp 720w, https:\/\/fvmachinery.com\/wp-content\/uploads\/2023\/11\/easy-to-operate-control-cabinet-300x225.webp 300w\" sizes=\"auto, (max-width: 720px) 100vw, 720px\" \/><figcaption class=\"wp-element-caption\">Armoire de commande facile \u00e0 utiliser<\/figcaption><\/figure>    <figure class=\"wp-block-image size-large\"><img loading=\"lazy\" decoding=\"async\" width=\"720\" height=\"540\" data-id=\"759\" src=\"https:\/\/fvmachinery.com\/wp-content\/uploads\/2023\/11\/carabiner-and-sharpener-design-simple-and-generous.webp\" alt=\"conception de mousqueton et d&#039;aff\u00fbteur, simple et g\u00e9n\u00e9reuse\" class=\"wp-image-759\" title=\"\" srcset=\"https:\/\/fvmachinery.com\/wp-content\/uploads\/2023\/11\/carabiner-and-sharpener-design-simple-and-generous.webp 720w, https:\/\/fvmachinery.com\/wp-content\/uploads\/2023\/11\/carabiner-and-sharpener-design-simple-and-generous-300x225.webp 300w\" sizes=\"auto, (max-width: 720px) 100vw, 720px\" \/><figcaption class=\"wp-element-caption\">Conception de mousqueton et d'aff\u00fbteur, simple et g\u00e9n\u00e9reuse<\/figcaption><\/figure> <\/figure>    <h2 class=\"wp-block-heading\">Une machine \u00e0 \u00e9plucher les melons vaut-elle la peine d\u2019\u00eatre achet\u00e9e ?<\/h2>    <p>Une machine \u00e0 \u00e9plucher les melons vaut en effet la peine d\u2019\u00eatre achet\u00e9e. Pour certains petits fruits, l\u2019\u00e9pluchage manuel n\u2019est pas difficile. Le seul inconv\u00e9nient est que l\u2019efficacit\u00e9 n\u2019est pas \u00e9lev\u00e9e. Pour les fruits \u00e0 peau dure comme les ananas, les citrouilles, les jacquiers et autres gros fruits \u00e0 peau \u00e9paisse, le nettoyage et l\u2019\u00e9pluchage manuels seront une t\u00e2che tr\u00e8s ardue. Assurer la s\u00e9curit\u00e9 des travailleurs lorsqu\u2019ils utilisent des couteaux tranchants et tranchants est \u00e9galement difficile. <\/p>    <p>La machine \u00e0 \u00e9plucher le melon peut facilement r\u00e9soudre ces probl\u00e8mes, en garantissant mieux la s\u00e9curit\u00e9 alimentaire et en r\u00e9duisant la pollution. La machine \u00e0 \u00e9plucher les melons peut apporter des avantages \u00e9conomiques et sociaux substantiels aux entreprises et aux particuliers qui doivent transformer des melons et des fruits en grandes quantit\u00e9s.<\/p>    <figure class=\"wp-block-embed is-type-video is-provider-youtube wp-block-embed-youtube wp-embed-aspect-16-9 wp-has-aspect-ratio\"><div class=\"wp-block-embed__wrapper\"> <iframe loading=\"lazy\" title=\"L&#039;ensemble du processus de la machine \u00e0 \u00e9plucher automatiquement les melons est incroyablement efficace\u00a0! #melon #peelingmachine\" width=\"500\" height=\"281\" src=\"https:\/\/www.youtube.com\/embed\/6JUcHi6m7UU?feature=oembed\" frameborder=\"0\" allow=\"accelerometer; autoplay; clipboard-write; encrypted-media; gyroscope; picture-in-picture; web-share\" referrerpolicy=\"strict-origin-when-cross-origin\" allowfullscreen><\/iframe> <\/div><\/figure>    <h2 class=\"wp-block-heading\">Comment choisir une machine \u00e0 \u00e9plucher le melon ?<\/h2>    <p>Tout d\u2019abord, nous devons examiner le mat\u00e9riau, la forme et la quantit\u00e9 de la table de cuisson. Les plaques de cuisson avec une duret\u00e9 plus \u00e9lev\u00e9e ont de meilleurs effets de pelage. Il est recommand\u00e9 de choisir des plaques de cuisson avec une duret\u00e9 plus \u00e9lev\u00e9e comme l'acier alli\u00e9 ou l'acier au tungst\u00e8ne. La forme de la table de cuisson affecte \u00e9galement les r\u00e9sultats du pelage. Une plaque de cuisson ronde p\u00e8le mieux mais est \u00e9galement plus susceptible de se coincer. Nous pouvons choisir des plaques de cuisson rondes, carr\u00e9es ou trap\u00e9zo\u00efdales selon nos besoins. Le nombre de plaques de cuisson affecte la vitesse de pelage. <\/p>    <p>Plus il y a de plaques de cuisson, plus la vitesse de pelage est rapide. Cependant, il est \u00e9galement important de noter que trop de cuissons peuvent entra\u00eener un pelage in\u00e9gal. Nous pouvons choisir le nombre de plaques de cuisson appropri\u00e9 en fonction des diff\u00e9rents mat\u00e9riaux. La hauteur de la peau affectera son \u00e9paisseur. Plus la hauteur de pelage est \u00e9lev\u00e9e, plus l'\u00e9paisseur de pelage est fine. Cependant, il est \u00e9galement important de noter qu\u2019un pelage \u00e0 une hauteur trop \u00e9lev\u00e9e peut endommager la pulpe. Il vaut mieux choisir en fonction du type de fruit \u00e0 \u00e9plucher.<\/p>    <figure class=\"wp-block-gallery has-nested-images columns-default is-cropped wp-block-gallery-3 is-layout-flex wp-block-gallery-is-layout-flex\"> <figure class=\"wp-block-image size-large\"><img loading=\"lazy\" decoding=\"async\" width=\"720\" height=\"540\" data-id=\"766\" src=\"https:\/\/fvmachinery.com\/wp-content\/uploads\/2023\/11\/The-worker-is-testing-the-machine.webp\" alt=\"L&#039;ouvrier teste la machine,\" class=\"wp-image-766\" title=\"\" srcset=\"https:\/\/fvmachinery.com\/wp-content\/uploads\/2023\/11\/The-worker-is-testing-the-machine.webp 720w, https:\/\/fvmachinery.com\/wp-content\/uploads\/2023\/11\/The-worker-is-testing-the-machine-300x225.webp 300w\" sizes=\"auto, (max-width: 720px) 100vw, 720px\" \/><figcaption class=\"wp-element-caption\">Le travailleur teste la machine,<\/figcaption><\/figure>    <figure class=\"wp-block-image size-large\"><img loading=\"lazy\" decoding=\"async\" width=\"720\" height=\"540\" data-id=\"764\" src=\"https:\/\/fvmachinery.com\/wp-content\/uploads\/2023\/11\/single-head-double-head-as-you-choose.webp\" alt=\"simple t\u00eate, double t\u00eate selon votre choix\" class=\"wp-image-764\" title=\"\" srcset=\"https:\/\/fvmachinery.com\/wp-content\/uploads\/2023\/11\/single-head-double-head-as-you-choose.webp 720w, https:\/\/fvmachinery.com\/wp-content\/uploads\/2023\/11\/single-head-double-head-as-you-choose-300x225.webp 300w\" sizes=\"auto, (max-width: 720px) 100vw, 720px\" \/><figcaption class=\"wp-element-caption\">T\u00eate simple, double t\u00eate selon votre choix<\/figcaption><\/figure> <\/figure>    <h2 class=\"wp-block-heading\">Diff\u00e9rents types de machines \u00e0 \u00e9plucher le melon<\/h2>    <p>Taizy Machinery Factory a produit une machine \u00e0 \u00e9plucher le melon mod\u00e8le TZ-ZH-XP1. Son corps est en acier inoxydable 304 et la partie plaque de cuisson est en alliage avec une meilleure duret\u00e9. Les mat\u00e9riaux de Taizy Machinery sont strictement conformes aux normes de l'UE pour garantir la qualit\u00e9 et l'hygi\u00e8ne alimentaires. La partie de contr\u00f4le \u00e9lectronique adopte une technologie plus avanc\u00e9e et peut mieux d\u00e9tecter la forme et la taille des fruits. La partie lame fixe adopte une conception de couteau \u00e0 disque, qui permet de mieux fixer les melons. <\/p>    <p class=\"translation-block\">Les clients l\u2019utilisent bien. Comme il y a beaucoup de fruits \u00e0 traiter, de nombreux clients ont personnalis\u00e9 des machines d\u2019\u00e9pluchage \u00e0 double t\u00eate. L\u2019efficacit\u00e9 a \u00e9t\u00e9 grandement am\u00e9lior\u00e9e, elle prend moins d\u2019espace que d\u2019acheter deux machines s\u00e9par\u00e9ment et est plus efficace. Par cons\u00e9quent, Taizy Factory a lanc\u00e9 la machine d\u2019\u00e9pluchage \u00e0 double t\u00eate TZ-ZH-XP2. Si vous devez acheter une <em><strong><a href=\"https:\/\/fvmachinery.com\/fr\/product\/machine-a-eplucher-la-noix-de-coco\/\" data-type=\"link\" data-id=\"https:\/\/fvmachinery.com\/product\/coconut-peeling-machine\/\">machine d\u2019\u00e9pluchage<\/a><\/strong><\/em>, vous \u00eates invit\u00e9s \u00e0 visiter l\u2019usine Taizy pour l\u2019achat.<\/p>    <figure class=\"wp-block-gallery has-nested-images columns-default is-cropped wp-block-gallery-4 is-layout-flex wp-block-gallery-is-layout-flex\"> <figure class=\"wp-block-image size-large\"><img loading=\"lazy\" decoding=\"async\" width=\"720\" height=\"540\" data-id=\"763\" src=\"https:\/\/fvmachinery.com\/wp-content\/uploads\/2023\/11\/single-head-melon-peeler.webp\" alt=\"\u00e9plucheur de melon \u00e0 une t\u00eate\" class=\"wp-image-763\" title=\"\" srcset=\"https:\/\/fvmachinery.com\/wp-content\/uploads\/2023\/11\/single-head-melon-peeler.webp 720w, https:\/\/fvmachinery.com\/wp-content\/uploads\/2023\/11\/single-head-melon-peeler-300x225.webp 300w\" sizes=\"auto, (max-width: 720px) 100vw, 720px\" \/><figcaption class=\"wp-element-caption\">\u00c9plucheur de melon \u00e0 une t\u00eate<\/figcaption><\/figure>    <figure class=\"wp-block-image size-large\"><img loading=\"lazy\" decoding=\"async\" width=\"720\" height=\"540\" data-id=\"760\" src=\"https:\/\/fvmachinery.com\/wp-content\/uploads\/2023\/11\/double-head-melon-peeler.webp\" alt=\"\u00e9plucheur de melon \u00e0 double t\u00eate\" class=\"wp-image-760\" title=\"\" srcset=\"https:\/\/fvmachinery.com\/wp-content\/uploads\/2023\/11\/double-head-melon-peeler.webp 720w, https:\/\/fvmachinery.com\/wp-content\/uploads\/2023\/11\/double-head-melon-peeler-300x225.webp 300w\" sizes=\"auto, (max-width: 720px) 100vw, 720px\" \/><figcaption class=\"wp-element-caption\">\u00c9plucheur de melon \u00e0 double t\u00eate<\/figcaption><\/figure> <\/figure>    <h2 class=\"wp-block-heading\">Param\u00e8tres de la machine \u00e0 \u00e9plucher le melon<\/h2>    <figure class=\"wp-block-table\"><table><tbody><tr><td>Mod\u00e8le<\/td><td>TZ-ZH-XP1<\/td><td>TZ-ZH-XP2<\/td><\/tr><tr><td>Pouvoir<\/td><td>0,75 kW<\/td><td>1,5KW<\/td><\/tr><tr><td>Tension<\/td><td>380V<\/td><td>380V<\/td><\/tr><tr><td>Poids<\/td><td>95 kg<\/td><td>190 kg<\/td><\/tr><tr><td>Capacit\u00e9<\/td><td>120 pi\u00e8ces\/heure<\/td><td>230 pi\u00e8ces\/heure<\/td><\/tr><tr><td>Taille<\/td><td>750*500*1800mm<\/td><td>1200*720*1800mm<\/td><\/tr><\/tbody><\/table><figcaption class=\"wp-element-caption\">Param\u00e8tres de la machine \u00e0 \u00e9plucher le melon<\/figcaption><\/figure>    <p><\/p>    <p><\/p>    <p><\/p>    <p><\/p>    <p><\/p>    <p><br>\u200b<\/p>","protected":false},"excerpt":{"rendered":"<p>A melon peeling machine is a machine mainly used for peeling melons. It can peel pumpkin, winter melon, pineapple, and jackfruit. Because of its high safety and quick peeling, it is very suitable for food processing and catering industries. How to Use a Melon Peeling Machine? First, we clean the skins of the melons or [&hellip;]<\/p>\n","protected":false},"author":1,"featured_media":772,"parent":0,"template":"","tags":[],"product-type":[13],"class_list":["post-733","product","type-product","status-publish","has-post-thumbnail","hentry","product-type-peeling-machine"],"_links":{"self":[{"href":"https:\/\/fvmachinery.com\/fr\/wp-json\/wp\/v2\/product\/733","targetHints":{"allow":["GET"]}}],"collection":[{"href":"https:\/\/fvmachinery.com\/fr\/wp-json\/wp\/v2\/product"}],"about":[{"href":"https:\/\/fvmachinery.com\/fr\/wp-json\/wp\/v2\/types\/product"}],"author":[{"embeddable":true,"href":"https:\/\/fvmachinery.com\/fr\/wp-json\/wp\/v2\/users\/1"}],"wp:featuredmedia":[{"embeddable":true,"href":"https:\/\/fvmachinery.com\/fr\/wp-json\/wp\/v2\/media\/772"}],"wp:attachment":[{"href":"https:\/\/fvmachinery.com\/fr\/wp-json\/wp\/v2\/media?parent=733"}],"wp:term":[{"taxonomy":"post_tag","embeddable":true,"href":"https:\/\/fvmachinery.com\/fr\/wp-json\/wp\/v2\/tags?post=733"},{"taxonomy":"product-type","embeddable":true,"href":"https:\/\/fvmachinery.com\/fr\/wp-json\/wp\/v2\/product-type?post=733"}],"curies":[{"name":"wp","href":"https:\/\/api.w.org\/{rel}","templated":true}]}}