{"id":737,"date":"2023-11-20T16:50:42","date_gmt":"2023-11-20T08:50:42","guid":{"rendered":"https:\/\/fvmachinery.com\/?post_type=product&#038;p=737"},"modified":"2023-12-07T15:06:08","modified_gmt":"2023-12-07T07:06:08","slug":"screw-juicer-machine","status":"publish","type":"product","link":"https:\/\/fvmachinery.com\/fr\/product\/presse-agrumes-a-vis\/","title":{"rendered":"Presse-agrumes \u00e0 vis"},"content":{"rendered":"<p>Une presse-agrumes \u00e0 vis, \u00e9galement connue sous le nom de presse \u00e0 froid, extrait le jus des fruits et l\u00e9gumes en les pressant \u00e0 travers deux arbres \u00e0 vis rotatifs. En raison de la plus grande taille du presse-agrumes \u00e0 double vis, il convient aux transformateurs de lait de noix, de fruits et l\u00e9gumes et \u00e0 d'autres endroits o\u00f9 il y a une plus grande demande de jus. Ici, nous examinerons de plus pr\u00e8s la structure, l\u2019utilisation, les avantages et les utilisations d\u2019une presse-agrumes \u00e0 vis.<\/p>    <figure class=\"wp-block-image size-full\"><img loading=\"lazy\" decoding=\"async\" width=\"720\" height=\"540\" src=\"https:\/\/fvmachinery.com\/wp-content\/uploads\/2023\/11\/screw-juicer-machine.webp\" alt=\"presse-agrumes \u00e0 vis\" class=\"wp-image-785\" title=\"\" srcset=\"https:\/\/fvmachinery.com\/wp-content\/uploads\/2023\/11\/screw-juicer-machine.webp 720w, https:\/\/fvmachinery.com\/wp-content\/uploads\/2023\/11\/screw-juicer-machine-300x225.webp 300w\" sizes=\"auto, (max-width: 720px) 100vw, 720px\" \/><figcaption class=\"wp-element-caption\">Presse-agrumes \u00e0 vis<\/figcaption><\/figure>    <h2 class=\"wp-block-heading\">Structure de la machine \u00e0 presse-agrumes \u00e0 vis<\/h2>    <p>Le presse-agrumes \u00e0 double vis se compose principalement d'une tr\u00e9mie d'alimentation, d'une double vis, d'une passoire et d'une sortie de jus.<br>La tr\u00e9mie d'alimentation est utilis\u00e9e pour mettre les fruits et l\u00e9gumes dans le presse-agrumes. La double vis est le composant central d'un presse-agrumes \u00e0 double vis, qui se compose de deux vis dont la forme et la taille peuvent \u00eatre ajust\u00e9es en fonction des diff\u00e9rents fruits et l\u00e9gumes.<\/p>    <p> Le filtre est utilis\u00e9 pour s\u00e9parer le jus et le marc, la densit\u00e9 du maillage peut \u00eatre s\u00e9lectionn\u00e9e en fonction de diff\u00e9rents fruits et l\u00e9gumes ainsi que de diff\u00e9rentes exigences gustatives. Une sortie de jus est utilis\u00e9e pour sortir le jus press\u00e9.<\/p>    <figure class=\"wp-block-gallery has-nested-images columns-default is-cropped wp-block-gallery-2 is-layout-flex wp-block-gallery-is-layout-flex\"> <figure class=\"wp-block-image size-large\"><img loading=\"lazy\" decoding=\"async\" width=\"800\" height=\"800\" data-id=\"786\" src=\"https:\/\/fvmachinery.com\/wp-content\/uploads\/2023\/11\/The-body-is-made-of-sus304-stainless-steel.webp\" alt=\"Le corps est en acier inoxydable sus304.\" class=\"wp-image-786\" title=\"\" srcset=\"https:\/\/fvmachinery.com\/wp-content\/uploads\/2023\/11\/The-body-is-made-of-sus304-stainless-steel.webp 800w, https:\/\/fvmachinery.com\/wp-content\/uploads\/2023\/11\/The-body-is-made-of-sus304-stainless-steel-300x300.webp 300w, https:\/\/fvmachinery.com\/wp-content\/uploads\/2023\/11\/The-body-is-made-of-sus304-stainless-steel-150x150.webp 150w, https:\/\/fvmachinery.com\/wp-content\/uploads\/2023\/11\/The-body-is-made-of-sus304-stainless-steel-768x768.webp 768w\" sizes=\"auto, (max-width: 800px) 100vw, 800px\" \/><figcaption class=\"wp-element-caption\">Le corps est en acier inoxydable Sus304.<\/figcaption><\/figure>    <figure class=\"wp-block-image size-large\"><img loading=\"lazy\" decoding=\"async\" width=\"720\" height=\"540\" data-id=\"787\" src=\"https:\/\/fvmachinery.com\/wp-content\/uploads\/2023\/11\/medium-sized-screw-juice-extractor.webp\" alt=\"extracteur de jus \u00e0 vis de taille moyenne\" class=\"wp-image-787\" title=\"\" srcset=\"https:\/\/fvmachinery.com\/wp-content\/uploads\/2023\/11\/medium-sized-screw-juice-extractor.webp 720w, https:\/\/fvmachinery.com\/wp-content\/uploads\/2023\/11\/medium-sized-screw-juice-extractor-300x225.webp 300w\" sizes=\"auto, (max-width: 720px) 100vw, 720px\" \/><figcaption class=\"wp-element-caption\">Extracteur de jus \u00e0 vis de taille moyenne<\/figcaption><\/figure> <\/figure>    <h2 class=\"wp-block-heading\">Comment utiliser une presse-agrumes \u00e0 vis ?<\/h2>    <p class=\"translation-block\">Tout d'abord, nous nettoyons les fruits et l\u00e9gumes, nous pouvons \u00e9galement les laver \u00e0 l'aide d'une <strong><em><a href=\"https:\/\/fvmachinery.com\/fr\/product\/machine-delimination-des-debris-vegetaux\/\" data-type=\"link\" data-id=\"https:\/\/fvmachinery.com\/product\/vegetable-debris-removal-machine\/\">machine \u00e0 laver les fruits et l\u00e9gumes<\/a><\/em><\/strong> et introduisons les fruits ou l\u00e9gumes propres dans l'alimentateur. Ensuite, appuyez sur l'interrupteur et la double vis commence \u00e0 tourner. En pressant les fruits et l\u00e9gumes avec la double vis, le jus et le marc sont s\u00e9par\u00e9s. Le jus s'\u00e9coule \u00e0 travers le filtre et est collect\u00e9 dans le bac collecteur, tandis que le marc est \u00e9vacu\u00e9 par la sortie de marc.<\/p>    <figure class=\"wp-block-gallery has-nested-images columns-default is-cropped wp-block-gallery-3 is-layout-flex wp-block-gallery-is-layout-flex\"> <figure class=\"wp-block-image size-large\"><img loading=\"lazy\" decoding=\"async\" width=\"720\" height=\"540\" data-id=\"788\" src=\"https:\/\/fvmachinery.com\/wp-content\/uploads\/2023\/11\/Removable-parts-for-easy-cleaning.webp\" alt=\"pi\u00e8ces amovibles pour un nettoyage facile\" class=\"wp-image-788\" title=\"\" srcset=\"https:\/\/fvmachinery.com\/wp-content\/uploads\/2023\/11\/Removable-parts-for-easy-cleaning.webp 720w, https:\/\/fvmachinery.com\/wp-content\/uploads\/2023\/11\/Removable-parts-for-easy-cleaning-300x225.webp 300w\" sizes=\"auto, (max-width: 720px) 100vw, 720px\" \/><figcaption class=\"wp-element-caption\">Pi\u00e8ces amovibles pour un nettoyage facile<\/figcaption><\/figure>    <figure class=\"wp-block-image size-large\"><img loading=\"lazy\" decoding=\"async\" width=\"720\" height=\"540\" data-id=\"789\" src=\"https:\/\/fvmachinery.com\/wp-content\/uploads\/2023\/11\/The-density-of-the-filter-can-support-customization.webp\" alt=\"La densit\u00e9 du filtre peut prendre en charge la personnalisation.\" class=\"wp-image-789\" title=\"\" srcset=\"https:\/\/fvmachinery.com\/wp-content\/uploads\/2023\/11\/The-density-of-the-filter-can-support-customization.webp 720w, https:\/\/fvmachinery.com\/wp-content\/uploads\/2023\/11\/The-density-of-the-filter-can-support-customization-300x225.webp 300w\" sizes=\"auto, (max-width: 720px) 100vw, 720px\" \/><figcaption class=\"wp-element-caption\">La densit\u00e9 du filtre peut prendre en charge la personnalisation.<\/figcaption><\/figure> <\/figure>    <h2 class=\"wp-block-heading\">Quels sont les avantages d'une machine \u00e0 jus \u00e0 vis\u00a0?<\/h2>    <p>Le presse-agrumes \u00e0 vis a un rendement en jus \u00e9lev\u00e9. Le presse-agrumes adopte une extrusion \u00e0 vis pour extraire le jus, ce qui peut presser efficacement les fruits et l\u00e9gumes et augmenter le taux de rendement du jus. D'une mani\u00e8re g\u00e9n\u00e9rale, le rendement en jus de la centrifugeuse \u00e0 double vis peut atteindre plus de 80%.<\/p>    <p>Le jus extrait par vis \u00e0 basse vitesse a bon go\u00fbt. Le presse-agrumes \u00e0 double vis peut s\u00e9parer les fibres des fruits et l\u00e9gumes, rendant le go\u00fbt du jus plus d\u00e9licat. En m\u00eame temps, cela peut r\u00e9duire l'oxydation du jus, de sorte que les nutriments du jus puissent \u00eatre mieux pr\u00e9serv\u00e9s. Le fonctionnement de la machine est tr\u00e8s simple, il suffit de mettre les fruits et l\u00e9gumes dans la tr\u00e9mie d'alimentation.<\/p>    <p>De plus, la machine pr\u00e9sente les avantages suivants : moins de bruit gr\u00e2ce \u00e0 la vitesse de rotation plus faible de la machine \u00e0 double vis. Chaque presse-agrumes \u00e0 vis produite par Taizy est \u00e9quip\u00e9e d'un couvercle de protection qui emp\u00eache les fruits et l\u00e9gumes d'\u00eatre \u00e9clabouss\u00e9s. La machine est \u00e9galement facile \u00e0 nettoyer car ses pi\u00e8ces sont amovibles.<\/p>    <figure class=\"wp-block-gallery has-nested-images columns-default is-cropped wp-block-gallery-4 is-layout-flex wp-block-gallery-is-layout-flex\"> <figure class=\"wp-block-image size-large\"><img loading=\"lazy\" decoding=\"async\" width=\"720\" height=\"540\" data-id=\"790\" src=\"https:\/\/fvmachinery.com\/wp-content\/uploads\/2023\/11\/double-helix-configuration-.webp\" alt=\"configuration \u00e0 double h\u00e9lice\" class=\"wp-image-790\" title=\"\" srcset=\"https:\/\/fvmachinery.com\/wp-content\/uploads\/2023\/11\/double-helix-configuration-.webp 720w, https:\/\/fvmachinery.com\/wp-content\/uploads\/2023\/11\/double-helix-configuration--300x225.webp 300w\" sizes=\"auto, (max-width: 720px) 100vw, 720px\" \/><figcaption class=\"wp-element-caption\">Configuration \u00e0 double h\u00e9lice<\/figcaption><\/figure>    <figure class=\"wp-block-image size-large\"><img loading=\"lazy\" decoding=\"async\" width=\"720\" height=\"540\" data-id=\"791\" src=\"https:\/\/fvmachinery.com\/wp-content\/uploads\/2023\/11\/customized-machine-with-raised-inlet.webp\" alt=\"machine personnalis\u00e9e avec entr\u00e9e sur\u00e9lev\u00e9e\" class=\"wp-image-791\" title=\"\" srcset=\"https:\/\/fvmachinery.com\/wp-content\/uploads\/2023\/11\/customized-machine-with-raised-inlet.webp 720w, https:\/\/fvmachinery.com\/wp-content\/uploads\/2023\/11\/customized-machine-with-raised-inlet-300x225.webp 300w\" sizes=\"auto, (max-width: 720px) 100vw, 720px\" \/><figcaption class=\"wp-element-caption\">Machine personnalis\u00e9e avec entr\u00e9e sur\u00e9lev\u00e9e<\/figcaption><\/figure> <\/figure>    <h2 class=\"wp-block-heading\">Presse-agrumes \u00e0 vis\u00a0: machine polyvalente<\/h2>    <p>La machine \u00e0 jus \u00e0 vis peut \u00eatre utilis\u00e9e pour l'extraction et la d\u00e9shydratation du jus. Il peut \u00eatre utilis\u00e9 pour extraire des fruits et l\u00e9gumes contenant certaines fibres telles que le gingembre, les herbes chinoises, le jujube, etc. Il peut \u00e9galement \u00eatre utilis\u00e9 pour extraire en continu de petits fruits avec des branches telles que les baies d'argousier, et son trou de tamis peut \u00eatre personnalis\u00e9 en fonction \u00e0 la taille des baies d'argousier. Diff\u00e9rent du presse-agrumes g\u00e9n\u00e9ral, le presse-agrumes \u00e0 double vis est \u00e9galement utilis\u00e9 dans l'industrie de la protection de l'environnement, les d\u00e9chets du march\u00e9, le pressage des d\u00e9chets de cuisine et la d\u00e9shydratation.<\/p>    <h2 class=\"wp-block-heading\">Param\u00e8tres des machines de presse-agrumes \u00e0 vis<\/h2>    <figure class=\"wp-block-table\"><table><tbody><tr><td colspan=\"2\">Mod\u00e8le<\/td><td>TZ-15<\/td><td>TZ-30<\/td><td>TZ-50<\/td><td>TZ-100<\/td><td>TZ-150<\/td><\/tr><tr><td colspan=\"2\">Capacit\u00e9<\/td><td>1 tonne\/h<\/td><td>1,5 t\/h<\/td><td>4 t\/h<\/td><td>7 t\/h<\/td><td>13 t\/h<\/td><\/tr><tr><td rowspan=\"2\">Vis de transport<\/td><td>diam\u00e8tre<\/td><td>260 millim\u00e8tres<\/td><td>350 millim\u00e8tres<\/td><td>420 millim\u00e8tres<\/td><td>500 millim\u00e8tres<\/td><td>600 millim\u00e8tres<\/td><\/tr><tr><td>pas<\/td><td>150 millim\u00e8tres<\/td><td>200 millim\u00e8tres<\/td><td>210 millim\u00e8tres<\/td><td>280 millim\u00e8tres<\/td><td>280 millim\u00e8tres<\/td><\/tr><tr><td rowspan=\"2\">Vis de presse<\/td><td>diam\u00e8tre<\/td><td>260 millim\u00e8tres<\/td><td>350 millim\u00e8tres<\/td><td>420 millim\u00e8tres<\/td><td>500 millim\u00e8tres<\/td><td>600 millim\u00e8tres<\/td><\/tr><tr><td>vitesse<\/td><td>10 tr\/min<\/td><td>10 tr\/min<\/td><td>10 tr\/min<\/td><td>10 tr\/min<\/td><td>10 tr\/min<\/td><\/tr><tr><td colspan=\"2\">Pouvoir<\/td><td>5,5 kW<\/td><td>7,5 kW<\/td><td>11 kW<\/td><td>18,5 kW<\/td><td>22 kW<\/td><\/tr><tr><td colspan=\"2\">Diam\u00e8tre de l'\u00e9cran<\/td><td>270 millim\u00e8tres<\/td><td>360 millim\u00e8tres<\/td><td>430 millim\u00e8tres<\/td><td>510 millim\u00e8tres<\/td><td>610 millim\u00e8tres<\/td><\/tr><tr><td colspan=\"2\">Ouverture de l'\u00e9cran<\/td><td>1,5 mm<\/td><td>1,5 mm<\/td><td>2*40mm<\/td><td>2*40mm<\/td><td>2*40mm<\/td><\/tr><tr><td colspan=\"2\">Taille M)<\/td><td>2.2*0.6*0.9<\/td><td>3.5*0.7*1<\/td><td>3.5*1*1.5<\/td><td>3.8*1.1*1.7<\/td><td>4.5*1.1*1.65<\/td><\/tr><tr><td colspan=\"2\">Poids (kg)<\/td><td>650 kg<\/td><td>1200 kg<\/td><td>2550 kg<\/td><td>2950kg<\/td><td>4200 kg<\/td><\/tr><\/tbody><\/table><figcaption class=\"wp-element-caption\">Param\u00e8tres des machines de presse-agrumes \u00e0 vis<\/figcaption><\/figure>","protected":false},"excerpt":{"rendered":"<p>A screw juicer machine, also known as a cold press, extracts juice from fruits and vegetables by squeezing them through two rotating screw shafts. Due to the larger size of the twin screw juicer, it is suitable for nut milk, fruit and vegetable processors, and other places where there is a greater demand for juice. [&hellip;]<\/p>\n","protected":false},"author":1,"featured_media":785,"parent":0,"template":"","tags":[],"product-type":[30],"class_list":["post-737","product","type-product","status-publish","has-post-thumbnail","hentry","product-type-juicing-machine"],"_links":{"self":[{"href":"https:\/\/fvmachinery.com\/fr\/wp-json\/wp\/v2\/product\/737","targetHints":{"allow":["GET"]}}],"collection":[{"href":"https:\/\/fvmachinery.com\/fr\/wp-json\/wp\/v2\/product"}],"about":[{"href":"https:\/\/fvmachinery.com\/fr\/wp-json\/wp\/v2\/types\/product"}],"author":[{"embeddable":true,"href":"https:\/\/fvmachinery.com\/fr\/wp-json\/wp\/v2\/users\/1"}],"wp:featuredmedia":[{"embeddable":true,"href":"https:\/\/fvmachinery.com\/fr\/wp-json\/wp\/v2\/media\/785"}],"wp:attachment":[{"href":"https:\/\/fvmachinery.com\/fr\/wp-json\/wp\/v2\/media?parent=737"}],"wp:term":[{"taxonomy":"post_tag","embeddable":true,"href":"https:\/\/fvmachinery.com\/fr\/wp-json\/wp\/v2\/tags?post=737"},{"taxonomy":"product-type","embeddable":true,"href":"https:\/\/fvmachinery.com\/fr\/wp-json\/wp\/v2\/product-type?post=737"}],"curies":[{"name":"wp","href":"https:\/\/api.w.org\/{rel}","templated":true}]}}