{"id":738,"date":"2023-11-17T10:10:28","date_gmt":"2023-11-17T02:10:28","guid":{"rendered":"https:\/\/fvmachinery.com\/?post_type=product&#038;p=738"},"modified":"2023-11-17T10:10:30","modified_gmt":"2023-11-17T02:10:30","slug":"coconut-grinding-machine","status":"publish","type":"product","link":"https:\/\/fvmachinery.com\/fr\/product\/broyeur-de-noix-de-coco\/","title":{"rendered":"Rectifieuse de noix de coco"},"content":{"rendered":"<p>Une rectifieuse de noix de coco est une machine utilis\u00e9e pour broyer la chair de noix de coco en poudre. Il peut \u00eatre utilis\u00e9 pour produire du lait de coco, de l\u2019huile de coco, de la farine de coco, etc. Il est largement utilis\u00e9 dans l\u2019industrie alimentaire et l\u2019industrie cosm\u00e9tique. Apprenons-en ensuite davantage sur le broyeur de noix de coco, son fonctionnement, son utilisation et les applications sp\u00e9cifiques de la poudre de noix de coco.<\/p>   <div class=\"wp-block-image\"> <figure class=\"aligncenter size-full\"><img loading=\"lazy\" decoding=\"async\" width=\"720\" height=\"540\" src=\"https:\/\/fvmachinery.com\/wp-content\/uploads\/2023\/11\/coconut-grinding-machine.webp\" alt=\"broyeur de noix de coco\" class=\"wp-image-751\" title=\"\" srcset=\"https:\/\/fvmachinery.com\/wp-content\/uploads\/2023\/11\/coconut-grinding-machine.webp 720w, https:\/\/fvmachinery.com\/wp-content\/uploads\/2023\/11\/coconut-grinding-machine-300x225.webp 300w\" sizes=\"auto, (max-width: 720px) 100vw, 720px\" \/><figcaption class=\"wp-element-caption\">broyeur de noix de coco<\/figcaption><\/figure> <\/div>   <h2 class=\"wp-block-heading\">Principe de fonctionnement de la rectifieuse de noix de coco<\/h2>    <p>Le moulin \u00e0 noix de coco se compose principalement d'une entr\u00e9e d'alimentation, d'une chambre de broyage, d'un support de broyage, d'un syst\u00e8me d'entra\u00eenement et d'une entr\u00e9e de d\u00e9charge. Nous mettons la chair de noix de coco pr\u00e9par\u00e9e dans la chambre de broyage situ\u00e9e dans l'orifice d'alimentation. La chambre de broyage commence \u00e0 tourner et m\u00e9lange la chair de noix de coco avec le support de broyage. Le support de broyage interagit avec la chair de noix de coco et broie la chair de noix de coco en poudre. La poudre est d\u00e9charg\u00e9e par l'orifice de d\u00e9charge. La fine poudre de noix de coco se pr\u00e9pare si facilement.<\/p>    <figure class=\"wp-block-gallery has-nested-images columns-default is-cropped wp-block-gallery-2 is-layout-flex wp-block-gallery-is-layout-flex\"> <figure class=\"wp-block-image size-large\"><img loading=\"lazy\" decoding=\"async\" width=\"720\" height=\"540\" data-id=\"753\" src=\"https:\/\/fvmachinery.com\/wp-content\/uploads\/2023\/11\/Coconut-grinding-machine-is-at-work.webp\" alt=\"La rectifieuse de noix de coco est en marche.\" class=\"wp-image-753\" title=\"\" srcset=\"https:\/\/fvmachinery.com\/wp-content\/uploads\/2023\/11\/Coconut-grinding-machine-is-at-work.webp 720w, https:\/\/fvmachinery.com\/wp-content\/uploads\/2023\/11\/Coconut-grinding-machine-is-at-work-300x225.webp 300w\" sizes=\"auto, (max-width: 720px) 100vw, 720px\" \/><figcaption class=\"wp-element-caption\">La rectifieuse de noix de coco est au travail.<\/figcaption><\/figure>    <figure class=\"wp-block-image size-large\"><img loading=\"lazy\" decoding=\"async\" width=\"720\" height=\"540\" data-id=\"752\" src=\"https:\/\/fvmachinery.com\/wp-content\/uploads\/2023\/11\/coconut-flour-milled-in-a-coconut-flour-machine.webp\" alt=\"farine de noix de coco moulue dans une machine \u00e0 farine de noix de coco\" class=\"wp-image-752\" title=\"\" srcset=\"https:\/\/fvmachinery.com\/wp-content\/uploads\/2023\/11\/coconut-flour-milled-in-a-coconut-flour-machine.webp 720w, https:\/\/fvmachinery.com\/wp-content\/uploads\/2023\/11\/coconut-flour-milled-in-a-coconut-flour-machine-300x225.webp 300w\" sizes=\"auto, (max-width: 720px) 100vw, 720px\" \/><figcaption class=\"wp-element-caption\">Farine de noix de coco moulue dans une machine \u00e0 farine de noix de coco<\/figcaption><\/figure> <\/figure>    <h2 class=\"wp-block-heading\">Avantages de la rectifieuse de noix de coco<\/h2>    <p>La machine \u00e0 farine de noix de coco est facile \u00e0 utiliser, il suffit de mettre la viande de noix de coco dans la machine et d'appuyer sur le bouton de d\u00e9marrage. La machine est relativement compacte et pr\u00e9sente un faible encombrement, ce qui la rend adapt\u00e9e \u00e0 de nombreux endroits. <\/p>    <p>Comme la machine adopte une m\u00e9thode de production continue, elle peut traiter simultan\u00e9ment une grande quantit\u00e9 de viande de noix de coco avec un rendement \u00e9lev\u00e9. Par rapport au broyage manuel, le broyage m\u00e9canique peut contr\u00f4ler la taille des particules du broyage en ajustant la taille du support de broyage et le temps de broyage, et les particules de broyage sont \u00e9galement plus uniformes.<\/p>    <figure class=\"wp-block-gallery has-nested-images columns-default is-cropped wp-block-gallery-3 is-layout-flex wp-block-gallery-is-layout-flex\"> <figure class=\"wp-block-image size-large\"><img loading=\"lazy\" decoding=\"async\" width=\"720\" height=\"540\" data-id=\"755\" src=\"https:\/\/fvmachinery.com\/wp-content\/uploads\/2023\/11\/small-coconut-flour-machines.webp\" alt=\"petites machines \u00e0 farine de noix de coco\" class=\"wp-image-755\" title=\"\" srcset=\"https:\/\/fvmachinery.com\/wp-content\/uploads\/2023\/11\/small-coconut-flour-machines.webp 720w, https:\/\/fvmachinery.com\/wp-content\/uploads\/2023\/11\/small-coconut-flour-machines-300x225.webp 300w\" sizes=\"auto, (max-width: 720px) 100vw, 720px\" \/><figcaption class=\"wp-element-caption\">Petites machines \u00e0 farine de noix de coco<\/figcaption><\/figure>    <figure class=\"wp-block-image size-large\"><img loading=\"lazy\" decoding=\"async\" width=\"720\" height=\"540\" data-id=\"754\" src=\"https:\/\/fvmachinery.com\/wp-content\/uploads\/2023\/11\/The-body-is-made-of-304-stainless-steel.webp\" alt=\"Le corps est en acier inoxydable 304.\" class=\"wp-image-754\" title=\"\" srcset=\"https:\/\/fvmachinery.com\/wp-content\/uploads\/2023\/11\/The-body-is-made-of-304-stainless-steel.webp 720w, https:\/\/fvmachinery.com\/wp-content\/uploads\/2023\/11\/The-body-is-made-of-304-stainless-steel-300x225.webp 300w\" sizes=\"auto, (max-width: 720px) 100vw, 720px\" \/><figcaption class=\"wp-element-caption\">Le corps est en acier inoxydable 304.<\/figcaption><\/figure> <\/figure>    <h2 class=\"wp-block-heading\">Quelles sont les caract\u00e9ristiques des machines Taizy ?<\/h2>    <p>Les machines alimentaires Taizy se vendent bien partout dans le monde et comptent un grand nombre de fans fid\u00e8les. Taizy Machinery Factory a toujours adh\u00e9r\u00e9 \u00e0 la mission de \u00ab\u00a0Laisser les machines chinoises changer tous les coins du monde\u00a0\u00bb, les normes de l'Union europ\u00e9enne appliquent strictement chaque machine alimentaire, le corps est en acier inoxydable 304, r\u00e9sistant \u00e0 la corrosion et offrant une s\u00e9curit\u00e9 \u00e9lev\u00e9e. caract\u00e9ristiques.<\/p>    <p> Pour garantir que le fonctionnement de la machine soit plus pratique, la machine alimentaire de Taizy est \u00e9quip\u00e9e d'une armoire de commande simple et g\u00e9n\u00e9reuse, en un coup d'\u0153il. En termes de service apr\u00e8s-vente, Taizy met \u00e0 disposition une \u00e9quipe de techniciens professionnels pour garantir que chaque client puisse exp\u00e9rimenter la joie qu'une machine de qualit\u00e9 peut apporter dans sa vie.<\/p>    <figure class=\"wp-block-gallery has-nested-images columns-default is-cropped wp-block-gallery-4 is-layout-flex wp-block-gallery-is-layout-flex\"> <figure class=\"wp-block-image size-large\"><img loading=\"lazy\" decoding=\"async\" width=\"720\" height=\"540\" data-id=\"756\" src=\"https:\/\/fvmachinery.com\/wp-content\/uploads\/2023\/11\/delicious-coconut-flour-products.webp\" alt=\"d\u00e9licieux produits \u00e0 base de farine de noix de coco\" class=\"wp-image-756\" title=\"\" srcset=\"https:\/\/fvmachinery.com\/wp-content\/uploads\/2023\/11\/delicious-coconut-flour-products.webp 720w, https:\/\/fvmachinery.com\/wp-content\/uploads\/2023\/11\/delicious-coconut-flour-products-300x225.webp 300w\" sizes=\"auto, (max-width: 720px) 100vw, 720px\" \/><figcaption class=\"wp-element-caption\">D\u00e9licieux produits \u00e0 base de farine de noix de coco<\/figcaption><\/figure>    <figure class=\"wp-block-image size-large\"><img loading=\"lazy\" decoding=\"async\" width=\"720\" height=\"540\" data-id=\"757\" src=\"https:\/\/fvmachinery.com\/wp-content\/uploads\/2023\/11\/The-manager-is-introducing-the-machine-to-the-foreigner.webp\" alt=\"Le g\u00e9rant pr\u00e9sente la machine \u00e0 l&#039;\u00e9tranger.\" class=\"wp-image-757\" title=\"\" srcset=\"https:\/\/fvmachinery.com\/wp-content\/uploads\/2023\/11\/The-manager-is-introducing-the-machine-to-the-foreigner.webp 720w, https:\/\/fvmachinery.com\/wp-content\/uploads\/2023\/11\/The-manager-is-introducing-the-machine-to-the-foreigner-300x225.webp 300w\" sizes=\"auto, (max-width: 720px) 100vw, 720px\" \/><figcaption class=\"wp-element-caption\">Le directeur pr\u00e9sente la machine \u00e0 l'\u00e9tranger.<\/figcaption><\/figure> <\/figure>    <h2 class=\"wp-block-heading\">Quel est le march\u00e9 de la rectifieuse de noix de coco de Taizy\u00a0?<\/h2>    <p>En raison de la bonne qualit\u00e9 et de la haute efficacit\u00e9 de la machine \u00e0 farine de noix de coco produite par notre usine, de nombreux amis nationaux et \u00e9trangers sont venus acheter la machine \u00e0 noix de coco. Au cours des derni\u00e8res ann\u00e9es, les clients sont principalement concentr\u00e9s dans les pays d\u2019Asie du Sud-Est comme la Tha\u00eflande, l\u2019Indon\u00e9sie, le Vietnam et les pays du Moyen-Orient comme l\u2019Arabie saoudite, les \u00c9mirats arabes unis, l\u2019Iran, etc. <\/p>    <p class=\"translation-block\">Avec la popularit\u00e9 croissante des produits \u00e0 base de noix de coco, ces derni\u00e8res ann\u00e9es, la client\u00e8le des \u00c9tats-Unis, du Canada, du Nigeria, d'Afrique du Sud et d'autres pays augmente \u00e9galement. L'usine de machines Taizy gardera \u00e0 l'esprit l'intention initiale et continuera \u00e0 fournir les machines et services les plus consciencieux aux amis du monde entier. Si vous avez besoin de traiter des noix de coco, nous avons <strong><em><a href=\"https:\/\/fvmachinery.com\/fr\/product\/machine-a-eplucher-la-noix-de-coco\/\" data-type=\"link\" data-id=\"https:\/\/fvmachinery.com\/product\/coconut-peeling-machine\/\">\u00e9plucheuses de noix de coco<\/a><\/em><\/strong>, des moulins \u00e0 noix de coco, etc. Bienvenue \u00e0 visiter notre usine \u00e0 tout moment !<\/p>    <h2 class=\"wp-block-heading\">Param\u00e8tres de la rectifieuse de noix de coco<\/h2>    <figure class=\"wp-block-table\"><table><tbody><tr><td>Mod\u00e8le<\/td><td>TZ-CY-YM250<\/td><td>TZ-CY-YM500<\/td><td>TZ-CY-YM1000<\/td><\/tr><tr><td>Taille<\/td><td>800*700*1160mm<\/td><td>1000*800*1200mm<\/td><td>1200*800*1400mm<\/td><\/tr><tr><td>Tension<\/td><td>380 V\/50 Hz<\/td><td>&nbsp;380 V\/50 Hz<\/td><td>380 V\/50 Hz<\/td><\/tr><tr><td>Capacit\u00e9<\/td><td>400kg\/h<\/td><td>900kg\/heure<\/td><td>2500kg\/h<\/td><\/tr><tr><td>Vitesse du moteur<\/td><td>3800 tr\/min<\/td><td>3800 tr\/min<\/td><td>3800 tr\/min<\/td><\/tr><tr><td>Pouvoir<\/td><td>3KW<\/td><td>7,5 kW<\/td><td>11KW<\/td><\/tr><tr><td>Poids<\/td><td>150 kg<\/td><td>230 kg<\/td><td>400 kg<\/td><\/tr><\/tbody><\/table><figcaption class=\"wp-element-caption\">Param\u00e8tres de la rectifieuse de noix de coco<\/figcaption><\/figure>    <p><\/p>","protected":false},"excerpt":{"rendered":"<p>A coconut grinding machine is a machine used to grind coconut meat into powder. It can be used to produce coconut milk, coconut oil, coconut flour, etc. It is widely used in the food industry and cosmetic industry. Next, let&#8217;s learn more about the coconut grinder through how it works, how to use it, and [&hellip;]<\/p>\n","protected":false},"author":1,"featured_media":751,"parent":0,"template":"","tags":[],"product-type":[12],"class_list":["post-738","product","type-product","status-publish","has-post-thumbnail","hentry","product-type-cutting-machine"],"_links":{"self":[{"href":"https:\/\/fvmachinery.com\/fr\/wp-json\/wp\/v2\/product\/738","targetHints":{"allow":["GET"]}}],"collection":[{"href":"https:\/\/fvmachinery.com\/fr\/wp-json\/wp\/v2\/product"}],"about":[{"href":"https:\/\/fvmachinery.com\/fr\/wp-json\/wp\/v2\/types\/product"}],"author":[{"embeddable":true,"href":"https:\/\/fvmachinery.com\/fr\/wp-json\/wp\/v2\/users\/1"}],"wp:featuredmedia":[{"embeddable":true,"href":"https:\/\/fvmachinery.com\/fr\/wp-json\/wp\/v2\/media\/751"}],"wp:attachment":[{"href":"https:\/\/fvmachinery.com\/fr\/wp-json\/wp\/v2\/media?parent=738"}],"wp:term":[{"taxonomy":"post_tag","embeddable":true,"href":"https:\/\/fvmachinery.com\/fr\/wp-json\/wp\/v2\/tags?post=738"},{"taxonomy":"product-type","embeddable":true,"href":"https:\/\/fvmachinery.com\/fr\/wp-json\/wp\/v2\/product-type?post=738"}],"curies":[{"name":"wp","href":"https:\/\/api.w.org\/{rel}","templated":true}]}}