{"id":78,"date":"2022-08-25T08:53:14","date_gmt":"2022-08-25T00:53:14","guid":{"rendered":"https:\/\/fvmachinery.com\/?post_type=product&#038;p=78"},"modified":"2022-10-18T09:37:22","modified_gmt":"2022-10-18T01:37:22","slug":"commercial-vegetable-dicing-machine","status":"publish","type":"product","link":"https:\/\/fvmachinery.com\/fr\/product\/commercial-vegetable-dicing-machine\/","title":{"rendered":"Machine \u00e0 d\u00e9couper les l\u00e9gumes commerciale | Coupe-oignons et tomates"},"content":{"rendered":"<p>La machine \u00e0 couper les l\u00e9gumes commerciale peut couper les l\u00e9gumes et les fruits en petits morceaux de taille \u00e9gale, ainsi que les trancher ou les d\u00e9chiqueter. La machine \u00e0 d\u00e9couper \u00e9lectrique peut presque tous les types de l\u00e9gumes et de fruits : oignons, tomates, pommes de terre, carottes, pommes, mangues, etc. En utilisant une machine \u00e0 d\u00e9couper \u00e9lectrique coupant les l\u00e9gumes au lieu de la coupe manuelle traditionnelle, l'efficacit\u00e9 sera grandement am\u00e9lior\u00e9e, par cons\u00e9quent, c'est l'\u00e9quipement n\u00e9cessaire pour les usines de transformation des aliments, les restaurants, les cantines et autres industries.<\/p>   <div class=\"wp-block-image\"> <figure class=\"aligncenter size-full\"><img loading=\"lazy\" decoding=\"async\" width=\"720\" height=\"540\" src=\"https:\/\/fvmachinery.com\/wp-content\/uploads\/2022\/08\/dicing-machine1.webp\" alt=\"\" class=\"wp-image-166\" title=\"\" srcset=\"https:\/\/fvmachinery.com\/wp-content\/uploads\/2022\/08\/dicing-machine1.webp 720w, https:\/\/fvmachinery.com\/wp-content\/uploads\/2022\/08\/dicing-machine1-300x225.webp 300w\" sizes=\"auto, (max-width: 720px) 100vw, 720px\" \/><figcaption>machine \u00e0 d\u00e9couper les l\u00e9gumes commerciale<\/figcaption><\/figure> <\/div>   <h2 class=\"wp-block-heading\" id=\"h-raw-materials-and-final-product-of-vegetable-dicer-machine\">Mati\u00e8res premi\u00e8res et produit final de la machine \u00e0 d\u00e9couper les l\u00e9gumes<\/h2>    <p>Une machine \u00e0 d\u00e9couper les l\u00e9gumes est une machine de d\u00e9coupe multifonctionnelle pour le traitement des fruits et l\u00e9gumes. Presque tous les l\u00e9gumes et fruits peuvent \u00eatre trait\u00e9s par cette machine \u00e0 couper les l\u00e9gumes commerciale, comme la carotte, la pomme de terre, l'oignon, la tomate, le radis, le concombre, le taro, la patate douce, le poivron vert, la pomme, la poire, la mangue, l'ananas, le jambon, etc. <\/p>    <p class=\"translation-block\">La taille des mati\u00e8res coup\u00e9es peut \u00eatre r\u00e9gl\u00e9e et est tr\u00e8s large, de 3 mm \u00e0 20 mm. Les morceaux de l\u00e9gumes trait\u00e9s peuvent \u00eatre emball\u00e9s ou cuits directement. De plus, si le client souhaite trancher, cette machine \u00e9lectrique de dicer pour l\u00e9gumes peut aussi le faire, l'\u00e9paisseur des mati\u00e8res coup\u00e9es est de 2-20 mm. De plus, nous proposons \u00e9galement <a href=\"https:\/\/fvmachinery.com\/fr\/product\/vegetable-slicer-machine\/\">des machines \u00e0 trancher les l\u00e9gumes<\/a>, contactez-nous d\u00e8s maintenant et dites-nous ce dont vous avez besoin.<\/p>   <div class=\"wp-block-image\"> <figure class=\"aligncenter size-full\"><img loading=\"lazy\" decoding=\"async\" width=\"720\" height=\"540\" src=\"https:\/\/fvmachinery.com\/wp-content\/uploads\/2022\/08\/vegetable-dices1.webp\" alt=\"d\u00e9s de l\u00e9gumes\" class=\"wp-image-191\" title=\"\" srcset=\"https:\/\/fvmachinery.com\/wp-content\/uploads\/2022\/08\/vegetable-dices1.webp 720w, https:\/\/fvmachinery.com\/wp-content\/uploads\/2022\/08\/vegetable-dices1-300x225.webp 300w\" sizes=\"auto, (max-width: 720px) 100vw, 720px\" \/><figcaption>d\u00e9s de l\u00e9gumes<\/figcaption><\/figure> <\/div>   <h2 class=\"wp-block-heading\" id=\"h-features-of-commercial-vegetable-dicing-machine\">Caract\u00e9ristiques de la machine \u00e0 d\u00e9couper les l\u00e9gumes commerciale<\/h2>    <ol class=\"wp-block-list\"><li>La fonction de la machine est riche, une machine \u00e0 d\u00e9couper les l\u00e9gumes peut couper une vari\u00e9t\u00e9 de l\u00e9gumes et de fruits en d\u00e9s ou en tranches, la taille et l'\u00e9paisseur du produit fini peuvent \u00eatre ajust\u00e9es, adapt\u00e9es \u00e0 une vari\u00e9t\u00e9 de sc\u00e9narios d'utilisation pour r\u00e9pondre aux besoins des utilisateurs.<\/li><li>Les l\u00e9gumes coup\u00e9s par la machine sont de calibre r\u00e9gulier, de calibre uniforme et de bel aspect, qu'ils soient emball\u00e9s et vendus ou cuits directement, les r\u00e9sultats sont tr\u00e8s bons.<\/li><li>La machine est facile \u00e0 utiliser et les employ\u00e9s peuvent \u00eatre int\u00e9gr\u00e9s gr\u00e2ce \u00e0 une simple formation.<\/li><li>Les couteaux de coupe sont tous fabriqu\u00e9s en acier inoxydable 304 de qualit\u00e9 alimentaire, avec une longue dur\u00e9e de vie et un faible co\u00fbt d'entretien.<\/li><\/ol>    <h2 class=\"wp-block-heading\" id=\"h-working-principle-of-onion-dicer-machine\">Principe de fonctionnement de la machine \u00e0 couper les oignons<\/h2>    <p>La table de d\u00e9coupe rotative de cette machine commerciale \u00e0 d\u00e9couper les l\u00e9gumes entra\u00eene la mati\u00e8re premi\u00e8re \u00e0 tourner \u00e0 grande vitesse et une force centrifuge est g\u00e9n\u00e9r\u00e9e pendant la rotation. La machine \u00e0 couper les oignons utilise la force centrifuge g\u00e9n\u00e9r\u00e9e par la rotation \u00e0 grande vitesse du mat\u00e9riau pour couper le l\u00e9gume ou le fruit en tranches \u00e0 l'aide du coupeur vertical, puis les tranches sont coup\u00e9es en lani\u00e8res par le coupeur circulaire. <\/p>    <p>Le mat\u00e9riau est envoy\u00e9 au couteau de coupe horizontal pour couper les bandes en cubes ou en rectangles. L'\u00e9paisseur des copeaux ou la taille de la coupe peut \u00eatre modifi\u00e9e en ajustant l'\u00e9cart entre la lame de coupe et le plateau tournant, tandis que la forme de la coupe peut \u00eatre modifi\u00e9e en ajustant le couteau \u00e0 disque et le couteau transversal.<\/p>    <h2 class=\"wp-block-heading\" id=\"h-parameters-of-commercial-vegetable-dicing-machine\">Param\u00e8tres de la machine \u00e0 d\u00e9couper les l\u00e9gumes commerciale<\/h2>    <p>Capacit\u00e9 de production\u00a0: 600 kg\/h-1000 kg\/h<br>Taille de coupe : cubes de 3 mm \u00e0 20 mm ou autres tailles personnalis\u00e9es<br>Puissance : 0,75 kW<br>Tension : alimentation monophas\u00e9e 220 V 50 Hz.<br>Taille de la machine\u00a0: 710*660*1085mm<br>Mat\u00e9riau du corps\u00a0: acier inoxydable 201 ou acier inoxydable 304<br>Poids : 100 kg<br>Taille du couteau de coupe : 6 mm (une machine est livr\u00e9e en standard avec deux)<br>Mat\u00e9riau du couteau de coupe : acier inoxydable 304.<\/p>    <h2 class=\"wp-block-heading\" id=\"h-how-to-maintain-electric-vegetable-dicer-machine\">Comment entretenir une machine \u00e0 couper les l\u00e9gumes \u00e9lectrique\u00a0?<\/h2>    <ol class=\"wp-block-list\"><li>La machine \u00e0 couper les l\u00e9gumes commerciale doit \u00eatre nettoy\u00e9e \u00e0 temps apr\u00e8s utilisation, sinon, s'il y a des restes de l\u00e9gumes et des r\u00e9sidus de fruits, la machine aura une mauvaise odeur au fil du temps.<\/li><li>Apr\u00e8s chaque utilisation, l'op\u00e9rateur doit v\u00e9rifier si l'outil est endommag\u00e9 ou us\u00e9. De plus, l'op\u00e9rateur doit d\u00e9monter l'ensemble outil \u00e0 disque et le nettoyer une fois par semaine. Avant l'installation, appliquez de l'huile de cuisson sur l'arbre de coupe et l'arbre de coupe pour garantir un retrait facile.<\/li><li>Huilez les engrenages et la cha\u00eene une fois tous les deux mois pour garantir que les pi\u00e8ces de la machine sont lubrifi\u00e9es et fonctionnent correctement.<\/li><li>Toutes les inspections et l'entretien doivent \u00eatre effectu\u00e9s apr\u00e8s la coupure de courant.<\/li><\/ol>","protected":false},"excerpt":{"rendered":"<p>The commercial vegetable dicing machine can cut vegetables and fruits into small, evenly sized pieces, as well as slice or shred them. The electric dicing machine can almost all types of vegetables and fruits: onions, tomatoes, potatoes, carrots, apples, mangoes, etc. Using an electric dicing machine cutting vegetables instead of the traditional manual cutting, the [&hellip;]<\/p>\n","protected":false},"author":1,"featured_media":80,"parent":0,"template":"","tags":[18],"product-type":[12],"class_list":["post-78","product","type-product","status-publish","has-post-thumbnail","hentry","tag-vegetable-dicing-machine","product-type-cutting-machine"],"_links":{"self":[{"href":"https:\/\/fvmachinery.com\/fr\/wp-json\/wp\/v2\/product\/78","targetHints":{"allow":["GET"]}}],"collection":[{"href":"https:\/\/fvmachinery.com\/fr\/wp-json\/wp\/v2\/product"}],"about":[{"href":"https:\/\/fvmachinery.com\/fr\/wp-json\/wp\/v2\/types\/product"}],"author":[{"embeddable":true,"href":"https:\/\/fvmachinery.com\/fr\/wp-json\/wp\/v2\/users\/1"}],"wp:featuredmedia":[{"embeddable":true,"href":"https:\/\/fvmachinery.com\/fr\/wp-json\/wp\/v2\/media\/80"}],"wp:attachment":[{"href":"https:\/\/fvmachinery.com\/fr\/wp-json\/wp\/v2\/media?parent=78"}],"wp:term":[{"taxonomy":"post_tag","embeddable":true,"href":"https:\/\/fvmachinery.com\/fr\/wp-json\/wp\/v2\/tags?post=78"},{"taxonomy":"product-type","embeddable":true,"href":"https:\/\/fvmachinery.com\/fr\/wp-json\/wp\/v2\/product-type?post=78"}],"curies":[{"name":"wp","href":"https:\/\/api.w.org\/{rel}","templated":true}]}}