{"id":784,"date":"2023-11-21T09:26:21","date_gmt":"2023-11-21T01:26:21","guid":{"rendered":"https:\/\/fvmachinery.com\/?post_type=product&#038;p=784"},"modified":"2023-11-21T09:26:22","modified_gmt":"2023-11-21T01:26:22","slug":"vegetable-debris-removal-machine","status":"publish","type":"product","link":"https:\/\/fvmachinery.com\/fr\/product\/machine-delimination-des-debris-vegetaux\/","title":{"rendered":"Machine d'\u00e9limination des d\u00e9bris v\u00e9g\u00e9taux"},"content":{"rendered":"<p>Une machine d'\u00e9limination des d\u00e9bris v\u00e9g\u00e9taux est un \u00e9quipement de nettoyage qui utilise un rouleau \u00e0 cheveux pour faire tourner et brosser la surface des l\u00e9gumes, ce qui peut \u00e9liminer efficacement la salet\u00e9 \u00e0 la surface des l\u00e9gumes, y compris la terre, le sable, les r\u00e9sidus de pesticides, etc. Par cons\u00e9quent, il convient aux industries de la restauration, des l\u00e9gumes et \u00e0 d\u2019autres industries ayant des exigences \u00e9lev\u00e9es en mati\u00e8re de nettoyage des l\u00e9gumes.<\/p>   <div class=\"wp-block-image\"> <figure class=\"aligncenter size-full\"><img loading=\"lazy\" decoding=\"async\" width=\"720\" height=\"540\" src=\"https:\/\/fvmachinery.com\/wp-content\/uploads\/2023\/11\/vegetable-debris-removal-machine-1.webp\" alt=\"machine d&#039;\u00e9limination des d\u00e9bris v\u00e9g\u00e9taux\" class=\"wp-image-803\" title=\"\" srcset=\"https:\/\/fvmachinery.com\/wp-content\/uploads\/2023\/11\/vegetable-debris-removal-machine-1.webp 720w, https:\/\/fvmachinery.com\/wp-content\/uploads\/2023\/11\/vegetable-debris-removal-machine-1-300x225.webp 300w\" sizes=\"auto, (max-width: 720px) 100vw, 720px\" \/><figcaption class=\"wp-element-caption\">machine d'\u00e9limination des d\u00e9bris v\u00e9g\u00e9taux<\/figcaption><\/figure> <\/div>   <h2 class=\"wp-block-heading\">Principe de fonctionnement de la machine d'\u00e9limination des d\u00e9bris v\u00e9g\u00e9taux<\/h2>    <p>La machine d'\u00e9limination des d\u00e9bris v\u00e9g\u00e9taux est principalement compos\u00e9e d'un rouleau \u00e0 cheveux, d'un dispositif rotatif, d'une pompe \u00e0 eau et d'un dispositif de drainage. Lors de l'utilisation, nous avons mis les l\u00e9gumes dans la machine \u00e0 laver les l\u00e9gumes, avons appuy\u00e9 sur l'interrupteur et le dispositif rotatif a commenc\u00e9 \u00e0 entra\u00eener la rotation du rouleau \u00e0 cheveux. <\/p>    <p>Une petite pompe \u00e0 eau alimentera en eau le bigoudi. Les rang\u00e9es de bigoudis tournent rapidement, balayant la surface des l\u00e9gumes les unes apr\u00e8s les autres, m\u00e9langeant l'eau propre et la salet\u00e9 \u00e0 la surface des l\u00e9gumes pour tomber dans le dispositif de drainage, puis les eaux us\u00e9es sont \u00e9vacu\u00e9es et les l\u00e9gumes continuent. pour avancer pour nettoyer, et enfin arriver au port de d\u00e9chargement.<\/p>    <figure class=\"wp-block-gallery has-nested-images columns-default is-cropped wp-block-gallery-2 is-layout-flex wp-block-gallery-is-layout-flex\"> <figure class=\"wp-block-image size-large\"><img loading=\"lazy\" decoding=\"async\" width=\"720\" height=\"540\" data-id=\"795\" src=\"https:\/\/fvmachinery.com\/wp-content\/uploads\/2023\/11\/side-view-of-the-roller-washing-machine.webp\" alt=\"vue lat\u00e9rale de la machine \u00e0 laver \u00e0 rouleaux\" class=\"wp-image-795\" title=\"\" srcset=\"https:\/\/fvmachinery.com\/wp-content\/uploads\/2023\/11\/side-view-of-the-roller-washing-machine.webp 720w, https:\/\/fvmachinery.com\/wp-content\/uploads\/2023\/11\/side-view-of-the-roller-washing-machine-300x225.webp 300w\" sizes=\"auto, (max-width: 720px) 100vw, 720px\" \/><figcaption class=\"wp-element-caption\">Vue lat\u00e9rale de la machine \u00e0 laver \u00e0 rouleaux<\/figcaption><\/figure>    <figure class=\"wp-block-image size-large\"><img loading=\"lazy\" decoding=\"async\" width=\"720\" height=\"540\" data-id=\"796\" src=\"https:\/\/fvmachinery.com\/wp-content\/uploads\/2023\/11\/simple-electrical-control-system-for-easy-operation.webp\" alt=\"syst\u00e8me de commande \u00e9lectrique simple pour une utilisation facile\" class=\"wp-image-796\" title=\"\" srcset=\"https:\/\/fvmachinery.com\/wp-content\/uploads\/2023\/11\/simple-electrical-control-system-for-easy-operation.webp 720w, https:\/\/fvmachinery.com\/wp-content\/uploads\/2023\/11\/simple-electrical-control-system-for-easy-operation-300x225.webp 300w\" sizes=\"auto, (max-width: 720px) 100vw, 720px\" \/><figcaption class=\"wp-element-caption\">Syst\u00e8me de contr\u00f4le \u00e9lectrique simple pour une utilisation facile<\/figcaption><\/figure> <\/figure>    <h2 class=\"wp-block-heading\">Quels sont les avantages d\u2019une machine d\u2019\u00e9limination des d\u00e9bris v\u00e9g\u00e9taux ?<\/h2>    <p>La machine d'\u00e9limination des d\u00e9bris v\u00e9g\u00e9taux a un large \u00e9ventail d'applications, elle convient \u00e0 toutes sortes de l\u00e9gumes-racines, de melons et de fruits, de l\u00e9gumes aquatiques, etc.<\/p>    <p>Il a un bon effet nettoyant, des rang\u00e9es et des rang\u00e9es de bigoudis peuvent \u00e9liminer efficacement la salet\u00e9 \u00e0 la surface des l\u00e9gumes, y compris la terre, le sable, les r\u00e9sidus de pesticides, etc. Le nettoyeur de l\u00e9gumes \u00e0 rouleaux \u00e0 cheveux peut nettoyer les l\u00e9gumes en continu et am\u00e9liorer l'efficacit\u00e9 de la production. Son fonctionnement est \u00e9galement tr\u00e8s simple, il suffit de mettre les l\u00e9gumes dans la machine et d'appuyer sur l'interrupteur.<\/p>    <figure class=\"wp-block-gallery has-nested-images columns-default is-cropped wp-block-gallery-3 is-layout-flex wp-block-gallery-is-layout-flex\"> <figure class=\"wp-block-image size-large\"><img loading=\"lazy\" decoding=\"async\" width=\"720\" height=\"540\" data-id=\"799\" src=\"https:\/\/fvmachinery.com\/wp-content\/uploads\/2023\/11\/The-softness-and-hardness-of-the-brushes-can-be-customized-according-to-the-material.webp\" alt=\"La douceur et la duret\u00e9 des pinceaux peuvent \u00eatre personnalis\u00e9es en fonction du mat\u00e9riau.\" class=\"wp-image-799\" title=\"\" srcset=\"https:\/\/fvmachinery.com\/wp-content\/uploads\/2023\/11\/The-softness-and-hardness-of-the-brushes-can-be-customized-according-to-the-material.webp 720w, https:\/\/fvmachinery.com\/wp-content\/uploads\/2023\/11\/The-softness-and-hardness-of-the-brushes-can-be-customized-according-to-the-material-300x225.webp 300w\" sizes=\"auto, (max-width: 720px) 100vw, 720px\" \/><figcaption class=\"wp-element-caption\">La douceur et la duret\u00e9 des pinceaux peuvent \u00eatre personnalis\u00e9es en fonction du mat\u00e9riau.<\/figcaption><\/figure>    <figure class=\"wp-block-image size-large\"><img loading=\"lazy\" decoding=\"async\" width=\"720\" height=\"540\" data-id=\"800\" src=\"https:\/\/fvmachinery.com\/wp-content\/uploads\/2023\/11\/The-body-is-made-of-SUS304-stainless-steel.webp\" alt=\"Le corps est en acier inoxydable SUS304.\" class=\"wp-image-800\" title=\"\" srcset=\"https:\/\/fvmachinery.com\/wp-content\/uploads\/2023\/11\/The-body-is-made-of-SUS304-stainless-steel.webp 720w, https:\/\/fvmachinery.com\/wp-content\/uploads\/2023\/11\/The-body-is-made-of-SUS304-stainless-steel-300x225.webp 300w\" sizes=\"auto, (max-width: 720px) 100vw, 720px\" \/><figcaption class=\"wp-element-caption\">Le corps est en acier inoxydable Sus304.<\/figcaption><\/figure> <\/figure>    <h2 class=\"wp-block-heading\">Solutions pour les clients<\/h2>    <p> La machine d'\u00e9limination des d\u00e9bris v\u00e9g\u00e9taux est bien accueillie par l'industrie alimentaire en raison de son efficacit\u00e9 \u00e9lev\u00e9e, et l'efficacit\u00e9 des diff\u00e9rentes sp\u00e9cifications des machines \u00e0 laver les l\u00e9gumes \u00e0 rouleaux est diff\u00e9rente. Taizy Machinery Factory propose diff\u00e9rentes solutions personnalis\u00e9es \u00e0 diff\u00e9rents clients en fonction de leurs besoins et leur permet de recevoir la machine dans les plus brefs d\u00e9lais. <\/p>    <p class=\"translation-block\">Nous proposons \u00e9galement une vari\u00e9t\u00e9 d\u2019\u00e9quipements de support. Par exemple : <strong><em><a href=\"https:\/\/fvmachinery.com\/fr\/product\/carrot-peeler\/\" data-type=\"link\" data-id=\"https:\/\/fvmachinery.com\/product\/carrot-peeler\/\">\u00e9plucheur de fruits et l\u00e9gumes<\/a><\/em><\/strong>, <strong><em><a href=\"https:\/\/fvmachinery.com\/fr\/product\/commercial-vegetable-cutting-machine\/\" data-type=\"link\" data-id=\"https:\/\/fvmachinery.com\/product\/commercial-vegetable-cutting-machine\/\"> trancheuse de fruits et l\u00e9gumes<\/a><\/em><\/strong>, <strong><em><a href=\"https:\/\/fvmachinery.com\/fr\/product\/fruit-juice-machine\/\" data-type=\"link\" data-id=\"https:\/\/fvmachinery.com\/product\/fruit-juice-machine\/\">centrifugeur de fruits<\/a><\/em><\/strong>, et ainsi de suite. Pour assurer un effet de nettoyage plus efficace et hygi\u00e9nique, nous \u00e9quiperons les clients de pi\u00e8ces d\u2019usure, qui sont pratiques \u00e0 remplacer en temps utile et am\u00e9liorent la productivit\u00e9. Si vous \u00eates aussi int\u00e9ress\u00e9 par notre machine de nettoyage des l\u00e9gumes \u00e0 rouleau capillaire, bienvenue \u00e0 visiter notre usine.<\/p>    <figure class=\"wp-block-gallery has-nested-images columns-default is-cropped wp-block-gallery-4 is-layout-flex wp-block-gallery-is-layout-flex\"> <figure class=\"wp-block-image size-large\"><img loading=\"lazy\" decoding=\"async\" width=\"720\" height=\"540\" data-id=\"801\" src=\"https:\/\/fvmachinery.com\/wp-content\/uploads\/2023\/11\/multiple-sprinkler-heads-for-more-even-watering.webp\" alt=\"plusieurs t\u00eates d&#039;arrosage pour un arrosage plus uniforme\" class=\"wp-image-801\" title=\"\" srcset=\"https:\/\/fvmachinery.com\/wp-content\/uploads\/2023\/11\/multiple-sprinkler-heads-for-more-even-watering.webp 720w, https:\/\/fvmachinery.com\/wp-content\/uploads\/2023\/11\/multiple-sprinkler-heads-for-more-even-watering-300x225.webp 300w\" sizes=\"auto, (max-width: 720px) 100vw, 720px\" \/><figcaption class=\"wp-element-caption\">Plusieurs t\u00eates d'arrosage pour un arrosage plus uniforme<\/figcaption><\/figure>    <figure class=\"wp-block-image size-large\"><img loading=\"lazy\" decoding=\"async\" width=\"720\" height=\"540\" data-id=\"802\" src=\"https:\/\/fvmachinery.com\/wp-content\/uploads\/2023\/11\/recycling-water-purification-device-system-saving-water-resources.webp\" alt=\"syst\u00e8me de recyclage de l&#039;eau, dispositif de purification de l&#039;eau, \u00e9conomie des ressources en eau\" class=\"wp-image-802\" title=\"\" srcset=\"https:\/\/fvmachinery.com\/wp-content\/uploads\/2023\/11\/recycling-water-purification-device-system-saving-water-resources.webp 720w, https:\/\/fvmachinery.com\/wp-content\/uploads\/2023\/11\/recycling-water-purification-device-system-saving-water-resources-300x225.webp 300w\" sizes=\"auto, (max-width: 720px) 100vw, 720px\" \/><figcaption class=\"wp-element-caption\">Syst\u00e8me de dispositif de purification de l'eau de recyclage, \u00e9conomisant les ressources en eau<\/figcaption><\/figure> <\/figure>    <h2 class=\"wp-block-heading\">Param\u00e8tres de la machine d'\u00e9limination des d\u00e9bris v\u00e9g\u00e9taux<\/h2>    <figure class=\"wp-block-table\"><table><tbody><tr><td>Mod\u00e8le<\/td><td>TZ-MK-3000<\/td><\/tr><tr><td>Longueur du pinceau<\/td><td>10mm<\/td><\/tr><tr><td>Pouvoir<\/td><td>3,75 kW<\/td><\/tr><tr><td>Taille<\/td><td>3000*1500*1350mm<\/td><\/tr><\/tbody><\/table><figcaption class=\"wp-element-caption\">Param\u00e8tres de la machine d'\u00e9limination des d\u00e9bris v\u00e9g\u00e9taux<\/figcaption><\/figure>","protected":false},"excerpt":{"rendered":"<p>A vegetable debris removal machine is a cleaning equipment that utilizes a hair roller to rotate and brush the surface of vegetables, which can effectively remove the dirt on the surface of vegetables, including soil, sand, pesticide residues, and so on. Therefore, it is suitable for catering, vegetable, and other industries with high requirements for [&hellip;]<\/p>\n","protected":false},"author":1,"featured_media":803,"parent":0,"template":"","tags":[],"product-type":[4],"class_list":["post-784","product","type-product","status-publish","has-post-thumbnail","hentry","product-type-washing-machine"],"_links":{"self":[{"href":"https:\/\/fvmachinery.com\/fr\/wp-json\/wp\/v2\/product\/784","targetHints":{"allow":["GET"]}}],"collection":[{"href":"https:\/\/fvmachinery.com\/fr\/wp-json\/wp\/v2\/product"}],"about":[{"href":"https:\/\/fvmachinery.com\/fr\/wp-json\/wp\/v2\/types\/product"}],"author":[{"embeddable":true,"href":"https:\/\/fvmachinery.com\/fr\/wp-json\/wp\/v2\/users\/1"}],"wp:featuredmedia":[{"embeddable":true,"href":"https:\/\/fvmachinery.com\/fr\/wp-json\/wp\/v2\/media\/803"}],"wp:attachment":[{"href":"https:\/\/fvmachinery.com\/fr\/wp-json\/wp\/v2\/media?parent=784"}],"wp:term":[{"taxonomy":"post_tag","embeddable":true,"href":"https:\/\/fvmachinery.com\/fr\/wp-json\/wp\/v2\/tags?post=784"},{"taxonomy":"product-type","embeddable":true,"href":"https:\/\/fvmachinery.com\/fr\/wp-json\/wp\/v2\/product-type?post=784"}],"curies":[{"name":"wp","href":"https:\/\/api.w.org\/{rel}","templated":true}]}}