{"id":81,"date":"2022-08-25T09:05:19","date_gmt":"2022-08-25T01:05:19","guid":{"rendered":"https:\/\/fvmachinery.com\/?post_type=product&#038;p=81"},"modified":"2022-10-18T10:20:55","modified_gmt":"2022-10-18T02:20:55","slug":"vegetable-slicer-machine","status":"publish","type":"product","link":"https:\/\/fvmachinery.com\/fr\/product\/vegetable-slicer-machine\/","title":{"rendered":"Machine \u00e0 trancher les l\u00e9gumes | Machine \u00e0 trancher les pommes de terre, les carottes et les oignons"},"content":{"rendered":"<p>Cette trancheuse de l\u00e9gumes industrielle est principalement utilis\u00e9e pour traiter le tranchage de fruits et l\u00e9gumes. La trancheuse de l\u00e9gumes peut traiter des pommes de terre, des racines de lotus, des pommes, des bananes, des poires, des radis, des concombres et d'autres types de l\u00e9gumes et de fruits. La machine coupe les tranches de produit proprement, l'\u00e9paisseur est uniform\u00e9ment finie de 99%, haute efficacit\u00e9 et peut r\u00e9pondre aux besoins des restaurants, des cantines, des entreprises de transformation des aliments et des entreprises de cong\u00e9lation.<\/p>   <div class=\"wp-block-image\"> <figure class=\"aligncenter size-full\"><img loading=\"lazy\" decoding=\"async\" width=\"720\" height=\"540\" src=\"https:\/\/fvmachinery.com\/wp-content\/uploads\/2022\/08\/vegetable-slicing-machine1.webp\" alt=\"machine \u00e0 trancher les l\u00e9gumes\" class=\"wp-image-195\" title=\"\" srcset=\"https:\/\/fvmachinery.com\/wp-content\/uploads\/2022\/08\/vegetable-slicing-machine1.webp 720w, https:\/\/fvmachinery.com\/wp-content\/uploads\/2022\/08\/vegetable-slicing-machine1-300x225.webp 300w\" sizes=\"auto, (max-width: 720px) 100vw, 720px\" \/><figcaption>trancheuse de l\u00e9gumes<\/figcaption><\/figure> <\/div>   <h2 class=\"wp-block-heading\" id=\"h-raw-materials-finnal-products-of-vegetable-slicing-machine\">Mati\u00e8res premi\u00e8res et produits finaux de la trancheuse de l\u00e9gumes<\/h2>    <p class=\"translation-block\">La trancheuse de l\u00e9gumes et de fruits est principalement adapt\u00e9e aux mat\u00e9riaux de taille moyenne, longs ou cylindriques pour la tranche.<br>Par exemple, les l\u00e9gumes racines conviennent tr\u00e8s bien \u00e0 ce type de trancheur, notamment les pommes de terre, les carottes, le radis, les patates douces, le rizlot, et d\u2019autres l\u00e9gumes applicables incluant les concombres, aubergines, oignons, courgettes, pousses de bambou, etc. Les fruits adapt\u00e9s incluent les pommes, les poires, les bananes, le fruit du dragon, etc. De plus, si vous n\u2019aimez pas les tranches de l\u00e9gumes, nous proposons \u00e9galement <a href=\"https:\/\/fvmachinery.com\/fr\/product\/commercial-vegetable-dicing-machine\/\">une trancheuse \u00e0 l\u00e9gumes \u00e0 vendre<\/a>; si cela vous int\u00e9resse, n\u2019h\u00e9sitez pas \u00e0 nous contacter.<\/p>   <div class=\"wp-block-image\"> <figure class=\"aligncenter size-full\"><img loading=\"lazy\" decoding=\"async\" width=\"720\" height=\"540\" src=\"https:\/\/fvmachinery.com\/wp-content\/uploads\/2022\/08\/finnal-products-of-vegetable-slicing-machine.webp\" alt=\"produits finaux de la trancheuse de l\u00e9gumes\" class=\"wp-image-247\" title=\"\" srcset=\"https:\/\/fvmachinery.com\/wp-content\/uploads\/2022\/08\/finnal-products-of-vegetable-slicing-machine.webp 720w, https:\/\/fvmachinery.com\/wp-content\/uploads\/2022\/08\/finnal-products-of-vegetable-slicing-machine-300x225.webp 300w\" sizes=\"auto, (max-width: 720px) 100vw, 720px\" \/><figcaption>produits finaux de trancheuse de l\u00e9gumes<\/figcaption><\/figure> <\/div>   <h2 class=\"wp-block-heading\" id=\"h-structure-of-commercial-onion-slicer-machine\">Structure de la trancheuse d'oignon commerciale<\/h2>   <div class=\"wp-block-image\"> <figure class=\"aligncenter size-full\"><img loading=\"lazy\" decoding=\"async\" width=\"720\" height=\"540\" src=\"https:\/\/fvmachinery.com\/wp-content\/uploads\/2022\/08\/fruit-slicing-machine-structure1.webp\" alt=\"\" class=\"wp-image-170\" title=\"\" srcset=\"https:\/\/fvmachinery.com\/wp-content\/uploads\/2022\/08\/fruit-slicing-machine-structure1.webp 720w, https:\/\/fvmachinery.com\/wp-content\/uploads\/2022\/08\/fruit-slicing-machine-structure1-300x225.webp 300w\" sizes=\"auto, (max-width: 720px) 100vw, 720px\" \/><figcaption>structure de la machine \u00e0 trancher les l\u00e9gumes<\/figcaption><\/figure> <\/div>   <p>La trancheuse \u00e0 oignons industrielle est principalement compos\u00e9e d'un cadre, d'un port d'alimentation, d'une plaque de coupe rotative, d'une pi\u00e8ce de transmission, d'un moteur, d'un port de d\u00e9charge, etc. Elle convient pour trancher des fruits et l\u00e9gumes de grand volume et de forme cylindrique longue. Les pi\u00e8ces de contact de la trancheuse de l\u00e9gumes et des produits agricoles sont toutes en acier inoxydable de haute qualit\u00e9, qui r\u00e9pond aux exigences internationales d'hygi\u00e8ne des machines de transformation des aliments. Par cons\u00e9quent, cela peut garantir que la machine ne rouillera pas ou ne se corrodera pas apr\u00e8s un travail \u00e0 long terme.<\/p>    <h2 class=\"wp-block-heading\" id=\"h-technical-parameters-of-carrot-slicer-machine\">Param\u00e8tres techniques de la trancheuse de carottes<\/h2>    <p>Puissance : 1,5 kW<br>Taille: 700*700*900mm<br>Poids : 160kg<br>Capacit\u00e9: 500-700 kg\/h<\/p>    <h2 class=\"wp-block-heading\" id=\"h-how-to-use-an-industrial-vegetable-slicer-machine\">Comment utiliser une trancheuse de l\u00e9gumes industrielle ?<\/h2>    <p>Avant d'utiliser cette trancheuse de l\u00e9gumes et de fruits, nous devons nous assurer que l'alimentation est pr\u00eate. Ensuite, appuyez sur le bouton de d\u00e9marrage de la trancheuse. Nous trions les fruits et l\u00e9gumes et les mettons dans diff\u00e9rentes entr\u00e9es selon leur taille. Ensuite, la plaque de coupe int\u00e9rieure tourne \u00e0 grande vitesse pendant le tranchage, et les tranches de fruits et de l\u00e9gumes tomberont imm\u00e9diatement du bec.<\/p>    <h2 class=\"wp-block-heading\" id=\"h-advantages-of-electric-potato-slicer-machine\">Avantages de la trancheuse de pommes de terre \u00e9lectrique<\/h2>    <ol class=\"wp-block-list\"><li>La trancheuse de l\u00e9gumes industrielle remplace compl\u00e8tement le travail manuel traditionnel. La d\u00e9coupe manuelle est lente, de taille in\u00e9gale et ne convient pas \u00e0 une application dans l\u2019industrie agroalimentaire \u00e0 grande \u00e9chelle. L'efficacit\u00e9 de coupe de la machine est des dizaines de fois sup\u00e9rieure \u00e0 l'efficacit\u00e9 manuelle, ce qui permet d'\u00e9conomiser beaucoup de temps et de co\u00fbts de main-d'\u0153uvre.<\/li><li>La plaque \u00e0 couteaux rotative de la trancheuse \u00e0 l\u00e9gumes est raisonnablement con\u00e7ue, l'\u00e9paisseur et la taille du mat\u00e9riau coup\u00e9 sont uniformes, l'\u00e9paisseur peut \u00eatre ajust\u00e9e et la plage d'\u00e9paisseur est de 1 \u00e0 8 mm. La plaque du couteau est tranchante et ne d\u00e9truira pas le tissu fibreux des fruits et l\u00e9gumes.<\/li><li>L'ensemble de la trancheuse de pommes de terre \u00e9lectrique est fabriqu\u00e9e en acier inoxydable et en alliage d'aluminium de haute qualit\u00e9, avec une structure raisonnable, une utilisation s\u00fbre, un beau taux de d\u00e9faillance de l'\u00e9quipement et un entretien pratique.<\/li><\/ol>    <h2 class=\"wp-block-heading\">Pourquoi choisir la trancheuse de l\u00e9gumes Taizy ?<\/h2>    <ul class=\"wp-block-list\"><li>Se concentrer sur la fabrication de machines alimentaires. Taizy Machinery a \u00e9t\u00e9 fond\u00e9e en 2011 en tant que soci\u00e9t\u00e9 int\u00e9gr\u00e9e de fabrication et de commerce de machines. Depuis sa cr\u00e9ation, nous am\u00e9liorons notre technologie et garantissons la qualit\u00e9 de nos produits.<\/li><li>Nous avons une large gamme de produits. Nous avons <a href=\"https:\/\/fvmachinery.com\/fr\/product\/commercial-vegetable-cutting-machine\/\">machine \u00e0 couper les l\u00e9gumes<\/a>, <a href=\"https:\/\/fvmachinery.com\/fr\/product\/commercial-vegetable-dicing-machine\/\">machine \u00e0 d\u00e9couper<\/a>, <a href=\"https:\/\/fvmachinery.com\/fr\/product\/machine-a-eplucher-lail-a-vendre\/\">machine \u00e0 \u00e9plucher l'ail<\/a>, <a href=\"https:\/\/fvmachinery.com\/fr\/product\/fruit-and-vegetable-washing-line\/\">ligne de lavage de fruits et l\u00e9gumes<\/a> et d'autres machines, qui peuvent \u00eatre personnalis\u00e9es en fonction des besoins des clients. Nos produits ont \u00e9t\u00e9 vendus dans de nombreux pays et r\u00e9gions du monde.<\/li><li>Am\u00e9lioration continue du service client. Notre personnel commercial vous contactera d\u00e8s r\u00e9ception de votre demande et r\u00e9pondra patiemment \u00e0 vos questions tout au long du processus. Une fois que le client a pass\u00e9 une commande, le responsable commercial supervisera le chargement et la livraison de la machine pour s'assurer que la machine arrive en toute s\u00e9curit\u00e9 dans le pays du client.<\/li><\/ul>","protected":false},"excerpt":{"rendered":"<p>This industrial vegetable slicer machine is mainly used for processing the slicing of fruits and vegetables. The vegetable slicing machine can process potatoes, lotus root, apples, bananas, pears, radishes, cucumbers, and other kinds of vegetables and fruits. The machine cuts the product slices neatly, the thickness is evenly finished rate of 99%, high efficiency, and [&hellip;]<\/p>\n","protected":false},"author":1,"featured_media":83,"parent":0,"template":"","tags":[28],"product-type":[12],"class_list":["post-81","product","type-product","status-publish","has-post-thumbnail","hentry","tag-vegetable-slicer-machine","product-type-cutting-machine"],"_links":{"self":[{"href":"https:\/\/fvmachinery.com\/fr\/wp-json\/wp\/v2\/product\/81","targetHints":{"allow":["GET"]}}],"collection":[{"href":"https:\/\/fvmachinery.com\/fr\/wp-json\/wp\/v2\/product"}],"about":[{"href":"https:\/\/fvmachinery.com\/fr\/wp-json\/wp\/v2\/types\/product"}],"author":[{"embeddable":true,"href":"https:\/\/fvmachinery.com\/fr\/wp-json\/wp\/v2\/users\/1"}],"wp:featuredmedia":[{"embeddable":true,"href":"https:\/\/fvmachinery.com\/fr\/wp-json\/wp\/v2\/media\/83"}],"wp:attachment":[{"href":"https:\/\/fvmachinery.com\/fr\/wp-json\/wp\/v2\/media?parent=81"}],"wp:term":[{"taxonomy":"post_tag","embeddable":true,"href":"https:\/\/fvmachinery.com\/fr\/wp-json\/wp\/v2\/tags?post=81"},{"taxonomy":"product-type","embeddable":true,"href":"https:\/\/fvmachinery.com\/fr\/wp-json\/wp\/v2\/product-type?post=81"}],"curies":[{"name":"wp","href":"https:\/\/api.w.org\/{rel}","templated":true}]}}