{"id":84,"date":"2022-08-25T09:17:04","date_gmt":"2022-08-25T01:17:04","guid":{"rendered":"https:\/\/fvmachinery.com\/?post_type=product&#038;p=84"},"modified":"2023-06-20T18:06:00","modified_gmt":"2023-06-20T10:06:00","slug":"commercial-vegetable-cutting-machine","status":"publish","type":"product","link":"https:\/\/fvmachinery.com\/fr\/product\/commercial-vegetable-cutting-machine\/","title":{"rendered":"Machine de d\u00e9coupe de l\u00e9gumes commerciale | Machine \u00e0 couper les pommes de terre"},"content":{"rendered":"<p class=\"translation-block\">La machine de coupe de l\u00e9gumes commerciale est un appareil n\u00e9cessaire pour les restaurants, les cantines, les ateliers de transformation alimentaire, l\u2019arm\u00e9e, etc. Son travail efficace peut totalement remplacer la coupe manuelle des l\u00e9gumes ; un grand nombre de l\u00e9gumes peuvent \u00eatre coup\u00e9s en peu de temps pour r\u00e9pondre aux besoins de la production h\u00f4teli\u00e8re, \u00e9conomisant du temps et des co\u00fbts de main-d\u2019\u0153uvre pour les investisseurs, am\u00e9liorant consid\u00e9rablement l\u2019efficacit\u00e9 et obtenant des marges b\u00e9n\u00e9ficiaires plus \u00e9lev\u00e9es. Par cons\u00e9quent, la machine de coupe de l\u00e9gumes est une machine tr\u00e8s worthy d\u2019investissement. De plus, Taizy Machinery propose \u00e9galement<a href=\"https:\/\/fvmachinery.com\/fr\/product\/commercial-vegetable-dicing-machine\/\"> une machine de dicing <\/a>et<a href=\"https:\/\/fvmachinery.com\/fr\/product\/vegetable-slicer-machine\/\"> des trancheuses \u00e0 vendre<\/a>, si vous \u00eates int\u00e9ress\u00e9, contactez-nous d\u00e8s maintenant. <\/p>    <h2 class=\"wp-block-heading\" id=\"h-introduction-of-commercial-vegetable-cutting-machine\">Introduction de la machine de d\u00e9coupe de l\u00e9gumes commerciale<\/h2>    <figure class=\"wp-block-gallery has-nested-images columns-default is-cropped wp-block-gallery-2 is-layout-flex wp-block-gallery-is-layout-flex\"> <figure class=\"wp-block-image size-large\"><img loading=\"lazy\" decoding=\"async\" width=\"720\" height=\"540\" data-id=\"220\" src=\"https:\/\/fvmachinery.com\/wp-content\/uploads\/2022\/08\/vegetable-cutting-machine1.webp\" alt=\"\" class=\"wp-image-220\" title=\"\" srcset=\"https:\/\/fvmachinery.com\/wp-content\/uploads\/2022\/08\/vegetable-cutting-machine1.webp 720w, https:\/\/fvmachinery.com\/wp-content\/uploads\/2022\/08\/vegetable-cutting-machine1-300x225.webp 300w\" sizes=\"auto, (max-width: 720px) 100vw, 720px\" \/><figcaption class=\"wp-element-caption\">Machine de d\u00e9coupe de l\u00e9gumes commerciale<\/figcaption><\/figure>    <figure class=\"wp-block-image size-large\"><img loading=\"lazy\" decoding=\"async\" width=\"500\" height=\"375\" data-id=\"217\" src=\"https:\/\/fvmachinery.com\/wp-content\/uploads\/2022\/08\/Multi-function-cutting-machine2-21.webp\" alt=\"coupe-l\u00e9gumes professionnel\" class=\"wp-image-217\" title=\"\" srcset=\"https:\/\/fvmachinery.com\/wp-content\/uploads\/2022\/08\/Multi-function-cutting-machine2-21.webp 500w, https:\/\/fvmachinery.com\/wp-content\/uploads\/2022\/08\/Multi-function-cutting-machine2-21-300x225.webp 300w\" sizes=\"auto, (max-width: 500px) 100vw, 500px\" \/><figcaption class=\"wp-element-caption\">Machine de d\u00e9coupe de l\u00e9gumes commerciale<\/figcaption><\/figure> <\/figure>    <p>La machine de d\u00e9coupe de l\u00e9gumes automatique Taizy, \u00e9galement connue sous le nom de coupe-l\u00e9gumes multifonctionnel, machine de coupe de pommes de terre et machine de coupe de laitue, poss\u00e8de des ports d'alimentation aux extr\u00e9mit\u00e9s avant et arri\u00e8re, dont l'un est dot\u00e9 d'un port d'alimentation de type bande transporteuse, sp\u00e9cialis\u00e9 dans la coupe longue et l\u00e9gumes \u00e0 feuilles fines, tels que la laitue, les oignons verts, la coriandre, les poireaux, etc. La taille du produit fini et la vitesse du tapis roulant peuvent \u00eatre ajust\u00e9es pour r\u00e9pondre \u00e0 tous les besoins du client.<\/p>    <p>L'autre extr\u00e9mit\u00e9 de la machine \u00e0 couper les l\u00e9gumes est principalement destin\u00e9e aux l\u00e9gumes bulbeux, tels que les pommes de terre, les patates douces, les radis, les carottes, les racines de lotus, le taro, etc. Une vari\u00e9t\u00e9 de disques \u00e0 couteaux sont disponibles, qui peuvent \u00eatre r\u00e2p\u00e9s, coup\u00e9s en d\u00e9s et tranch\u00e9s selon aux exigences sp\u00e9cifiques des clients.<\/p>    <h2 class=\"wp-block-heading\" id=\"h-advantages-of-potato-cutter-machine\">Avantages de la machine \u00e0 couper les pommes de terre<\/h2>    <ol class=\"wp-block-list\"> <li>Les deux extr\u00e9mit\u00e9s de la machine \u00e0 couper les l\u00e9gumes peuvent couper les l\u00e9gumes en m\u00eame temps.<\/li>    <li>La machine \u00e0 couper les l\u00e9gumes commerciale a diverses fonctions et une large gamme d'applications, adapt\u00e9es \u00e0 la plupart des l\u00e9gumes, y compris les l\u00e9gumes-feuilles et les racines. Il peut couper les l\u00e9gumes en morceaux, les r\u00e2per, les trancher et les trancher.<\/li>    <li>La machine commerciale de d\u00e9coupe de l\u00e9gumes est \u00e9quip\u00e9e d'une bande transporteuse pour assurer un fonctionnement continu de la machine, am\u00e9liorant ainsi l'efficacit\u00e9 et \u00e9conomisant des heures de travail.<\/li>    <li>L'ensemble de la machine \u00e0 couper les l\u00e9gumes est fabriqu\u00e9 en acier inoxydable de haute qualit\u00e9, qui r\u00e9pond aux normes alimentaires d'exportation, ne contaminera pas les aliments et a une longue dur\u00e9e de vie.<\/li>    <li>La machine \u00e0 couper la laitue utilise un syst\u00e8me de conversion \u00e0 double fr\u00e9quence, qui peut changer le mode de conversion de fr\u00e9quence en fonction des besoins du client, plus \u00e9conome en \u00e9nergie que la machine traditionnelle.<\/li> <\/ol>    <h2 class=\"wp-block-heading\" id=\"h-veg-cutter-machine-technical-parameters\">Param\u00e8tres techniques de la machine \u00e0 couper les l\u00e9gumes<\/h2>    <figure class=\"wp-block-table\"><table><tbody><tr><td>Mod\u00e8le<\/td><td>TZ-801<\/td><\/tr><tr><td>Source d'\u00e9nergie<\/td><td>220v<\/td><\/tr><tr><td>Poids<\/td><td>140 kg<\/td><\/tr><tr><td>Taille<\/td><td>1160*530*1300mm<\/td><\/tr><tr><td>Capacit\u00e9<\/td><td>300-1000kg<\/td><\/tr><tr><td>Pouvoir<\/td><td>2,22 kW<\/td><\/tr><tr><td>Taille des coupes de l\u00e9gumes feuilles<\/td><td>1-60mm<\/td><\/tr><tr><td>Bande transporteuse de longueur<\/td><td>118mm<\/td><\/tr><\/tbody><\/table><\/figure>    <h2 class=\"wp-block-heading\" id=\"h-automatic-vegetable-cutting-machine-structure\">Structure de la machine de d\u00e9coupe de l\u00e9gumes automatique<\/h2>    <p>La structure principale de cette machine \u00e0 couper les l\u00e9gumes comprend un ch\u00e2ssis de machine, une partie d'alimentation, une partie de coupe, une partie de transmission, une partie de circuit CNC, etc. Les parties principales de la machine sont en acier inoxydable, et la bande transporteuse et la bande de presse \u00e0 l\u00e9gumes sont fabriqu\u00e9es de caoutchouc non toxique pour assurer un travail \u00e0 long terme. La machine automatique de d\u00e9coupe de l\u00e9gumes est non corrosive, non toxique et non nocive pour les l\u00e9gumes transform\u00e9s, ce qui r\u00e9pond aux exigences des normes d'hygi\u00e8ne des machines de transformation des aliments.<\/p>    <h2 class=\"wp-block-heading\">Pr\u00e9cautions de la machine de d\u00e9coupe de l\u00e9gumes commerciale<\/h2>    <p class=\"translation-block\">La machine de d\u00e9coupe de l\u00e9gumes en tant que machine alimentaire, est souvent en contact avec une vari\u00e9t\u00e9 de mat\u00e9riaux, certaines substances corrodent le couteau de la machine de d\u00e9coupe de l\u00e9gumes, les l\u00e9gumes coup\u00e9s apr\u00e8s le r\u00e9sidu se d\u00e9composeront et se d\u00e9t\u00e9rioreront, s\u00e9rieusement, cela posera des probl\u00e8mes de s\u00e9curit\u00e9 alimentaire, donc le nettoyage et la <a href=\"https:\/\/fvmachinery.com\/fr\/Info\/precautions-for-using-commercial-vegetable-cutter\/\">maintenance<\/a> de la machine sont tr\u00e8s importants.<\/p>    <p>De plus, essayez d'\u00e9viter de stocker la machine dans un environnement sombre et humide, une attention quotidienne aux d\u00e9tails sera apport\u00e9e apr\u00e8s avoir r\u00e9duit les co\u00fbts de maintenance et prolong\u00e9 la dur\u00e9e de vie de la machine de d\u00e9coupe de l\u00e9gumes commerciale.<\/p>","protected":false},"excerpt":{"rendered":"<p>The commercial vegetable cutting machine is a necessary device for restaurants, canteens, food processing plants, the military, etc. Its efficient work can completely replace manual vegetable cutting, a large number of vegetables can be cut in a short period of time to meet the needs of the hotel production, saving time and labor costs for [&hellip;]<\/p>\n","protected":false},"author":1,"featured_media":86,"parent":0,"template":"","tags":[17],"product-type":[12],"class_list":["post-84","product","type-product","status-publish","has-post-thumbnail","hentry","tag-vegetable-cutting-machine","product-type-cutting-machine"],"_links":{"self":[{"href":"https:\/\/fvmachinery.com\/fr\/wp-json\/wp\/v2\/product\/84","targetHints":{"allow":["GET"]}}],"collection":[{"href":"https:\/\/fvmachinery.com\/fr\/wp-json\/wp\/v2\/product"}],"about":[{"href":"https:\/\/fvmachinery.com\/fr\/wp-json\/wp\/v2\/types\/product"}],"author":[{"embeddable":true,"href":"https:\/\/fvmachinery.com\/fr\/wp-json\/wp\/v2\/users\/1"}],"wp:featuredmedia":[{"embeddable":true,"href":"https:\/\/fvmachinery.com\/fr\/wp-json\/wp\/v2\/media\/86"}],"wp:attachment":[{"href":"https:\/\/fvmachinery.com\/fr\/wp-json\/wp\/v2\/media?parent=84"}],"wp:term":[{"taxonomy":"post_tag","embeddable":true,"href":"https:\/\/fvmachinery.com\/fr\/wp-json\/wp\/v2\/tags?post=84"},{"taxonomy":"product-type","embeddable":true,"href":"https:\/\/fvmachinery.com\/fr\/wp-json\/wp\/v2\/product-type?post=84"}],"curies":[{"name":"wp","href":"https:\/\/api.w.org\/{rel}","templated":true}]}}