{"id":88,"date":"2022-08-25T09:32:40","date_gmt":"2022-08-25T01:32:40","guid":{"rendered":"https:\/\/fvmachinery.com\/?post_type=product&#038;p=88"},"modified":"2022-10-21T14:51:24","modified_gmt":"2022-10-21T06:51:24","slug":"garlic-peeling-machine-for-sale","status":"publish","type":"product","link":"https:\/\/fvmachinery.com\/fr\/product\/machine-a-eplucher-lail-a-vendre\/","title":{"rendered":"Machine \u00e0 \u00e9plucher l'ail \u00e0 vendre | Dissolvant automatique de peau d'ail"},"content":{"rendered":"<p class=\"translation-block\">La machine \u00e0 \u00e9plucher l'ail \u00e0 vendre peut enlever rapidement et efficacement la peau de l'ail et aussi la peau des noix de cajou. Le processus d'\u00e9pluchage n'endommage pas l'ail lui-m\u00eame et constitue une machine essentielle pour les restaurants, les usines de transformation des aliments, les usines d'assaisonnement, les cantines, etc. Taizy Machinery propose deux mod\u00e8les diff\u00e9rents de machines \u00e0 \u00e9plucher l'ail, y compris le type petit et le type cha\u00eene. Les clients peuvent d\u00e9cider quel mod\u00e8le acheter en fonction de leur production et de la superficie de l'usine.<\/p>   <div class=\"wp-block-image\"> <figure class=\"aligncenter size-full\"><img loading=\"lazy\" decoding=\"async\" width=\"720\" height=\"540\" src=\"https:\/\/fvmachinery.com\/wp-content\/uploads\/2022\/08\/garlic-processing-plant1-1.webp\" alt=\"usine de transformation de l&#039;ail\" class=\"wp-image-172\" title=\"\" srcset=\"https:\/\/fvmachinery.com\/wp-content\/uploads\/2022\/08\/garlic-processing-plant1-1.webp 720w, https:\/\/fvmachinery.com\/wp-content\/uploads\/2022\/08\/garlic-processing-plant1-1-300x225.webp 300w\" sizes=\"auto, (max-width: 720px) 100vw, 720px\" \/><figcaption>machine \u00e0 \u00e9plucher l'ail \u00e0 vendre<\/figcaption><\/figure> <\/div>   <h2 class=\"wp-block-heading\" id=\"h-applicable-raw-materials-of-commercial-garlic-peeler\">Mati\u00e8res premi\u00e8res applicables de l'\u00e9plucheur d'ail commercial<\/h2>    <p>La machine \u00e0 \u00e9plucher l'ail convient pour \u00e9plucher l'ail sec, dont l'ail est divis\u00e9 en gousses, ainsi que pour \u00e9plucher les cacahu\u00e8tes s\u00e9ch\u00e9es, les pignons de pin, les noix de cajou, les noisettes et les produits agricoles \u00e0 membrane.<\/p>   <div class=\"wp-block-image\"> <figure class=\"aligncenter size-full\"><img loading=\"lazy\" decoding=\"async\" width=\"720\" height=\"540\" src=\"https:\/\/fvmachinery.com\/wp-content\/uploads\/2022\/08\/garlic-peeling-machine-1.jpg\" alt=\"\" class=\"wp-image-282\" title=\"\" srcset=\"https:\/\/fvmachinery.com\/wp-content\/uploads\/2022\/08\/garlic-peeling-machine-1.jpg 720w, https:\/\/fvmachinery.com\/wp-content\/uploads\/2022\/08\/garlic-peeling-machine-1-300x225.jpg 300w\" sizes=\"auto, (max-width: 720px) 100vw, 720px\" \/><figcaption>la machine \u00e0 \u00e9plucher l'ail peut \u00e9liminer efficacement la peau de l'ail<\/figcaption><\/figure> <\/div>   <h2 class=\"wp-block-heading\" id=\"h-features-of-garlic-peeling-machine-for-sale\">Caract\u00e9ristiques de la machine \u00e0 \u00e9plucher l'ail \u00e0 vendre<\/h2>    <ol class=\"wp-block-list\"><li>La machine \u00e0 \u00e9plucher l'ail a une efficacit\u00e9 de travail \u00e9lev\u00e9e et le taux d'\u00e9pluchage peut atteindre plus de 98%.<\/li><li>L'\u00e9plucheur d'ail sec n'a pas besoin d'eau, ce qui rend le processus d'\u00e9pluchage beaucoup plus facile et ne pollue pas l'environnement.<\/li><li>Notre soci\u00e9t\u00e9 propose deux types d'\u00e9plucheurs d'ail automatiques, la petite machine avec une structure compacte et un faible encombrement, et l'\u00e9plucheur d'ail automatique de type cha\u00eene \u00e0 haut rendement, adapt\u00e9 aux usines de transformation alimentaire \u00e0 grande \u00e9chelle. Les deux mod\u00e8les se caract\u00e9risent par des performances stables, un fonctionnement s\u00fbr et un entretien facile.<\/li><li>Notre \u00e9plucheur d'ail commercial utilise la force du compresseur d'air pour le d\u00e9coller sans endommager les mati\u00e8res premi\u00e8res. La machine \u00e0 \u00e9plucher l'ail adopte un principe d'\u00e9pluchage sp\u00e9cialement con\u00e7u, de sorte que l'ail n'utilise pas d'autres objets tranchants tels que des lames pendant le processus d'\u00e9pluchage et n'endommage pas la peau de l'ail.<\/li><\/ol>    <h2 class=\"wp-block-heading\" id=\"h-garlic-skin-remover-machine-application\">Application de la machine \u00e0 enlever la peau de l'ail<\/h2>    <p>Cette machine commerciale pour enlever l'ail est principalement utilis\u00e9e pour le traitement en profondeur de l'ail, en particulier pour les usines de transformation des aliments, les usines de production d'assaisonnements, les militaires, les restaurants, les \u00e9coles, les cantines, les d\u00e9taillants d'ail, les march\u00e9s de producteurs et autres unit\u00e9s de transformation ou particuliers.<\/p>    <h2 class=\"wp-block-heading\" id=\"h-choose-one-garlic-peeling-machine-you-like\">Choisissez une machine \u00e0 \u00e9plucher l'ail que vous aimez<\/h2>    <p>Taizy Machinery propose \u00e0 la vente deux types diff\u00e9rents de machines \u00e0 \u00e9plucher l'ail. La petite machine \u00e0 \u00e9plucher l'ail peut traiter 60 \u00e0 300 kg de mati\u00e8res premi\u00e8res par heure, ce qui convient aux familles, aux petits restaurants et aux petites usines de transformation de l\u00e9gumes. Il adopte le principe de pelage pneumatique. Pendant le processus de pelage, la machine n'endommagera pas du tout les gousses d'ail et le taux de pelage peut atteindre 95%. Voici les diff\u00e9rents mod\u00e8les de petites machines \u00e0 \u00e9plucher.<\/p>   <div class=\"wp-block-image\"> <figure class=\"aligncenter size-full\"><img loading=\"lazy\" decoding=\"async\" width=\"750\" height=\"540\" src=\"https:\/\/fvmachinery.com\/wp-content\/uploads\/2022\/08\/small-dry-garlic-peeling-machine.jpg\" alt=\"petite-machine-\u00e0-\u00e9plucher-l&#039;ail-sec\" class=\"wp-image-208\" title=\"\" srcset=\"https:\/\/fvmachinery.com\/wp-content\/uploads\/2022\/08\/small-dry-garlic-peeling-machine.jpg 750w, https:\/\/fvmachinery.com\/wp-content\/uploads\/2022\/08\/small-dry-garlic-peeling-machine-300x216.jpg 300w\" sizes=\"auto, (max-width: 750px) 100vw, 750px\" \/><figcaption>machine \u00e0 \u00e9plucher l'ail \u00e0 vendre<\/figcaption><\/figure> <\/div>   <figure class=\"wp-block-table\"><table><tbody><tr><td>Mod\u00e8le<\/td><td>TZ-100<\/td><td>TZ-150<\/td><td>TZ-300<\/td><\/tr><tr><td>Capacit\u00e9<\/td><td>60-100kg\/heure<\/td><td>100-150kg\/h<\/td><td>200-300kg\/heure<\/td><\/tr><tr><td>Flux d'air<\/td><td>1,05 m\u00b3\/min<\/td><td>1,60 m\u00b3\/min<\/td><td>4m\u00b3\/min<\/td><\/tr><tr><td>Avec la puissance a\u00e9rienne<\/td><td>5,5-7,5 kW<\/td><td>7,5-11 kW<\/td><td>15kw<\/td><\/tr><tr><td>Avec pression d'air<\/td><td>7-9g\/c\u33a1<\/td><td>7-9g\/c\u33a1<\/td><td>7-9g\/c\u33a1<\/td><\/tr><tr><td>Pouvoir total<\/td><td>0,2 kW<\/td><td>0,2 kW<\/td><td>0,4 kW<\/td><\/tr><tr><td>Taux de pelage<\/td><td>95-98%<\/td><td>95-98%<\/td><td>95-98%<\/td><\/tr><tr><td>Taille<\/td><td>600*600*1350mm<\/td><td>650*950*1750mm<\/td><td>650*950*1750mm<\/td><\/tr><tr><td>Poids<\/td><td>65 kg<\/td><td>800 kg<\/td><td>850 kg<\/td><\/tr><\/tbody><\/table><\/figure>    <p>La capacit\u00e9 de production de la machine \u00e0 \u00e9plucher l'ail de type cha\u00eene \u00e0 vendre est plus grande, elle peut traiter 200 \u00e0 1 000 kg de gousses d'ail par heure, adapt\u00e9e aux grandes usines de transformation des aliments, aux militaires, aux grands restaurants, aux usines d'assaisonnement, etc. Voici les diff\u00e9rents mod\u00e8les d'\u00e9plucheur d'ail en cha\u00eene.<\/p>   <div class=\"wp-block-image\"> <figure class=\"aligncenter size-full\"><img loading=\"lazy\" decoding=\"async\" width=\"720\" height=\"540\" src=\"https:\/\/fvmachinery.com\/wp-content\/uploads\/2022\/08\/chain-type-garlic-peeling-machine1.webp\" alt=\"machine \u00e0 \u00e9plucher l&#039;ail \u00e0 cha\u00eene\" class=\"wp-image-162\" title=\"\" srcset=\"https:\/\/fvmachinery.com\/wp-content\/uploads\/2022\/08\/chain-type-garlic-peeling-machine1.webp 720w, https:\/\/fvmachinery.com\/wp-content\/uploads\/2022\/08\/chain-type-garlic-peeling-machine1-300x225.webp 300w\" sizes=\"auto, (max-width: 720px) 100vw, 720px\" \/><figcaption>Machine \u00e0 \u00e9plucher l'ail \u00e0 cha\u00eene \u00e0 vendre<\/figcaption><\/figure> <\/div>   <figure class=\"wp-block-table\"><table><tbody><tr><td>Taper<\/td><td>Tension<\/td><td>Pouvoir<\/td><td>Taille<\/td><td>Poids<\/td><td>Sortir<\/td><\/tr><tr><td>200<\/td><td>110-220-380V<\/td><td>1100W<\/td><td>130*<em>55<\/em>*140CM<\/td><td>150KG<\/td><td>200kg\/heure<\/td><\/tr><tr><td>400<\/td><td>110-220-380V<\/td><td>1200W<\/td><td>162*<em>55<\/em>*140CM<\/td><td>250KG<\/td><td>400kg\/h<\/td><\/tr><tr><td>600<\/td><td>110-220-380V<\/td><td>1500W<\/td><td>182*<em>60*<\/em>140CM<\/td><td>350KG<\/td><td>600kg\/h<\/td><\/tr><tr><td>1000<\/td><td>110-220-380V<\/td><td>3000W<\/td><td>280*<em>98*<\/em>170CM<\/td><td>500KG<\/td><td>1000kg\/heure<\/td><\/tr><\/tbody><\/table><\/figure>    <h2 class=\"wp-block-heading\" id=\"h-recommended-garlic-processing-line\">Ligne de traitement de l'ail recommand\u00e9e<\/h2>   <div class=\"wp-block-image\"> <figure class=\"aligncenter size-full\"><img loading=\"lazy\" decoding=\"async\" width=\"720\" height=\"540\" src=\"https:\/\/fvmachinery.com\/wp-content\/uploads\/2022\/08\/garlic-processing-equipment-in-Taizy-factory.jpg\" alt=\"equipement-de-traitement-de-l&#039;ail-dans-l&#039;usine-de-Taizy\" class=\"wp-image-210\" title=\"\" srcset=\"https:\/\/fvmachinery.com\/wp-content\/uploads\/2022\/08\/garlic-processing-equipment-in-Taizy-factory.jpg 720w, https:\/\/fvmachinery.com\/wp-content\/uploads\/2022\/08\/garlic-processing-equipment-in-Taizy-factory-300x225.jpg 300w\" sizes=\"auto, (max-width: 720px) 100vw, 720px\" \/><figcaption>equipement-de-traitement-de-l'ail-dans-l'usine-de-Taizy<\/figcaption><\/figure> <\/div>  <div class=\"wp-block-image\"> <figure class=\"aligncenter size-full\"><img loading=\"lazy\" decoding=\"async\" width=\"720\" height=\"540\" src=\"https:\/\/fvmachinery.com\/wp-content\/uploads\/2022\/08\/continuous-garlic-splitting-peeling-plant.jpg\" alt=\"\" class=\"wp-image-211\" title=\"\" srcset=\"https:\/\/fvmachinery.com\/wp-content\/uploads\/2022\/08\/continuous-garlic-splitting-peeling-plant.jpg 720w, https:\/\/fvmachinery.com\/wp-content\/uploads\/2022\/08\/continuous-garlic-splitting-peeling-plant-300x225.jpg 300w\" sizes=\"auto, (max-width: 720px) 100vw, 720px\" \/><figcaption>ligne de transformation de l'ail<\/figcaption><\/figure> <\/div>   <p class=\"translation-block\">La ligne de traitement de l'ail commune peut transformer une t\u00eate d'ail enti\u00e8re en gousses d'ail propres de haute qualit\u00e9. Les \u00e9tapes compl\u00e8tes comprennent le fractionnement, l'\u00e9pluchage, le nettoyage, la s\u00e9lection des couleurs, le s\u00e9chage et enfin l'emballage. La ligne de traitement compl\u00e8te comprend une machine \u00e0 fractionner l'ail, une machine \u00e0 \u00e9plucher l'ail \u00e0 vendre, une machine \u00e0 laver \u00e0 bulles, une machine de tri des couleurs, une machine \u00e0 s\u00e9cher l'ail et une machine d'emballage. Cette ligne a un niveau d'automatisation \u00e9lev\u00e9 et un rendement \u00e9lev\u00e9 et peut traiter 500 \u00e0 3000 kg d'ail. Si vous \u00eates int\u00e9ress\u00e9, contactez-nous maintenant.<\/p>","protected":false},"excerpt":{"rendered":"<p>The garlic peeling machine for sale can quickly and effectively remove the skin of garlic and also the skin of cashew nuts. The peeling process does not damage the garlic itself and is an essential machine for restaurants, food processing plants, seasoning plants, canteens, etc. Taizy Machinery offers two different models of garlic peeling machines, [&hellip;]<\/p>\n","protected":false},"author":1,"featured_media":91,"parent":0,"template":"","tags":[22],"product-type":[13],"class_list":["post-88","product","type-product","status-publish","has-post-thumbnail","hentry","tag-garlic-peeling-machine","product-type-peeling-machine"],"_links":{"self":[{"href":"https:\/\/fvmachinery.com\/fr\/wp-json\/wp\/v2\/product\/88","targetHints":{"allow":["GET"]}}],"collection":[{"href":"https:\/\/fvmachinery.com\/fr\/wp-json\/wp\/v2\/product"}],"about":[{"href":"https:\/\/fvmachinery.com\/fr\/wp-json\/wp\/v2\/types\/product"}],"author":[{"embeddable":true,"href":"https:\/\/fvmachinery.com\/fr\/wp-json\/wp\/v2\/users\/1"}],"wp:featuredmedia":[{"embeddable":true,"href":"https:\/\/fvmachinery.com\/fr\/wp-json\/wp\/v2\/media\/91"}],"wp:attachment":[{"href":"https:\/\/fvmachinery.com\/fr\/wp-json\/wp\/v2\/media?parent=88"}],"wp:term":[{"taxonomy":"post_tag","embeddable":true,"href":"https:\/\/fvmachinery.com\/fr\/wp-json\/wp\/v2\/tags?post=88"},{"taxonomy":"product-type","embeddable":true,"href":"https:\/\/fvmachinery.com\/fr\/wp-json\/wp\/v2\/product-type?post=88"}],"curies":[{"name":"wp","href":"https:\/\/api.w.org\/{rel}","templated":true}]}}