{"id":907,"date":"2023-12-12T17:50:58","date_gmt":"2023-12-12T09:50:58","guid":{"rendered":"https:\/\/fvmachinery.com\/?post_type=product&#038;p=907"},"modified":"2024-04-08T14:53:14","modified_gmt":"2024-04-08T06:53:14","slug":"garlic-splitting-machine","status":"publish","type":"product","link":"https:\/\/fvmachinery.com\/fr\/product\/garlic-splitting-machine\/","title":{"rendered":"Machine \u00e0 fendre l'ail"},"content":{"rendered":"<p class=\"translation-block\">[Une machine de division d\u2019ail est utilis\u00e9e pour donner les gousses d\u2019ail enti\u00e8res, elle convient \u00e0 la plantation d\u2019ail, au traitement des aliments, et <a href=\"https:\/\/fvmachinery.com\/fr\/product\/usine-de-transformation-de-lail\/\" data-type=\"link\" data-id=\"https:\/\/fvmachinery.com\/product\/garlic-processing-plant\/\"><strong><em> au traitement industriel de l\u2019ail<\/em><\/strong>.<\/a> Ensuite, examinons en d\u00e9tail la machine \u00e0 clouter l\u2019ail.<\/p>    <figure class=\"wp-block-gallery has-nested-images columns-default is-cropped wp-block-gallery-2 is-layout-flex wp-block-gallery-is-layout-flex\"> <figure class=\"wp-block-image size-large\"><img loading=\"lazy\" decoding=\"async\" width=\"720\" height=\"540\" data-id=\"910\" src=\"https:\/\/fvmachinery.com\/wp-content\/uploads\/2023\/12\/garlic-splitting-machine.webp\" alt=\"machine \u00e0 fendre l&#039;ail\" class=\"wp-image-910\" title=\"\" srcset=\"https:\/\/fvmachinery.com\/wp-content\/uploads\/2023\/12\/garlic-splitting-machine.webp 720w, https:\/\/fvmachinery.com\/wp-content\/uploads\/2023\/12\/garlic-splitting-machine-300x225.webp 300w\" sizes=\"auto, (max-width: 720px) 100vw, 720px\" \/><figcaption class=\"wp-element-caption\">Machine \u00e0 fendre l'ail<\/figcaption><\/figure> <\/figure>    <h2 class=\"wp-block-heading\">Principe de fonctionnement du s\u00e9parateur de gousse d'ail<\/h2>    <p>Une machine de traitement des bulbes d'ail est principalement compos\u00e9e d'un syst\u00e8me d'alimentation, d'un m\u00e9canisme de compression et d'un syst\u00e8me de d\u00e9chargement. Nous mettons l'ail pr\u00e9par\u00e9 dans le port d'alimentation. Sous l'extrusion des rouleaux, les gousses d'ail sont expuls\u00e9es de la coquille d'ail, puis \u00e9vacu\u00e9es de l'orifice de d\u00e9charge. Les gousses d\u2019ail s\u00e9par\u00e9es peuvent \u00eatre utilis\u00e9es pour la plantation ou peuvent \u00eatre transform\u00e9es ou vendues \u00e0 l\u2019\u00e9tape suivante.<\/p>    <figure class=\"wp-block-gallery has-nested-images columns-default is-cropped wp-block-gallery-3 is-layout-flex wp-block-gallery-is-layout-flex\"> <figure class=\"wp-block-image size-large\"><img loading=\"lazy\" decoding=\"async\" width=\"720\" height=\"540\" data-id=\"911\" src=\"https:\/\/fvmachinery.com\/wp-content\/uploads\/2023\/12\/garlic-after-cloving.webp\" alt=\"ail apr\u00e8s girofle\" class=\"wp-image-911\" title=\"\" srcset=\"https:\/\/fvmachinery.com\/wp-content\/uploads\/2023\/12\/garlic-after-cloving.webp 720w, https:\/\/fvmachinery.com\/wp-content\/uploads\/2023\/12\/garlic-after-cloving-300x225.webp 300w\" sizes=\"auto, (max-width: 720px) 100vw, 720px\" \/><figcaption class=\"wp-element-caption\">Ail fendu pour un traitement ult\u00e9rieur<\/figcaption><\/figure>    <figure class=\"wp-block-image size-large\"><img loading=\"lazy\" decoding=\"async\" width=\"720\" height=\"540\" data-id=\"917\" src=\"https:\/\/fvmachinery.com\/wp-content\/uploads\/2023\/12\/garlic-planting.webp\" alt=\"plantation d&#039;ail\" class=\"wp-image-917\" title=\"\" srcset=\"https:\/\/fvmachinery.com\/wp-content\/uploads\/2023\/12\/garlic-planting.webp 720w, https:\/\/fvmachinery.com\/wp-content\/uploads\/2023\/12\/garlic-planting-300x225.webp 300w\" sizes=\"auto, (max-width: 720px) 100vw, 720px\" \/><figcaption class=\"wp-element-caption\">Plantation d'ail<\/figcaption><\/figure> <\/figure>    <h2 class=\"wp-block-heading\">Quels sont les avantages d\u2019un s\u00e9parateur de gousses d\u2019ail ?<\/h2>    <p>La machine \u00e0 fendre l'ail est de conception tr\u00e8s simple et facile \u00e0 utiliser. Il convient \u00e0 la production d\u2019ail \u00e0 grande \u00e9chelle et est couramment utilis\u00e9 dans les cha\u00eenes de transformation de l\u2019ail. La machine \u00e0 couper l'ail peut traiter une grande quantit\u00e9 d'ail en peu de temps, et elle peut r\u00e9duire consid\u00e9rablement la perte de gousses d'ail due au fonctionnement manuel, et l'ail qui doit \u00eatre plant\u00e9 est coup\u00e9 par cette machine, ce qui est \u00e9galement un bon choix.<\/p>    <figure class=\"wp-block-gallery has-nested-images columns-default is-cropped wp-block-gallery-4 is-layout-flex wp-block-gallery-is-layout-flex\"> <figure class=\"wp-block-image size-large\"><img loading=\"lazy\" decoding=\"async\" width=\"720\" height=\"540\" data-id=\"916\" src=\"https:\/\/fvmachinery.com\/wp-content\/uploads\/2023\/12\/The-body-is-made-of-304-stainless-steel.webp\" alt=\"Le corps est en acier inoxydable 304.\" class=\"wp-image-916\" title=\"\" srcset=\"https:\/\/fvmachinery.com\/wp-content\/uploads\/2023\/12\/The-body-is-made-of-304-stainless-steel.webp 720w, https:\/\/fvmachinery.com\/wp-content\/uploads\/2023\/12\/The-body-is-made-of-304-stainless-steel-300x225.webp 300w\" sizes=\"auto, (max-width: 720px) 100vw, 720px\" \/><figcaption class=\"wp-element-caption\">Le corps est en acier inoxydable 304.<\/figcaption><\/figure>    <figure class=\"wp-block-image size-large\"><img loading=\"lazy\" decoding=\"async\" width=\"720\" height=\"540\" data-id=\"915\" src=\"https:\/\/fvmachinery.com\/wp-content\/uploads\/2023\/12\/simple-structure-easy-to-operate.webp\" alt=\"structure simple, facile \u00e0 utiliser\" class=\"wp-image-915\" title=\"\" srcset=\"https:\/\/fvmachinery.com\/wp-content\/uploads\/2023\/12\/simple-structure-easy-to-operate.webp 720w, https:\/\/fvmachinery.com\/wp-content\/uploads\/2023\/12\/simple-structure-easy-to-operate-300x225.webp 300w\" sizes=\"auto, (max-width: 720px) 100vw, 720px\" \/><figcaption class=\"wp-element-caption\">Structure simple, facile \u00e0 utiliser<\/figcaption><\/figure> <\/figure>    <h2 class=\"wp-block-heading\">Quelles sont les caract\u00e9ristiques de la machine \u00e0 fendre l'ail de Taizy ?<\/h2>    <p>Le corps du s\u00e9parateur de tr\u00e8fle \u00e0 l'ail de Taizy est en acier inoxydable SUS304, ce qui garantit la qualit\u00e9 des aliments tout en rendant la machine plus durable. Pour votre commodit\u00e9, le panneau de commande du s\u00e9parateur de tr\u00e8fle \u00e0 l'ail de Taizy est con\u00e7u pour \u00eatre tr\u00e8s simple et peut \u00eatre rapidement ma\u00eetris\u00e9 par les novices. <\/p>    <p>Actuellement, Taizy Machinery Factory produit principalement trois types de machines \u00e0 fendre l'ail d'une capacit\u00e9 de 400 kg, 500 kg et 1 000 kg par heure, qui peuvent satisfaire les besoins de diff\u00e9rents clients. En termes de service apr\u00e8s-vente, Taizy met \u00e0 disposition une \u00e9quipe de techniciens professionnels pour garantir que chaque client puisse exp\u00e9rimenter la joie qu'une machine de qualit\u00e9 peut apporter dans sa vie.<\/p>    <figure class=\"wp-block-gallery has-nested-images columns-default is-cropped wp-block-gallery-5 is-layout-flex wp-block-gallery-is-layout-flex\"> <figure class=\"wp-block-image size-large\"><img loading=\"lazy\" decoding=\"async\" width=\"720\" height=\"540\" data-id=\"912\" src=\"https:\/\/fvmachinery.com\/wp-content\/uploads\/2023\/12\/garlic-cloving-machine-with-an-output-of-1000-kgh.webp\" alt=\"machine \u00e0 gousser l&#039;ail d&#039;une capacit\u00e9 de 1000 kgh\" class=\"wp-image-912\" title=\"\" srcset=\"https:\/\/fvmachinery.com\/wp-content\/uploads\/2023\/12\/garlic-cloving-machine-with-an-output-of-1000-kgh.webp 720w, https:\/\/fvmachinery.com\/wp-content\/uploads\/2023\/12\/garlic-cloving-machine-with-an-output-of-1000-kgh-300x225.webp 300w\" sizes=\"auto, (max-width: 720px) 100vw, 720px\" \/><figcaption class=\"wp-element-caption\">Machine \u00e0 gousser l'ail avec un rendement de 1000 Kg\/H<\/figcaption><\/figure>    <figure class=\"wp-block-image size-large\"><img loading=\"lazy\" decoding=\"async\" width=\"720\" height=\"540\" data-id=\"920\" src=\"https:\/\/fvmachinery.com\/wp-content\/uploads\/2023\/12\/garlic-cloving-machine-with-an-output-of-400-kgh.webp\" alt=\"machine \u00e0 gousser l&#039;ail d&#039;une capacit\u00e9 de 400 kg\/h\" class=\"wp-image-920\" title=\"\" srcset=\"https:\/\/fvmachinery.com\/wp-content\/uploads\/2023\/12\/garlic-cloving-machine-with-an-output-of-400-kgh.webp 720w, https:\/\/fvmachinery.com\/wp-content\/uploads\/2023\/12\/garlic-cloving-machine-with-an-output-of-400-kgh-300x225.webp 300w\" sizes=\"auto, (max-width: 720px) 100vw, 720px\" \/><figcaption class=\"wp-element-caption\">Machine \u00e0 gousser l'ail avec un rendement de 400 Kg\/H<\/figcaption><\/figure> <\/figure>    <h2 class=\"wp-block-heading\">Nos divisions de bulbes d'ail exp\u00e9di\u00e9es dans le monde entier<\/h2>    <p>Nos machines \u00e0 fendre l'ail ont \u00e9t\u00e9 vendues avec succ\u00e8s dans de nombreux pays, tels que les \u00c9tats-Unis, le Br\u00e9sil, l'Espagne, le Maroc, etc., ce qui est bien reconnu et appr\u00e9ci\u00e9 par les clients. Gr\u00e2ce \u00e0 un savoir-faire exquis et \u00e0 un design innovant, nos machines \u00e0 girofle ont gagn\u00e9 la confiance des utilisateurs de ces pays. Les clients appr\u00e9cient les performances de nos produits pour s\u00e9parer efficacement les gousses d'ail et les excellentes performances des machines en production de masse. <\/p>    <p>Si vous avez besoin d'acheter une machine, n'h\u00e9sitez pas \u00e0 nous contacter et \u00e0 visiter notre usine. Nous continuerons \u00e0 nous consacrer \u00e0 fournir des solutions techniques sup\u00e9rieures pour r\u00e9pondre aux besoins de nos clients du monde entier. Gr\u00e2ce au soutien de nos clients r\u00e9guliers, nous d\u00e9ploierons des efforts inlassables pour vous fournir des produits et services encore meilleurs.<\/p>    <figure class=\"wp-block-gallery has-nested-images columns-default is-cropped wp-block-gallery-6 is-layout-flex wp-block-gallery-is-layout-flex\"> <figure class=\"wp-block-image size-large\"><img loading=\"lazy\" decoding=\"async\" width=\"720\" height=\"540\" data-id=\"921\" src=\"https:\/\/fvmachinery.com\/wp-content\/uploads\/2023\/12\/garlic-separator-shipped-to-morocco.webp\" alt=\"s\u00e9parateur d&#039;ail exp\u00e9di\u00e9 au Maroc\" class=\"wp-image-921\" title=\"\" srcset=\"https:\/\/fvmachinery.com\/wp-content\/uploads\/2023\/12\/garlic-separator-shipped-to-morocco.webp 720w, https:\/\/fvmachinery.com\/wp-content\/uploads\/2023\/12\/garlic-separator-shipped-to-morocco-300x225.webp 300w\" sizes=\"auto, (max-width: 720px) 100vw, 720px\" \/><figcaption class=\"wp-element-caption\">S\u00e9parateur d'ail exp\u00e9di\u00e9 au Maroc<\/figcaption><\/figure>    <figure class=\"wp-block-image size-large\"><img loading=\"lazy\" decoding=\"async\" width=\"720\" height=\"540\" data-id=\"922\" src=\"https:\/\/fvmachinery.com\/wp-content\/uploads\/2023\/12\/garlic-splitting-machine-shipped-to-Brazil.webp\" alt=\"Machine \u00e0 fendre l&#039;ail exp\u00e9di\u00e9e au Br\u00e9sil\" class=\"wp-image-922\" title=\"\" srcset=\"https:\/\/fvmachinery.com\/wp-content\/uploads\/2023\/12\/garlic-splitting-machine-shipped-to-Brazil.webp 720w, https:\/\/fvmachinery.com\/wp-content\/uploads\/2023\/12\/garlic-splitting-machine-shipped-to-Brazil-300x225.webp 300w\" sizes=\"auto, (max-width: 720px) 100vw, 720px\" \/><figcaption class=\"wp-element-caption\">Machine \u00e0 fendre l'ail exp\u00e9di\u00e9e en Espagne<\/figcaption><\/figure> <\/figure>    <h2 class=\"wp-block-heading\">Ligne de traitement de l'ail recommand\u00e9e<\/h2>    <p class=\"translation-block\">Ce s\u00e9parateur de gousses d'ail peut \u00eatre utilis\u00e9 avec une <a href=\"https:\/\/fvmachinery.com\/fr\/product\/eplucheuse-de-canne-a-sucre\/\">machine \u00e0 peler l'ail<\/a> et une <a href=\"https:\/\/fvmachinery.com\/fr\/product\/machine-a-trancher-lail\/\">machine \u00e0 trancher l'ail<\/a> comme une <a href=\"https:\/\/fvmachinery.com\/fr\/product\/usine-de-transformation-de-lail\/\">ligne de production de traitement de l'ail<\/a>, transformant l'ail entier en gousses propres, y compris la s\u00e9paration, le pelage, le tri, le lavage, le s\u00e9chage et l'emballage de l'ail.<\/p>   <div class=\"wp-block-image\"> <figure class=\"aligncenter size-full\"><img loading=\"lazy\" decoding=\"async\" width=\"720\" height=\"540\" src=\"https:\/\/fvmachinery.com\/wp-content\/uploads\/2023\/12\/continuous-garlic-splitting-peeling-plant-1.webp\" alt=\"installation d&#039;\u00e9pluchage continu de l&#039;ail\" class=\"wp-image-1027\" title=\"\" srcset=\"https:\/\/fvmachinery.com\/wp-content\/uploads\/2023\/12\/continuous-garlic-splitting-peeling-plant-1.webp 720w, https:\/\/fvmachinery.com\/wp-content\/uploads\/2023\/12\/continuous-garlic-splitting-peeling-plant-1-300x225.webp 300w, https:\/\/fvmachinery.com\/wp-content\/uploads\/2023\/12\/continuous-garlic-splitting-peeling-plant-1-16x12.webp 16w\" sizes=\"auto, (max-width: 720px) 100vw, 720px\" \/><figcaption class=\"wp-element-caption\">installation d'\u00e9pluchage continu de l'ail<\/figcaption><\/figure> <\/div>   <h2 class=\"wp-block-heading\">Param\u00e8tres de la machine \u00e0 fendre l'ail<\/h2>    <figure class=\"wp-block-table\"><table><tbody><tr><td>Mod\u00e8le<\/td><td>TZ-400<\/td><td>TZ-500<\/td><td>TZ-1000<\/td><\/tr><tr><td>Pouvoir<\/td><td>750W<\/td><td>1500W<\/td><td>2200W<\/td><\/tr><tr><td>Poids<\/td><td>130KG<\/td><td>120KG<\/td><td>150KG<\/td><\/tr><tr><td>Capacit\u00e9<\/td><td>400 KG\/heure<\/td><td>500 KG\/H<\/td><td>1000 KG\/H<\/td><\/tr><tr><td>Tension<\/td><td>110-220-380V<\/td><td>110-220-380V<\/td><td>110-220-380V<\/td><\/tr><tr><td>Taille<\/td><td>72*73*115CM<\/td><td>76*73*103CM<\/td><td>150*70*124CM<\/td><\/tr><\/tbody><\/table><figcaption class=\"wp-element-caption\">Param\u00e8tres de la machine \u00e0 fendre l'ail<\/figcaption><\/figure>","protected":false},"excerpt":{"rendered":"<p>A garlic splitting machine is used to give the whole garlic cloves, it is suitable for garlic planting, food processing, and industrial mass processing of garlic. Next, let&#8217;s take a detailed look at the garlic cloving machine. Working Principle of Garlic Clove Splitter A garlic bulb processing machine is mainly composed of a feeding system, [&hellip;]<\/p>\n","protected":false},"author":1,"featured_media":910,"parent":0,"template":"","tags":[],"product-type":[13],"class_list":["post-907","product","type-product","status-publish","has-post-thumbnail","hentry","product-type-peeling-machine"],"_links":{"self":[{"href":"https:\/\/fvmachinery.com\/fr\/wp-json\/wp\/v2\/product\/907","targetHints":{"allow":["GET"]}}],"collection":[{"href":"https:\/\/fvmachinery.com\/fr\/wp-json\/wp\/v2\/product"}],"about":[{"href":"https:\/\/fvmachinery.com\/fr\/wp-json\/wp\/v2\/types\/product"}],"author":[{"embeddable":true,"href":"https:\/\/fvmachinery.com\/fr\/wp-json\/wp\/v2\/users\/1"}],"wp:featuredmedia":[{"embeddable":true,"href":"https:\/\/fvmachinery.com\/fr\/wp-json\/wp\/v2\/media\/910"}],"wp:attachment":[{"href":"https:\/\/fvmachinery.com\/fr\/wp-json\/wp\/v2\/media?parent=907"}],"wp:term":[{"taxonomy":"post_tag","embeddable":true,"href":"https:\/\/fvmachinery.com\/fr\/wp-json\/wp\/v2\/tags?post=907"},{"taxonomy":"product-type","embeddable":true,"href":"https:\/\/fvmachinery.com\/fr\/wp-json\/wp\/v2\/product-type?post=907"}],"curies":[{"name":"wp","href":"https:\/\/api.w.org\/{rel}","templated":true}]}}