{"id":944,"date":"2024-03-14T16:30:24","date_gmt":"2024-03-14T08:30:24","guid":{"rendered":"https:\/\/fvmachinery.com\/?post_type=product&#038;p=944"},"modified":"2024-03-20T15:20:53","modified_gmt":"2024-03-20T07:20:53","slug":"garlic-slicer-machine","status":"publish","type":"product","link":"https:\/\/fvmachinery.com\/fr\/product\/machine-a-trancher-lail\/","title":{"rendered":"Machine \u00e0 trancher l'ail"},"content":{"rendered":"<p>La trancheuse \u00e0 ail est une sorte de machine utilis\u00e9e pour couper l'ail en fines tranches. Il est facile \u00e0 utiliser, il suffit de mettre de l'ail dans le port d'alimentation. Il peut terminer automatiquement la coupe, \u00e9conomiser du temps et des efforts, et est \u00e9quip\u00e9 de protections de s\u00e9curit\u00e9, s\u00fbres et fiables. La machine \u00e0 couper l'ail est largement utilis\u00e9e dans la maison, la restauration, l'industrie agroalimentaire et d'autres domaines.<\/p>   <div class=\"wp-block-image\"> <figure class=\"aligncenter size-full\"><img loading=\"lazy\" decoding=\"async\" width=\"540\" height=\"720\" src=\"https:\/\/fvmachinery.com\/wp-content\/uploads\/2024\/03\/garlic-slicer-machine-function-1.webp\" alt=\"fonction de la machine \u00e0 trancher l&#039;ail\" class=\"wp-image-958\" title=\"\" srcset=\"https:\/\/fvmachinery.com\/wp-content\/uploads\/2024\/03\/garlic-slicer-machine-function-1.webp 540w, https:\/\/fvmachinery.com\/wp-content\/uploads\/2024\/03\/garlic-slicer-machine-function-1-225x300.webp 225w\" sizes=\"auto, (max-width: 540px) 100vw, 540px\" \/><figcaption class=\"wp-element-caption\">fonction de la machine \u00e0 trancher l'ail<\/figcaption><\/figure> <\/div>   <h2 class=\"wp-block-heading\"><strong>Comment fonctionne la machine \u00e0 couper l'ail<\/strong> <strong>travail<\/strong>? <\/h2>    <p class=\"translation-block\"><strong>Alimentation<\/strong> : chargez continuellement les mat\u00e9riaux dans l'entr\u00e9e d'alimentation apr\u00e8s avoir d\u00e9marr\u00e9 la machine. <\/p>    <p class=\"translation-block\"><strong>Tranchage<\/strong> : les mat\u00e9riaux sont tranch\u00e9s de mani\u00e8re centrifuge lorsqu'ils interagissent avec le m\u00e9canisme de coupe, permettant un tranchage continu. <\/p>    <p class=\"translation-block\"><strong>D\u00e9charge<\/strong> : le mat\u00e9riau tranch\u00e9 sort par la sortie de d\u00e9charge.<\/p>    <figure class=\"wp-block-embed is-type-video is-provider-youtube wp-block-embed-youtube wp-embed-aspect-16-9 wp-has-aspect-ratio\"><div class=\"wp-block-embed__wrapper\"> <iframe loading=\"lazy\" title=\"Machine \u00e0 trancher l&#039;ail commerciale : 350 kg de tranches d&#039;ail sont produites par heure#cuttingmachine\" width=\"500\" height=\"281\" src=\"https:\/\/www.youtube.com\/embed\/VBa6ysOWk-Y?feature=oembed\" frameborder=\"0\" allow=\"accelerometer; autoplay; clipboard-write; encrypted-media; gyroscope; picture-in-picture; web-share\" referrerpolicy=\"strict-origin-when-cross-origin\" allowfullscreen><\/iframe> <\/div><\/figure>    <h2 class=\"wp-block-heading\"><strong>Structure de<\/strong> <strong>machine \u00e0 couper l'ail<\/strong><\/h2>    <p>La structure de ce coupe-ail est tr\u00e8s simple. Il se compose d'un corps, d'une lame, d'un disque, d'un moteur en cuivre pur, d'une entr\u00e9e et d'une sortie. \u00c0 partir de l\u00e0, vous pouvez facilement comprendre la machine et l\u2019utiliser correctement et rapidement.<\/p>    <figure class=\"wp-block-gallery has-nested-images columns-default is-cropped wp-block-gallery-2 is-layout-flex wp-block-gallery-is-layout-flex\"> <figure class=\"wp-block-image size-full\"><img loading=\"lazy\" decoding=\"async\" width=\"540\" height=\"720\" data-id=\"953\" src=\"https:\/\/fvmachinery.com\/wp-content\/uploads\/2024\/03\/garlic-Cutter-machine-with-simple-structure.webp\" alt=\"Machine \u00e0 couper l&#039;ail avec une structure simple\" class=\"wp-image-953\" title=\"\" srcset=\"https:\/\/fvmachinery.com\/wp-content\/uploads\/2024\/03\/garlic-Cutter-machine-with-simple-structure.webp 540w, https:\/\/fvmachinery.com\/wp-content\/uploads\/2024\/03\/garlic-Cutter-machine-with-simple-structure-225x300.webp 225w\" sizes=\"auto, (max-width: 540px) 100vw, 540px\" \/><figcaption class=\"wp-element-caption\">Machine de coupe-ail avec structure simple<\/figcaption><\/figure>    <figure class=\"wp-block-image size-full\"><img loading=\"lazy\" decoding=\"async\" width=\"540\" height=\"720\" data-id=\"952\" src=\"https:\/\/fvmachinery.com\/wp-content\/uploads\/2024\/03\/garlic-slicer-machine-in-the-factory.webp\" alt=\"machine \u00e0 trancher l&#039;ail en usine\" class=\"wp-image-952\" title=\"\" srcset=\"https:\/\/fvmachinery.com\/wp-content\/uploads\/2024\/03\/garlic-slicer-machine-in-the-factory.webp 540w, https:\/\/fvmachinery.com\/wp-content\/uploads\/2024\/03\/garlic-slicer-machine-in-the-factory-225x300.webp 225w\" sizes=\"auto, (max-width: 540px) 100vw, 540px\" \/><figcaption class=\"wp-element-caption\">Machine \u00e0 trancher l'ail en usine<\/figcaption><\/figure> <\/figure>    <h2 class=\"wp-block-heading\"><strong>Les avantages de<\/strong> <strong>coupe-ail<\/strong><\/h2>    <ul class=\"wp-block-list\"> <li>\u00c9paisseur uniforme des tranches d'ail, pas de casse.<\/li>    <li>Acier inoxydable, robuste et r\u00e9sistant \u00e0 l'usure, r\u00e9sistant \u00e0 la corrosion.<\/li>    <li>Facile \u00e0 utiliser, s\u00fbr et fiable. Placez les gousses d'ail dans l'entr\u00e9e d'alimentation et appuyez simplement sur l'interrupteur marche\/arr\u00eat pour allumer ou \u00e9teindre la machine.<\/li>    <li>De petite taille et facile \u00e0 d\u00e9placer. Et nous pouvons personnaliser la roue si n\u00e9cessaire\u00a0!<\/li>    <li>Peut \u00eatre utilis\u00e9 conjointement avec la ligne de traitement de l'ail.<\/li> <\/ul>    <h2 class=\"wp-block-heading\"><strong>FAQ de la machine \u00e0 couper l'ail<\/strong><\/h2>   <div id=\"rank-math-faq\" class=\"rank-math-block\"> <div class=\"rank-math-list\"> <div id=\"faq-question-1710237985225\" class=\"rank-math-list-item\"> <h3 class=\"rank-math-question\">Cette machine \u00e0 trancher l'ail convient-elle uniquement \u00e0 l'ail\u00a0?<\/h3> <div class=\"rank-math-answer\">  <p>Non seulement vous pouvez trancher l'ail, mais il convient \u00e9galement aux l\u00e9gumes solides comme le gingembre, l'oignon, le concombre, le taro, etc., de la bonne taille.<\/p>  <\/div> <\/div> <div id=\"faq-question-1710238204806\" class=\"rank-math-list-item\"> <h3 class=\"rank-math-question\">Est-ce facile \u00e0 nettoyer ?<\/h3> <div class=\"rank-math-answer\">  <p>La proc\u00e9dure de nettoyage consiste \u00e0 d\u00e9brancher l'alimentation \u00e9lectrique, \u00e0 ouvrir la lame avec un tournevis, \u00e0 retirer la lame, \u00e0 nettoyer la lame avec de l'eau ti\u00e8de et du d\u00e9tergent et \u00e0 installer la lame.<\/p>  <\/div> <\/div> <div id=\"faq-question-1710238603518\" class=\"rank-math-list-item\"> <h3 class=\"rank-math-question\">Pouvez-vous changer la tension sur la machine ?<\/h3> <div class=\"rank-math-answer\">  <p>Ne vous inqui\u00e9tez pas, nous pouvons le personnaliser selon la norme de tension de votre pays.<\/p>  <\/div> <\/div> <\/div> <\/div>  <div class=\"wp-block-image\"> <figure class=\"aligncenter size-full\"><img loading=\"lazy\" decoding=\"async\" width=\"540\" height=\"720\" src=\"https:\/\/fvmachinery.com\/wp-content\/uploads\/2024\/03\/garlic-slicer-machine-for-sale.webp\" alt=\"Machine \u00e0 trancher l&#039;ail \u00e0 vendre\" class=\"wp-image-956\" title=\"\" srcset=\"https:\/\/fvmachinery.com\/wp-content\/uploads\/2024\/03\/garlic-slicer-machine-for-sale.webp 540w, https:\/\/fvmachinery.com\/wp-content\/uploads\/2024\/03\/garlic-slicer-machine-for-sale-225x300.webp 225w\" sizes=\"auto, (max-width: 540px) 100vw, 540px\" \/><figcaption class=\"wp-element-caption\">Machine \u00e0 trancher l'ail \u00e0 vendre<\/figcaption><\/figure> <\/div>   <h2 class=\"wp-block-heading\"><strong>Exportation de 5 machines \u00e0 couper l'ail vers une usine en Tha\u00eflande<\/strong><\/h2>    <p>Le client tha\u00eflandais souhaitait une am\u00e9lioration significative de la vitesse de tranchage de l'ail et a achet\u00e9 la machine pour la production de p\u00e2te d'ail. <\/p>    <p>Il a donc vu les machines \u00e0 vendre et a demand\u00e9 au directeur commercial si une telle machine pouvait \u00eatre exp\u00e9di\u00e9e en Tha\u00eflande. Notre responsable commercial a recommand\u00e9 ce coupe-ail et lui a envoy\u00e9 des informations sur la machine (param\u00e8tres, photos, vid\u00e9o de fonctionnement, configuration, etc.). <\/p>    <p>Le client tha\u00eflandais \u00e9tait tr\u00e8s satisfait de la machine et a imm\u00e9diatement pass\u00e9 la commande.<\/p>    <p class=\"translation-block\">En plus de cette machine \u00e0 couper l'ail, nous avons \u00e9galement des<strong><a href=\"https:\/\/fvmachinery.com\/fr\/product\/machine-a-eplucher-lail-a-vendre\/\"> machines \u00e0 peler l'ail<\/a><\/strong>. Si vous \u00eates int\u00e9ress\u00e9, n'h\u00e9sitez pas \u00e0 nous contacter pour plus de d\u00e9tails !<\/p>    <figure class=\"wp-block-gallery has-nested-images columns-default is-cropped wp-block-gallery-3 is-layout-flex wp-block-gallery-is-layout-flex\"> <figure class=\"wp-block-image size-full\"><img loading=\"lazy\" decoding=\"async\" width=\"540\" height=\"720\" data-id=\"954\" src=\"https:\/\/fvmachinery.com\/wp-content\/uploads\/2024\/03\/packed-garlic-slicer-machine.webp\" alt=\"machine \u00e0 trancher l&#039;ail emball\u00e9e\" class=\"wp-image-954\" title=\"\" srcset=\"https:\/\/fvmachinery.com\/wp-content\/uploads\/2024\/03\/packed-garlic-slicer-machine.webp 540w, https:\/\/fvmachinery.com\/wp-content\/uploads\/2024\/03\/packed-garlic-slicer-machine-225x300.webp 225w\" sizes=\"auto, (max-width: 540px) 100vw, 540px\" \/><figcaption class=\"wp-element-caption\">Machine \u00e0 trancher l'ail emball\u00e9<\/figcaption><\/figure>    <figure class=\"wp-block-image size-full\"><img loading=\"lazy\" decoding=\"async\" width=\"540\" height=\"720\" data-id=\"955\" src=\"https:\/\/fvmachinery.com\/wp-content\/uploads\/2024\/03\/garlic-cutting-machine-to-be-shipped-soon.jpg\" alt=\"la machine \u00e0 couper l&#039;ail sera bient\u00f4t exp\u00e9di\u00e9e\" class=\"wp-image-955\" title=\"\" srcset=\"https:\/\/fvmachinery.com\/wp-content\/uploads\/2024\/03\/garlic-cutting-machine-to-be-shipped-soon.jpg 540w, https:\/\/fvmachinery.com\/wp-content\/uploads\/2024\/03\/garlic-cutting-machine-to-be-shipped-soon-225x300.jpg 225w\" sizes=\"auto, (max-width: 540px) 100vw, 540px\" \/><figcaption class=\"wp-element-caption\">La machine \u00e0 couper l'ail sera bient\u00f4t exp\u00e9di\u00e9e<\/figcaption><\/figure> <\/figure>    <h2 class=\"wp-block-heading\"><strong>Param\u00e8tres de la machine \u00e0 trancher l'ail, offre sp\u00e9ciale<\/strong><\/h2>    <figure class=\"wp-block-table\"><table><tbody><tr><td class=\"has-text-align-center\" data-align=\"center\"><strong>Tension<\/strong><\/td><td class=\"has-text-align-center\" data-align=\"center\">380v<\/td><\/tr><tr><td class=\"has-text-align-center\" data-align=\"center\"><strong>Pouvoir de soutien<\/strong><\/td><td class=\"has-text-align-center\" data-align=\"center\">0,75 kW<\/td><\/tr><tr><td class=\"has-text-align-center\" data-align=\"center\"><strong>Poids<\/strong><\/td><td class=\"has-text-align-center\" data-align=\"center\">75 kg<\/td><\/tr><tr><td class=\"has-text-align-center\" data-align=\"center\"><strong>Taille (L * L * H)<\/strong><\/td><td class=\"has-text-align-center\" data-align=\"center\">100*73*95cm<\/td><\/tr><tr><td class=\"has-text-align-center\" data-align=\"center\"><strong>Sortir<\/strong><\/td><td class=\"has-text-align-center\" data-align=\"center\">300kg\/heure<\/td><\/tr><\/tbody><\/table><figcaption class=\"wp-element-caption\">Param\u00e8tres de la machine \u00e0 trancher l'ail<\/figcaption><\/figure>    <h2 class=\"wp-block-heading\"><strong>Acheter un processus de coupe-ail<\/strong><\/h2>    <ol class=\"wp-block-list\"> <li><strong>Contactez-nous pour une citation<\/strong>: informez-nous de vos besoins et nous affecterons un directeur commercial professionnel pour vous fournir des informations d\u00e9taill\u00e9es.<\/li>    <li><strong>Apprenez \u00e0 conna\u00eetre la machine en d\u00e9tail<\/strong>: discutez avec un responsable professionnel pour vous familiariser avec la machine et acqu\u00e9rir une compr\u00e9hension approfondie de vos besoins.<\/li>    <li><strong>Identifiez la machine \u00e0 trancher l'ail<\/strong>: pr\u00e9cisez le type de machine souhait\u00e9 et les d\u00e9tails.<\/li>    <li><strong>Signature du contrat et paiement de l'acompte<\/strong>: les deux parties signent le contrat et vous payez l'acompte.<\/li>    <li><strong>Fabrication de machines<\/strong>: l'usine commence \u00e0 produire la machine et vous informe r\u00e9guli\u00e8rement de l'avancement de la production.<\/li>    <li><strong>Confirmation d'ach\u00e8vement de la machine et paiement final<\/strong>: une fois la machine termin\u00e9e et les photos et vid\u00e9os confirm\u00e9es, vous payez le solde.<\/li>    <li><strong>Emballage et transport<\/strong>: les machines sont g\u00e9n\u00e9ralement exp\u00e9di\u00e9es par voie maritime jusqu'\u00e0 leur destination.<\/li> <\/ol>    <p>En cas de circonstances particuli\u00e8res, les deux parties peuvent n\u00e9gocier. Nous avons la meilleure attitude et la meilleure qualit\u00e9 de service, nous pouvons vous aider 24 heures sur 24, n'h\u00e9sitez pas \u00e0 nous faire un devis si vous \u00eates int\u00e9ress\u00e9. Nous attendons votre demande avec impatience !<\/p>","protected":false},"excerpt":{"rendered":"<p>The garlic slicer machine is a kind of machine used to cut garlic into thin slices. It is easy to operate, only need to put garlic into the feeding port. It can automatically complete the cutting, save time and effort, and is equipped with safety guards, safe and reliable. The garlic cutting machine is widely [&hellip;]<\/p>\n","protected":false},"author":1,"featured_media":980,"parent":0,"template":"","tags":[],"product-type":[12],"class_list":["post-944","product","type-product","status-publish","has-post-thumbnail","hentry","product-type-cutting-machine"],"_links":{"self":[{"href":"https:\/\/fvmachinery.com\/fr\/wp-json\/wp\/v2\/product\/944","targetHints":{"allow":["GET"]}}],"collection":[{"href":"https:\/\/fvmachinery.com\/fr\/wp-json\/wp\/v2\/product"}],"about":[{"href":"https:\/\/fvmachinery.com\/fr\/wp-json\/wp\/v2\/types\/product"}],"author":[{"embeddable":true,"href":"https:\/\/fvmachinery.com\/fr\/wp-json\/wp\/v2\/users\/1"}],"wp:featuredmedia":[{"embeddable":true,"href":"https:\/\/fvmachinery.com\/fr\/wp-json\/wp\/v2\/media\/980"}],"wp:attachment":[{"href":"https:\/\/fvmachinery.com\/fr\/wp-json\/wp\/v2\/media?parent=944"}],"wp:term":[{"taxonomy":"post_tag","embeddable":true,"href":"https:\/\/fvmachinery.com\/fr\/wp-json\/wp\/v2\/tags?post=944"},{"taxonomy":"product-type","embeddable":true,"href":"https:\/\/fvmachinery.com\/fr\/wp-json\/wp\/v2\/product-type?post=944"}],"curies":[{"name":"wp","href":"https:\/\/api.w.org\/{rel}","templated":true}]}}